{"id":12156,"date":"2025-02-22T07:58:16","date_gmt":"2025-02-22T07:58:16","guid":{"rendered":"https:\/\/www.akilles.fi\/handboll\/?page_id=12156"},"modified":"2025-10-09T17:12:13","modified_gmt":"2025-10-09T17:12:13","slug":"a-flickor-a-tytot","status":"publish","type":"page","link":"https:\/\/www.akilles.fi\/handboll\/a-flickor-a-tytot\/","title":{"rendered":"A-flickor &#8211; A-tyt\u00f6t 06\/07\/08"},"content":{"rendered":"\t\t<div data-elementor-type=\"wp-post\" data-elementor-id=\"12156\" class=\"elementor elementor-12156\" data-elementor-post-type=\"page\">\n\t\t\t\t\t\t<section class=\"elementor-section elementor-top-section elementor-element elementor-element-f4cdc5b elementor-section-boxed elementor-section-height-default elementor-section-height-default\" data-id=\"f4cdc5b\" data-element_type=\"section\">\n\t\t\t\t\t\t<div class=\"elementor-container elementor-column-gap-default\">\n\t\t\t\t\t<div class=\"elementor-column elementor-col-33 elementor-top-column elementor-element elementor-element-aac72ca\" data-id=\"aac72ca\" data-element_type=\"column\">\n\t\t\t<div class=\"elementor-widget-wrap elementor-element-populated\">\n\t\t\t\t\t\t<div class=\"elementor-element elementor-element-1356231 elementor-widget elementor-widget-image\" data-id=\"1356231\" data-element_type=\"widget\" data-widget_type=\"image.default\">\n\t\t\t\t<div class=\"elementor-widget-container\">\n\t\t\t\t\t\t\t\t\t\t\t\t\t\t\t<img fetchpriority=\"high\" decoding=\"async\" width=\"1024\" height=\"655\" src=\"https:\/\/www.akilles.fi\/handboll\/wp-content\/uploads\/sites\/18\/2025\/10\/A_Tytot_4972-1024x655.jpg\" class=\"attachment-large size-large wp-image-12855\" alt=\"\" srcset=\"https:\/\/www.akilles.fi\/handboll\/wp-content\/uploads\/sites\/18\/2025\/10\/A_Tytot_4972-1024x655.jpg 1024w, https:\/\/www.akilles.fi\/handboll\/wp-content\/uploads\/sites\/18\/2025\/10\/A_Tytot_4972-300x192.jpg 300w, https:\/\/www.akilles.fi\/handboll\/wp-content\/uploads\/sites\/18\/2025\/10\/A_Tytot_4972-768x491.jpg 768w, https:\/\/www.akilles.fi\/handboll\/wp-content\/uploads\/sites\/18\/2025\/10\/A_Tytot_4972-1536x983.jpg 1536w, https:\/\/www.akilles.fi\/handboll\/wp-content\/uploads\/sites\/18\/2025\/10\/A_Tytot_4972-2048x1310.jpg 2048w, https:\/\/www.akilles.fi\/handboll\/wp-content\/uploads\/sites\/18\/2025\/10\/A_Tytot_4972-280x180.jpg 280w\" sizes=\"(max-width: 1024px) 100vw, 1024px\" \/>\t\t\t\t\t\t\t\t\t\t\t\t\t\t\t<\/div>\n\t\t\t\t<\/div>\n\t\t\t\t<section class=\"elementor-section elementor-inner-section elementor-element elementor-element-271f7bd elementor-section-boxed elementor-section-height-default elementor-section-height-default\" data-id=\"271f7bd\" data-element_type=\"section\">\n\t\t\t\t\t\t<div class=\"elementor-container elementor-column-gap-default\">\n\t\t\t\t\t<div class=\"elementor-column elementor-col-50 elementor-inner-column elementor-element elementor-element-e762cd5\" data-id=\"e762cd5\" data-element_type=\"column\">\n\t\t\t<div class=\"elementor-widget-wrap elementor-element-populated\">\n\t\t\t\t\t\t<div class=\"elementor-element elementor-element-74a1351 elementor-widget elementor-widget-text-editor\" data-id=\"74a1351\" data-element_type=\"widget\" data-widget_type=\"text-editor.default\">\n\t\t\t\t<div class=\"elementor-widget-container\">\n\t\t\t\t\t\t\t\t\t<h5 data-fontsize=\"18\" data-lineheight=\"23\">Spelare \/ Pelaajat<\/h5><p>1 Alina Gr\u00f6nqvist<br \/>3 Elin Malm<br \/>4 Edith Frankenhaeuser<br \/>5 Isabelle Backman<br \/>7 Olivia Palm\u00e9n<br \/>9 Lina Tolvanen<br \/>10 Nellie Lindstr\u00f6m<br \/>11 Erin Liljendal<br \/>12 Emilia Liljendal<br \/>14 Freja Johansson<br \/>17 Ilona R\u00f6nnbacka<br \/>18 Isabella Aarnio<br \/>19 Leonie Laukkanen<br \/>23 Maya Celvin<br \/>27 Molly B\u00e4ck<br \/>29 Julia Frejborg<br \/>44 Malena Gr\u00f6ndahl\u00a0<\/p>\t\t\t\t\t\t\t\t<\/div>\n\t\t\t\t<\/div>\n\t\t\t\t\t<\/div>\n\t\t<\/div>\n\t\t\t\t<div class=\"elementor-column elementor-col-50 elementor-inner-column elementor-element elementor-element-a6577fc\" data-id=\"a6577fc\" data-element_type=\"column\">\n\t\t\t<div class=\"elementor-widget-wrap elementor-element-populated\">\n\t\t\t\t\t\t<div class=\"elementor-element elementor-element-379bee7 elementor-widget elementor-widget-text-editor\" data-id=\"379bee7\" data-element_type=\"widget\" data-widget_type=\"text-editor.default\">\n\t\t\t\t<div class=\"elementor-widget-container\">\n\t\t\t\t\t\t\t\t\t<div><div><h5 data-fontsize=\"18\" data-lineheight=\"23\">Kontaktuppgifter \/<br \/>Yhteystiedot<\/h5><\/div><\/div><div><p>Huvudtr\u00e4nare \/ P\u00e4\u00e4valmentaja<br \/><strong>Petri Lindfors<\/strong><br \/>040-7566611<br \/><a href=\"mailto:petri.lindfors@akilles.fi\">petri.lindfors@akilles.fi<\/a><\/p><p><span style=\"color: #000000;\">Tr\u00e4nare \/ Valmentaja<br \/><strong>Niclas Ahlgren<\/strong><\/span><\/p><p>Lagledare \/ Joukkueenjohtaja<br \/><strong><span style=\"color: #000000;\">Maria Palm\u00e9n<br \/><\/span><\/strong><span style=\"color: #000000;\">050-3610316<br \/><\/span><a href=\"mailto:maria@palmen.fi\" target=\"_blank\" rel=\"noopener\">maria.palmen@akilles.fi<\/a><\/p><p>Lagledare \/ Joukkueenjohtaja<br \/><strong>Petra Backman<\/strong><\/p><p>Materialansvarig\/Huoltaja<br \/><strong>Johan H\u00f6ysti<\/strong><\/p><\/div>\t\t\t\t\t\t\t\t<\/div>\n\t\t\t\t<\/div>\n\t\t\t\t\t<\/div>\n\t\t<\/div>\n\t\t\t\t\t<\/div>\n\t\t<\/section>\n\t\t\t\t\t<\/div>\n\t\t<\/div>\n\t\t\t\t<div class=\"elementor-column elementor-col-33 elementor-top-column elementor-element elementor-element-7bf9782\" data-id=\"7bf9782\" data-element_type=\"column\">\n\t\t\t<div class=\"elementor-widget-wrap elementor-element-populated\">\n\t\t\t\t\t\t<div class=\"elementor-element elementor-element-b145e92 elementor-widget elementor-widget-html\" data-id=\"b145e92\" data-element_type=\"widget\" data-widget_type=\"html.default\">\n\t\t\t\t<div class=\"elementor-widget-container\">\n\t\t\t\t\t<div style=\"border: 0px solid black;overflow: auto;height: 650px;width: auto;color: red;background-color: white\">\n    <!-- myClub embed JS - start -->\n<div class=\"myclub-embed\" data-url=\"https:\/\/akilles.myclub.fi\/groups\/83504\/event_embeds\/32718?token=5732b5ce36209beeec9d2deb524f5fd8c204a92b\"><\/div>\n<script>(function(d, s, id) { var js, mjs = d.getElementsByTagName(s)[0]; if (d.getElementById(id)) return; js = d.createElement(s); js.id = id; js.async = true; js.src = \"https:\/\/d2ubdm6yoox6gh.cloudfront.net\/assets\/myclub-embed.js\"; mjs.parentNode.insertBefore(js, mjs); }(document, 'script', 'myclub-embed-js'));<\/script>\n<!-- myClub embed JS - end -->\n<\/div>\t\t\t\t<\/div>\n\t\t\t\t<\/div>\n\t\t\t\t\t<\/div>\n\t\t<\/div>\n\t\t\t\t<div class=\"elementor-column elementor-col-33 elementor-top-column elementor-element elementor-element-80a61a4\" data-id=\"80a61a4\" data-element_type=\"column\">\n\t\t\t<div class=\"elementor-widget-wrap elementor-element-populated\">\n\t\t\t\t\t\t<div class=\"elementor-element elementor-element-b682306 elementor-widget elementor-widget-heading\" data-id=\"b682306\" data-element_type=\"widget\" data-widget_type=\"heading.default\">\n\t\t\t\t<div class=\"elementor-widget-container\">\n\t\t\t\t\t<h2 class=\"elementor-heading-title elementor-size-default\">Serietabell \/ Sarjataulukko<\/h2>\t\t\t\t<\/div>\n\t\t\t\t<\/div>\n\t\t\t\t<div class=\"elementor-element elementor-element-d3c1ffa elementor-widget elementor-widget-html\" data-id=\"d3c1ffa\" data-element_type=\"widget\" data-widget_type=\"html.default\">\n\t\t\t\t<div class=\"elementor-widget-container\">\n\t\t\t\t\t<script src='https:\/\/tulospalvelu.finnhandball.net\/taso\/widget.php?widget=scoretable&competition=hb2025&class=AT&group=1&key=33P5GRCHA2'><\/script>\t\t\t\t<\/div>\n\t\t\t\t<\/div>\n\t\t\t\t<div class=\"elementor-element elementor-element-0b8bce8 elementor-widget elementor-widget-heading\" data-id=\"0b8bce8\" data-element_type=\"widget\" data-widget_type=\"heading.default\">\n\t\t\t\t<div class=\"elementor-widget-container\">\n\t\t\t\t\t<h2 class=\"elementor-heading-title elementor-size-default\">N\u00e4sta match \/ Seuraava ottelu<\/h2>\t\t\t\t<\/div>\n\t\t\t\t<\/div>\n\t\t\t\t<div class=\"elementor-element elementor-element-b2b80c0 elementor-widget elementor-widget-html\" data-id=\"b2b80c0\" data-element_type=\"widget\" data-widget_type=\"html.default\">\n\t\t\t\t<div class=\"elementor-widget-container\">\n\t\t\t\t\t<script src='https:\/\/tulospalvelu.finnhandball.net\/taso\/widget.php?widget=nextmatch&team=103616&key=33P5GRCHA2'><\/script>\t\t\t\t<\/div>\n\t\t\t\t<\/div>\n\t\t\t\t\t<\/div>\n\t\t<\/div>\n\t\t\t\t\t<\/div>\n\t\t<\/section>\n\t\t\t\t<section class=\"elementor-section elementor-top-section elementor-element elementor-element-d8b3d71 elementor-section-content-middle elementor-section-boxed elementor-section-height-default elementor-section-height-default\" data-id=\"d8b3d71\" data-element_type=\"section\">\n\t\t\t\t\t\t<div class=\"elementor-container elementor-column-gap-default\">\n\t\t\t\t\t<div class=\"elementor-column elementor-col-20 elementor-top-column elementor-element elementor-element-ffb2edd\" data-id=\"ffb2edd\" data-element_type=\"column\">\n\t\t\t<div class=\"elementor-widget-wrap\">\n\t\t\t\t\t\t\t<\/div>\n\t\t<\/div>\n\t\t\t\t<div class=\"elementor-column elementor-col-20 elementor-top-column elementor-element elementor-element-0ac9680\" data-id=\"0ac9680\" data-element_type=\"column\">\n\t\t\t<div class=\"elementor-widget-wrap elementor-element-populated\">\n\t\t\t\t\t\t<div class=\"elementor-element elementor-element-6359752 elementor-widget elementor-widget-image\" data-id=\"6359752\" data-element_type=\"widget\" data-widget_type=\"image.default\">\n\t\t\t\t<div class=\"elementor-widget-container\">\n\t\t\t\t\t\t\t\t\t\t\t\t\t\t\t\t<a href=\"http:\/\/www.fondita.fi\">\n\t\t\t\t\t\t\t<img decoding=\"async\" width=\"1024\" height=\"546\" src=\"https:\/\/www.akilles.fi\/handboll\/wp-content\/uploads\/sites\/18\/2023\/10\/Fondita-Fondbolag-1-1024x546.png\" class=\"attachment-large size-large wp-image-10485\" alt=\"\" srcset=\"https:\/\/www.akilles.fi\/handboll\/wp-content\/uploads\/sites\/18\/2023\/10\/Fondita-Fondbolag-1-1024x546.png 1024w, https:\/\/www.akilles.fi\/handboll\/wp-content\/uploads\/sites\/18\/2023\/10\/Fondita-Fondbolag-1-300x160.png 300w, https:\/\/www.akilles.fi\/handboll\/wp-content\/uploads\/sites\/18\/2023\/10\/Fondita-Fondbolag-1-768x409.png 768w, https:\/\/www.akilles.fi\/handboll\/wp-content\/uploads\/sites\/18\/2023\/10\/Fondita-Fondbolag-1.png 1148w\" sizes=\"(max-width: 1024px) 100vw, 1024px\" \/>\t\t\t\t\t\t\t\t<\/a>\n\t\t\t\t\t\t\t\t\t\t\t\t\t\t\t<\/div>\n\t\t\t\t<\/div>\n\t\t\t\t\t<\/div>\n\t\t<\/div>\n\t\t\t\t<div class=\"elementor-column elementor-col-20 elementor-top-column elementor-element elementor-element-340920c\" data-id=\"340920c\" data-element_type=\"column\">\n\t\t\t<div class=\"elementor-widget-wrap\">\n\t\t\t\t\t\t\t<\/div>\n\t\t<\/div>\n\t\t\t\t<div class=\"elementor-column elementor-col-20 elementor-top-column elementor-element elementor-element-be1c6e2\" data-id=\"be1c6e2\" data-element_type=\"column\">\n\t\t\t<div class=\"elementor-widget-wrap elementor-element-populated\">\n\t\t\t\t\t\t<div class=\"elementor-element elementor-element-4359798 elementor-widget elementor-widget-image\" data-id=\"4359798\" data-element_type=\"widget\" data-widget_type=\"image.default\">\n\t\t\t\t<div class=\"elementor-widget-container\">\n\t\t\t\t\t\t\t\t\t\t\t\t\t\t\t<img decoding=\"async\" width=\"1024\" height=\"724\" src=\"https:\/\/www.akilles.fi\/handboll\/wp-content\/uploads\/sites\/18\/2023\/03\/SYSAUDIT_logo_CMYK-1024x724.jpg\" class=\"attachment-large size-large wp-image-9782\" alt=\"\" srcset=\"https:\/\/www.akilles.fi\/handboll\/wp-content\/uploads\/sites\/18\/2023\/03\/SYSAUDIT_logo_CMYK-1024x724.jpg 1024w, https:\/\/www.akilles.fi\/handboll\/wp-content\/uploads\/sites\/18\/2023\/03\/SYSAUDIT_logo_CMYK-300x212.jpg 300w, https:\/\/www.akilles.fi\/handboll\/wp-content\/uploads\/sites\/18\/2023\/03\/SYSAUDIT_logo_CMYK-768x543.jpg 768w, https:\/\/www.akilles.fi\/handboll\/wp-content\/uploads\/sites\/18\/2023\/03\/SYSAUDIT_logo_CMYK-1536x1086.jpg 1536w, https:\/\/www.akilles.fi\/handboll\/wp-content\/uploads\/sites\/18\/2023\/03\/SYSAUDIT_logo_CMYK-2048x1448.jpg 2048w\" sizes=\"(max-width: 1024px) 100vw, 1024px\" \/>\t\t\t\t\t\t\t\t\t\t\t\t\t\t\t<\/div>\n\t\t\t\t<\/div>\n\t\t\t\t\t<\/div>\n\t\t<\/div>\n\t\t\t\t<div class=\"elementor-column elementor-col-20 elementor-top-column elementor-element elementor-element-275f091\" data-id=\"275f091\" data-element_type=\"column\">\n\t\t\t<div class=\"elementor-widget-wrap\">\n\t\t\t\t\t\t\t<\/div>\n\t\t<\/div>\n\t\t\t\t\t<\/div>\n\t\t<\/section>\n\t\t\t\t<\/div>\n\t\t","protected":false},"excerpt":{"rendered":"<p>Spelare \/ Pelaajat 1 Alina Gr\u00f6nqvist3 Elin Malm4 Edith Frankenhaeuser5 Isabelle Backman7 Olivia Palm\u00e9n9 Lina Tolvanen10 Nellie Lindstr\u00f6m11 Erin Liljendal12 Emilia Liljendal14 Freja Johansson17 Ilona R\u00f6nnbacka18 Isabella Aarnio19 Leonie Laukkanen23 Maya Celvin27 Molly B\u00e4ck29 Julia Frejborg44 Malena Gr\u00f6ndahl\u00a0 Kontaktuppgifter \/Yhteystiedot Huvudtr\u00e4nare \/ P\u00e4\u00e4valmentajaPetri Lindfors040-7566611petri.lindfors@akilles.fi Tr\u00e4nare \/ ValmentajaNiclas Ahlgren Lagledare \/ JoukkueenjohtajaMaria Palm\u00e9n050-3610316maria.palmen@akilles.fi Lagledare \/ JoukkueenjohtajaPetra [&hellip;]<\/p>\n","protected":false},"author":2,"featured_media":0,"parent":0,"menu_order":0,"comment_status":"closed","ping_status":"closed","template":"","meta":{"_crdt_document":"","footnotes":""},"class_list":["post-12156","page","type-page","status-publish","hentry"],"yoast_head":"<!-- This site is optimized with the Yoast SEO plugin v27.4 - https:\/\/yoast.com\/product\/yoast-seo-wordpress\/ -->\n<title>A-flickor - A-tyt\u00f6t 06\/07\/08 - Handboll - K\u00e4sipallo<\/title>\n<meta name=\"robots\" content=\"index, follow, max-snippet:-1, max-image-preview:large, max-video-preview:-1\" \/>\n<link rel=\"canonical\" href=\"https:\/\/www.akilles.fi\/handboll\/a-flickor-a-tytot\/\" \/>\n<meta property=\"og:locale\" content=\"sv_SE\" \/>\n<meta property=\"og:type\" content=\"article\" \/>\n<meta property=\"og:title\" content=\"A-flickor - A-tyt\u00f6t 06\/07\/08 - Handboll - K\u00e4sipallo\" \/>\n<meta property=\"og:description\" content=\"Spelare \/ Pelaajat 1 Alina Gr\u00f6nqvist3 Elin Malm4 Edith Frankenhaeuser5 Isabelle Backman7 Olivia Palm\u00e9n9 Lina Tolvanen10 Nellie Lindstr\u00f6m11 Erin Liljendal12 Emilia Liljendal14 Freja Johansson17 Ilona R\u00f6nnbacka18 Isabella Aarnio19 Leonie Laukkanen23 Maya Celvin27 Molly B\u00e4ck29 Julia Frejborg44 Malena Gr\u00f6ndahl\u00a0 Kontaktuppgifter \/Yhteystiedot Huvudtr\u00e4nare \/ P\u00e4\u00e4valmentajaPetri Lindfors040-7566611petri.lindfors@akilles.fi Tr\u00e4nare \/ ValmentajaNiclas Ahlgren Lagledare \/ JoukkueenjohtajaMaria Palm\u00e9n050-3610316maria.palmen@akilles.fi Lagledare \/ JoukkueenjohtajaPetra [&hellip;]\" \/>\n<meta property=\"og:url\" content=\"https:\/\/www.akilles.fi\/handboll\/a-flickor-a-tytot\/\" \/>\n<meta property=\"og:site_name\" content=\"Handboll - K\u00e4sipallo\" \/>\n<meta property=\"article:modified_time\" content=\"2025-10-09T17:12:13+00:00\" \/>\n<meta property=\"og:image\" content=\"https:\/\/www.akilles.fi\/handboll\/wp-content\/uploads\/sites\/18\/2025\/10\/A_Tytot_4972.jpg\" \/>\n\t<meta property=\"og:image:width\" content=\"2560\" \/>\n\t<meta property=\"og:image:height\" content=\"1638\" \/>\n\t<meta property=\"og:image:type\" content=\"image\/jpeg\" \/>\n<meta name=\"twitter:card\" content=\"summary_large_image\" \/>\n<meta name=\"twitter:label1\" content=\"Ber\u00e4knad l\u00e4stid\" \/>\n\t<meta name=\"twitter:data1\" content=\"2 minuter\" \/>\n<script type=\"application\/ld+json\" class=\"yoast-schema-graph\">{\"@context\":\"https:\\\/\\\/schema.org\",\"@graph\":[{\"@type\":\"WebPage\",\"@id\":\"https:\\\/\\\/www.akilles.fi\\\/handboll\\\/a-flickor-a-tytot\\\/\",\"url\":\"https:\\\/\\\/www.akilles.fi\\\/handboll\\\/a-flickor-a-tytot\\\/\",\"name\":\"A-flickor - A-tyt\u00f6t 06\\\/07\\\/08 - Handboll - K\u00e4sipallo\",\"isPartOf\":{\"@id\":\"https:\\\/\\\/www.akilles.fi\\\/handboll\\\/#website\"},\"primaryImageOfPage\":{\"@id\":\"https:\\\/\\\/www.akilles.fi\\\/handboll\\\/a-flickor-a-tytot\\\/#primaryimage\"},\"image\":{\"@id\":\"https:\\\/\\\/www.akilles.fi\\\/handboll\\\/a-flickor-a-tytot\\\/#primaryimage\"},\"thumbnailUrl\":\"http:\\\/\\\/www.akilles.fi\\\/handboll\\\/wp-content\\\/uploads\\\/sites\\\/18\\\/2025\\\/10\\\/A_Tytot_4972-1024x655.jpg\",\"datePublished\":\"2025-02-22T07:58:16+00:00\",\"dateModified\":\"2025-10-09T17:12:13+00:00\",\"breadcrumb\":{\"@id\":\"https:\\\/\\\/www.akilles.fi\\\/handboll\\\/a-flickor-a-tytot\\\/#breadcrumb\"},\"inLanguage\":\"sv-SE\",\"potentialAction\":[{\"@type\":\"ReadAction\",\"target\":[\"https:\\\/\\\/www.akilles.fi\\\/handboll\\\/a-flickor-a-tytot\\\/\"]}]},{\"@type\":\"ImageObject\",\"inLanguage\":\"sv-SE\",\"@id\":\"https:\\\/\\\/www.akilles.fi\\\/handboll\\\/a-flickor-a-tytot\\\/#primaryimage\",\"url\":\"https:\\\/\\\/www.akilles.fi\\\/handboll\\\/wp-content\\\/uploads\\\/sites\\\/18\\\/2025\\\/10\\\/A_Tytot_4972.jpg\",\"contentUrl\":\"https:\\\/\\\/www.akilles.fi\\\/handboll\\\/wp-content\\\/uploads\\\/sites\\\/18\\\/2025\\\/10\\\/A_Tytot_4972.jpg\",\"width\":2560,\"height\":1638},{\"@type\":\"BreadcrumbList\",\"@id\":\"https:\\\/\\\/www.akilles.fi\\\/handboll\\\/a-flickor-a-tytot\\\/#breadcrumb\",\"itemListElement\":[{\"@type\":\"ListItem\",\"position\":1,\"name\":\"Home\",\"item\":\"https:\\\/\\\/www.akilles.fi\\\/handboll\\\/\"},{\"@type\":\"ListItem\",\"position\":2,\"name\":\"A-flickor &#8211; A-tyt\u00f6t 06\\\/07\\\/08\"}]},{\"@type\":\"WebSite\",\"@id\":\"https:\\\/\\\/www.akilles.fi\\\/handboll\\\/#website\",\"url\":\"https:\\\/\\\/www.akilles.fi\\\/handboll\\\/\",\"name\":\"Handboll - K\u00e4sipallo\",\"description\":\"Borg\u00e5 Akilles Handboll - Porvoon Akilles K\u00e4sipallo\",\"potentialAction\":[{\"@type\":\"SearchAction\",\"target\":{\"@type\":\"EntryPoint\",\"urlTemplate\":\"https:\\\/\\\/www.akilles.fi\\\/handboll\\\/?s={search_term_string}\"},\"query-input\":{\"@type\":\"PropertyValueSpecification\",\"valueRequired\":true,\"valueName\":\"search_term_string\"}}],\"inLanguage\":\"sv-SE\"}]}<\/script>\n<!-- \/ Yoast SEO plugin. -->","yoast_head_json":{"title":"A-flickor - A-tyt\u00f6t 06\/07\/08 - Handboll - K\u00e4sipallo","robots":{"index":"index","follow":"follow","max-snippet":"max-snippet:-1","max-image-preview":"max-image-preview:large","max-video-preview":"max-video-preview:-1"},"canonical":"https:\/\/www.akilles.fi\/handboll\/a-flickor-a-tytot\/","og_locale":"sv_SE","og_type":"article","og_title":"A-flickor - A-tyt\u00f6t 06\/07\/08 - Handboll - K\u00e4sipallo","og_description":"Spelare \/ Pelaajat 1 Alina Gr\u00f6nqvist3 Elin Malm4 Edith Frankenhaeuser5 Isabelle Backman7 Olivia Palm\u00e9n9 Lina Tolvanen10 Nellie Lindstr\u00f6m11 Erin Liljendal12 Emilia Liljendal14 Freja Johansson17 Ilona R\u00f6nnbacka18 Isabella Aarnio19 Leonie Laukkanen23 Maya Celvin27 Molly B\u00e4ck29 Julia Frejborg44 Malena Gr\u00f6ndahl\u00a0 Kontaktuppgifter \/Yhteystiedot Huvudtr\u00e4nare \/ P\u00e4\u00e4valmentajaPetri Lindfors040-7566611petri.lindfors@akilles.fi Tr\u00e4nare \/ ValmentajaNiclas Ahlgren Lagledare \/ JoukkueenjohtajaMaria Palm\u00e9n050-3610316maria.palmen@akilles.fi Lagledare \/ JoukkueenjohtajaPetra [&hellip;]","og_url":"https:\/\/www.akilles.fi\/handboll\/a-flickor-a-tytot\/","og_site_name":"Handboll - K\u00e4sipallo","article_modified_time":"2025-10-09T17:12:13+00:00","og_image":[{"width":2560,"height":1638,"url":"https:\/\/www.akilles.fi\/handboll\/wp-content\/uploads\/sites\/18\/2025\/10\/A_Tytot_4972.jpg","type":"image\/jpeg"}],"twitter_card":"summary_large_image","twitter_misc":{"Ber\u00e4knad l\u00e4stid":"2 minuter"},"schema":{"@context":"https:\/\/schema.org","@graph":[{"@type":"WebPage","@id":"https:\/\/www.akilles.fi\/handboll\/a-flickor-a-tytot\/","url":"https:\/\/www.akilles.fi\/handboll\/a-flickor-a-tytot\/","name":"A-flickor - A-tyt\u00f6t 06\/07\/08 - Handboll - K\u00e4sipallo","isPartOf":{"@id":"https:\/\/www.akilles.fi\/handboll\/#website"},"primaryImageOfPage":{"@id":"https:\/\/www.akilles.fi\/handboll\/a-flickor-a-tytot\/#primaryimage"},"image":{"@id":"https:\/\/www.akilles.fi\/handboll\/a-flickor-a-tytot\/#primaryimage"},"thumbnailUrl":"http:\/\/www.akilles.fi\/handboll\/wp-content\/uploads\/sites\/18\/2025\/10\/A_Tytot_4972-1024x655.jpg","datePublished":"2025-02-22T07:58:16+00:00","dateModified":"2025-10-09T17:12:13+00:00","breadcrumb":{"@id":"https:\/\/www.akilles.fi\/handboll\/a-flickor-a-tytot\/#breadcrumb"},"inLanguage":"sv-SE","potentialAction":[{"@type":"ReadAction","target":["https:\/\/www.akilles.fi\/handboll\/a-flickor-a-tytot\/"]}]},{"@type":"ImageObject","inLanguage":"sv-SE","@id":"https:\/\/www.akilles.fi\/handboll\/a-flickor-a-tytot\/#primaryimage","url":"https:\/\/www.akilles.fi\/handboll\/wp-content\/uploads\/sites\/18\/2025\/10\/A_Tytot_4972.jpg","contentUrl":"https:\/\/www.akilles.fi\/handboll\/wp-content\/uploads\/sites\/18\/2025\/10\/A_Tytot_4972.jpg","width":2560,"height":1638},{"@type":"BreadcrumbList","@id":"https:\/\/www.akilles.fi\/handboll\/a-flickor-a-tytot\/#breadcrumb","itemListElement":[{"@type":"ListItem","position":1,"name":"Home","item":"https:\/\/www.akilles.fi\/handboll\/"},{"@type":"ListItem","position":2,"name":"A-flickor &#8211; A-tyt\u00f6t 06\/07\/08"}]},{"@type":"WebSite","@id":"https:\/\/www.akilles.fi\/handboll\/#website","url":"https:\/\/www.akilles.fi\/handboll\/","name":"Handboll - K\u00e4sipallo","description":"Borg\u00e5 Akilles Handboll - Porvoon Akilles K\u00e4sipallo","potentialAction":[{"@type":"SearchAction","target":{"@type":"EntryPoint","urlTemplate":"https:\/\/www.akilles.fi\/handboll\/?s={search_term_string}"},"query-input":{"@type":"PropertyValueSpecification","valueRequired":true,"valueName":"search_term_string"}}],"inLanguage":"sv-SE"}]}},"_links":{"self":[{"href":"https:\/\/www.akilles.fi\/handboll\/wp-json\/wp\/v2\/pages\/12156","targetHints":{"allow":["GET"]}}],"collection":[{"href":"https:\/\/www.akilles.fi\/handboll\/wp-json\/wp\/v2\/pages"}],"about":[{"href":"https:\/\/www.akilles.fi\/handboll\/wp-json\/wp\/v2\/types\/page"}],"author":[{"embeddable":true,"href":"https:\/\/www.akilles.fi\/handboll\/wp-json\/wp\/v2\/users\/2"}],"replies":[{"embeddable":true,"href":"https:\/\/www.akilles.fi\/handboll\/wp-json\/wp\/v2\/comments?post=12156"}],"version-history":[{"count":16,"href":"https:\/\/www.akilles.fi\/handboll\/wp-json\/wp\/v2\/pages\/12156\/revisions"}],"predecessor-version":[{"id":12858,"href":"https:\/\/www.akilles.fi\/handboll\/wp-json\/wp\/v2\/pages\/12156\/revisions\/12858"}],"wp:attachment":[{"href":"https:\/\/www.akilles.fi\/handboll\/wp-json\/wp\/v2\/media?parent=12156"}],"curies":[{"name":"wp","href":"https:\/\/api.w.org\/{rel}","templated":true}]}}