{"id":12567,"date":"2025-08-06T14:08:30","date_gmt":"2025-08-06T14:08:30","guid":{"rendered":"https:\/\/www.akilles.fi\/handboll\/?page_id=12567"},"modified":"2025-10-09T17:03:48","modified_gmt":"2025-10-09T17:03:48","slug":"pojkar-pojat-16","status":"publish","type":"page","link":"https:\/\/www.akilles.fi\/handboll\/pojkar-pojat-16\/","title":{"rendered":"Pojkar &#8211; Pojat 16"},"content":{"rendered":"\t\t<div data-elementor-type=\"wp-post\" data-elementor-id=\"12567\" class=\"elementor elementor-12567\" data-elementor-post-type=\"page\">\n\t\t\t\t\t\t<section class=\"elementor-section elementor-top-section elementor-element elementor-element-6e838a5 elementor-section-boxed elementor-section-height-default elementor-section-height-default\" data-id=\"6e838a5\" data-element_type=\"section\">\n\t\t\t\t\t\t<div class=\"elementor-container elementor-column-gap-default\">\n\t\t\t\t\t<div class=\"elementor-column elementor-col-50 elementor-top-column elementor-element elementor-element-2ba7a85\" data-id=\"2ba7a85\" data-element_type=\"column\">\n\t\t\t<div class=\"elementor-widget-wrap elementor-element-populated\">\n\t\t\t\t\t\t<div class=\"elementor-element elementor-element-e02be48 elementor-widget elementor-widget-image\" data-id=\"e02be48\" data-element_type=\"widget\" data-widget_type=\"image.default\">\n\t\t\t\t<div class=\"elementor-widget-container\">\n\t\t\t\t\t\t\t\t\t\t\t\t\t\t\t<img fetchpriority=\"high\" decoding=\"async\" width=\"1024\" height=\"655\" src=\"https:\/\/www.akilles.fi\/handboll\/wp-content\/uploads\/sites\/18\/2025\/10\/Pojat_2016_3060-1024x655.jpg\" class=\"attachment-large size-large wp-image-12840\" alt=\"\" srcset=\"https:\/\/www.akilles.fi\/handboll\/wp-content\/uploads\/sites\/18\/2025\/10\/Pojat_2016_3060-1024x655.jpg 1024w, https:\/\/www.akilles.fi\/handboll\/wp-content\/uploads\/sites\/18\/2025\/10\/Pojat_2016_3060-300x192.jpg 300w, https:\/\/www.akilles.fi\/handboll\/wp-content\/uploads\/sites\/18\/2025\/10\/Pojat_2016_3060-768x491.jpg 768w, https:\/\/www.akilles.fi\/handboll\/wp-content\/uploads\/sites\/18\/2025\/10\/Pojat_2016_3060-1536x983.jpg 1536w, https:\/\/www.akilles.fi\/handboll\/wp-content\/uploads\/sites\/18\/2025\/10\/Pojat_2016_3060-2048x1310.jpg 2048w, https:\/\/www.akilles.fi\/handboll\/wp-content\/uploads\/sites\/18\/2025\/10\/Pojat_2016_3060-280x180.jpg 280w\" sizes=\"(max-width: 1024px) 100vw, 1024px\" \/>\t\t\t\t\t\t\t\t\t\t\t\t\t\t\t<\/div>\n\t\t\t\t<\/div>\n\t\t\t\t<div class=\"elementor-element elementor-element-1fad472 elementor-widget elementor-widget-text-editor\" data-id=\"1fad472\" data-element_type=\"widget\" data-widget_type=\"text-editor.default\">\n\t\t\t\t<div class=\"elementor-widget-container\">\n\t\t\t\t\t\t\t\t\t<p><strong><span style=\"color: #000000; font-family: 'PT Sans', Arial, Helvetica, sans-serif; font-size: 14px;\">Spelare \/ Pelaajat<\/span><\/strong><\/p>\n<h5 data-fontsize=\"18\" data-lineheight=\"23\">Kontaktuppgifter \/ Yhteystideot<\/h5>\n<p>Huvudtr\u00e4nare \/ P\u00e4\u00e4valmentaja<br><strong>Joakim L\u00f6nnroth<\/strong><br>040-7216699<br><a href=\"mailto:joakim@hlonnroth.fi\">joakim@hlonnroth.fi<\/a><\/p>\n<p>Tr\u00e4nare \/ Valmentaja<br><strong>Hubbe S\u00f6derholm<\/strong><br>040-7555787<br><a href=\"mailto:soderholm.hubbe@gmail.com\">soderholm.hubbe@gmail.com<\/a><\/p>\n<p>Lagledare \/ Joukkueenjohtaja<br><b>Emilia Malmsten<\/b><br>040-7336507&nbsp;<br><a href=\"mailto:emilia.malmsten@gmail.com\">emilia.malmsten@gmail.com<\/a><\/p>\t\t\t\t\t\t\t\t<\/div>\n\t\t\t\t<\/div>\n\t\t\t\t\t<\/div>\n\t\t<\/div>\n\t\t\t\t<div class=\"elementor-column elementor-col-50 elementor-top-column elementor-element elementor-element-89c0aaf\" data-id=\"89c0aaf\" data-element_type=\"column\">\n\t\t\t<div class=\"elementor-widget-wrap elementor-element-populated\">\n\t\t\t\t\t\t<div class=\"elementor-element elementor-element-1d79b11 elementor-widget elementor-widget-html\" data-id=\"1d79b11\" data-element_type=\"widget\" data-widget_type=\"html.default\">\n\t\t\t\t<div class=\"elementor-widget-container\">\n\t\t\t\t\t<div style=\"border: 0px solid black;overflow: auto;height: 650px;width: auto;color: red;background-color: white\">\n<!-- myClub embed JS - start -->\n<div class=\"myclub-embed\" data-url=\"https:\/\/akilles.myclub.fi\/groups\/88197\/event_embeds\/35211?token=f36ffaa0d1703b48f7f2d06701a70593845c6231\"><\/div>\n<script>(function(d, s, id) { var js, mjs = d.getElementsByTagName(s)[0]; if (d.getElementById(id)) return; js = d.createElement(s); js.id = id; js.async = true; js.src = \"https:\/\/d2ubdm6yoox6gh.cloudfront.net\/assets\/myclub-embed.js\"; mjs.parentNode.insertBefore(js, mjs); }(document, 'script', 'myclub-embed-js'));<\/script>\n<!-- myClub embed JS - end -->\n\n<\/div>\t\t\t\t<\/div>\n\t\t\t\t<\/div>\n\t\t\t\t\t<\/div>\n\t\t<\/div>\n\t\t\t\t\t<\/div>\n\t\t<\/section>\n\t\t\t\t<\/div>\n\t\t","protected":false},"excerpt":{"rendered":"<p>Spelare \/ Pelaajat Kontaktuppgifter \/ Yhteystideot Huvudtr\u00e4nare \/ P\u00e4\u00e4valmentajaJoakim L\u00f6nnroth040-7216699joakim@hlonnroth.fi Tr\u00e4nare \/ ValmentajaHubbe S\u00f6derholm040-7555787soderholm.hubbe@gmail.com Lagledare \/ JoukkueenjohtajaEmilia Malmsten040-7336507&nbsp;emilia.malmsten@gmail.com<\/p>\n","protected":false},"author":2,"featured_media":0,"parent":0,"menu_order":0,"comment_status":"closed","ping_status":"closed","template":"","meta":{"_crdt_document":"","footnotes":""},"class_list":["post-12567","page","type-page","status-publish","hentry"],"yoast_head":"<!-- This site is optimized with the Yoast SEO plugin v27.4 - https:\/\/yoast.com\/product\/yoast-seo-wordpress\/ -->\n<title>Pojkar - Pojat 16 - Handboll - K\u00e4sipallo<\/title>\n<meta name=\"robots\" content=\"index, follow, max-snippet:-1, max-image-preview:large, max-video-preview:-1\" \/>\n<link rel=\"canonical\" href=\"https:\/\/www.akilles.fi\/handboll\/pojkar-pojat-16\/\" \/>\n<meta property=\"og:locale\" content=\"sv_SE\" \/>\n<meta property=\"og:type\" content=\"article\" \/>\n<meta property=\"og:title\" content=\"Pojkar - Pojat 16 - Handboll - K\u00e4sipallo\" \/>\n<meta property=\"og:description\" content=\"Spelare \/ Pelaajat Kontaktuppgifter \/ Yhteystideot Huvudtr\u00e4nare \/ P\u00e4\u00e4valmentajaJoakim L\u00f6nnroth040-7216699joakim@hlonnroth.fi Tr\u00e4nare \/ ValmentajaHubbe S\u00f6derholm040-7555787soderholm.hubbe@gmail.com Lagledare \/ JoukkueenjohtajaEmilia Malmsten040-7336507&nbsp;emilia.malmsten@gmail.com\" \/>\n<meta property=\"og:url\" content=\"https:\/\/www.akilles.fi\/handboll\/pojkar-pojat-16\/\" \/>\n<meta property=\"og:site_name\" content=\"Handboll - K\u00e4sipallo\" \/>\n<meta property=\"article:modified_time\" content=\"2025-10-09T17:03:48+00:00\" \/>\n<meta property=\"og:image\" content=\"https:\/\/www.akilles.fi\/handboll\/wp-content\/uploads\/sites\/18\/2025\/10\/Pojat_2016_3060.jpg\" \/>\n\t<meta property=\"og:image:width\" content=\"2560\" \/>\n\t<meta property=\"og:image:height\" content=\"1638\" \/>\n\t<meta property=\"og:image:type\" content=\"image\/jpeg\" \/>\n<meta name=\"twitter:card\" content=\"summary_large_image\" \/>\n<meta name=\"twitter:label1\" content=\"Ber\u00e4knad l\u00e4stid\" \/>\n\t<meta name=\"twitter:data1\" content=\"1 minut\" \/>\n<script type=\"application\/ld+json\" class=\"yoast-schema-graph\">{\"@context\":\"https:\\\/\\\/schema.org\",\"@graph\":[{\"@type\":\"WebPage\",\"@id\":\"https:\\\/\\\/www.akilles.fi\\\/handboll\\\/pojkar-pojat-16\\\/\",\"url\":\"https:\\\/\\\/www.akilles.fi\\\/handboll\\\/pojkar-pojat-16\\\/\",\"name\":\"Pojkar - Pojat 16 - Handboll - K\u00e4sipallo\",\"isPartOf\":{\"@id\":\"https:\\\/\\\/www.akilles.fi\\\/handboll\\\/#website\"},\"primaryImageOfPage\":{\"@id\":\"https:\\\/\\\/www.akilles.fi\\\/handboll\\\/pojkar-pojat-16\\\/#primaryimage\"},\"image\":{\"@id\":\"https:\\\/\\\/www.akilles.fi\\\/handboll\\\/pojkar-pojat-16\\\/#primaryimage\"},\"thumbnailUrl\":\"http:\\\/\\\/www.akilles.fi\\\/handboll\\\/wp-content\\\/uploads\\\/sites\\\/18\\\/2025\\\/10\\\/Pojat_2016_3060-1024x655.jpg\",\"datePublished\":\"2025-08-06T14:08:30+00:00\",\"dateModified\":\"2025-10-09T17:03:48+00:00\",\"breadcrumb\":{\"@id\":\"https:\\\/\\\/www.akilles.fi\\\/handboll\\\/pojkar-pojat-16\\\/#breadcrumb\"},\"inLanguage\":\"sv-SE\",\"potentialAction\":[{\"@type\":\"ReadAction\",\"target\":[\"https:\\\/\\\/www.akilles.fi\\\/handboll\\\/pojkar-pojat-16\\\/\"]}]},{\"@type\":\"ImageObject\",\"inLanguage\":\"sv-SE\",\"@id\":\"https:\\\/\\\/www.akilles.fi\\\/handboll\\\/pojkar-pojat-16\\\/#primaryimage\",\"url\":\"https:\\\/\\\/www.akilles.fi\\\/handboll\\\/wp-content\\\/uploads\\\/sites\\\/18\\\/2025\\\/10\\\/Pojat_2016_3060.jpg\",\"contentUrl\":\"https:\\\/\\\/www.akilles.fi\\\/handboll\\\/wp-content\\\/uploads\\\/sites\\\/18\\\/2025\\\/10\\\/Pojat_2016_3060.jpg\",\"width\":2560,\"height\":1638},{\"@type\":\"BreadcrumbList\",\"@id\":\"https:\\\/\\\/www.akilles.fi\\\/handboll\\\/pojkar-pojat-16\\\/#breadcrumb\",\"itemListElement\":[{\"@type\":\"ListItem\",\"position\":1,\"name\":\"Home\",\"item\":\"https:\\\/\\\/www.akilles.fi\\\/handboll\\\/\"},{\"@type\":\"ListItem\",\"position\":2,\"name\":\"Pojkar &#8211; Pojat 16\"}]},{\"@type\":\"WebSite\",\"@id\":\"https:\\\/\\\/www.akilles.fi\\\/handboll\\\/#website\",\"url\":\"https:\\\/\\\/www.akilles.fi\\\/handboll\\\/\",\"name\":\"Handboll - K\u00e4sipallo\",\"description\":\"Borg\u00e5 Akilles Handboll - Porvoon Akilles K\u00e4sipallo\",\"potentialAction\":[{\"@type\":\"SearchAction\",\"target\":{\"@type\":\"EntryPoint\",\"urlTemplate\":\"https:\\\/\\\/www.akilles.fi\\\/handboll\\\/?s={search_term_string}\"},\"query-input\":{\"@type\":\"PropertyValueSpecification\",\"valueRequired\":true,\"valueName\":\"search_term_string\"}}],\"inLanguage\":\"sv-SE\"}]}<\/script>\n<!-- \/ Yoast SEO plugin. -->","yoast_head_json":{"title":"Pojkar - Pojat 16 - Handboll - K\u00e4sipallo","robots":{"index":"index","follow":"follow","max-snippet":"max-snippet:-1","max-image-preview":"max-image-preview:large","max-video-preview":"max-video-preview:-1"},"canonical":"https:\/\/www.akilles.fi\/handboll\/pojkar-pojat-16\/","og_locale":"sv_SE","og_type":"article","og_title":"Pojkar - Pojat 16 - Handboll - K\u00e4sipallo","og_description":"Spelare \/ Pelaajat Kontaktuppgifter \/ Yhteystideot Huvudtr\u00e4nare \/ P\u00e4\u00e4valmentajaJoakim L\u00f6nnroth040-7216699joakim@hlonnroth.fi Tr\u00e4nare \/ ValmentajaHubbe S\u00f6derholm040-7555787soderholm.hubbe@gmail.com Lagledare \/ JoukkueenjohtajaEmilia Malmsten040-7336507&nbsp;emilia.malmsten@gmail.com","og_url":"https:\/\/www.akilles.fi\/handboll\/pojkar-pojat-16\/","og_site_name":"Handboll - K\u00e4sipallo","article_modified_time":"2025-10-09T17:03:48+00:00","og_image":[{"width":2560,"height":1638,"url":"https:\/\/www.akilles.fi\/handboll\/wp-content\/uploads\/sites\/18\/2025\/10\/Pojat_2016_3060.jpg","type":"image\/jpeg"}],"twitter_card":"summary_large_image","twitter_misc":{"Ber\u00e4knad l\u00e4stid":"1 minut"},"schema":{"@context":"https:\/\/schema.org","@graph":[{"@type":"WebPage","@id":"https:\/\/www.akilles.fi\/handboll\/pojkar-pojat-16\/","url":"https:\/\/www.akilles.fi\/handboll\/pojkar-pojat-16\/","name":"Pojkar - Pojat 16 - Handboll - K\u00e4sipallo","isPartOf":{"@id":"https:\/\/www.akilles.fi\/handboll\/#website"},"primaryImageOfPage":{"@id":"https:\/\/www.akilles.fi\/handboll\/pojkar-pojat-16\/#primaryimage"},"image":{"@id":"https:\/\/www.akilles.fi\/handboll\/pojkar-pojat-16\/#primaryimage"},"thumbnailUrl":"http:\/\/www.akilles.fi\/handboll\/wp-content\/uploads\/sites\/18\/2025\/10\/Pojat_2016_3060-1024x655.jpg","datePublished":"2025-08-06T14:08:30+00:00","dateModified":"2025-10-09T17:03:48+00:00","breadcrumb":{"@id":"https:\/\/www.akilles.fi\/handboll\/pojkar-pojat-16\/#breadcrumb"},"inLanguage":"sv-SE","potentialAction":[{"@type":"ReadAction","target":["https:\/\/www.akilles.fi\/handboll\/pojkar-pojat-16\/"]}]},{"@type":"ImageObject","inLanguage":"sv-SE","@id":"https:\/\/www.akilles.fi\/handboll\/pojkar-pojat-16\/#primaryimage","url":"https:\/\/www.akilles.fi\/handboll\/wp-content\/uploads\/sites\/18\/2025\/10\/Pojat_2016_3060.jpg","contentUrl":"https:\/\/www.akilles.fi\/handboll\/wp-content\/uploads\/sites\/18\/2025\/10\/Pojat_2016_3060.jpg","width":2560,"height":1638},{"@type":"BreadcrumbList","@id":"https:\/\/www.akilles.fi\/handboll\/pojkar-pojat-16\/#breadcrumb","itemListElement":[{"@type":"ListItem","position":1,"name":"Home","item":"https:\/\/www.akilles.fi\/handboll\/"},{"@type":"ListItem","position":2,"name":"Pojkar &#8211; Pojat 16"}]},{"@type":"WebSite","@id":"https:\/\/www.akilles.fi\/handboll\/#website","url":"https:\/\/www.akilles.fi\/handboll\/","name":"Handboll - K\u00e4sipallo","description":"Borg\u00e5 Akilles Handboll - Porvoon Akilles K\u00e4sipallo","potentialAction":[{"@type":"SearchAction","target":{"@type":"EntryPoint","urlTemplate":"https:\/\/www.akilles.fi\/handboll\/?s={search_term_string}"},"query-input":{"@type":"PropertyValueSpecification","valueRequired":true,"valueName":"search_term_string"}}],"inLanguage":"sv-SE"}]}},"_links":{"self":[{"href":"https:\/\/www.akilles.fi\/handboll\/wp-json\/wp\/v2\/pages\/12567","targetHints":{"allow":["GET"]}}],"collection":[{"href":"https:\/\/www.akilles.fi\/handboll\/wp-json\/wp\/v2\/pages"}],"about":[{"href":"https:\/\/www.akilles.fi\/handboll\/wp-json\/wp\/v2\/types\/page"}],"author":[{"embeddable":true,"href":"https:\/\/www.akilles.fi\/handboll\/wp-json\/wp\/v2\/users\/2"}],"replies":[{"embeddable":true,"href":"https:\/\/www.akilles.fi\/handboll\/wp-json\/wp\/v2\/comments?post=12567"}],"version-history":[{"count":13,"href":"https:\/\/www.akilles.fi\/handboll\/wp-json\/wp\/v2\/pages\/12567\/revisions"}],"predecessor-version":[{"id":12843,"href":"https:\/\/www.akilles.fi\/handboll\/wp-json\/wp\/v2\/pages\/12567\/revisions\/12843"}],"wp:attachment":[{"href":"https:\/\/www.akilles.fi\/handboll\/wp-json\/wp\/v2\/media?parent=12567"}],"curies":[{"name":"wp","href":"https:\/\/api.w.org\/{rel}","templated":true}]}}