{"id":1341,"date":"2019-10-21T06:24:35","date_gmt":"2019-10-21T06:24:35","guid":{"rendered":"http:\/\/www.akilles.fi\/handboll\/?page_id=1341"},"modified":"2026-04-17T09:24:07","modified_gmt":"2026-04-17T09:24:07","slug":"handbolls-avslutning","status":"publish","type":"page","link":"https:\/\/www.akilles.fi\/handboll\/handbolls-avslutning\/","title":{"rendered":"S\u00e4songsavslutning"},"content":{"rendered":"\t\t<div data-elementor-type=\"wp-page\" data-elementor-id=\"1341\" class=\"elementor elementor-1341\" data-elementor-post-type=\"page\">\n\t\t\t\t\t\t<section class=\"elementor-section elementor-top-section elementor-element elementor-element-f52a6d8 elementor-section-boxed elementor-section-height-default elementor-section-height-default\" data-id=\"f52a6d8\" data-element_type=\"section\">\n\t\t\t\t\t\t<div class=\"elementor-container elementor-column-gap-default\">\n\t\t\t\t\t<div class=\"elementor-column elementor-col-100 elementor-top-column elementor-element elementor-element-8632331\" data-id=\"8632331\" data-element_type=\"column\">\n\t\t\t<div class=\"elementor-widget-wrap elementor-element-populated\">\n\t\t\t\t\t\t<div class=\"elementor-element elementor-element-e434fda elementor-widget elementor-widget-text-editor\" data-id=\"e434fda\" data-element_type=\"widget\" data-widget_type=\"text-editor.default\">\n\t\t\t\t<div class=\"elementor-widget-container\">\n\t\t\t\t\t\t\t\t\t<h3>S\u00e4songsavslutning \/ Kauden p\u00e4\u00e4tt\u00e4j\u00e4iset ons\/ke 20.5.2026 kl.\/klo 18-20<\/h3>\t\t\t\t\t\t\t\t<\/div>\n\t\t\t\t<\/div>\n\t\t\t\t\t<\/div>\n\t\t<\/div>\n\t\t\t\t\t<\/div>\n\t\t<\/section>\n\t\t\t\t<section class=\"elementor-section elementor-top-section elementor-element elementor-element-588441d elementor-section-boxed elementor-section-height-default elementor-section-height-default\" data-id=\"588441d\" data-element_type=\"section\">\n\t\t\t\t\t\t<div class=\"elementor-container elementor-column-gap-default\">\n\t\t\t\t\t<div class=\"elementor-column elementor-col-66 elementor-top-column elementor-element elementor-element-ae9fd86\" data-id=\"ae9fd86\" data-element_type=\"column\">\n\t\t\t<div class=\"elementor-widget-wrap elementor-element-populated\">\n\t\t\t\t\t\t<div class=\"elementor-element elementor-element-8633f18 elementor-widget elementor-widget-text-editor\" data-id=\"8633f18\" data-element_type=\"widget\" data-widget_type=\"text-editor.default\">\n\t\t\t\t<div class=\"elementor-widget-container\">\n\t\t\t\t\t\t\t\t\t<div><b><img decoding=\"async\" class=\"CToWUd\" src=\"https:\/\/ci3.googleusercontent.com\/meips\/ADKq_NZUVxM-Rs_MZ39UseJADTiVf-rTqZlkLZdPnGVPKJLnAEKFpm2L2Sh5cOQqOp83H0eybEU-3ZcW1ORg3IUC-52WJN005ZN-PJ1wJzjT7psiwyaSBM49aNs=s0-d-e1-ft#https:\/\/static.xx.fbcdn.net\/images\/emoji.php\/v9\/t94\/1\/16\/1f49a.png\" alt=\"\ud83d\udc9a\" width=\"16\" height=\"16\" data-bit=\"iit\" \/>\u00a0Akilles handbolls s\u00e4songsavslutning<img decoding=\"async\" class=\"CToWUd\" src=\"https:\/\/ci3.googleusercontent.com\/meips\/ADKq_NYcDdVMWWka3EyPFsvp2rYJgG09Wpw2S8os5ALj-m1BkeFQEllolrdVfboVyapp962lJu15VCo4aWZEH9VUdRyrI97bP55ukuy5WcrM_WACar8ufNFIt2c=s0-d-e1-ft#https:\/\/static.xx.fbcdn.net\/images\/emoji.php\/v9\/tc5\/1\/16\/1f90d.png\" alt=\"\ud83e\udd0d\" width=\"16\" height=\"16\" data-bit=\"iit\" \/><\/b><\/div><div><p><br \/>Vi firar s\u00e4songsavslutning f\u00f6r Akilles handboll onsdagen den 20.5 kl. 18:00\u201320:00!\u00a0<img decoding=\"async\" class=\"CToWUd\" src=\"https:\/\/ci3.googleusercontent.com\/meips\/ADKq_NbZs6etjZ7mxIiwapMruryZsRMhgOnpuaK8gN4Z2gIequbHrmSd5AO7k9GGjFIOmqpPda9jTKpSUfd9etj4poykVe6cxuDq7DIbR47wZAqlSotuN_-Cgrw=s0-d-e1-ft#https:\/\/static.xx.fbcdn.net\/images\/emoji.php\/v9\/t8c\/1\/16\/1f389.png\" alt=\"\ud83c\udf89\" width=\"16\" height=\"16\" data-bit=\"iit\" \/><\/p><p>Det blir en h\u00e4rlig gr\u00f6nvit kv\u00e4ll tillsammans d\u00e4r vi avrundar s\u00e4songen tillsammans. Programmet f\u00f6r kv\u00e4llen publiceras n\u00e4rmare evenemanget.<\/p><\/div><div>Boka in datumet i din kalender redan nu \u2013 det h\u00e4r vill du inte missa!\u00a0<img loading=\"lazy\" decoding=\"async\" class=\"CToWUd\" src=\"https:\/\/ci3.googleusercontent.com\/meips\/ADKq_NYHG50AKRwgw3jSZQoNkmqKaqciI0Mc_lEYLdQEA7KjT0hC_MG44vfHwwAMF8YkPqudwsC62_U_nl1B7-X5XJnpDEXNUCaKvarImH2NQ_Ooy_m2TieVCA=s0-d-e1-ft#https:\/\/static.xx.fbcdn.net\/images\/emoji.php\/v9\/tf4\/1\/16\/2728.png\" alt=\"\u2728\" width=\"16\" height=\"16\" data-bit=\"iit\" \/><br \/>\u00a0<a id=\"m_-7672500322951740628OWA3cae0ea9-e2dc-0c59-c781-2dadc3be69d0\" href=\"https:\/\/akilles.myclub.fi\/flow\/events\/10396906?fbclid=IwZXh0bgNhZW0CMTAAYnJpZBExamxsampVSWE2M3k4VFFEMnNydGMGYXBwX2lkEDIyMjAzOTE3ODgyMDA4OTIAAR5EYaEiwfjkwuqR8d_px8CW9w15Z19GjHXPJT05zytV5egnU9pbGE72zXgJfA_aem_kWRv9a9ZEKxyZCJTTVLiqA\" target=\"_blank\" rel=\"nofollow noopener\" data-saferedirecturl=\"https:\/\/www.google.com\/url?q=https:\/\/akilles.myclub.fi\/flow\/events\/10396906?fbclid%3DIwZXh0bgNhZW0CMTAAYnJpZBExamxsampVSWE2M3k4VFFEMnNydGMGYXBwX2lkEDIyMjAzOTE3ODgyMDA4OTIAAR5EYaEiwfjkwuqR8d_px8CW9w15Z19GjHXPJT05zytV5egnU9pbGE72zXgJfA_aem_kWRv9a9ZEKxyZCJTTVLiqA&amp;source=gmail&amp;ust=1773940787542000&amp;usg=AOvVaw07s8qfle9OsP5MPMYDwdMl\">https:\/\/akilles.<wbr \/>myclub.fi\/flow\/events\/10396906<\/a><\/div><div>\u00a0<\/div><div><b><img decoding=\"async\" class=\"CToWUd\" src=\"https:\/\/ci3.googleusercontent.com\/meips\/ADKq_NZUVxM-Rs_MZ39UseJADTiVf-rTqZlkLZdPnGVPKJLnAEKFpm2L2Sh5cOQqOp83H0eybEU-3ZcW1ORg3IUC-52WJN005ZN-PJ1wJzjT7psiwyaSBM49aNs=s0-d-e1-ft#https:\/\/static.xx.fbcdn.net\/images\/emoji.php\/v9\/t94\/1\/16\/1f49a.png\" alt=\"\ud83d\udc9a\" width=\"16\" height=\"16\" data-bit=\"iit\" \/> Akilles k\u00e4sipallon kaudenp\u00e4\u00e4tt\u00e4j\u00e4iset<img decoding=\"async\" class=\"CToWUd\" src=\"https:\/\/ci3.googleusercontent.com\/meips\/ADKq_NYcDdVMWWka3EyPFsvp2rYJgG09Wpw2S8os5ALj-m1BkeFQEllolrdVfboVyapp962lJu15VCo4aWZEH9VUdRyrI97bP55ukuy5WcrM_WACar8ufNFIt2c=s0-d-e1-ft#https:\/\/static.xx.fbcdn.net\/images\/emoji.php\/v9\/tc5\/1\/16\/1f90d.png\" alt=\"\ud83e\udd0d\" width=\"16\" height=\"16\" data-bit=\"iit\" \/><\/b><\/div><div><br \/>Juhlimme Akilleksen k\u00e4sipallon kaudenp\u00e4\u00e4t\u00f6st\u00e4 keskiviikkona 20.5. klo 18.00\u201320.00!\u00a0<img decoding=\"async\" class=\"CToWUd\" src=\"https:\/\/ci3.googleusercontent.com\/meips\/ADKq_NbZs6etjZ7mxIiwapMruryZsRMhgOnpuaK8gN4Z2gIequbHrmSd5AO7k9GGjFIOmqpPda9jTKpSUfd9etj4poykVe6cxuDq7DIbR47wZAqlSotuN_-Cgrw=s0-d-e1-ft#https:\/\/static.xx.fbcdn.net\/images\/emoji.php\/v9\/t8c\/1\/16\/1f389.png\" alt=\"\ud83c\udf89\" width=\"16\" height=\"16\" data-bit=\"iit\" \/><\/div><div><br \/>Tiedossa on mukava vihre\u00e4valkoinen ilta, jossa p\u00e4\u00e4t\u00e4mme kauden yhdess\u00e4. Illan ohjelma julkaistaan l\u00e4hemp\u00e4n\u00e4 tapahtumaa.<\/div><div><br \/>Merkitse p\u00e4iv\u00e4m\u00e4\u00e4r\u00e4 kalenteriisi jo nyt \u2013 t\u00e4st\u00e4 et halua j\u00e4\u00e4d\u00e4 paitsi!\u00a0<img loading=\"lazy\" decoding=\"async\" class=\"CToWUd\" src=\"https:\/\/ci3.googleusercontent.com\/meips\/ADKq_NYHG50AKRwgw3jSZQoNkmqKaqciI0Mc_lEYLdQEA7KjT0hC_MG44vfHwwAMF8YkPqudwsC62_U_nl1B7-X5XJnpDEXNUCaKvarImH2NQ_Ooy_m2TieVCA=s0-d-e1-ft#https:\/\/static.xx.fbcdn.net\/images\/emoji.php\/v9\/tf4\/1\/16\/2728.png\" alt=\"\u2728\" width=\"16\" height=\"16\" data-bit=\"iit\" \/><\/div><div><br \/><a id=\"m_-7672500322951740628OWA3d21a3d4-3a4e-acd0-9ef5-daff5352db6c\" href=\"https:\/\/l.facebook.com\/l.php?u=https%3A%2F%2Fakilles.myclub.fi%2Fflow%2Fevents%2F10396906%3Ffbclid%3DIwZXh0bgNhZW0CMTAAYnJpZBExamxsampVSWE2M3k4VFFEMnNydGMGYXBwX2lkEDIyMjAzOTE3ODgyMDA4OTIAAR4x1ZxxG7tcwcsiwWshSaF6czwg8Qs0ApnSaiE1Nrs_Lekxw6u1LhhoGbScBA_aem_lYYobZXu0vma6I7lHJ9CLQ&amp;h=AT4cxi4lcIe3TTfHQTEr2Vo559-W8A3tLYYneCrvP3sH9oEtNUbKwosMxW74a48Fw22KzKxX30Nsw23guNmVRpfQ2F9SedmjlnGmhh4m8cupmaxl7Li507lQp4DP11kfxe9yCm7OFqAD7A&amp;__tn__=q&amp;c[0]=AT57HBafXZNDKarYh_teLN1sehJT4XvVzOHnFMRmKw3UavipxWjywpEWAMztr26sZMPuWseMJHeKwRyYEMGvdGVN8NdL9vd4RD86Apmxho-hBQMRjyniLUSbgSd8cmpnlAzu5PI4VXMYT6NTdTPhqa2NS-5jEfZ9dl8\" target=\"_blank\" rel=\"nofollow noopener\" data-saferedirecturl=\"https:\/\/www.google.com\/url?q=https:\/\/l.facebook.com\/l.php?u%3Dhttps%253A%252F%252Fakilles.myclub.fi%252Fflow%252Fevents%252F10396906%253Ffbclid%253DIwZXh0bgNhZW0CMTAAYnJpZBExamxsampVSWE2M3k4VFFEMnNydGMGYXBwX2lkEDIyMjAzOTE3ODgyMDA4OTIAAR4x1ZxxG7tcwcsiwWshSaF6czwg8Qs0ApnSaiE1Nrs_Lekxw6u1LhhoGbScBA_aem_lYYobZXu0vma6I7lHJ9CLQ%26h%3DAT4cxi4lcIe3TTfHQTEr2Vo559-W8A3tLYYneCrvP3sH9oEtNUbKwosMxW74a48Fw22KzKxX30Nsw23guNmVRpfQ2F9SedmjlnGmhh4m8cupmaxl7Li507lQp4DP11kfxe9yCm7OFqAD7A%26__tn__%3Dq%26c%5B0%5D%3DAT57HBafXZNDKarYh_teLN1sehJT4XvVzOHnFMRmKw3UavipxWjywpEWAMztr26sZMPuWseMJHeKwRyYEMGvdGVN8NdL9vd4RD86Apmxho-hBQMRjyniLUSbgSd8cmpnlAzu5PI4VXMYT6NTdTPhqa2NS-5jEfZ9dl8&amp;source=gmail&amp;ust=1773940787543000&amp;usg=AOvVaw0ZBCKe0UvZI0PvVjDzNfcP\">https:\/\/akilles.<wbr \/>myclub.fi\/flow\/events\/10396906<\/a><\/div>\t\t\t\t\t\t\t\t<\/div>\n\t\t\t\t<\/div>\n\t\t\t\t\t<\/div>\n\t\t<\/div>\n\t\t\t\t<div class=\"elementor-column elementor-col-33 elementor-top-column elementor-element elementor-element-4f25596\" data-id=\"4f25596\" data-element_type=\"column\">\n\t\t\t<div class=\"elementor-widget-wrap elementor-element-populated\">\n\t\t\t\t\t\t<div class=\"elementor-element elementor-element-fd19b12 elementor-widget elementor-widget-text-editor\" data-id=\"fd19b12\" data-element_type=\"widget\" data-widget_type=\"text-editor.default\">\n\t\t\t\t<div class=\"elementor-widget-container\">\n\t\t\t\t\t\t\t\t\t<h4><a href=\"https:\/\/www.akilles.fi\/handboll\/2023\/05\/26\/sasongsavslutning-kauden-paattajaiset-2023\/\">S\u00e4songsavslutning \/ Kauden p\u00e4\u00e4tt\u00e4j\u00e4iset 2023<\/a><\/h4><h4><a href=\"https:\/\/photos.app.goo.gl\/CNQdj3ahE8cmNbzh8\" target=\"_blank\" rel=\"noopener\">Bilder fr\u00e5n avslutningen \/Kuvia p\u00e4\u00e4tt\u00e4j\u00e4isist\u00e4 2023<\/a><\/h4><h4><strong><a href=\"https:\/\/www.akilles.fi\/handboll\/2022\/05\/20\/sasongsavslutning-kauden-paattajaiset\/\">S\u00e4songsavslutning \/ Kauden p\u00e4\u00e4tt\u00e4j\u00e4iset 2022<\/a><\/strong><\/h4>\t\t\t\t\t\t\t\t<\/div>\n\t\t\t\t<\/div>\n\t\t\t\t<div class=\"elementor-element elementor-element-1fe5598 elementor-widget elementor-widget-image\" data-id=\"1fe5598\" data-element_type=\"widget\" data-widget_type=\"image.default\">\n\t\t\t\t<div class=\"elementor-widget-container\">\n\t\t\t\t\t\t\t\t\t\t\t\t\t\t\t\t<a href=\"https:\/\/photos.app.goo.gl\/4BVrXBHEekyjT9vm9\" target=\"_blank\">\n\t\t\t\t\t\t\t<img loading=\"lazy\" decoding=\"async\" width=\"768\" height=\"433\" src=\"https:\/\/www.akilles.fi\/handboll\/wp-content\/uploads\/sites\/18\/2022\/05\/P1130355-768x433.jpg\" class=\"attachment-medium_large size-medium_large wp-image-8821\" alt=\"\" srcset=\"https:\/\/www.akilles.fi\/handboll\/wp-content\/uploads\/sites\/18\/2022\/05\/P1130355-768x433.jpg 768w, https:\/\/www.akilles.fi\/handboll\/wp-content\/uploads\/sites\/18\/2022\/05\/P1130355-300x169.jpg 300w, https:\/\/www.akilles.fi\/handboll\/wp-content\/uploads\/sites\/18\/2022\/05\/P1130355-1024x578.jpg 1024w, https:\/\/www.akilles.fi\/handboll\/wp-content\/uploads\/sites\/18\/2022\/05\/P1130355-1536x867.jpg 1536w, https:\/\/www.akilles.fi\/handboll\/wp-content\/uploads\/sites\/18\/2022\/05\/P1130355-2048x1156.jpg 2048w\" sizes=\"(max-width: 768px) 100vw, 768px\" \/>\t\t\t\t\t\t\t\t<\/a>\n\t\t\t\t\t\t\t\t\t\t\t\t\t\t\t<\/div>\n\t\t\t\t<\/div>\n\t\t\t\t<div class=\"elementor-element elementor-element-ba5f54b elementor-widget elementor-widget-text-editor\" data-id=\"ba5f54b\" data-element_type=\"widget\" data-widget_type=\"text-editor.default\">\n\t\t\t\t<div class=\"elementor-widget-container\">\n\t\t\t\t\t\t\t\t\t<div id=\"\" class=\"elementor-element elementor-element-edit-mode elementor-element-acc7201 elementor-element--toggle-edit-tools elementor-widget elementor-widget-text-editor\" data-id=\"acc7201\" data-element_type=\"widget\" data-model-cid=\"c1469\" data-widget_type=\"text-editor.default\"><div class=\"elementor-widget-container\"><div class=\"elementor-text-editor elementor-clearfix elementor-inline-editing\" data-elementor-setting-key=\"editor\" data-elementor-inline-editing-toolbar=\"advanced\"><h4>Bilder fr\u00e5n avslutningen 2022: <a href=\"https:\/\/photos.app.goo.gl\/4BVrXBHEekyjT9vm9\">https:\/\/photos.app.goo.gl\/4BVrXBHEekyjT9vm9<\/a><\/h4><\/div><\/div><\/div>\t\t\t\t\t\t\t\t<\/div>\n\t\t\t\t<\/div>\n\t\t\t\t<div class=\"elementor-element elementor-element-c4dc0f9 elementor-widget elementor-widget-image\" data-id=\"c4dc0f9\" data-element_type=\"widget\" data-widget_type=\"image.default\">\n\t\t\t\t<div class=\"elementor-widget-container\">\n\t\t\t\t\t\t\t\t\t\t\t\t\t\t\t<img loading=\"lazy\" decoding=\"async\" width=\"768\" height=\"371\" src=\"https:\/\/www.akilles.fi\/handboll\/wp-content\/uploads\/sites\/18\/2019\/01\/Handbolls-avslutning-2019-768x371.jpg\" class=\"attachment-medium_large size-medium_large wp-image-1160\" alt=\"\" srcset=\"https:\/\/www.akilles.fi\/handboll\/wp-content\/uploads\/sites\/18\/2019\/01\/Handbolls-avslutning-2019-768x371.jpg 768w, https:\/\/www.akilles.fi\/handboll\/wp-content\/uploads\/sites\/18\/2019\/01\/Handbolls-avslutning-2019-300x145.jpg 300w, https:\/\/www.akilles.fi\/handboll\/wp-content\/uploads\/sites\/18\/2019\/01\/Handbolls-avslutning-2019-1024x495.jpg 1024w, https:\/\/www.akilles.fi\/handboll\/wp-content\/uploads\/sites\/18\/2019\/01\/Handbolls-avslutning-2019.jpg 2034w\" sizes=\"(max-width: 768px) 100vw, 768px\" \/>\t\t\t\t\t\t\t\t\t\t\t\t\t\t\t<\/div>\n\t\t\t\t<\/div>\n\t\t\t\t<div class=\"elementor-element elementor-element-f6d7819 elementor-widget elementor-widget-text-editor\" data-id=\"f6d7819\" data-element_type=\"widget\" data-widget_type=\"text-editor.default\">\n\t\t\t\t<div class=\"elementor-widget-container\">\n\t\t\t\t\t\t\t\t\t<h4>Bilder fr\u00e5n avslutningen 2019: <a href=\"https:\/\/photos.app.goo.gl\/amzD9PcaJDfDEee9A\">https:\/\/photos.app.goo.gl\/amzD9PcaJDfDEee9A<\/a><\/h4>\t\t\t\t\t\t\t\t<\/div>\n\t\t\t\t<\/div>\n\t\t\t\t\t<\/div>\n\t\t<\/div>\n\t\t\t\t\t<\/div>\n\t\t<\/section>\n\t\t\t\t<\/div>\n\t\t","protected":false},"excerpt":{"rendered":"<p>S\u00e4songsavslutning \/ Kauden p\u00e4\u00e4tt\u00e4j\u00e4iset ons\/ke 20.5.2026 kl.\/klo 18-20 \u00a0Akilles handbolls s\u00e4songsavslutning Vi firar s\u00e4songsavslutning f\u00f6r Akilles handboll onsdagen den 20.5 kl. 18:00\u201320:00!\u00a0 Det blir en h\u00e4rlig gr\u00f6nvit kv\u00e4ll tillsammans d\u00e4r vi avrundar s\u00e4songen tillsammans. Programmet f\u00f6r kv\u00e4llen publiceras n\u00e4rmare evenemanget. Boka in datumet i din kalender redan nu \u2013 det h\u00e4r vill du inte missa!\u00a0\u00a0https:\/\/akilles.myclub.fi\/flow\/events\/10396906\u00a0 [&hellip;]<\/p>\n","protected":false},"author":2,"featured_media":0,"parent":0,"menu_order":0,"comment_status":"closed","ping_status":"closed","template":"","meta":{"_crdt_document":"","footnotes":""},"class_list":["post-1341","page","type-page","status-publish","hentry"],"yoast_head":"<!-- This site is optimized with the Yoast SEO plugin v27.4 - https:\/\/yoast.com\/product\/yoast-seo-wordpress\/ -->\n<title>S\u00e4songsavslutning - Handboll - K\u00e4sipallo<\/title>\n<meta name=\"robots\" content=\"index, follow, max-snippet:-1, max-image-preview:large, max-video-preview:-1\" \/>\n<link rel=\"canonical\" href=\"https:\/\/www.akilles.fi\/handboll\/handbolls-avslutning\/\" \/>\n<meta property=\"og:locale\" content=\"sv_SE\" \/>\n<meta property=\"og:type\" content=\"article\" \/>\n<meta property=\"og:title\" content=\"S\u00e4songsavslutning - Handboll - K\u00e4sipallo\" \/>\n<meta property=\"og:description\" content=\"S\u00e4songsavslutning \/ Kauden p\u00e4\u00e4tt\u00e4j\u00e4iset ons\/ke 20.5.2026 kl.\/klo 18-20 \u00a0Akilles handbolls s\u00e4songsavslutning Vi firar s\u00e4songsavslutning f\u00f6r Akilles handboll onsdagen den 20.5 kl. 18:00\u201320:00!\u00a0 Det blir en h\u00e4rlig gr\u00f6nvit kv\u00e4ll tillsammans d\u00e4r vi avrundar s\u00e4songen tillsammans. Programmet f\u00f6r kv\u00e4llen publiceras n\u00e4rmare evenemanget. Boka in datumet i din kalender redan nu \u2013 det h\u00e4r vill du inte missa!\u00a0\u00a0https:\/\/akilles.myclub.fi\/flow\/events\/10396906\u00a0 [&hellip;]\" \/>\n<meta property=\"og:url\" content=\"https:\/\/www.akilles.fi\/handboll\/handbolls-avslutning\/\" \/>\n<meta property=\"og:site_name\" content=\"Handboll - K\u00e4sipallo\" \/>\n<meta property=\"article:modified_time\" content=\"2026-04-17T09:24:07+00:00\" \/>\n<meta property=\"og:image\" content=\"https:\/\/ci3.googleusercontent.com\/meips\/ADKq_NZUVxM-Rs_MZ39UseJADTiVf-rTqZlkLZdPnGVPKJLnAEKFpm2L2Sh5cOQqOp83H0eybEU-3ZcW1ORg3IUC-52WJN005ZN-PJ1wJzjT7psiwyaSBM49aNs=s0-d-e1-ft#https:\/\/static.xx.fbcdn.net\/images\/emoji.php\/v9\/t94\/1\/16\/1f49a.png\" \/>\n<meta name=\"twitter:card\" content=\"summary_large_image\" \/>\n<meta name=\"twitter:label1\" content=\"Ber\u00e4knad l\u00e4stid\" \/>\n\t<meta name=\"twitter:data1\" content=\"3 minuter\" \/>\n<script type=\"application\/ld+json\" class=\"yoast-schema-graph\">{\"@context\":\"https:\\\/\\\/schema.org\",\"@graph\":[{\"@type\":\"WebPage\",\"@id\":\"https:\\\/\\\/www.akilles.fi\\\/handboll\\\/handbolls-avslutning\\\/\",\"url\":\"https:\\\/\\\/www.akilles.fi\\\/handboll\\\/handbolls-avslutning\\\/\",\"name\":\"S\u00e4songsavslutning - Handboll - K\u00e4sipallo\",\"isPartOf\":{\"@id\":\"https:\\\/\\\/www.akilles.fi\\\/handboll\\\/#website\"},\"primaryImageOfPage\":{\"@id\":\"https:\\\/\\\/www.akilles.fi\\\/handboll\\\/handbolls-avslutning\\\/#primaryimage\"},\"image\":{\"@id\":\"https:\\\/\\\/www.akilles.fi\\\/handboll\\\/handbolls-avslutning\\\/#primaryimage\"},\"thumbnailUrl\":\"https:\\\/\\\/ci3.googleusercontent.com\\\/meips\\\/ADKq_NZUVxM-Rs_MZ39UseJADTiVf-rTqZlkLZdPnGVPKJLnAEKFpm2L2Sh5cOQqOp83H0eybEU-3ZcW1ORg3IUC-52WJN005ZN-PJ1wJzjT7psiwyaSBM49aNs=s0-d-e1-ft#https:\\\/\\\/static.xx.fbcdn.net\\\/images\\\/emoji.php\\\/v9\\\/t94\\\/1\\\/16\\\/1f49a.png\",\"datePublished\":\"2019-10-21T06:24:35+00:00\",\"dateModified\":\"2026-04-17T09:24:07+00:00\",\"breadcrumb\":{\"@id\":\"https:\\\/\\\/www.akilles.fi\\\/handboll\\\/handbolls-avslutning\\\/#breadcrumb\"},\"inLanguage\":\"sv-SE\",\"potentialAction\":[{\"@type\":\"ReadAction\",\"target\":[\"https:\\\/\\\/www.akilles.fi\\\/handboll\\\/handbolls-avslutning\\\/\"]}]},{\"@type\":\"ImageObject\",\"inLanguage\":\"sv-SE\",\"@id\":\"https:\\\/\\\/www.akilles.fi\\\/handboll\\\/handbolls-avslutning\\\/#primaryimage\",\"url\":\"https:\\\/\\\/ci3.googleusercontent.com\\\/meips\\\/ADKq_NZUVxM-Rs_MZ39UseJADTiVf-rTqZlkLZdPnGVPKJLnAEKFpm2L2Sh5cOQqOp83H0eybEU-3ZcW1ORg3IUC-52WJN005ZN-PJ1wJzjT7psiwyaSBM49aNs=s0-d-e1-ft#https:\\\/\\\/static.xx.fbcdn.net\\\/images\\\/emoji.php\\\/v9\\\/t94\\\/1\\\/16\\\/1f49a.png\",\"contentUrl\":\"https:\\\/\\\/ci3.googleusercontent.com\\\/meips\\\/ADKq_NZUVxM-Rs_MZ39UseJADTiVf-rTqZlkLZdPnGVPKJLnAEKFpm2L2Sh5cOQqOp83H0eybEU-3ZcW1ORg3IUC-52WJN005ZN-PJ1wJzjT7psiwyaSBM49aNs=s0-d-e1-ft#https:\\\/\\\/static.xx.fbcdn.net\\\/images\\\/emoji.php\\\/v9\\\/t94\\\/1\\\/16\\\/1f49a.png\"},{\"@type\":\"BreadcrumbList\",\"@id\":\"https:\\\/\\\/www.akilles.fi\\\/handboll\\\/handbolls-avslutning\\\/#breadcrumb\",\"itemListElement\":[{\"@type\":\"ListItem\",\"position\":1,\"name\":\"Home\",\"item\":\"https:\\\/\\\/www.akilles.fi\\\/handboll\\\/\"},{\"@type\":\"ListItem\",\"position\":2,\"name\":\"S\u00e4songsavslutning\"}]},{\"@type\":\"WebSite\",\"@id\":\"https:\\\/\\\/www.akilles.fi\\\/handboll\\\/#website\",\"url\":\"https:\\\/\\\/www.akilles.fi\\\/handboll\\\/\",\"name\":\"Handboll - K\u00e4sipallo\",\"description\":\"Borg\u00e5 Akilles Handboll - Porvoon Akilles K\u00e4sipallo\",\"potentialAction\":[{\"@type\":\"SearchAction\",\"target\":{\"@type\":\"EntryPoint\",\"urlTemplate\":\"https:\\\/\\\/www.akilles.fi\\\/handboll\\\/?s={search_term_string}\"},\"query-input\":{\"@type\":\"PropertyValueSpecification\",\"valueRequired\":true,\"valueName\":\"search_term_string\"}}],\"inLanguage\":\"sv-SE\"}]}<\/script>\n<!-- \/ Yoast SEO plugin. -->","yoast_head_json":{"title":"S\u00e4songsavslutning - Handboll - K\u00e4sipallo","robots":{"index":"index","follow":"follow","max-snippet":"max-snippet:-1","max-image-preview":"max-image-preview:large","max-video-preview":"max-video-preview:-1"},"canonical":"https:\/\/www.akilles.fi\/handboll\/handbolls-avslutning\/","og_locale":"sv_SE","og_type":"article","og_title":"S\u00e4songsavslutning - Handboll - K\u00e4sipallo","og_description":"S\u00e4songsavslutning \/ Kauden p\u00e4\u00e4tt\u00e4j\u00e4iset ons\/ke 20.5.2026 kl.\/klo 18-20 \u00a0Akilles handbolls s\u00e4songsavslutning Vi firar s\u00e4songsavslutning f\u00f6r Akilles handboll onsdagen den 20.5 kl. 18:00\u201320:00!\u00a0 Det blir en h\u00e4rlig gr\u00f6nvit kv\u00e4ll tillsammans d\u00e4r vi avrundar s\u00e4songen tillsammans. Programmet f\u00f6r kv\u00e4llen publiceras n\u00e4rmare evenemanget. Boka in datumet i din kalender redan nu \u2013 det h\u00e4r vill du inte missa!\u00a0\u00a0https:\/\/akilles.myclub.fi\/flow\/events\/10396906\u00a0 [&hellip;]","og_url":"https:\/\/www.akilles.fi\/handboll\/handbolls-avslutning\/","og_site_name":"Handboll - K\u00e4sipallo","article_modified_time":"2026-04-17T09:24:07+00:00","og_image":[{"url":"https:\/\/ci3.googleusercontent.com\/meips\/ADKq_NZUVxM-Rs_MZ39UseJADTiVf-rTqZlkLZdPnGVPKJLnAEKFpm2L2Sh5cOQqOp83H0eybEU-3ZcW1ORg3IUC-52WJN005ZN-PJ1wJzjT7psiwyaSBM49aNs=s0-d-e1-ft#https:\/\/static.xx.fbcdn.net\/images\/emoji.php\/v9\/t94\/1\/16\/1f49a.png","type":"","width":"","height":""}],"twitter_card":"summary_large_image","twitter_misc":{"Ber\u00e4knad l\u00e4stid":"3 minuter"},"schema":{"@context":"https:\/\/schema.org","@graph":[{"@type":"WebPage","@id":"https:\/\/www.akilles.fi\/handboll\/handbolls-avslutning\/","url":"https:\/\/www.akilles.fi\/handboll\/handbolls-avslutning\/","name":"S\u00e4songsavslutning - Handboll - K\u00e4sipallo","isPartOf":{"@id":"https:\/\/www.akilles.fi\/handboll\/#website"},"primaryImageOfPage":{"@id":"https:\/\/www.akilles.fi\/handboll\/handbolls-avslutning\/#primaryimage"},"image":{"@id":"https:\/\/www.akilles.fi\/handboll\/handbolls-avslutning\/#primaryimage"},"thumbnailUrl":"https:\/\/ci3.googleusercontent.com\/meips\/ADKq_NZUVxM-Rs_MZ39UseJADTiVf-rTqZlkLZdPnGVPKJLnAEKFpm2L2Sh5cOQqOp83H0eybEU-3ZcW1ORg3IUC-52WJN005ZN-PJ1wJzjT7psiwyaSBM49aNs=s0-d-e1-ft#https:\/\/static.xx.fbcdn.net\/images\/emoji.php\/v9\/t94\/1\/16\/1f49a.png","datePublished":"2019-10-21T06:24:35+00:00","dateModified":"2026-04-17T09:24:07+00:00","breadcrumb":{"@id":"https:\/\/www.akilles.fi\/handboll\/handbolls-avslutning\/#breadcrumb"},"inLanguage":"sv-SE","potentialAction":[{"@type":"ReadAction","target":["https:\/\/www.akilles.fi\/handboll\/handbolls-avslutning\/"]}]},{"@type":"ImageObject","inLanguage":"sv-SE","@id":"https:\/\/www.akilles.fi\/handboll\/handbolls-avslutning\/#primaryimage","url":"https:\/\/ci3.googleusercontent.com\/meips\/ADKq_NZUVxM-Rs_MZ39UseJADTiVf-rTqZlkLZdPnGVPKJLnAEKFpm2L2Sh5cOQqOp83H0eybEU-3ZcW1ORg3IUC-52WJN005ZN-PJ1wJzjT7psiwyaSBM49aNs=s0-d-e1-ft#https:\/\/static.xx.fbcdn.net\/images\/emoji.php\/v9\/t94\/1\/16\/1f49a.png","contentUrl":"https:\/\/ci3.googleusercontent.com\/meips\/ADKq_NZUVxM-Rs_MZ39UseJADTiVf-rTqZlkLZdPnGVPKJLnAEKFpm2L2Sh5cOQqOp83H0eybEU-3ZcW1ORg3IUC-52WJN005ZN-PJ1wJzjT7psiwyaSBM49aNs=s0-d-e1-ft#https:\/\/static.xx.fbcdn.net\/images\/emoji.php\/v9\/t94\/1\/16\/1f49a.png"},{"@type":"BreadcrumbList","@id":"https:\/\/www.akilles.fi\/handboll\/handbolls-avslutning\/#breadcrumb","itemListElement":[{"@type":"ListItem","position":1,"name":"Home","item":"https:\/\/www.akilles.fi\/handboll\/"},{"@type":"ListItem","position":2,"name":"S\u00e4songsavslutning"}]},{"@type":"WebSite","@id":"https:\/\/www.akilles.fi\/handboll\/#website","url":"https:\/\/www.akilles.fi\/handboll\/","name":"Handboll - K\u00e4sipallo","description":"Borg\u00e5 Akilles Handboll - Porvoon Akilles K\u00e4sipallo","potentialAction":[{"@type":"SearchAction","target":{"@type":"EntryPoint","urlTemplate":"https:\/\/www.akilles.fi\/handboll\/?s={search_term_string}"},"query-input":{"@type":"PropertyValueSpecification","valueRequired":true,"valueName":"search_term_string"}}],"inLanguage":"sv-SE"}]}},"_links":{"self":[{"href":"https:\/\/www.akilles.fi\/handboll\/wp-json\/wp\/v2\/pages\/1341","targetHints":{"allow":["GET"]}}],"collection":[{"href":"https:\/\/www.akilles.fi\/handboll\/wp-json\/wp\/v2\/pages"}],"about":[{"href":"https:\/\/www.akilles.fi\/handboll\/wp-json\/wp\/v2\/types\/page"}],"author":[{"embeddable":true,"href":"https:\/\/www.akilles.fi\/handboll\/wp-json\/wp\/v2\/users\/2"}],"replies":[{"embeddable":true,"href":"https:\/\/www.akilles.fi\/handboll\/wp-json\/wp\/v2\/comments?post=1341"}],"version-history":[{"count":79,"href":"https:\/\/www.akilles.fi\/handboll\/wp-json\/wp\/v2\/pages\/1341\/revisions"}],"predecessor-version":[{"id":13147,"href":"https:\/\/www.akilles.fi\/handboll\/wp-json\/wp\/v2\/pages\/1341\/revisions\/13147"}],"wp:attachment":[{"href":"https:\/\/www.akilles.fi\/handboll\/wp-json\/wp\/v2\/media?parent=1341"}],"curies":[{"name":"wp","href":"https:\/\/api.w.org\/{rel}","templated":true}]}}