{"id":514,"date":"2019-02-10T13:34:50","date_gmt":"2019-02-10T13:34:50","guid":{"rendered":"http:\/\/94.237.33.215\/~akilles\/nyasida\/handboll\/?page_id=514"},"modified":"2025-10-09T16:41:54","modified_gmt":"2025-10-09T16:41:54","slug":"herrar-miehet","status":"publish","type":"page","link":"https:\/\/www.akilles.fi\/handboll\/herrar-miehet\/","title":{"rendered":"Herrar &#8211; Miehet"},"content":{"rendered":"\t\t<div data-elementor-type=\"wp-post\" data-elementor-id=\"514\" class=\"elementor elementor-514\" data-elementor-post-type=\"page\">\n\t\t\t\t\t\t<section class=\"elementor-section elementor-top-section elementor-element elementor-element-14207219 elementor-section-boxed elementor-section-height-default elementor-section-height-default\" data-id=\"14207219\" data-element_type=\"section\">\n\t\t\t\t\t\t<div class=\"elementor-container elementor-column-gap-default\">\n\t\t\t\t\t<div class=\"elementor-column elementor-col-33 elementor-top-column elementor-element elementor-element-15e8311d\" data-id=\"15e8311d\" data-element_type=\"column\">\n\t\t\t<div class=\"elementor-widget-wrap elementor-element-populated\">\n\t\t\t\t\t\t<div class=\"elementor-element elementor-element-5cb65fea elementor-widget elementor-widget-image\" data-id=\"5cb65fea\" data-element_type=\"widget\" data-widget_type=\"image.default\">\n\t\t\t\t<div class=\"elementor-widget-container\">\n\t\t\t\t\t\t\t\t\t\t\t\t\t\t\t<img fetchpriority=\"high\" decoding=\"async\" width=\"2560\" height=\"1638\" src=\"https:\/\/www.akilles.fi\/handboll\/wp-content\/uploads\/sites\/18\/2025\/10\/Miehet_1_div_3476.jpg\" class=\"attachment-full size-full wp-image-12796\" alt=\"\" srcset=\"https:\/\/www.akilles.fi\/handboll\/wp-content\/uploads\/sites\/18\/2025\/10\/Miehet_1_div_3476.jpg 2560w, https:\/\/www.akilles.fi\/handboll\/wp-content\/uploads\/sites\/18\/2025\/10\/Miehet_1_div_3476-300x192.jpg 300w, https:\/\/www.akilles.fi\/handboll\/wp-content\/uploads\/sites\/18\/2025\/10\/Miehet_1_div_3476-1024x655.jpg 1024w, https:\/\/www.akilles.fi\/handboll\/wp-content\/uploads\/sites\/18\/2025\/10\/Miehet_1_div_3476-768x491.jpg 768w, https:\/\/www.akilles.fi\/handboll\/wp-content\/uploads\/sites\/18\/2025\/10\/Miehet_1_div_3476-1536x983.jpg 1536w, https:\/\/www.akilles.fi\/handboll\/wp-content\/uploads\/sites\/18\/2025\/10\/Miehet_1_div_3476-2048x1310.jpg 2048w, https:\/\/www.akilles.fi\/handboll\/wp-content\/uploads\/sites\/18\/2025\/10\/Miehet_1_div_3476-280x180.jpg 280w\" sizes=\"(max-width: 2560px) 100vw, 2560px\" \/>\t\t\t\t\t\t\t\t\t\t\t\t\t\t\t<\/div>\n\t\t\t\t<\/div>\n\t\t\t\t<div class=\"elementor-element elementor-element-6f55a2f0 elementor-widget elementor-widget-text-editor\" data-id=\"6f55a2f0\" data-element_type=\"widget\" data-widget_type=\"text-editor.default\">\n\t\t\t\t<div class=\"elementor-widget-container\">\n\t\t\t\t\t\t\t\t\t<h5>Spelare \/ Pelaajat<\/h5><p>\u00a0 3. Simon Blomfeldt<br \/>\u00a0 8. Linus Schmidt<br \/>14. Emil Andersson<br \/>17. Otto Lukkari<br \/>21. Tom Mannonen<br \/>22. Isac H\u00f6ysti<br \/>23. Oliver Nylander<br \/>26. Julius Karlsson<br \/>29. Anton Frejborg<br \/>32. Tobias Blomfeldt<br \/>33. Anton Westerlund<br \/>47. Christian Lindblad<br \/>55. Henry Kellgren<br \/>63. Alvar Andersson<br \/>77. Kevin Backman<br \/>91. Henri Storsj\u00f6<\/p><h5>Kontaktuppgifter \/ Yhteystiedot<\/h5><p>Huvudtr\u00e4nare \/ P\u00e4\u00e4valmentaja<br \/><strong>Marko Niemi<br \/><\/strong>040 084 8381<br \/><a href=\"mailto:marko.niemi@unisport.com\">marko.niemi@unisport.com<\/a><\/p><p>Hj\u00e4lptr\u00e4nare \/ Apuvalmentaja<br \/><strong>Stefan Lindroos<br \/><\/strong>040 508 3020<\/p><p>Lagledare \/ Joukkueenjohtaja<br \/><strong>Tom Blomfeldt<br \/><\/strong>050 384 2395<\/p><p>GM<br \/><strong>Ron Liljendal<\/strong><br \/>040 738 5599<br \/><a href=\"mailto:ron.liljendal@akilles.fi\">ron.liljendal@akilles.fi<\/a><\/p><p>Materialansvarig \/ Materiaalivastaava<br \/><strong>Matti Narinen<\/strong><br \/>040 572 2434<\/p>\t\t\t\t\t\t\t\t<\/div>\n\t\t\t\t<\/div>\n\t\t\t\t\t<\/div>\n\t\t<\/div>\n\t\t\t\t<div class=\"elementor-column elementor-col-33 elementor-top-column elementor-element elementor-element-62a95a3f\" data-id=\"62a95a3f\" data-element_type=\"column\">\n\t\t\t<div class=\"elementor-widget-wrap elementor-element-populated\">\n\t\t\t\t\t\t<div class=\"elementor-element elementor-element-7fb944a1 elementor-widget elementor-widget-heading\" data-id=\"7fb944a1\" data-element_type=\"widget\" data-widget_type=\"heading.default\">\n\t\t\t\t<div class=\"elementor-widget-container\">\n\t\t\t\t\t<h5 class=\"elementor-heading-title elementor-size-medium\">Serietabell \/ Sarjataulukko<\/h5>\t\t\t\t<\/div>\n\t\t\t\t<\/div>\n\t\t\t\t<div class=\"elementor-element elementor-element-cb8c4e3 elementor-widget elementor-widget-html\" data-id=\"cb8c4e3\" data-element_type=\"widget\" data-widget_type=\"html.default\">\n\t\t\t\t<div class=\"elementor-widget-container\">\n\t\t\t\t\t<script src='https:\/\/tulospalvelu.finnhandball.net\/taso\/widget.php?widget=scoretable&competition=hb2025&class=M1D&group=1&key=SKE958NNXJ'><\/script>\t\t\t\t<\/div>\n\t\t\t\t<\/div>\n\t\t\t\t<div class=\"elementor-element elementor-element-2e74de0a elementor-widget elementor-widget-heading\" data-id=\"2e74de0a\" data-element_type=\"widget\" data-widget_type=\"heading.default\">\n\t\t\t\t<div class=\"elementor-widget-container\">\n\t\t\t\t\t<h5 class=\"elementor-heading-title elementor-size-medium\">N\u00e4sta match \/ Seuraava ottelu<\/h5>\t\t\t\t<\/div>\n\t\t\t\t<\/div>\n\t\t\t\t<div class=\"elementor-element elementor-element-24c69bf0 elementor-widget elementor-widget-html\" data-id=\"24c69bf0\" data-element_type=\"widget\" data-widget_type=\"html.default\">\n\t\t\t\t<div class=\"elementor-widget-container\">\n\t\t\t\t\t<script src='https:\/\/tulospalvelu.finnhandball.net\/taso\/widget.php?widget=nextmatch&team=90313&key=SKE958NNXJ'><\/script>\t\t\t\t<\/div>\n\t\t\t\t<\/div>\n\t\t\t\t<div class=\"elementor-element elementor-element-13960c2b elementor-widget elementor-widget-text-editor\" data-id=\"13960c2b\" data-element_type=\"widget\" data-widget_type=\"text-editor.default\">\n\t\t\t\t<div class=\"elementor-widget-container\">\n\t\t\t\t\t\t\t\t\t<h5>Matchprogram \/ Otteluohjelma<\/h5><p><a href=\"https:\/\/tulospalvelu.finnhandball.net\/taso\/joukkue.php?joukkue=90313&amp;turnaus=hb2025&amp;sarja=M1D\">Herrar division I &#8211; Miesten I-divisioona<\/a><\/p>\t\t\t\t\t\t\t\t<\/div>\n\t\t\t\t<\/div>\n\t\t\t\t\t<\/div>\n\t\t<\/div>\n\t\t\t\t<div class=\"elementor-column elementor-col-33 elementor-top-column elementor-element elementor-element-a3eb445\" data-id=\"a3eb445\" data-element_type=\"column\">\n\t\t\t<div class=\"elementor-widget-wrap elementor-element-populated\">\n\t\t\t\t\t\t<div class=\"elementor-element elementor-element-7876e56 elementor-widget elementor-widget-image\" data-id=\"7876e56\" data-element_type=\"widget\" data-widget_type=\"image.default\">\n\t\t\t\t<div class=\"elementor-widget-container\">\n\t\t\t\t\t\t\t\t\t\t\t\t\t\t\t\t<a href=\"http:\/\/www.aktia.fi\">\n\t\t\t\t\t\t\t<img decoding=\"async\" width=\"1024\" height=\"577\" src=\"https:\/\/www.akilles.fi\/handboll\/wp-content\/uploads\/sites\/18\/2021\/10\/Aktia-1024x577.jpg\" class=\"attachment-large size-large wp-image-7833\" alt=\"\" srcset=\"https:\/\/www.akilles.fi\/handboll\/wp-content\/uploads\/sites\/18\/2021\/10\/Aktia-1024x577.jpg 1024w, https:\/\/www.akilles.fi\/handboll\/wp-content\/uploads\/sites\/18\/2021\/10\/Aktia-300x169.jpg 300w, https:\/\/www.akilles.fi\/handboll\/wp-content\/uploads\/sites\/18\/2021\/10\/Aktia-768x432.jpg 768w, https:\/\/www.akilles.fi\/handboll\/wp-content\/uploads\/sites\/18\/2021\/10\/Aktia.jpg 1355w\" sizes=\"(max-width: 1024px) 100vw, 1024px\" \/>\t\t\t\t\t\t\t\t<\/a>\n\t\t\t\t\t\t\t\t\t\t\t\t\t\t\t<\/div>\n\t\t\t\t<\/div>\n\t\t\t\t<div class=\"elementor-element elementor-element-b241e6f elementor-widget elementor-widget-image\" data-id=\"b241e6f\" data-element_type=\"widget\" data-widget_type=\"image.default\">\n\t\t\t\t<div class=\"elementor-widget-container\">\n\t\t\t\t\t\t\t\t\t\t\t\t\t\t\t\t<a href=\"https:\/\/www.k-ruoka.fi\/kauppa\/k-citymarket-porvoo\">\n\t\t\t\t\t\t\t<img decoding=\"async\" width=\"1024\" height=\"724\" src=\"https:\/\/www.akilles.fi\/handboll\/wp-content\/uploads\/sites\/18\/2021\/10\/KCM_logot_Porvoo_CMYK_Red-1-1024x724.jpg\" class=\"attachment-large size-large wp-image-8198\" alt=\"\" srcset=\"https:\/\/www.akilles.fi\/handboll\/wp-content\/uploads\/sites\/18\/2021\/10\/KCM_logot_Porvoo_CMYK_Red-1-1024x724.jpg 1024w, https:\/\/www.akilles.fi\/handboll\/wp-content\/uploads\/sites\/18\/2021\/10\/KCM_logot_Porvoo_CMYK_Red-1-300x212.jpg 300w, https:\/\/www.akilles.fi\/handboll\/wp-content\/uploads\/sites\/18\/2021\/10\/KCM_logot_Porvoo_CMYK_Red-1-768x543.jpg 768w, https:\/\/www.akilles.fi\/handboll\/wp-content\/uploads\/sites\/18\/2021\/10\/KCM_logot_Porvoo_CMYK_Red-1-1536x1086.jpg 1536w, https:\/\/www.akilles.fi\/handboll\/wp-content\/uploads\/sites\/18\/2021\/10\/KCM_logot_Porvoo_CMYK_Red-1-2048x1448.jpg 2048w\" sizes=\"(max-width: 1024px) 100vw, 1024px\" \/>\t\t\t\t\t\t\t\t<\/a>\n\t\t\t\t\t\t\t\t\t\t\t\t\t\t\t<\/div>\n\t\t\t\t<\/div>\n\t\t\t\t<div class=\"elementor-element elementor-element-c75e69e elementor-widget elementor-widget-image\" data-id=\"c75e69e\" data-element_type=\"widget\" data-widget_type=\"image.default\">\n\t\t\t\t<div class=\"elementor-widget-container\">\n\t\t\t\t\t\t\t\t\t\t\t\t\t\t\t\t<a href=\"http:\/\/www.ferroman.com\">\n\t\t\t\t\t\t\t<img loading=\"lazy\" decoding=\"async\" width=\"1024\" height=\"512\" src=\"https:\/\/www.akilles.fi\/handboll\/wp-content\/uploads\/sites\/18\/2024\/10\/Ferroman-white-background-1024x512.png\" class=\"attachment-large size-large wp-image-11743\" alt=\"\" srcset=\"https:\/\/www.akilles.fi\/handboll\/wp-content\/uploads\/sites\/18\/2024\/10\/Ferroman-white-background-1024x512.png 1024w, https:\/\/www.akilles.fi\/handboll\/wp-content\/uploads\/sites\/18\/2024\/10\/Ferroman-white-background-300x150.png 300w, https:\/\/www.akilles.fi\/handboll\/wp-content\/uploads\/sites\/18\/2024\/10\/Ferroman-white-background-768x384.png 768w, https:\/\/www.akilles.fi\/handboll\/wp-content\/uploads\/sites\/18\/2024\/10\/Ferroman-white-background-1536x768.png 1536w, https:\/\/www.akilles.fi\/handboll\/wp-content\/uploads\/sites\/18\/2024\/10\/Ferroman-white-background-2048x1024.png 2048w\" sizes=\"(max-width: 1024px) 100vw, 1024px\" \/>\t\t\t\t\t\t\t\t<\/a>\n\t\t\t\t\t\t\t\t\t\t\t\t\t\t\t<\/div>\n\t\t\t\t<\/div>\n\t\t\t\t<div class=\"elementor-element elementor-element-d7f498f elementor-widget elementor-widget-image\" data-id=\"d7f498f\" data-element_type=\"widget\" data-widget_type=\"image.default\">\n\t\t\t\t<div class=\"elementor-widget-container\">\n\t\t\t\t\t\t\t\t\t\t\t\t\t\t\t\t<a href=\"https:\/\/www.schetelig.com\/sv\/\">\n\t\t\t\t\t\t\t<img loading=\"lazy\" decoding=\"async\" width=\"1024\" height=\"153\" src=\"https:\/\/www.akilles.fi\/handboll\/wp-content\/uploads\/sites\/18\/2024\/10\/Schetelig-logo-FI-1024x153.jpg\" class=\"attachment-large size-large wp-image-11590\" alt=\"\" srcset=\"https:\/\/www.akilles.fi\/handboll\/wp-content\/uploads\/sites\/18\/2024\/10\/Schetelig-logo-FI-1024x153.jpg 1024w, https:\/\/www.akilles.fi\/handboll\/wp-content\/uploads\/sites\/18\/2024\/10\/Schetelig-logo-FI-300x45.jpg 300w, https:\/\/www.akilles.fi\/handboll\/wp-content\/uploads\/sites\/18\/2024\/10\/Schetelig-logo-FI-768x115.jpg 768w, https:\/\/www.akilles.fi\/handboll\/wp-content\/uploads\/sites\/18\/2024\/10\/Schetelig-logo-FI-1536x230.jpg 1536w, https:\/\/www.akilles.fi\/handboll\/wp-content\/uploads\/sites\/18\/2024\/10\/Schetelig-logo-FI-2048x306.jpg 2048w\" sizes=\"(max-width: 1024px) 100vw, 1024px\" \/>\t\t\t\t\t\t\t\t<\/a>\n\t\t\t\t\t\t\t\t\t\t\t\t\t\t\t<\/div>\n\t\t\t\t<\/div>\n\t\t\t\t<div class=\"elementor-element elementor-element-2891b16 elementor-widget elementor-widget-image\" data-id=\"2891b16\" data-element_type=\"widget\" data-widget_type=\"image.default\">\n\t\t\t\t<div class=\"elementor-widget-container\">\n\t\t\t\t\t\t\t\t\t\t\t\t\t\t\t\t<a href=\"http:\/\/www.supp.fi\">\n\t\t\t\t\t\t\t<img loading=\"lazy\" decoding=\"async\" width=\"168\" height=\"89\" src=\"https:\/\/www.akilles.fi\/handboll\/wp-content\/uploads\/sites\/18\/2023\/12\/Supp-logo.png\" class=\"attachment-large size-large wp-image-10758\" alt=\"\" \/>\t\t\t\t\t\t\t\t<\/a>\n\t\t\t\t\t\t\t\t\t\t\t\t\t\t\t<\/div>\n\t\t\t\t<\/div>\n\t\t\t\t<div class=\"elementor-element elementor-element-62e0fbe elementor-widget elementor-widget-image\" data-id=\"62e0fbe\" data-element_type=\"widget\" data-widget_type=\"image.default\">\n\t\t\t\t<div class=\"elementor-widget-container\">\n\t\t\t\t\t\t\t\t\t\t\t\t\t\t\t\t<a href=\"https:\/\/www.bbl.fi\/\">\n\t\t\t\t\t\t\t<img loading=\"lazy\" decoding=\"async\" width=\"1024\" height=\"153\" src=\"https:\/\/www.akilles.fi\/handboll\/wp-content\/uploads\/sites\/18\/2024\/12\/borgabladet-logo-1024x153.jpg\" class=\"attachment-large size-large wp-image-11980\" alt=\"\" srcset=\"https:\/\/www.akilles.fi\/handboll\/wp-content\/uploads\/sites\/18\/2024\/12\/borgabladet-logo-1024x153.jpg 1024w, https:\/\/www.akilles.fi\/handboll\/wp-content\/uploads\/sites\/18\/2024\/12\/borgabladet-logo-300x45.jpg 300w, https:\/\/www.akilles.fi\/handboll\/wp-content\/uploads\/sites\/18\/2024\/12\/borgabladet-logo-768x115.jpg 768w, https:\/\/www.akilles.fi\/handboll\/wp-content\/uploads\/sites\/18\/2024\/12\/borgabladet-logo.jpg 1498w\" sizes=\"(max-width: 1024px) 100vw, 1024px\" \/>\t\t\t\t\t\t\t\t<\/a>\n\t\t\t\t\t\t\t\t\t\t\t\t\t\t\t<\/div>\n\t\t\t\t<\/div>\n\t\t\t\t\t<\/div>\n\t\t<\/div>\n\t\t\t\t\t<\/div>\n\t\t<\/section>\n\t\t\t\t<section class=\"elementor-section elementor-top-section elementor-element elementor-element-5fd22d1 elementor-section-boxed elementor-section-height-default elementor-section-height-default\" data-id=\"5fd22d1\" data-element_type=\"section\">\n\t\t\t\t\t\t<div class=\"elementor-container elementor-column-gap-default\">\n\t\t\t\t\t<div class=\"elementor-column elementor-col-16 elementor-top-column elementor-element elementor-element-aedf82c\" data-id=\"aedf82c\" data-element_type=\"column\">\n\t\t\t<div class=\"elementor-widget-wrap\">\n\t\t\t\t\t\t\t<\/div>\n\t\t<\/div>\n\t\t\t\t<div class=\"elementor-column elementor-col-16 elementor-top-column elementor-element elementor-element-e1ebc53\" data-id=\"e1ebc53\" data-element_type=\"column\">\n\t\t\t<div class=\"elementor-widget-wrap\">\n\t\t\t\t\t\t\t<\/div>\n\t\t<\/div>\n\t\t\t\t<div class=\"elementor-column elementor-col-16 elementor-top-column elementor-element elementor-element-938823b\" data-id=\"938823b\" data-element_type=\"column\">\n\t\t\t<div class=\"elementor-widget-wrap\">\n\t\t\t\t\t\t\t<\/div>\n\t\t<\/div>\n\t\t\t\t<div class=\"elementor-column elementor-col-16 elementor-top-column elementor-element elementor-element-f998d4d\" data-id=\"f998d4d\" data-element_type=\"column\">\n\t\t\t<div class=\"elementor-widget-wrap\">\n\t\t\t\t\t\t\t<\/div>\n\t\t<\/div>\n\t\t\t\t<div class=\"elementor-column elementor-col-16 elementor-top-column elementor-element elementor-element-8941a8d\" data-id=\"8941a8d\" data-element_type=\"column\">\n\t\t\t<div class=\"elementor-widget-wrap\">\n\t\t\t\t\t\t\t<\/div>\n\t\t<\/div>\n\t\t\t\t<div class=\"elementor-column elementor-col-16 elementor-top-column elementor-element elementor-element-0467465\" data-id=\"0467465\" data-element_type=\"column\">\n\t\t\t<div class=\"elementor-widget-wrap\">\n\t\t\t\t\t\t\t<\/div>\n\t\t<\/div>\n\t\t\t\t\t<\/div>\n\t\t<\/section>\n\t\t\t\t<\/div>\n\t\t","protected":false},"excerpt":{"rendered":"<p>Spelare \/ Pelaajat \u00a0 3. Simon Blomfeldt\u00a0 8. Linus Schmidt14. Emil Andersson17. Otto Lukkari21. Tom Mannonen22. Isac H\u00f6ysti23. Oliver Nylander26. Julius Karlsson29. Anton Frejborg32. Tobias Blomfeldt33. Anton Westerlund47. Christian Lindblad55. Henry Kellgren63. Alvar Andersson77. Kevin Backman91. Henri Storsj\u00f6 Kontaktuppgifter \/ Yhteystiedot Huvudtr\u00e4nare \/ P\u00e4\u00e4valmentajaMarko Niemi040 084 8381marko.niemi@unisport.com Hj\u00e4lptr\u00e4nare \/ ApuvalmentajaStefan Lindroos040 508 3020 Lagledare \/ [&hellip;]<\/p>\n","protected":false},"author":4,"featured_media":0,"parent":0,"menu_order":0,"comment_status":"closed","ping_status":"closed","template":"","meta":{"_crdt_document":"","footnotes":""},"class_list":["post-514","page","type-page","status-publish","hentry"],"yoast_head":"<!-- This site is optimized with the Yoast SEO plugin v27.4 - https:\/\/yoast.com\/product\/yoast-seo-wordpress\/ -->\n<title>Herrar - Miehet - Handboll - K\u00e4sipallo<\/title>\n<meta name=\"robots\" content=\"index, follow, max-snippet:-1, max-image-preview:large, max-video-preview:-1\" \/>\n<link rel=\"canonical\" href=\"https:\/\/www.akilles.fi\/handboll\/herrar-miehet\/\" \/>\n<meta property=\"og:locale\" content=\"sv_SE\" \/>\n<meta property=\"og:type\" content=\"article\" \/>\n<meta property=\"og:title\" content=\"Herrar - Miehet - Handboll - K\u00e4sipallo\" \/>\n<meta property=\"og:description\" content=\"Spelare \/ Pelaajat \u00a0 3. Simon Blomfeldt\u00a0 8. Linus Schmidt14. Emil Andersson17. Otto Lukkari21. Tom Mannonen22. Isac H\u00f6ysti23. Oliver Nylander26. Julius Karlsson29. Anton Frejborg32. Tobias Blomfeldt33. Anton Westerlund47. Christian Lindblad55. Henry Kellgren63. Alvar Andersson77. Kevin Backman91. Henri Storsj\u00f6 Kontaktuppgifter \/ Yhteystiedot Huvudtr\u00e4nare \/ P\u00e4\u00e4valmentajaMarko Niemi040 084 8381marko.niemi@unisport.com Hj\u00e4lptr\u00e4nare \/ ApuvalmentajaStefan Lindroos040 508 3020 Lagledare \/ [&hellip;]\" \/>\n<meta property=\"og:url\" content=\"https:\/\/www.akilles.fi\/handboll\/herrar-miehet\/\" \/>\n<meta property=\"og:site_name\" content=\"Handboll - K\u00e4sipallo\" \/>\n<meta property=\"article:modified_time\" content=\"2025-10-09T16:41:54+00:00\" \/>\n<meta property=\"og:image\" content=\"https:\/\/www.akilles.fi\/handboll\/wp-content\/uploads\/sites\/18\/2025\/10\/Miehet_1_div_3476.jpg\" \/>\n\t<meta property=\"og:image:width\" content=\"2560\" \/>\n\t<meta property=\"og:image:height\" content=\"1638\" \/>\n\t<meta property=\"og:image:type\" content=\"image\/jpeg\" \/>\n<meta name=\"twitter:card\" content=\"summary_large_image\" \/>\n<meta name=\"twitter:label1\" content=\"Ber\u00e4knad l\u00e4stid\" \/>\n\t<meta name=\"twitter:data1\" content=\"2 minuter\" \/>\n<script type=\"application\/ld+json\" class=\"yoast-schema-graph\">{\"@context\":\"https:\\\/\\\/schema.org\",\"@graph\":[{\"@type\":\"WebPage\",\"@id\":\"https:\\\/\\\/www.akilles.fi\\\/handboll\\\/herrar-miehet\\\/\",\"url\":\"https:\\\/\\\/www.akilles.fi\\\/handboll\\\/herrar-miehet\\\/\",\"name\":\"Herrar - Miehet - Handboll - K\u00e4sipallo\",\"isPartOf\":{\"@id\":\"https:\\\/\\\/www.akilles.fi\\\/handboll\\\/#website\"},\"primaryImageOfPage\":{\"@id\":\"https:\\\/\\\/www.akilles.fi\\\/handboll\\\/herrar-miehet\\\/#primaryimage\"},\"image\":{\"@id\":\"https:\\\/\\\/www.akilles.fi\\\/handboll\\\/herrar-miehet\\\/#primaryimage\"},\"thumbnailUrl\":\"http:\\\/\\\/www.akilles.fi\\\/handboll\\\/wp-content\\\/uploads\\\/sites\\\/18\\\/2025\\\/10\\\/Miehet_1_div_3476.jpg\",\"datePublished\":\"2019-02-10T13:34:50+00:00\",\"dateModified\":\"2025-10-09T16:41:54+00:00\",\"breadcrumb\":{\"@id\":\"https:\\\/\\\/www.akilles.fi\\\/handboll\\\/herrar-miehet\\\/#breadcrumb\"},\"inLanguage\":\"sv-SE\",\"potentialAction\":[{\"@type\":\"ReadAction\",\"target\":[\"https:\\\/\\\/www.akilles.fi\\\/handboll\\\/herrar-miehet\\\/\"]}]},{\"@type\":\"ImageObject\",\"inLanguage\":\"sv-SE\",\"@id\":\"https:\\\/\\\/www.akilles.fi\\\/handboll\\\/herrar-miehet\\\/#primaryimage\",\"url\":\"https:\\\/\\\/www.akilles.fi\\\/handboll\\\/wp-content\\\/uploads\\\/sites\\\/18\\\/2025\\\/10\\\/Miehet_1_div_3476.jpg\",\"contentUrl\":\"https:\\\/\\\/www.akilles.fi\\\/handboll\\\/wp-content\\\/uploads\\\/sites\\\/18\\\/2025\\\/10\\\/Miehet_1_div_3476.jpg\",\"width\":2560,\"height\":1638},{\"@type\":\"BreadcrumbList\",\"@id\":\"https:\\\/\\\/www.akilles.fi\\\/handboll\\\/herrar-miehet\\\/#breadcrumb\",\"itemListElement\":[{\"@type\":\"ListItem\",\"position\":1,\"name\":\"Home\",\"item\":\"https:\\\/\\\/www.akilles.fi\\\/handboll\\\/\"},{\"@type\":\"ListItem\",\"position\":2,\"name\":\"Herrar &#8211; Miehet\"}]},{\"@type\":\"WebSite\",\"@id\":\"https:\\\/\\\/www.akilles.fi\\\/handboll\\\/#website\",\"url\":\"https:\\\/\\\/www.akilles.fi\\\/handboll\\\/\",\"name\":\"Handboll - K\u00e4sipallo\",\"description\":\"Borg\u00e5 Akilles Handboll - Porvoon Akilles K\u00e4sipallo\",\"potentialAction\":[{\"@type\":\"SearchAction\",\"target\":{\"@type\":\"EntryPoint\",\"urlTemplate\":\"https:\\\/\\\/www.akilles.fi\\\/handboll\\\/?s={search_term_string}\"},\"query-input\":{\"@type\":\"PropertyValueSpecification\",\"valueRequired\":true,\"valueName\":\"search_term_string\"}}],\"inLanguage\":\"sv-SE\"}]}<\/script>\n<!-- \/ Yoast SEO plugin. -->","yoast_head_json":{"title":"Herrar - Miehet - Handboll - K\u00e4sipallo","robots":{"index":"index","follow":"follow","max-snippet":"max-snippet:-1","max-image-preview":"max-image-preview:large","max-video-preview":"max-video-preview:-1"},"canonical":"https:\/\/www.akilles.fi\/handboll\/herrar-miehet\/","og_locale":"sv_SE","og_type":"article","og_title":"Herrar - Miehet - Handboll - K\u00e4sipallo","og_description":"Spelare \/ Pelaajat \u00a0 3. Simon Blomfeldt\u00a0 8. Linus Schmidt14. Emil Andersson17. Otto Lukkari21. Tom Mannonen22. Isac H\u00f6ysti23. Oliver Nylander26. Julius Karlsson29. Anton Frejborg32. Tobias Blomfeldt33. Anton Westerlund47. Christian Lindblad55. Henry Kellgren63. Alvar Andersson77. Kevin Backman91. Henri Storsj\u00f6 Kontaktuppgifter \/ Yhteystiedot Huvudtr\u00e4nare \/ P\u00e4\u00e4valmentajaMarko Niemi040 084 8381marko.niemi@unisport.com Hj\u00e4lptr\u00e4nare \/ ApuvalmentajaStefan Lindroos040 508 3020 Lagledare \/ [&hellip;]","og_url":"https:\/\/www.akilles.fi\/handboll\/herrar-miehet\/","og_site_name":"Handboll - K\u00e4sipallo","article_modified_time":"2025-10-09T16:41:54+00:00","og_image":[{"width":2560,"height":1638,"url":"https:\/\/www.akilles.fi\/handboll\/wp-content\/uploads\/sites\/18\/2025\/10\/Miehet_1_div_3476.jpg","type":"image\/jpeg"}],"twitter_card":"summary_large_image","twitter_misc":{"Ber\u00e4knad l\u00e4stid":"2 minuter"},"schema":{"@context":"https:\/\/schema.org","@graph":[{"@type":"WebPage","@id":"https:\/\/www.akilles.fi\/handboll\/herrar-miehet\/","url":"https:\/\/www.akilles.fi\/handboll\/herrar-miehet\/","name":"Herrar - Miehet - Handboll - K\u00e4sipallo","isPartOf":{"@id":"https:\/\/www.akilles.fi\/handboll\/#website"},"primaryImageOfPage":{"@id":"https:\/\/www.akilles.fi\/handboll\/herrar-miehet\/#primaryimage"},"image":{"@id":"https:\/\/www.akilles.fi\/handboll\/herrar-miehet\/#primaryimage"},"thumbnailUrl":"http:\/\/www.akilles.fi\/handboll\/wp-content\/uploads\/sites\/18\/2025\/10\/Miehet_1_div_3476.jpg","datePublished":"2019-02-10T13:34:50+00:00","dateModified":"2025-10-09T16:41:54+00:00","breadcrumb":{"@id":"https:\/\/www.akilles.fi\/handboll\/herrar-miehet\/#breadcrumb"},"inLanguage":"sv-SE","potentialAction":[{"@type":"ReadAction","target":["https:\/\/www.akilles.fi\/handboll\/herrar-miehet\/"]}]},{"@type":"ImageObject","inLanguage":"sv-SE","@id":"https:\/\/www.akilles.fi\/handboll\/herrar-miehet\/#primaryimage","url":"https:\/\/www.akilles.fi\/handboll\/wp-content\/uploads\/sites\/18\/2025\/10\/Miehet_1_div_3476.jpg","contentUrl":"https:\/\/www.akilles.fi\/handboll\/wp-content\/uploads\/sites\/18\/2025\/10\/Miehet_1_div_3476.jpg","width":2560,"height":1638},{"@type":"BreadcrumbList","@id":"https:\/\/www.akilles.fi\/handboll\/herrar-miehet\/#breadcrumb","itemListElement":[{"@type":"ListItem","position":1,"name":"Home","item":"https:\/\/www.akilles.fi\/handboll\/"},{"@type":"ListItem","position":2,"name":"Herrar &#8211; Miehet"}]},{"@type":"WebSite","@id":"https:\/\/www.akilles.fi\/handboll\/#website","url":"https:\/\/www.akilles.fi\/handboll\/","name":"Handboll - K\u00e4sipallo","description":"Borg\u00e5 Akilles Handboll - Porvoon Akilles K\u00e4sipallo","potentialAction":[{"@type":"SearchAction","target":{"@type":"EntryPoint","urlTemplate":"https:\/\/www.akilles.fi\/handboll\/?s={search_term_string}"},"query-input":{"@type":"PropertyValueSpecification","valueRequired":true,"valueName":"search_term_string"}}],"inLanguage":"sv-SE"}]}},"_links":{"self":[{"href":"https:\/\/www.akilles.fi\/handboll\/wp-json\/wp\/v2\/pages\/514","targetHints":{"allow":["GET"]}}],"collection":[{"href":"https:\/\/www.akilles.fi\/handboll\/wp-json\/wp\/v2\/pages"}],"about":[{"href":"https:\/\/www.akilles.fi\/handboll\/wp-json\/wp\/v2\/types\/page"}],"author":[{"embeddable":true,"href":"https:\/\/www.akilles.fi\/handboll\/wp-json\/wp\/v2\/users\/4"}],"replies":[{"embeddable":true,"href":"https:\/\/www.akilles.fi\/handboll\/wp-json\/wp\/v2\/comments?post=514"}],"version-history":[{"count":195,"href":"https:\/\/www.akilles.fi\/handboll\/wp-json\/wp\/v2\/pages\/514\/revisions"}],"predecessor-version":[{"id":12799,"href":"https:\/\/www.akilles.fi\/handboll\/wp-json\/wp\/v2\/pages\/514\/revisions\/12799"}],"wp:attachment":[{"href":"https:\/\/www.akilles.fi\/handboll\/wp-json\/wp\/v2\/media?parent=514"}],"curies":[{"name":"wp","href":"https:\/\/api.w.org\/{rel}","templated":true}]}}