{"id":517,"date":"2019-02-10T13:35:24","date_gmt":"2019-02-10T13:35:24","guid":{"rendered":"http:\/\/94.237.33.215\/~akilles\/nyasida\/handboll\/?page_id=517"},"modified":"2025-10-28T09:17:51","modified_gmt":"2025-10-28T09:17:51","slug":"damer-naiset","status":"publish","type":"page","link":"https:\/\/www.akilles.fi\/handboll\/damer-naiset\/","title":{"rendered":"Damer &#8211; Naiset"},"content":{"rendered":"\t\t<div data-elementor-type=\"wp-post\" data-elementor-id=\"517\" class=\"elementor elementor-517\" data-elementor-post-type=\"page\">\n\t\t\t\t\t\t<section class=\"elementor-section elementor-top-section elementor-element elementor-element-82589c1 elementor-section-boxed elementor-section-height-default elementor-section-height-default\" data-id=\"82589c1\" data-element_type=\"section\">\n\t\t\t\t\t\t<div class=\"elementor-container elementor-column-gap-default\">\n\t\t\t\t\t<div class=\"elementor-column elementor-col-33 elementor-top-column elementor-element elementor-element-b8a3412\" data-id=\"b8a3412\" data-element_type=\"column\">\n\t\t\t<div class=\"elementor-widget-wrap elementor-element-populated\">\n\t\t\t\t\t\t<div class=\"elementor-element elementor-element-71f617c elementor-widget elementor-widget-image\" data-id=\"71f617c\" data-element_type=\"widget\" data-widget_type=\"image.default\">\n\t\t\t\t<div class=\"elementor-widget-container\">\n\t\t\t\t\t\t\t\t\t\t\t\t<figure class=\"wp-caption\">\n\t\t\t\t\t\t\t\t\t\t<img fetchpriority=\"high\" decoding=\"async\" width=\"768\" height=\"491\" src=\"https:\/\/www.akilles.fi\/handboll\/wp-content\/uploads\/sites\/18\/2025\/10\/Naiset_1_div_8037-768x491.jpg\" class=\"attachment-medium_large size-medium_large wp-image-12800\" alt=\"\" srcset=\"https:\/\/www.akilles.fi\/handboll\/wp-content\/uploads\/sites\/18\/2025\/10\/Naiset_1_div_8037-768x491.jpg 768w, https:\/\/www.akilles.fi\/handboll\/wp-content\/uploads\/sites\/18\/2025\/10\/Naiset_1_div_8037-300x192.jpg 300w, https:\/\/www.akilles.fi\/handboll\/wp-content\/uploads\/sites\/18\/2025\/10\/Naiset_1_div_8037-1024x655.jpg 1024w, https:\/\/www.akilles.fi\/handboll\/wp-content\/uploads\/sites\/18\/2025\/10\/Naiset_1_div_8037-1536x983.jpg 1536w, https:\/\/www.akilles.fi\/handboll\/wp-content\/uploads\/sites\/18\/2025\/10\/Naiset_1_div_8037-2048x1310.jpg 2048w, https:\/\/www.akilles.fi\/handboll\/wp-content\/uploads\/sites\/18\/2025\/10\/Naiset_1_div_8037-280x180.jpg 280w\" sizes=\"(max-width: 768px) 100vw, 768px\" \/>\t\t\t\t\t\t\t\t\t\t\t<figcaption class=\"widget-image-caption wp-caption-text\"><\/figcaption>\n\t\t\t\t\t\t\t\t\t\t<\/figure>\n\t\t\t\t\t\t\t\t\t<\/div>\n\t\t\t\t<\/div>\n\t\t\t\t<div class=\"elementor-element elementor-element-6758b5e elementor-shape-rounded elementor-grid-0 e-grid-align-center elementor-widget elementor-widget-social-icons\" data-id=\"6758b5e\" data-element_type=\"widget\" data-widget_type=\"social-icons.default\">\n\t\t\t\t<div class=\"elementor-widget-container\">\n\t\t\t\t\t\t\t<div class=\"elementor-social-icons-wrapper elementor-grid\" role=\"list\">\n\t\t\t\t\t\t\t<span class=\"elementor-grid-item\" role=\"listitem\">\n\t\t\t\t\t<a class=\"elementor-icon elementor-social-icon elementor-social-icon-facebook elementor-repeater-item-7e67db0\" target=\"_blank\">\n\t\t\t\t\t\t<span class=\"elementor-screen-only\">Facebook<\/span>\n\t\t\t\t\t\t<i aria-hidden=\"true\" class=\"fab fa-facebook\"><\/i>\t\t\t\t\t<\/a>\n\t\t\t\t<\/span>\n\t\t\t\t\t\t\t<span class=\"elementor-grid-item\" role=\"listitem\">\n\t\t\t\t\t<a class=\"elementor-icon elementor-social-icon elementor-social-icon-instagram elementor-repeater-item-b9ee688\" href=\"https:\/\/www.instagram.com\/akillesdamer\/\" target=\"_blank\">\n\t\t\t\t\t\t<span class=\"elementor-screen-only\">Instagram<\/span>\n\t\t\t\t\t\t<i aria-hidden=\"true\" class=\"fab fa-instagram\"><\/i>\t\t\t\t\t<\/a>\n\t\t\t\t<\/span>\n\t\t\t\t\t\t\t<span class=\"elementor-grid-item\" role=\"listitem\">\n\t\t\t\t\t<a class=\"elementor-icon elementor-social-icon elementor-social-icon-link elementor-repeater-item-5f1da31\" href=\"https:\/\/solidsport.com\/akillesdamer\" target=\"_blank\">\n\t\t\t\t\t\t<span class=\"elementor-screen-only\">Link<\/span>\n\t\t\t\t\t\t<i aria-hidden=\"true\" class=\"fas fa-link\"><\/i>\t\t\t\t\t<\/a>\n\t\t\t\t<\/span>\n\t\t\t\t\t<\/div>\n\t\t\t\t\t\t<\/div>\n\t\t\t\t<\/div>\n\t\t\t\t<div class=\"elementor-element elementor-element-f169a79 elementor-widget elementor-widget-text-editor\" data-id=\"f169a79\" data-element_type=\"widget\" data-widget_type=\"text-editor.default\">\n\t\t\t\t<div class=\"elementor-widget-container\">\n\t\t\t\t\t\t\t\t\t<h4><strong>SPELARE \/ PELAAJAT<\/strong><\/h4><p>\u00a0 1 Alina Gr\u00f6nqvist<br \/>\u00a0 3 Elin Malm<br \/>\u00a0 4 Heidi Gr\u00f6nqvist\u00a0<br \/>\u00a0 5 Isabelle Backman<br \/>\u00a0 6 Amanda Kneck<br \/>\u00a0 7 Elin Kneck<br \/>\u00a0 9 Lina Tolvanen\u00a0\u00a0<br \/>10 Jennifer Smeds<br \/>11 Erin Liljendal<br \/>12 Emilia Liljendal<br \/>14 Freja Johansson<br \/>16 Beatriz Backman<br \/>17 Micaela Rosenberg<br \/>19 Leonie Laukkanen<br \/>23 Maya Celvin<br \/>27 Molly B\u00e4ck<br \/>29 Julia Frejborg<br \/>35 Olivia Palm\u00e9n<br \/>36 Heidi Kuhlberg<br \/>43 Nellie Lindstr\u00f6m<br \/>44 Matilda Cordeiro<br \/>48 Malena Gr\u00f6ndahl<br \/><br \/><\/p><h4 data-fontsize=\"18\" data-lineheight=\"23\">KONTAKTUPPGIFTER \/ YHTEYSTIEDOT<\/h4><p>P\u00e4\u00e4valmentaja \/ Huvudtr\u00e4nare<br \/><strong>Petri Lindfors<br \/><\/strong>040-7566611<br \/><a href=\"mailto:petri.lindfors@akilles.fi\">petri.lindfors@akilles.fi<\/a><\/p><p>M\u00e5lvaktstr\u00e4nare \/ Maalivahtivalmentaja<br \/><strong>Sabina Hildebrand<\/strong><\/p><p>Lagledare \/ Joukkueenjohtaja<br \/><strong>Maria Palm\u00e9n<br \/><\/strong>050-3610316<br \/><a href=\"mailto:maria.palmen@akilles.fi\" target=\"_blank\" rel=\"noopener\">maria.palmen@akilles.fi<\/a><strong><br \/><\/strong><\/p><p>Lagledare\/ \/ Joukkueenjohtaja<br \/><strong>Petra Backman<\/strong><\/p><p>GM<br \/><strong>Johan H\u00f6ysti<\/strong><br \/>040-0912005<br \/><a href=\"mailto:johan.hoysti@akilles.fi\">johan.hoysti@akilles.fi<\/a><\/p>\t\t\t\t\t\t\t\t<\/div>\n\t\t\t\t<\/div>\n\t\t\t\t<div class=\"elementor-element elementor-element-778507e elementor-widget elementor-widget-spacer\" data-id=\"778507e\" data-element_type=\"widget\" data-widget_type=\"spacer.default\">\n\t\t\t\t<div class=\"elementor-widget-container\">\n\t\t\t\t\t\t\t<div class=\"elementor-spacer\">\n\t\t\t<div class=\"elementor-spacer-inner\"><\/div>\n\t\t<\/div>\n\t\t\t\t\t\t<\/div>\n\t\t\t\t<\/div>\n\t\t\t\t\t<\/div>\n\t\t<\/div>\n\t\t\t\t<div class=\"elementor-column elementor-col-33 elementor-top-column elementor-element elementor-element-2796439\" data-id=\"2796439\" data-element_type=\"column\">\n\t\t\t<div class=\"elementor-widget-wrap elementor-element-populated\">\n\t\t\t\t\t\t<div class=\"elementor-element elementor-element-11a8b90 elementor-widget elementor-widget-heading\" data-id=\"11a8b90\" data-element_type=\"widget\" data-widget_type=\"heading.default\">\n\t\t\t\t<div class=\"elementor-widget-container\">\n\t\t\t\t\t<h5 class=\"elementor-heading-title elementor-size-medium\">Serietabell \/ Sarjataulukko<\/h5>\t\t\t\t<\/div>\n\t\t\t\t<\/div>\n\t\t\t\t<div class=\"elementor-element elementor-element-c9f7250 elementor-widget elementor-widget-heading\" data-id=\"c9f7250\" data-element_type=\"widget\" data-widget_type=\"heading.default\">\n\t\t\t\t<div class=\"elementor-widget-container\">\n\t\t\t\t\t<h5 class=\"elementor-heading-title elementor-size-medium\">N\u00e4sta match \/ Seuraava ottelu<\/h5>\t\t\t\t<\/div>\n\t\t\t\t<\/div>\n\t\t\t\t<div class=\"elementor-element elementor-element-02fe49b elementor-widget elementor-widget-html\" data-id=\"02fe49b\" data-element_type=\"widget\" data-widget_type=\"html.default\">\n\t\t\t\t<div class=\"elementor-widget-container\">\n\t\t\t\t\t<script src='https:\/\/tulospalvelu.finnhandball.net\/taso\/widget.php?widget=nextmatch&team=104095&key=X6H9JVD5GG'><\/script>\t\t\t\t<\/div>\n\t\t\t\t<\/div>\n\t\t\t\t<div class=\"elementor-element elementor-element-9e9a858 elementor-widget elementor-widget-text-editor\" data-id=\"9e9a858\" data-element_type=\"widget\" data-widget_type=\"text-editor.default\">\n\t\t\t\t<div class=\"elementor-widget-container\">\n\t\t\t\t\t\t\t\t\t<h5>Matchprogram \/ Otteluohjelma<\/h5><p><a href=\"https:\/\/tulospalvelu.finnhandball.net\/taso\/joukkue.php?joukkue=104095&amp;turnaus=hb2025&amp;sarja=N1D\">Damernas division I &#8211; Naisten I-divisioona<\/a><\/p>\t\t\t\t\t\t\t\t<\/div>\n\t\t\t\t<\/div>\n\t\t\t\t\t<\/div>\n\t\t<\/div>\n\t\t\t\t<div class=\"elementor-column elementor-col-33 elementor-top-column elementor-element elementor-element-5b1237f\" data-id=\"5b1237f\" data-element_type=\"column\">\n\t\t\t<div class=\"elementor-widget-wrap\">\n\t\t\t\t\t\t\t<\/div>\n\t\t<\/div>\n\t\t\t\t\t<\/div>\n\t\t<\/section>\n\t\t\t\t<\/div>\n\t\t","protected":false},"excerpt":{"rendered":"<p>Facebook Instagram Link SPELARE \/ PELAAJAT \u00a0 1 Alina Gr\u00f6nqvist\u00a0 3 Elin Malm\u00a0 4 Heidi Gr\u00f6nqvist\u00a0\u00a0 5 Isabelle Backman\u00a0 6 Amanda Kneck\u00a0 7 Elin Kneck\u00a0 9 Lina Tolvanen\u00a0\u00a010 Jennifer Smeds11 Erin Liljendal12 Emilia Liljendal14 Freja Johansson16 Beatriz Backman17 Micaela Rosenberg19 Leonie Laukkanen23 Maya Celvin27 Molly B\u00e4ck29 Julia Frejborg35 Olivia Palm\u00e9n36 Heidi Kuhlberg43 Nellie Lindstr\u00f6m44 Matilda [&hellip;]<\/p>\n","protected":false},"author":4,"featured_media":0,"parent":0,"menu_order":0,"comment_status":"closed","ping_status":"closed","template":"","meta":{"_crdt_document":"","footnotes":""},"class_list":["post-517","page","type-page","status-publish","hentry"],"yoast_head":"<!-- This site is optimized with the Yoast SEO plugin v27.4 - https:\/\/yoast.com\/product\/yoast-seo-wordpress\/ -->\n<title>Damer - Naiset - Handboll - K\u00e4sipallo<\/title>\n<meta name=\"description\" content=\"Akilles Damer spelar i division 1 s\u00e4songen 2020-2021. Akilleksen naiset pelaavat kaudella 2020-2021 1. divisioonassa.\" \/>\n<meta name=\"robots\" content=\"index, follow, max-snippet:-1, max-image-preview:large, max-video-preview:-1\" \/>\n<link rel=\"canonical\" href=\"https:\/\/www.akilles.fi\/handboll\/damer-naiset\/\" \/>\n<meta property=\"og:locale\" content=\"sv_SE\" \/>\n<meta property=\"og:type\" content=\"article\" \/>\n<meta property=\"og:title\" content=\"Damer - Naiset - Handboll - K\u00e4sipallo\" \/>\n<meta property=\"og:description\" content=\"Akilles Damer spelar i division 1 s\u00e4songen 2020-2021. Akilleksen naiset pelaavat kaudella 2020-2021 1. divisioonassa.\" \/>\n<meta property=\"og:url\" content=\"https:\/\/www.akilles.fi\/handboll\/damer-naiset\/\" \/>\n<meta property=\"og:site_name\" content=\"Handboll - K\u00e4sipallo\" \/>\n<meta property=\"article:modified_time\" content=\"2025-10-28T09:17:51+00:00\" \/>\n<meta property=\"og:image\" content=\"https:\/\/www.akilles.fi\/handboll\/wp-content\/uploads\/sites\/18\/2025\/10\/Naiset_1_div_8037.jpg\" \/>\n\t<meta property=\"og:image:width\" content=\"2560\" \/>\n\t<meta property=\"og:image:height\" content=\"1638\" \/>\n\t<meta property=\"og:image:type\" content=\"image\/jpeg\" \/>\n<meta name=\"twitter:card\" content=\"summary_large_image\" \/>\n<meta name=\"twitter:label1\" content=\"Ber\u00e4knad l\u00e4stid\" \/>\n\t<meta name=\"twitter:data1\" content=\"1 minut\" \/>\n<script type=\"application\/ld+json\" class=\"yoast-schema-graph\">{\"@context\":\"https:\\\/\\\/schema.org\",\"@graph\":[{\"@type\":\"WebPage\",\"@id\":\"https:\\\/\\\/www.akilles.fi\\\/handboll\\\/damer-naiset\\\/\",\"url\":\"https:\\\/\\\/www.akilles.fi\\\/handboll\\\/damer-naiset\\\/\",\"name\":\"Damer - Naiset - Handboll - K\u00e4sipallo\",\"isPartOf\":{\"@id\":\"https:\\\/\\\/www.akilles.fi\\\/handboll\\\/#website\"},\"primaryImageOfPage\":{\"@id\":\"https:\\\/\\\/www.akilles.fi\\\/handboll\\\/damer-naiset\\\/#primaryimage\"},\"image\":{\"@id\":\"https:\\\/\\\/www.akilles.fi\\\/handboll\\\/damer-naiset\\\/#primaryimage\"},\"thumbnailUrl\":\"http:\\\/\\\/www.akilles.fi\\\/handboll\\\/wp-content\\\/uploads\\\/sites\\\/18\\\/2025\\\/10\\\/Naiset_1_div_8037-768x491.jpg\",\"datePublished\":\"2019-02-10T13:35:24+00:00\",\"dateModified\":\"2025-10-28T09:17:51+00:00\",\"description\":\"Akilles Damer spelar i division 1 s\u00e4songen 2020-2021. Akilleksen naiset pelaavat kaudella 2020-2021 1. divisioonassa.\",\"breadcrumb\":{\"@id\":\"https:\\\/\\\/www.akilles.fi\\\/handboll\\\/damer-naiset\\\/#breadcrumb\"},\"inLanguage\":\"sv-SE\",\"potentialAction\":[{\"@type\":\"ReadAction\",\"target\":[\"https:\\\/\\\/www.akilles.fi\\\/handboll\\\/damer-naiset\\\/\"]}]},{\"@type\":\"ImageObject\",\"inLanguage\":\"sv-SE\",\"@id\":\"https:\\\/\\\/www.akilles.fi\\\/handboll\\\/damer-naiset\\\/#primaryimage\",\"url\":\"https:\\\/\\\/www.akilles.fi\\\/handboll\\\/wp-content\\\/uploads\\\/sites\\\/18\\\/2025\\\/10\\\/Naiset_1_div_8037.jpg\",\"contentUrl\":\"https:\\\/\\\/www.akilles.fi\\\/handboll\\\/wp-content\\\/uploads\\\/sites\\\/18\\\/2025\\\/10\\\/Naiset_1_div_8037.jpg\",\"width\":2560,\"height\":1638},{\"@type\":\"BreadcrumbList\",\"@id\":\"https:\\\/\\\/www.akilles.fi\\\/handboll\\\/damer-naiset\\\/#breadcrumb\",\"itemListElement\":[{\"@type\":\"ListItem\",\"position\":1,\"name\":\"Home\",\"item\":\"https:\\\/\\\/www.akilles.fi\\\/handboll\\\/\"},{\"@type\":\"ListItem\",\"position\":2,\"name\":\"Damer &#8211; Naiset\"}]},{\"@type\":\"WebSite\",\"@id\":\"https:\\\/\\\/www.akilles.fi\\\/handboll\\\/#website\",\"url\":\"https:\\\/\\\/www.akilles.fi\\\/handboll\\\/\",\"name\":\"Handboll - K\u00e4sipallo\",\"description\":\"Borg\u00e5 Akilles Handboll - Porvoon Akilles K\u00e4sipallo\",\"potentialAction\":[{\"@type\":\"SearchAction\",\"target\":{\"@type\":\"EntryPoint\",\"urlTemplate\":\"https:\\\/\\\/www.akilles.fi\\\/handboll\\\/?s={search_term_string}\"},\"query-input\":{\"@type\":\"PropertyValueSpecification\",\"valueRequired\":true,\"valueName\":\"search_term_string\"}}],\"inLanguage\":\"sv-SE\"}]}<\/script>\n<!-- \/ Yoast SEO plugin. -->","yoast_head_json":{"title":"Damer - Naiset - Handboll - K\u00e4sipallo","description":"Akilles Damer spelar i division 1 s\u00e4songen 2020-2021. Akilleksen naiset pelaavat kaudella 2020-2021 1. divisioonassa.","robots":{"index":"index","follow":"follow","max-snippet":"max-snippet:-1","max-image-preview":"max-image-preview:large","max-video-preview":"max-video-preview:-1"},"canonical":"https:\/\/www.akilles.fi\/handboll\/damer-naiset\/","og_locale":"sv_SE","og_type":"article","og_title":"Damer - Naiset - Handboll - K\u00e4sipallo","og_description":"Akilles Damer spelar i division 1 s\u00e4songen 2020-2021. Akilleksen naiset pelaavat kaudella 2020-2021 1. divisioonassa.","og_url":"https:\/\/www.akilles.fi\/handboll\/damer-naiset\/","og_site_name":"Handboll - K\u00e4sipallo","article_modified_time":"2025-10-28T09:17:51+00:00","og_image":[{"width":2560,"height":1638,"url":"https:\/\/www.akilles.fi\/handboll\/wp-content\/uploads\/sites\/18\/2025\/10\/Naiset_1_div_8037.jpg","type":"image\/jpeg"}],"twitter_card":"summary_large_image","twitter_misc":{"Ber\u00e4knad l\u00e4stid":"1 minut"},"schema":{"@context":"https:\/\/schema.org","@graph":[{"@type":"WebPage","@id":"https:\/\/www.akilles.fi\/handboll\/damer-naiset\/","url":"https:\/\/www.akilles.fi\/handboll\/damer-naiset\/","name":"Damer - Naiset - Handboll - K\u00e4sipallo","isPartOf":{"@id":"https:\/\/www.akilles.fi\/handboll\/#website"},"primaryImageOfPage":{"@id":"https:\/\/www.akilles.fi\/handboll\/damer-naiset\/#primaryimage"},"image":{"@id":"https:\/\/www.akilles.fi\/handboll\/damer-naiset\/#primaryimage"},"thumbnailUrl":"http:\/\/www.akilles.fi\/handboll\/wp-content\/uploads\/sites\/18\/2025\/10\/Naiset_1_div_8037-768x491.jpg","datePublished":"2019-02-10T13:35:24+00:00","dateModified":"2025-10-28T09:17:51+00:00","description":"Akilles Damer spelar i division 1 s\u00e4songen 2020-2021. Akilleksen naiset pelaavat kaudella 2020-2021 1. divisioonassa.","breadcrumb":{"@id":"https:\/\/www.akilles.fi\/handboll\/damer-naiset\/#breadcrumb"},"inLanguage":"sv-SE","potentialAction":[{"@type":"ReadAction","target":["https:\/\/www.akilles.fi\/handboll\/damer-naiset\/"]}]},{"@type":"ImageObject","inLanguage":"sv-SE","@id":"https:\/\/www.akilles.fi\/handboll\/damer-naiset\/#primaryimage","url":"https:\/\/www.akilles.fi\/handboll\/wp-content\/uploads\/sites\/18\/2025\/10\/Naiset_1_div_8037.jpg","contentUrl":"https:\/\/www.akilles.fi\/handboll\/wp-content\/uploads\/sites\/18\/2025\/10\/Naiset_1_div_8037.jpg","width":2560,"height":1638},{"@type":"BreadcrumbList","@id":"https:\/\/www.akilles.fi\/handboll\/damer-naiset\/#breadcrumb","itemListElement":[{"@type":"ListItem","position":1,"name":"Home","item":"https:\/\/www.akilles.fi\/handboll\/"},{"@type":"ListItem","position":2,"name":"Damer &#8211; Naiset"}]},{"@type":"WebSite","@id":"https:\/\/www.akilles.fi\/handboll\/#website","url":"https:\/\/www.akilles.fi\/handboll\/","name":"Handboll - K\u00e4sipallo","description":"Borg\u00e5 Akilles Handboll - Porvoon Akilles K\u00e4sipallo","potentialAction":[{"@type":"SearchAction","target":{"@type":"EntryPoint","urlTemplate":"https:\/\/www.akilles.fi\/handboll\/?s={search_term_string}"},"query-input":{"@type":"PropertyValueSpecification","valueRequired":true,"valueName":"search_term_string"}}],"inLanguage":"sv-SE"}]}},"_links":{"self":[{"href":"https:\/\/www.akilles.fi\/handboll\/wp-json\/wp\/v2\/pages\/517","targetHints":{"allow":["GET"]}}],"collection":[{"href":"https:\/\/www.akilles.fi\/handboll\/wp-json\/wp\/v2\/pages"}],"about":[{"href":"https:\/\/www.akilles.fi\/handboll\/wp-json\/wp\/v2\/types\/page"}],"author":[{"embeddable":true,"href":"https:\/\/www.akilles.fi\/handboll\/wp-json\/wp\/v2\/users\/4"}],"replies":[{"embeddable":true,"href":"https:\/\/www.akilles.fi\/handboll\/wp-json\/wp\/v2\/comments?post=517"}],"version-history":[{"count":232,"href":"https:\/\/www.akilles.fi\/handboll\/wp-json\/wp\/v2\/pages\/517\/revisions"}],"predecessor-version":[{"id":12944,"href":"https:\/\/www.akilles.fi\/handboll\/wp-json\/wp\/v2\/pages\/517\/revisions\/12944"}],"wp:attachment":[{"href":"https:\/\/www.akilles.fi\/handboll\/wp-json\/wp\/v2\/media?parent=517"}],"curies":[{"name":"wp","href":"https:\/\/api.w.org\/{rel}","templated":true}]}}