{"id":542,"date":"2019-02-10T13:57:58","date_gmt":"2019-02-10T13:57:58","guid":{"rendered":"http:\/\/94.237.33.215\/~akilles\/nyasida\/handboll\/?page_id=542"},"modified":"2025-08-14T10:47:28","modified_gmt":"2025-08-14T10:47:28","slug":"foraldrar-vanhemmat","status":"publish","type":"page","link":"https:\/\/www.akilles.fi\/handboll\/foraldrar-vanhemmat\/","title":{"rendered":"F\u00f6r\u00e4ldrar &#8211; Vanhemmat"},"content":{"rendered":"\t\t<div data-elementor-type=\"wp-post\" data-elementor-id=\"542\" class=\"elementor elementor-542\" data-elementor-post-type=\"page\">\n\t\t\t\t\t\t<section class=\"elementor-section elementor-top-section elementor-element elementor-element-e351f41 elementor-section-boxed elementor-section-height-default elementor-section-height-default\" data-id=\"e351f41\" data-element_type=\"section\">\n\t\t\t\t\t\t<div class=\"elementor-container elementor-column-gap-default\">\n\t\t\t\t\t<div class=\"elementor-column elementor-col-50 elementor-top-column elementor-element elementor-element-526bb1c\" data-id=\"526bb1c\" data-element_type=\"column\">\n\t\t\t<div class=\"elementor-widget-wrap elementor-element-populated\">\n\t\t\t\t\t\t<div class=\"elementor-element elementor-element-faff7db elementor-widget elementor-widget-text-editor\" data-id=\"faff7db\" data-element_type=\"widget\" data-widget_type=\"text-editor.default\">\n\t\t\t\t<div class=\"elementor-widget-container\">\n\t\t\t\t\t\t\t\t\t<h5 data-fontsize=\"18\" data-lineheight=\"23\">TR\u00c4NINGAR \/ HARJOITUKSET<\/h5><p data-fontsize=\"18\" data-lineheight=\"23\"><b>Tisdag \/ Tiistai\u00a0<\/b>(fr.o.m. 2.9.2025 alkaen)<br \/>kl.\/klo 20:30-21:30<br \/>Lyceiparkens skola<\/p>\t\t\t\t\t\t\t\t<\/div>\n\t\t\t\t<\/div>\n\t\t\t\t\t<\/div>\n\t\t<\/div>\n\t\t\t\t<div class=\"elementor-column elementor-col-50 elementor-top-column elementor-element elementor-element-bf63190\" data-id=\"bf63190\" data-element_type=\"column\">\n\t\t\t<div class=\"elementor-widget-wrap elementor-element-populated\">\n\t\t\t\t\t\t<section class=\"elementor-section elementor-inner-section elementor-element elementor-element-2edcf1e elementor-section-boxed elementor-section-height-default elementor-section-height-default\" data-id=\"2edcf1e\" data-element_type=\"section\">\n\t\t\t\t\t\t<div class=\"elementor-container elementor-column-gap-default\">\n\t\t\t\t\t<div class=\"elementor-column elementor-col-50 elementor-inner-column elementor-element elementor-element-4003d8b\" data-id=\"4003d8b\" data-element_type=\"column\">\n\t\t\t<div class=\"elementor-widget-wrap elementor-element-populated\">\n\t\t\t\t\t\t<div class=\"elementor-element elementor-element-c9bdf2d elementor-widget elementor-widget-text-editor\" data-id=\"c9bdf2d\" data-element_type=\"widget\" data-widget_type=\"text-editor.default\">\n\t\t\t\t<div class=\"elementor-widget-container\">\n\t\t\t\t\t\t\t\t\t<p><strong>F\u00f6r\u00e4ldrahandbollen\u00a0<\/strong>forts\u00e4tter sin verksamhet! Vi tr\u00e4nar en g\u00e5ng i veckan i Lyceiparkens skola. F\u00f6r\u00e4ldrahandboll \u00e4r f\u00f6r dig som har barn som spelar handboll. Inga tidigare f\u00f6rkunskaper beh\u00f6vs! Vi tr\u00e4nar utan klister och hj\u00e4lper varandra att f\u00f6rst\u00e5 och l\u00e4ra oss handboll p\u00e5 ett roligt s\u00e4tt! V\u00e4lkommen med!<\/p><p>Deltagaravgift: 20 \u20ac\/\u00e5r. Genom att betala avgiften s\u00e5 st\u00f6der du verksamheten och blir st\u00f6dmedlem i f\u00f6reningen. Avgiften faktureras via My Club i februari.<\/p><p>Kontaktperson: Elin Johansson, tel: 040 705 8068 eller johansson.elinsofia@gmail.com\u00a0<\/p><p><strong>Vanhempien k\u00e4sipalloryhm\u00e4 <\/strong>jatkaa toimintaansa! Me harjoittelemme kerran viikossa Lyseopuiston yl\u00e4asteella. Vanhempien ryhm\u00e4 on sinulle jolla on lapsia pelaamassa k\u00e4sipalloa. Aikaisempaa kokemusta lajista ei tarvita! Harjoittelemme ilman klibbaa ja autamme toisiamme ymm\u00e4rt\u00e4m\u00e4\u00e4n ja oppimaan k\u00e4sipalloa hauskalla tavalla! Tervetuloa mukaan!<\/p><p>Osallistumismaksu: 20 \u20ac\/vuosi. Maksamalla osallistumismaksun tuet toimintaa ja sinusta tulee yhdistyksen tukij\u00e4sen. Maksu laskutetaan My Clubin kautta helmikuussa.<\/p><p>Yhteyshenkil\u00f6: Elin Johansson, puh: 040 705 8068 tai johansson.elinsofia@gmail.com<\/p>\t\t\t\t\t\t\t\t<\/div>\n\t\t\t\t<\/div>\n\t\t\t\t\t<\/div>\n\t\t<\/div>\n\t\t\t\t<div class=\"elementor-column elementor-col-50 elementor-inner-column elementor-element elementor-element-608f9a3\" data-id=\"608f9a3\" data-element_type=\"column\">\n\t\t\t<div class=\"elementor-widget-wrap elementor-element-populated\">\n\t\t\t\t\t\t<div class=\"elementor-element elementor-element-9c2f9ca elementor-widget elementor-widget-html\" data-id=\"9c2f9ca\" data-element_type=\"widget\" data-widget_type=\"html.default\">\n\t\t\t\t<div class=\"elementor-widget-container\">\n\t\t\t\t\t<!-- myClub embed JS - start -->\n<div style=\"border: 0px solid black;overflow: auto;height: 450px;width: auto;color: red;background-color: white\">\n<div class=\"myclub-embed\" data-url=\"https:\/\/akilles.myclub.fi\/groups\/35817\/event_embeds\/9693?token=4b2b226156b8e5531e35481cb8f70286295b0815\"><\/div>\n<script>(function(d, s, id) { var js, mjs = d.getElementsByTagName(s)[0]; if (d.getElementById(id)) return; js = d.createElement(s); js.id = id; js.async = true; js.src = \"https:\/\/d2ubdm6yoox6gh.cloudfront.net\/assets\/myclub-embed.js\"; mjs.parentNode.insertBefore(js, mjs); }(document, 'script', 'myclub-embed-js'));<\/script>\n<!-- myClub embed JS - end -->\n\t\t\t\t<\/div>\n\t\t\t\t<\/div>\n\t\t\t\t\t<\/div>\n\t\t<\/div>\n\t\t\t\t\t<\/div>\n\t\t<\/section>\n\t\t\t\t\t<\/div>\n\t\t<\/div>\n\t\t\t\t\t<\/div>\n\t\t<\/section>\n\t\t\t\t<\/div>\n\t\t","protected":false},"excerpt":{"rendered":"<p>TR\u00c4NINGAR \/ HARJOITUKSET Tisdag \/ Tiistai\u00a0(fr.o.m. 2.9.2025 alkaen)kl.\/klo 20:30-21:30Lyceiparkens skola F\u00f6r\u00e4ldrahandbollen\u00a0forts\u00e4tter sin verksamhet! Vi tr\u00e4nar en g\u00e5ng i veckan i Lyceiparkens skola. F\u00f6r\u00e4ldrahandboll \u00e4r f\u00f6r dig som har barn som spelar handboll. Inga tidigare f\u00f6rkunskaper beh\u00f6vs! Vi tr\u00e4nar utan klister och hj\u00e4lper varandra att f\u00f6rst\u00e5 och l\u00e4ra oss handboll p\u00e5 ett roligt s\u00e4tt! V\u00e4lkommen med! [&hellip;]<\/p>\n","protected":false},"author":4,"featured_media":0,"parent":0,"menu_order":0,"comment_status":"closed","ping_status":"closed","template":"","meta":{"_crdt_document":"","footnotes":""},"class_list":["post-542","page","type-page","status-publish","hentry"],"yoast_head":"<!-- This site is optimized with the Yoast SEO plugin v26.8 - https:\/\/yoast.com\/product\/yoast-seo-wordpress\/ -->\n<title>F\u00f6r\u00e4ldrar - Vanhemmat - Handboll - K\u00e4sipallo<\/title>\n<meta name=\"robots\" content=\"index, follow, max-snippet:-1, max-image-preview:large, max-video-preview:-1\" \/>\n<link rel=\"canonical\" href=\"https:\/\/www.akilles.fi\/handboll\/foraldrar-vanhemmat\/\" \/>\n<meta property=\"og:locale\" content=\"sv_SE\" \/>\n<meta property=\"og:type\" content=\"article\" \/>\n<meta property=\"og:title\" content=\"F\u00f6r\u00e4ldrar - Vanhemmat - Handboll - K\u00e4sipallo\" \/>\n<meta property=\"og:description\" content=\"TR\u00c4NINGAR \/ HARJOITUKSET Tisdag \/ Tiistai\u00a0(fr.o.m. 2.9.2025 alkaen)kl.\/klo 20:30-21:30Lyceiparkens skola F\u00f6r\u00e4ldrahandbollen\u00a0forts\u00e4tter sin verksamhet! Vi tr\u00e4nar en g\u00e5ng i veckan i Lyceiparkens skola. F\u00f6r\u00e4ldrahandboll \u00e4r f\u00f6r dig som har barn som spelar handboll. Inga tidigare f\u00f6rkunskaper beh\u00f6vs! Vi tr\u00e4nar utan klister och hj\u00e4lper varandra att f\u00f6rst\u00e5 och l\u00e4ra oss handboll p\u00e5 ett roligt s\u00e4tt! V\u00e4lkommen med! [&hellip;]\" \/>\n<meta property=\"og:url\" content=\"https:\/\/www.akilles.fi\/handboll\/foraldrar-vanhemmat\/\" \/>\n<meta property=\"og:site_name\" content=\"Handboll - K\u00e4sipallo\" \/>\n<meta property=\"article:modified_time\" content=\"2025-08-14T10:47:28+00:00\" \/>\n<meta name=\"twitter:card\" content=\"summary_large_image\" \/>\n<meta name=\"twitter:label1\" content=\"Ber\u00e4knad l\u00e4stid\" \/>\n\t<meta name=\"twitter:data1\" content=\"1 minut\" \/>\n<script type=\"application\/ld+json\" class=\"yoast-schema-graph\">{\"@context\":\"https:\/\/schema.org\",\"@graph\":[{\"@type\":\"WebPage\",\"@id\":\"https:\/\/www.akilles.fi\/handboll\/foraldrar-vanhemmat\/\",\"url\":\"https:\/\/www.akilles.fi\/handboll\/foraldrar-vanhemmat\/\",\"name\":\"F\u00f6r\u00e4ldrar - Vanhemmat - Handboll - K\u00e4sipallo\",\"isPartOf\":{\"@id\":\"https:\/\/www.akilles.fi\/handboll\/#website\"},\"datePublished\":\"2019-02-10T13:57:58+00:00\",\"dateModified\":\"2025-08-14T10:47:28+00:00\",\"breadcrumb\":{\"@id\":\"https:\/\/www.akilles.fi\/handboll\/foraldrar-vanhemmat\/#breadcrumb\"},\"inLanguage\":\"sv-SE\",\"potentialAction\":[{\"@type\":\"ReadAction\",\"target\":[\"https:\/\/www.akilles.fi\/handboll\/foraldrar-vanhemmat\/\"]}]},{\"@type\":\"BreadcrumbList\",\"@id\":\"https:\/\/www.akilles.fi\/handboll\/foraldrar-vanhemmat\/#breadcrumb\",\"itemListElement\":[{\"@type\":\"ListItem\",\"position\":1,\"name\":\"Home\",\"item\":\"https:\/\/www.akilles.fi\/handboll\/\"},{\"@type\":\"ListItem\",\"position\":2,\"name\":\"F\u00f6r\u00e4ldrar &#8211; Vanhemmat\"}]},{\"@type\":\"WebSite\",\"@id\":\"https:\/\/www.akilles.fi\/handboll\/#website\",\"url\":\"https:\/\/www.akilles.fi\/handboll\/\",\"name\":\"Handboll - K\u00e4sipallo\",\"description\":\"Borg\u00e5 Akilles Handboll - Porvoon Akilles K\u00e4sipallo\",\"potentialAction\":[{\"@type\":\"SearchAction\",\"target\":{\"@type\":\"EntryPoint\",\"urlTemplate\":\"https:\/\/www.akilles.fi\/handboll\/?s={search_term_string}\"},\"query-input\":{\"@type\":\"PropertyValueSpecification\",\"valueRequired\":true,\"valueName\":\"search_term_string\"}}],\"inLanguage\":\"sv-SE\"}]}<\/script>\n<!-- \/ Yoast SEO plugin. -->","yoast_head_json":{"title":"F\u00f6r\u00e4ldrar - Vanhemmat - Handboll - K\u00e4sipallo","robots":{"index":"index","follow":"follow","max-snippet":"max-snippet:-1","max-image-preview":"max-image-preview:large","max-video-preview":"max-video-preview:-1"},"canonical":"https:\/\/www.akilles.fi\/handboll\/foraldrar-vanhemmat\/","og_locale":"sv_SE","og_type":"article","og_title":"F\u00f6r\u00e4ldrar - Vanhemmat - Handboll - K\u00e4sipallo","og_description":"TR\u00c4NINGAR \/ HARJOITUKSET Tisdag \/ Tiistai\u00a0(fr.o.m. 2.9.2025 alkaen)kl.\/klo 20:30-21:30Lyceiparkens skola F\u00f6r\u00e4ldrahandbollen\u00a0forts\u00e4tter sin verksamhet! Vi tr\u00e4nar en g\u00e5ng i veckan i Lyceiparkens skola. F\u00f6r\u00e4ldrahandboll \u00e4r f\u00f6r dig som har barn som spelar handboll. Inga tidigare f\u00f6rkunskaper beh\u00f6vs! Vi tr\u00e4nar utan klister och hj\u00e4lper varandra att f\u00f6rst\u00e5 och l\u00e4ra oss handboll p\u00e5 ett roligt s\u00e4tt! V\u00e4lkommen med! [&hellip;]","og_url":"https:\/\/www.akilles.fi\/handboll\/foraldrar-vanhemmat\/","og_site_name":"Handboll - K\u00e4sipallo","article_modified_time":"2025-08-14T10:47:28+00:00","twitter_card":"summary_large_image","twitter_misc":{"Ber\u00e4knad l\u00e4stid":"1 minut"},"schema":{"@context":"https:\/\/schema.org","@graph":[{"@type":"WebPage","@id":"https:\/\/www.akilles.fi\/handboll\/foraldrar-vanhemmat\/","url":"https:\/\/www.akilles.fi\/handboll\/foraldrar-vanhemmat\/","name":"F\u00f6r\u00e4ldrar - Vanhemmat - Handboll - K\u00e4sipallo","isPartOf":{"@id":"https:\/\/www.akilles.fi\/handboll\/#website"},"datePublished":"2019-02-10T13:57:58+00:00","dateModified":"2025-08-14T10:47:28+00:00","breadcrumb":{"@id":"https:\/\/www.akilles.fi\/handboll\/foraldrar-vanhemmat\/#breadcrumb"},"inLanguage":"sv-SE","potentialAction":[{"@type":"ReadAction","target":["https:\/\/www.akilles.fi\/handboll\/foraldrar-vanhemmat\/"]}]},{"@type":"BreadcrumbList","@id":"https:\/\/www.akilles.fi\/handboll\/foraldrar-vanhemmat\/#breadcrumb","itemListElement":[{"@type":"ListItem","position":1,"name":"Home","item":"https:\/\/www.akilles.fi\/handboll\/"},{"@type":"ListItem","position":2,"name":"F\u00f6r\u00e4ldrar &#8211; Vanhemmat"}]},{"@type":"WebSite","@id":"https:\/\/www.akilles.fi\/handboll\/#website","url":"https:\/\/www.akilles.fi\/handboll\/","name":"Handboll - K\u00e4sipallo","description":"Borg\u00e5 Akilles Handboll - Porvoon Akilles K\u00e4sipallo","potentialAction":[{"@type":"SearchAction","target":{"@type":"EntryPoint","urlTemplate":"https:\/\/www.akilles.fi\/handboll\/?s={search_term_string}"},"query-input":{"@type":"PropertyValueSpecification","valueRequired":true,"valueName":"search_term_string"}}],"inLanguage":"sv-SE"}]}},"_links":{"self":[{"href":"https:\/\/www.akilles.fi\/handboll\/wp-json\/wp\/v2\/pages\/542","targetHints":{"allow":["GET"]}}],"collection":[{"href":"https:\/\/www.akilles.fi\/handboll\/wp-json\/wp\/v2\/pages"}],"about":[{"href":"https:\/\/www.akilles.fi\/handboll\/wp-json\/wp\/v2\/types\/page"}],"author":[{"embeddable":true,"href":"https:\/\/www.akilles.fi\/handboll\/wp-json\/wp\/v2\/users\/4"}],"replies":[{"embeddable":true,"href":"https:\/\/www.akilles.fi\/handboll\/wp-json\/wp\/v2\/comments?post=542"}],"version-history":[{"count":59,"href":"https:\/\/www.akilles.fi\/handboll\/wp-json\/wp\/v2\/pages\/542\/revisions"}],"predecessor-version":[{"id":12660,"href":"https:\/\/www.akilles.fi\/handboll\/wp-json\/wp\/v2\/pages\/542\/revisions\/12660"}],"wp:attachment":[{"href":"https:\/\/www.akilles.fi\/handboll\/wp-json\/wp\/v2\/media?parent=542"}],"curies":[{"name":"wp","href":"https:\/\/api.w.org\/{rel}","templated":true}]}}