{"id":571,"date":"2019-02-11T13:30:51","date_gmt":"2019-02-11T13:30:51","guid":{"rendered":"http:\/\/94.237.33.215\/~akilles\/nyasida\/handboll\/?page_id=571"},"modified":"2021-10-17T12:32:09","modified_gmt":"2021-10-17T12:32:09","slug":"nasta-matcher-tulevat-ottelut","status":"publish","type":"page","link":"https:\/\/www.akilles.fi\/handboll\/nasta-matcher-tulevat-ottelut\/","title":{"rendered":"N\u00e4sta matcher &#8211; Tulevat ottelut"},"content":{"rendered":"\t\t<div data-elementor-type=\"wp-post\" data-elementor-id=\"571\" class=\"elementor elementor-571\" data-elementor-post-type=\"page\">\n\t\t\t\t\t\t<section class=\"elementor-section elementor-top-section elementor-element elementor-element-bdcedeb elementor-section-boxed elementor-section-height-default elementor-section-height-default\" data-id=\"bdcedeb\" data-element_type=\"section\">\n\t\t\t\t\t\t<div class=\"elementor-container elementor-column-gap-default\">\n\t\t\t\t\t<div class=\"elementor-column elementor-col-16 elementor-top-column elementor-element elementor-element-32d5a7f\" data-id=\"32d5a7f\" data-element_type=\"column\">\n\t\t\t<div class=\"elementor-widget-wrap elementor-element-populated\">\n\t\t\t\t\t\t<div class=\"elementor-element elementor-element-2463889 elementor-widget elementor-widget-heading\" data-id=\"2463889\" data-element_type=\"widget\" data-widget_type=\"heading.default\">\n\t\t\t\t<div class=\"elementor-widget-container\">\n\t\t\t\t\t<h4 class=\"elementor-heading-title elementor-size-default\">Herrar\/Miehet<\/h4>\t\t\t\t<\/div>\n\t\t\t\t<\/div>\n\t\t\t\t<div class=\"elementor-element elementor-element-bcb79f2 elementor-widget elementor-widget-html\" data-id=\"bcb79f2\" data-element_type=\"widget\" data-widget_type=\"html.default\">\n\t\t\t\t<div class=\"elementor-widget-container\">\n\t\t\t\t\t<script src='https:\/\/tulospalvelu.finnhandball.net\/taso\/widget.php?widget=nextmatch&team=90313&key=SKE958NNXJ'><\/script>\t\t\t\t<\/div>\n\t\t\t\t<\/div>\n\t\t\t\t\t<\/div>\n\t\t<\/div>\n\t\t\t\t<div class=\"elementor-column elementor-col-16 elementor-top-column elementor-element elementor-element-5d09ebd\" data-id=\"5d09ebd\" data-element_type=\"column\">\n\t\t\t<div class=\"elementor-widget-wrap elementor-element-populated\">\n\t\t\t\t\t\t<div class=\"elementor-element elementor-element-18de91d elementor-widget elementor-widget-heading\" data-id=\"18de91d\" data-element_type=\"widget\" data-widget_type=\"heading.default\">\n\t\t\t\t<div class=\"elementor-widget-container\">\n\t\t\t\t\t<h4 class=\"elementor-heading-title elementor-size-default\">Damer\/Naiset<\/h4>\t\t\t\t<\/div>\n\t\t\t\t<\/div>\n\t\t\t\t<div class=\"elementor-element elementor-element-a2db5c0 elementor-widget elementor-widget-html\" data-id=\"a2db5c0\" data-element_type=\"widget\" data-widget_type=\"html.default\">\n\t\t\t\t<div class=\"elementor-widget-container\">\n\t\t\t\t\t<script src='https:\/\/tulospalvelu.finnhandball.net\/taso\/widget.php?widget=nextmatch&team=104095&key=X6H9JVD5GG'><\/script>\t\t\t\t<\/div>\n\t\t\t\t<\/div>\n\t\t\t\t\t<\/div>\n\t\t<\/div>\n\t\t\t\t<div class=\"elementor-column elementor-col-16 elementor-top-column elementor-element elementor-element-48c91c3\" data-id=\"48c91c3\" data-element_type=\"column\">\n\t\t\t<div class=\"elementor-widget-wrap elementor-element-populated\">\n\t\t\t\t\t\t<div class=\"elementor-element elementor-element-52c2a90 elementor-widget elementor-widget-heading\" data-id=\"52c2a90\" data-element_type=\"widget\" data-widget_type=\"heading.default\">\n\t\t\t\t<div class=\"elementor-widget-container\">\n\t\t\t\t\t<h4 class=\"elementor-heading-title elementor-size-default\">Flickor\/Tyt\u00f6t 05<\/h4>\t\t\t\t<\/div>\n\t\t\t\t<\/div>\n\t\t\t\t<div class=\"elementor-element elementor-element-6f0d8bf elementor-widget elementor-widget-html\" data-id=\"6f0d8bf\" data-element_type=\"widget\" data-widget_type=\"html.default\">\n\t\t\t\t<div class=\"elementor-widget-container\">\n\t\t\t\t\t<script src='https:\/\/tulospalvelu.finnhandball.net\/taso\/widget.php?widget=nextmatch&team=104092&key=HX2KT7MS4F'><\/script>\t\t\t\t<\/div>\n\t\t\t\t<\/div>\n\t\t\t\t\t<\/div>\n\t\t<\/div>\n\t\t\t\t<div class=\"elementor-column elementor-col-16 elementor-top-column elementor-element elementor-element-4b2c478\" data-id=\"4b2c478\" data-element_type=\"column\">\n\t\t\t<div class=\"elementor-widget-wrap elementor-element-populated\">\n\t\t\t\t\t\t<div class=\"elementor-element elementor-element-5418b3e elementor-widget elementor-widget-heading\" data-id=\"5418b3e\" data-element_type=\"widget\" data-widget_type=\"heading.default\">\n\t\t\t\t<div class=\"elementor-widget-container\">\n\t\t\t\t\t<h4 class=\"elementor-heading-title elementor-size-default\">Pojkar\/Pojat 07<\/h4>\t\t\t\t<\/div>\n\t\t\t\t<\/div>\n\t\t\t\t<div class=\"elementor-element elementor-element-bf65546 elementor-widget elementor-widget-html\" data-id=\"bf65546\" data-element_type=\"widget\" data-widget_type=\"html.default\">\n\t\t\t\t<div class=\"elementor-widget-container\">\n\t\t\t\t\t<script src='https:\/\/tulospalvelu.finnhandball.net\/taso\/widget.php?widget=nextmatch&team=103614&key=QGPZWGM7HG'><\/script>\t\t\t\t<\/div>\n\t\t\t\t<\/div>\n\t\t\t\t\t<\/div>\n\t\t<\/div>\n\t\t\t\t<div class=\"elementor-column elementor-col-16 elementor-top-column elementor-element elementor-element-67e4167\" data-id=\"67e4167\" data-element_type=\"column\">\n\t\t\t<div class=\"elementor-widget-wrap elementor-element-populated\">\n\t\t\t\t\t\t<div class=\"elementor-element elementor-element-968f7db elementor-widget elementor-widget-heading\" data-id=\"968f7db\" data-element_type=\"widget\" data-widget_type=\"heading.default\">\n\t\t\t\t<div class=\"elementor-widget-container\">\n\t\t\t\t\t<h4 class=\"elementor-heading-title elementor-size-default\">Flickor\/Tyt\u00f6t 08<\/h4>\t\t\t\t<\/div>\n\t\t\t\t<\/div>\n\t\t\t\t<div class=\"elementor-element elementor-element-6f12ab9 elementor-widget elementor-widget-html\" data-id=\"6f12ab9\" data-element_type=\"widget\" data-widget_type=\"html.default\">\n\t\t\t\t<div class=\"elementor-widget-container\">\n\t\t\t\t\t<script src='https:\/\/tulospalvelu.finnhandball.net\/taso\/widget.php?widget=nextmatch&team=103616&key=33P5GRCHA2'><\/script>\t\t\t\t<\/div>\n\t\t\t\t<\/div>\n\t\t\t\t\t<\/div>\n\t\t<\/div>\n\t\t\t\t<div class=\"elementor-column elementor-col-16 elementor-top-column elementor-element elementor-element-805d7d6\" data-id=\"805d7d6\" data-element_type=\"column\">\n\t\t\t<div class=\"elementor-widget-wrap\">\n\t\t\t\t\t\t\t<\/div>\n\t\t<\/div>\n\t\t\t\t\t<\/div>\n\t\t<\/section>\n\t\t\t\t<section class=\"elementor-section elementor-top-section elementor-element elementor-element-974416b elementor-section-boxed elementor-section-height-default elementor-section-height-default\" data-id=\"974416b\" data-element_type=\"section\">\n\t\t\t\t\t\t<div class=\"elementor-container elementor-column-gap-default\">\n\t\t\t\t\t<div class=\"elementor-column elementor-col-16 elementor-top-column elementor-element elementor-element-3a9961b\" data-id=\"3a9961b\" data-element_type=\"column\">\n\t\t\t<div class=\"elementor-widget-wrap elementor-element-populated\">\n\t\t\t\t\t\t<div class=\"elementor-element elementor-element-3abe10c elementor-widget elementor-widget-heading\" data-id=\"3abe10c\" data-element_type=\"widget\" data-widget_type=\"heading.default\">\n\t\t\t\t<div class=\"elementor-widget-container\">\n\t\t\t\t\t<h4 class=\"elementor-heading-title elementor-size-default\">Flickor\/Tyt\u00f6t 09K<\/h4>\t\t\t\t<\/div>\n\t\t\t\t<\/div>\n\t\t\t\t<div class=\"elementor-element elementor-element-208a2f6 elementor-widget elementor-widget-html\" data-id=\"208a2f6\" data-element_type=\"widget\" data-widget_type=\"html.default\">\n\t\t\t\t<div class=\"elementor-widget-container\">\n\t\t\t\t\t<script src='https:\/\/tulospalvelu.finnhandball.net\/taso\/widget.php?widget=nextmatch&team=103876&key=TVS5ABEWHT'><\/script>\t\t\t\t<\/div>\n\t\t\t\t<\/div>\n\t\t\t\t\t<\/div>\n\t\t<\/div>\n\t\t\t\t<div class=\"elementor-column elementor-col-16 elementor-top-column elementor-element elementor-element-42d6ce1\" data-id=\"42d6ce1\" data-element_type=\"column\">\n\t\t\t<div class=\"elementor-widget-wrap elementor-element-populated\">\n\t\t\t\t\t\t<div class=\"elementor-element elementor-element-f42b57b elementor-widget elementor-widget-heading\" data-id=\"f42b57b\" data-element_type=\"widget\" data-widget_type=\"heading.default\">\n\t\t\t\t<div class=\"elementor-widget-container\">\n\t\t\t\t\t<h4 class=\"elementor-heading-title elementor-size-default\">Flickor\/Tyt\u00f6t 09H<\/h4>\t\t\t\t<\/div>\n\t\t\t\t<\/div>\n\t\t\t\t<div class=\"elementor-element elementor-element-be6558b elementor-widget elementor-widget-html\" data-id=\"be6558b\" data-element_type=\"widget\" data-widget_type=\"html.default\">\n\t\t\t\t<div class=\"elementor-widget-container\">\n\t\t\t\t\t<script src='https:\/\/tulospalvelu.finnhandball.net\/taso\/widget.php?widget=nextmatch&team=103877&key=KX2M36YEV3'><\/script>\t\t\t\t<\/div>\n\t\t\t\t<\/div>\n\t\t\t\t\t<\/div>\n\t\t<\/div>\n\t\t\t\t<div class=\"elementor-column elementor-col-16 elementor-top-column elementor-element elementor-element-055f8c1\" data-id=\"055f8c1\" data-element_type=\"column\">\n\t\t\t<div class=\"elementor-widget-wrap elementor-element-populated\">\n\t\t\t\t\t\t<div class=\"elementor-element elementor-element-ceb55de elementor-widget elementor-widget-heading\" data-id=\"ceb55de\" data-element_type=\"widget\" data-widget_type=\"heading.default\">\n\t\t\t\t<div class=\"elementor-widget-container\">\n\t\t\t\t\t<h4 class=\"elementor-heading-title elementor-size-default\">Pojkar\/Pojat 09K<\/h4>\t\t\t\t<\/div>\n\t\t\t\t<\/div>\n\t\t\t\t<div class=\"elementor-element elementor-element-bdc158c elementor-widget elementor-widget-html\" data-id=\"bdc158c\" data-element_type=\"widget\" data-widget_type=\"html.default\">\n\t\t\t\t<div class=\"elementor-widget-container\">\n\t\t\t\t\t<script src='https:\/\/tulospalvelu.finnhandball.net\/taso\/widget.php?widget=nextmatch&team=103878&key=98NVTRQDU5'><\/script>\t\t\t\t<\/div>\n\t\t\t\t<\/div>\n\t\t\t\t\t<\/div>\n\t\t<\/div>\n\t\t\t\t<div class=\"elementor-column elementor-col-16 elementor-top-column elementor-element elementor-element-cb3093c\" data-id=\"cb3093c\" data-element_type=\"column\">\n\t\t\t<div class=\"elementor-widget-wrap elementor-element-populated\">\n\t\t\t\t\t\t<div class=\"elementor-element elementor-element-8ab5ec2 elementor-widget elementor-widget-heading\" data-id=\"8ab5ec2\" data-element_type=\"widget\" data-widget_type=\"heading.default\">\n\t\t\t\t<div class=\"elementor-widget-container\">\n\t\t\t\t\t<h4 class=\"elementor-heading-title elementor-size-default\">Pojkar\/Pojat 09H<\/h4>\t\t\t\t<\/div>\n\t\t\t\t<\/div>\n\t\t\t\t<div class=\"elementor-element elementor-element-dffe9fc elementor-widget elementor-widget-html\" data-id=\"dffe9fc\" data-element_type=\"widget\" data-widget_type=\"html.default\">\n\t\t\t\t<div class=\"elementor-widget-container\">\n\t\t\t\t\t<script src='https:\/\/tulospalvelu.finnhandball.net\/taso\/widget.php?widget=nextmatch&team=104130&key=JU7TDKZPUH'><\/script>\t\t\t\t<\/div>\n\t\t\t\t<\/div>\n\t\t\t\t\t<\/div>\n\t\t<\/div>\n\t\t\t\t<div class=\"elementor-column elementor-col-16 elementor-top-column elementor-element elementor-element-b4d307e\" data-id=\"b4d307e\" data-element_type=\"column\">\n\t\t\t<div class=\"elementor-widget-wrap elementor-element-populated\">\n\t\t\t\t\t\t<div class=\"elementor-element elementor-element-47adac7 elementor-widget elementor-widget-heading\" data-id=\"47adac7\" data-element_type=\"widget\" data-widget_type=\"heading.default\">\n\t\t\t\t<div class=\"elementor-widget-container\">\n\t\t\t\t\t<h4 class=\"elementor-heading-title elementor-size-default\">Flickor\/Tyt\u00f6t 10<\/h4>\t\t\t\t<\/div>\n\t\t\t\t<\/div>\n\t\t\t\t<div class=\"elementor-element elementor-element-b3c84bf elementor-widget elementor-widget-html\" data-id=\"b3c84bf\" data-element_type=\"widget\" data-widget_type=\"html.default\">\n\t\t\t\t<div class=\"elementor-widget-container\">\n\t\t\t\t\t<script src='https:\/\/tulospalvelu.finnhandball.net\/taso\/widget.php?widget=nextmatch&team=104131&key=CCZWAH2K9E'><\/script>\t\t\t\t<\/div>\n\t\t\t\t<\/div>\n\t\t\t\t\t<\/div>\n\t\t<\/div>\n\t\t\t\t<div class=\"elementor-column elementor-col-16 elementor-top-column elementor-element elementor-element-01ed77b\" data-id=\"01ed77b\" data-element_type=\"column\">\n\t\t\t<div class=\"elementor-widget-wrap\">\n\t\t\t\t\t\t\t<\/div>\n\t\t<\/div>\n\t\t\t\t\t<\/div>\n\t\t<\/section>\n\t\t\t\t<section class=\"elementor-section elementor-top-section elementor-element elementor-element-b6e726f elementor-section-boxed elementor-section-height-default elementor-section-height-default\" data-id=\"b6e726f\" data-element_type=\"section\">\n\t\t\t\t\t\t<div class=\"elementor-container elementor-column-gap-default\">\n\t\t\t\t\t<div class=\"elementor-column elementor-col-16 elementor-top-column elementor-element elementor-element-83f8c43\" data-id=\"83f8c43\" data-element_type=\"column\">\n\t\t\t<div class=\"elementor-widget-wrap elementor-element-populated\">\n\t\t\t\t\t\t<div class=\"elementor-element elementor-element-2c8eba2 elementor-widget elementor-widget-heading\" data-id=\"2c8eba2\" data-element_type=\"widget\" data-widget_type=\"heading.default\">\n\t\t\t\t<div class=\"elementor-widget-container\">\n\t\t\t\t\t<h4 class=\"elementor-heading-title elementor-size-default\">Flickor\/Tyt\u00f6t 12 K<\/h4>\t\t\t\t<\/div>\n\t\t\t\t<\/div>\n\t\t\t\t<div class=\"elementor-element elementor-element-964d8cd elementor-widget elementor-widget-html\" data-id=\"964d8cd\" data-element_type=\"widget\" data-widget_type=\"html.default\">\n\t\t\t\t<div class=\"elementor-widget-container\">\n\t\t\t\t\t<script src='https:\/\/tulospalvelu.finnhandball.net\/taso\/widget.php?widget=nextmatch&team=104334&key=V9MVRAEBYA'><\/script>\t\t\t\t<\/div>\n\t\t\t\t<\/div>\n\t\t\t\t\t<\/div>\n\t\t<\/div>\n\t\t\t\t<div class=\"elementor-column elementor-col-16 elementor-top-column elementor-element elementor-element-c7735ec\" data-id=\"c7735ec\" data-element_type=\"column\">\n\t\t\t<div class=\"elementor-widget-wrap elementor-element-populated\">\n\t\t\t\t\t\t<div class=\"elementor-element elementor-element-1ac923f elementor-widget elementor-widget-heading\" data-id=\"1ac923f\" data-element_type=\"widget\" data-widget_type=\"heading.default\">\n\t\t\t\t<div class=\"elementor-widget-container\">\n\t\t\t\t\t<h4 class=\"elementor-heading-title elementor-size-default\">Flickor\/Tyt\u00f6t 12 H<\/h4>\t\t\t\t<\/div>\n\t\t\t\t<\/div>\n\t\t\t\t<div class=\"elementor-element elementor-element-5a0002d elementor-widget elementor-widget-html\" data-id=\"5a0002d\" data-element_type=\"widget\" data-widget_type=\"html.default\">\n\t\t\t\t<div class=\"elementor-widget-container\">\n\t\t\t\t\t<script src='https:\/\/tulospalvelu.finnhandball.net\/taso\/widget.php?widget=nextmatch&team=104132&key=3W6TM3G96B'><\/script>\t\t\t\t<\/div>\n\t\t\t\t<\/div>\n\t\t\t\t\t<\/div>\n\t\t<\/div>\n\t\t\t\t<div class=\"elementor-column elementor-col-16 elementor-top-column elementor-element elementor-element-3ce9402\" data-id=\"3ce9402\" data-element_type=\"column\">\n\t\t\t<div class=\"elementor-widget-wrap elementor-element-populated\">\n\t\t\t\t\t\t<div class=\"elementor-element elementor-element-4cfc198 elementor-widget elementor-widget-heading\" data-id=\"4cfc198\" data-element_type=\"widget\" data-widget_type=\"heading.default\">\n\t\t\t\t<div class=\"elementor-widget-container\">\n\t\t\t\t\t<h4 class=\"elementor-heading-title elementor-size-default\">Pojkar\/Pojat 12K<\/h4>\t\t\t\t<\/div>\n\t\t\t\t<\/div>\n\t\t\t\t<div class=\"elementor-element elementor-element-82ce90c elementor-widget elementor-widget-html\" data-id=\"82ce90c\" data-element_type=\"widget\" data-widget_type=\"html.default\">\n\t\t\t\t<div class=\"elementor-widget-container\">\n\t\t\t\t\t<script src='https:\/\/tulospalvelu.finnhandball.net\/taso\/widget.php?widget=nextmatch&team=104322&key=URVYBNY3PF'><\/script>\t\t\t\t<\/div>\n\t\t\t\t<\/div>\n\t\t\t\t\t<\/div>\n\t\t<\/div>\n\t\t\t\t<div class=\"elementor-column elementor-col-16 elementor-top-column elementor-element elementor-element-93f6283\" data-id=\"93f6283\" data-element_type=\"column\">\n\t\t\t<div class=\"elementor-widget-wrap elementor-element-populated\">\n\t\t\t\t\t\t<div class=\"elementor-element elementor-element-3e8f539 elementor-widget elementor-widget-heading\" data-id=\"3e8f539\" data-element_type=\"widget\" data-widget_type=\"heading.default\">\n\t\t\t\t<div class=\"elementor-widget-container\">\n\t\t\t\t\t<h4 class=\"elementor-heading-title elementor-size-default\">Pojkar\/Pojat 12H<\/h4>\t\t\t\t<\/div>\n\t\t\t\t<\/div>\n\t\t\t\t<div class=\"elementor-element elementor-element-0cccb7f elementor-widget elementor-widget-html\" data-id=\"0cccb7f\" data-element_type=\"widget\" data-widget_type=\"html.default\">\n\t\t\t\t<div class=\"elementor-widget-container\">\n\t\t\t\t\t<script src='https:\/\/tulospalvelu.finnhandball.net\/taso\/widget.php?widget=nextmatch&team=104375&key=9W53YD8D46'><\/script>\t\t\t\t<\/div>\n\t\t\t\t<\/div>\n\t\t\t\t\t<\/div>\n\t\t<\/div>\n\t\t\t\t<div class=\"elementor-column elementor-col-16 elementor-top-column elementor-element elementor-element-ef574ca\" data-id=\"ef574ca\" data-element_type=\"column\">\n\t\t\t<div class=\"elementor-widget-wrap\">\n\t\t\t\t\t\t\t<\/div>\n\t\t<\/div>\n\t\t\t\t<div class=\"elementor-column elementor-col-16 elementor-top-column elementor-element elementor-element-749feb9\" data-id=\"749feb9\" data-element_type=\"column\">\n\t\t\t<div class=\"elementor-widget-wrap\">\n\t\t\t\t\t\t\t<\/div>\n\t\t<\/div>\n\t\t\t\t\t<\/div>\n\t\t<\/section>\n\t\t\t\t<section class=\"elementor-section elementor-top-section elementor-element elementor-element-6bb3513 elementor-section-boxed elementor-section-height-default elementor-section-height-default\" data-id=\"6bb3513\" data-element_type=\"section\">\n\t\t\t\t\t\t<div class=\"elementor-container elementor-column-gap-default\">\n\t\t\t\t\t<div class=\"elementor-column elementor-col-100 elementor-top-column elementor-element elementor-element-2eb2113\" data-id=\"2eb2113\" data-element_type=\"column\">\n\t\t\t<div class=\"elementor-widget-wrap elementor-element-populated\">\n\t\t\t\t\t\t<div class=\"elementor-element elementor-element-b95b5f2 elementor-widget elementor-widget-html\" data-id=\"b95b5f2\" data-element_type=\"widget\" data-widget_type=\"html.default\">\n\t\t\t\t<div class=\"elementor-widget-container\">\n\t\t\t\t\t<iframe src=\"https:\/\/calendar.google.com\/calendar\/embed?height=600&wkst=2&bgcolor=%230B8043&ctz=Europe%2FHelsinki&mode=AGENDA&src=aGFuZGJvbGxAYWtpbGxlcy5maQ&color=%23039BE5\" style=\"border:solid 1px #777\" width=\"800\" height=\"600\" frameborder=\"0\" scrolling=\"no\"><\/iframe>\t\t\t\t<\/div>\n\t\t\t\t<\/div>\n\t\t\t\t\t<\/div>\n\t\t<\/div>\n\t\t\t\t\t<\/div>\n\t\t<\/section>\n\t\t\t\t<\/div>\n\t\t","protected":false},"excerpt":{"rendered":"<p>Herrar\/Miehet Damer\/Naiset Flickor\/Tyt\u00f6t 05 Pojkar\/Pojat 07 Flickor\/Tyt\u00f6t 08 Flickor\/Tyt\u00f6t 09K Flickor\/Tyt\u00f6t 09H Pojkar\/Pojat 09K Pojkar\/Pojat 09H Flickor\/Tyt\u00f6t 10 Flickor\/Tyt\u00f6t 12 K Flickor\/Tyt\u00f6t 12 H Pojkar\/Pojat 12K Pojkar\/Pojat 12H<\/p>\n","protected":false},"author":4,"featured_media":0,"parent":0,"menu_order":0,"comment_status":"closed","ping_status":"closed","template":"","meta":{"_crdt_document":"","footnotes":""},"class_list":["post-571","page","type-page","status-publish","hentry"],"yoast_head":"<!-- This site is optimized with the Yoast SEO plugin v27.4 - https:\/\/yoast.com\/product\/yoast-seo-wordpress\/ -->\n<title>N\u00e4sta matcher - Tulevat ottelut - Handboll - K\u00e4sipallo<\/title>\n<meta name=\"robots\" content=\"index, follow, max-snippet:-1, max-image-preview:large, max-video-preview:-1\" \/>\n<link rel=\"canonical\" href=\"https:\/\/www.akilles.fi\/handboll\/nasta-matcher-tulevat-ottelut\/\" \/>\n<meta property=\"og:locale\" content=\"sv_SE\" \/>\n<meta property=\"og:type\" content=\"article\" \/>\n<meta property=\"og:title\" content=\"N\u00e4sta matcher - Tulevat ottelut - Handboll - K\u00e4sipallo\" \/>\n<meta property=\"og:description\" content=\"Herrar\/Miehet Damer\/Naiset Flickor\/Tyt\u00f6t 05 Pojkar\/Pojat 07 Flickor\/Tyt\u00f6t 08 Flickor\/Tyt\u00f6t 09K Flickor\/Tyt\u00f6t 09H Pojkar\/Pojat 09K Pojkar\/Pojat 09H Flickor\/Tyt\u00f6t 10 Flickor\/Tyt\u00f6t 12 K Flickor\/Tyt\u00f6t 12 H Pojkar\/Pojat 12K Pojkar\/Pojat 12H\" \/>\n<meta property=\"og:url\" content=\"https:\/\/www.akilles.fi\/handboll\/nasta-matcher-tulevat-ottelut\/\" \/>\n<meta property=\"og:site_name\" content=\"Handboll - K\u00e4sipallo\" \/>\n<meta property=\"article:modified_time\" content=\"2021-10-17T12:32:09+00:00\" \/>\n<meta name=\"twitter:card\" content=\"summary_large_image\" \/>\n<meta name=\"twitter:label1\" content=\"Ber\u00e4knad l\u00e4stid\" \/>\n\t<meta name=\"twitter:data1\" content=\"1 minut\" \/>\n<script type=\"application\/ld+json\" class=\"yoast-schema-graph\">{\"@context\":\"https:\\\/\\\/schema.org\",\"@graph\":[{\"@type\":\"WebPage\",\"@id\":\"https:\\\/\\\/www.akilles.fi\\\/handboll\\\/nasta-matcher-tulevat-ottelut\\\/\",\"url\":\"https:\\\/\\\/www.akilles.fi\\\/handboll\\\/nasta-matcher-tulevat-ottelut\\\/\",\"name\":\"N\u00e4sta matcher - Tulevat ottelut - Handboll - K\u00e4sipallo\",\"isPartOf\":{\"@id\":\"https:\\\/\\\/www.akilles.fi\\\/handboll\\\/#website\"},\"datePublished\":\"2019-02-11T13:30:51+00:00\",\"dateModified\":\"2021-10-17T12:32:09+00:00\",\"breadcrumb\":{\"@id\":\"https:\\\/\\\/www.akilles.fi\\\/handboll\\\/nasta-matcher-tulevat-ottelut\\\/#breadcrumb\"},\"inLanguage\":\"sv-SE\",\"potentialAction\":[{\"@type\":\"ReadAction\",\"target\":[\"https:\\\/\\\/www.akilles.fi\\\/handboll\\\/nasta-matcher-tulevat-ottelut\\\/\"]}]},{\"@type\":\"BreadcrumbList\",\"@id\":\"https:\\\/\\\/www.akilles.fi\\\/handboll\\\/nasta-matcher-tulevat-ottelut\\\/#breadcrumb\",\"itemListElement\":[{\"@type\":\"ListItem\",\"position\":1,\"name\":\"Home\",\"item\":\"https:\\\/\\\/www.akilles.fi\\\/handboll\\\/\"},{\"@type\":\"ListItem\",\"position\":2,\"name\":\"N\u00e4sta matcher &#8211; Tulevat ottelut\"}]},{\"@type\":\"WebSite\",\"@id\":\"https:\\\/\\\/www.akilles.fi\\\/handboll\\\/#website\",\"url\":\"https:\\\/\\\/www.akilles.fi\\\/handboll\\\/\",\"name\":\"Handboll - K\u00e4sipallo\",\"description\":\"Borg\u00e5 Akilles Handboll - Porvoon Akilles K\u00e4sipallo\",\"potentialAction\":[{\"@type\":\"SearchAction\",\"target\":{\"@type\":\"EntryPoint\",\"urlTemplate\":\"https:\\\/\\\/www.akilles.fi\\\/handboll\\\/?s={search_term_string}\"},\"query-input\":{\"@type\":\"PropertyValueSpecification\",\"valueRequired\":true,\"valueName\":\"search_term_string\"}}],\"inLanguage\":\"sv-SE\"}]}<\/script>\n<!-- \/ Yoast SEO plugin. -->","yoast_head_json":{"title":"N\u00e4sta matcher - Tulevat ottelut - Handboll - K\u00e4sipallo","robots":{"index":"index","follow":"follow","max-snippet":"max-snippet:-1","max-image-preview":"max-image-preview:large","max-video-preview":"max-video-preview:-1"},"canonical":"https:\/\/www.akilles.fi\/handboll\/nasta-matcher-tulevat-ottelut\/","og_locale":"sv_SE","og_type":"article","og_title":"N\u00e4sta matcher - Tulevat ottelut - Handboll - K\u00e4sipallo","og_description":"Herrar\/Miehet Damer\/Naiset Flickor\/Tyt\u00f6t 05 Pojkar\/Pojat 07 Flickor\/Tyt\u00f6t 08 Flickor\/Tyt\u00f6t 09K Flickor\/Tyt\u00f6t 09H Pojkar\/Pojat 09K Pojkar\/Pojat 09H Flickor\/Tyt\u00f6t 10 Flickor\/Tyt\u00f6t 12 K Flickor\/Tyt\u00f6t 12 H Pojkar\/Pojat 12K Pojkar\/Pojat 12H","og_url":"https:\/\/www.akilles.fi\/handboll\/nasta-matcher-tulevat-ottelut\/","og_site_name":"Handboll - K\u00e4sipallo","article_modified_time":"2021-10-17T12:32:09+00:00","twitter_card":"summary_large_image","twitter_misc":{"Ber\u00e4knad l\u00e4stid":"1 minut"},"schema":{"@context":"https:\/\/schema.org","@graph":[{"@type":"WebPage","@id":"https:\/\/www.akilles.fi\/handboll\/nasta-matcher-tulevat-ottelut\/","url":"https:\/\/www.akilles.fi\/handboll\/nasta-matcher-tulevat-ottelut\/","name":"N\u00e4sta matcher - Tulevat ottelut - Handboll - K\u00e4sipallo","isPartOf":{"@id":"https:\/\/www.akilles.fi\/handboll\/#website"},"datePublished":"2019-02-11T13:30:51+00:00","dateModified":"2021-10-17T12:32:09+00:00","breadcrumb":{"@id":"https:\/\/www.akilles.fi\/handboll\/nasta-matcher-tulevat-ottelut\/#breadcrumb"},"inLanguage":"sv-SE","potentialAction":[{"@type":"ReadAction","target":["https:\/\/www.akilles.fi\/handboll\/nasta-matcher-tulevat-ottelut\/"]}]},{"@type":"BreadcrumbList","@id":"https:\/\/www.akilles.fi\/handboll\/nasta-matcher-tulevat-ottelut\/#breadcrumb","itemListElement":[{"@type":"ListItem","position":1,"name":"Home","item":"https:\/\/www.akilles.fi\/handboll\/"},{"@type":"ListItem","position":2,"name":"N\u00e4sta matcher &#8211; Tulevat ottelut"}]},{"@type":"WebSite","@id":"https:\/\/www.akilles.fi\/handboll\/#website","url":"https:\/\/www.akilles.fi\/handboll\/","name":"Handboll - K\u00e4sipallo","description":"Borg\u00e5 Akilles Handboll - Porvoon Akilles K\u00e4sipallo","potentialAction":[{"@type":"SearchAction","target":{"@type":"EntryPoint","urlTemplate":"https:\/\/www.akilles.fi\/handboll\/?s={search_term_string}"},"query-input":{"@type":"PropertyValueSpecification","valueRequired":true,"valueName":"search_term_string"}}],"inLanguage":"sv-SE"}]}},"_links":{"self":[{"href":"https:\/\/www.akilles.fi\/handboll\/wp-json\/wp\/v2\/pages\/571","targetHints":{"allow":["GET"]}}],"collection":[{"href":"https:\/\/www.akilles.fi\/handboll\/wp-json\/wp\/v2\/pages"}],"about":[{"href":"https:\/\/www.akilles.fi\/handboll\/wp-json\/wp\/v2\/types\/page"}],"author":[{"embeddable":true,"href":"https:\/\/www.akilles.fi\/handboll\/wp-json\/wp\/v2\/users\/4"}],"replies":[{"embeddable":true,"href":"https:\/\/www.akilles.fi\/handboll\/wp-json\/wp\/v2\/comments?post=571"}],"version-history":[{"count":47,"href":"https:\/\/www.akilles.fi\/handboll\/wp-json\/wp\/v2\/pages\/571\/revisions"}],"predecessor-version":[{"id":8165,"href":"https:\/\/www.akilles.fi\/handboll\/wp-json\/wp\/v2\/pages\/571\/revisions\/8165"}],"wp:attachment":[{"href":"https:\/\/www.akilles.fi\/handboll\/wp-json\/wp\/v2\/media?parent=571"}],"curies":[{"name":"wp","href":"https:\/\/api.w.org\/{rel}","templated":true}]}}