{"id":604,"date":"2019-02-11T14:36:01","date_gmt":"2019-02-11T14:36:01","guid":{"rendered":"http:\/\/94.237.33.215\/~akilles\/nyasida\/handboll\/?page_id=604"},"modified":"2025-10-09T16:23:26","modified_gmt":"2025-10-09T16:23:26","slug":"halliturer-hallivuorot","status":"publish","type":"page","link":"https:\/\/www.akilles.fi\/handboll\/halliturer-hallivuorot\/","title":{"rendered":"Tr\u00e4ningsturer &#8211; Treenivuorot"},"content":{"rendered":"\t\t<div data-elementor-type=\"wp-post\" data-elementor-id=\"604\" class=\"elementor elementor-604\" data-elementor-post-type=\"page\">\n\t\t\t\t\t\t<section class=\"elementor-section elementor-top-section elementor-element elementor-element-ca84168 elementor-section-boxed elementor-section-height-default elementor-section-height-default\" data-id=\"ca84168\" data-element_type=\"section\">\n\t\t\t\t\t\t<div class=\"elementor-container elementor-column-gap-default\">\n\t\t\t\t\t<div class=\"elementor-column elementor-col-50 elementor-top-column elementor-element elementor-element-4b17285\" data-id=\"4b17285\" data-element_type=\"column\">\n\t\t\t<div class=\"elementor-widget-wrap\">\n\t\t\t\t\t\t\t<\/div>\n\t\t<\/div>\n\t\t\t\t<div class=\"elementor-column elementor-col-50 elementor-top-column elementor-element elementor-element-d30af40\" data-id=\"d30af40\" data-element_type=\"column\">\n\t\t\t<div class=\"elementor-widget-wrap\">\n\t\t\t\t\t\t\t<\/div>\n\t\t<\/div>\n\t\t\t\t\t<\/div>\n\t\t<\/section>\n\t\t\t\t<section class=\"elementor-section elementor-top-section elementor-element elementor-element-32172e0 elementor-section-boxed elementor-section-height-default elementor-section-height-default\" data-id=\"32172e0\" data-element_type=\"section\">\n\t\t\t\t\t\t<div class=\"elementor-container elementor-column-gap-default\">\n\t\t\t\t\t<div class=\"elementor-column elementor-col-50 elementor-top-column elementor-element elementor-element-2f8d9bb\" data-id=\"2f8d9bb\" data-element_type=\"column\">\n\t\t\t<div class=\"elementor-widget-wrap elementor-element-populated\">\n\t\t\t\t\t\t<div class=\"elementor-element elementor-element-d35070f elementor-widget elementor-widget-image\" data-id=\"d35070f\" data-element_type=\"widget\" data-widget_type=\"image.default\">\n\t\t\t\t<div class=\"elementor-widget-container\">\n\t\t\t\t\t\t\t\t\t\t\t\t\t\t\t<img fetchpriority=\"high\" decoding=\"async\" width=\"724\" height=\"1024\" src=\"https:\/\/www.akilles.fi\/handboll\/wp-content\/uploads\/sites\/18\/2025\/10\/576a40bb-184a-4bad-b75c-3864e888f6a4-724x1024.jpg\" class=\"attachment-large size-large wp-image-12778\" alt=\"\" srcset=\"https:\/\/www.akilles.fi\/handboll\/wp-content\/uploads\/sites\/18\/2025\/10\/576a40bb-184a-4bad-b75c-3864e888f6a4-724x1024.jpg 724w, https:\/\/www.akilles.fi\/handboll\/wp-content\/uploads\/sites\/18\/2025\/10\/576a40bb-184a-4bad-b75c-3864e888f6a4-212x300.jpg 212w, https:\/\/www.akilles.fi\/handboll\/wp-content\/uploads\/sites\/18\/2025\/10\/576a40bb-184a-4bad-b75c-3864e888f6a4-768x1086.jpg 768w, https:\/\/www.akilles.fi\/handboll\/wp-content\/uploads\/sites\/18\/2025\/10\/576a40bb-184a-4bad-b75c-3864e888f6a4-1086x1536.jpg 1086w, https:\/\/www.akilles.fi\/handboll\/wp-content\/uploads\/sites\/18\/2025\/10\/576a40bb-184a-4bad-b75c-3864e888f6a4.jpg 1131w\" sizes=\"(max-width: 724px) 100vw, 724px\" \/>\t\t\t\t\t\t\t\t\t\t\t\t\t\t\t<\/div>\n\t\t\t\t<\/div>\n\t\t\t\t\t<\/div>\n\t\t<\/div>\n\t\t\t\t<div class=\"elementor-column elementor-col-50 elementor-top-column elementor-element elementor-element-dc027a9\" data-id=\"dc027a9\" data-element_type=\"column\">\n\t\t\t<div class=\"elementor-widget-wrap elementor-element-populated\">\n\t\t\t\t\t\t<div class=\"elementor-element elementor-element-3c5cff1 elementor-widget elementor-widget-image\" data-id=\"3c5cff1\" data-element_type=\"widget\" data-widget_type=\"image.default\">\n\t\t\t\t<div class=\"elementor-widget-container\">\n\t\t\t\t\t\t\t\t\t\t\t\t\t\t\t<img decoding=\"async\" width=\"724\" height=\"1024\" src=\"https:\/\/www.akilles.fi\/handboll\/wp-content\/uploads\/sites\/18\/2025\/10\/6201241b-1a96-40ec-8bea-fafea483b713-724x1024.jpg\" class=\"attachment-large size-large wp-image-12779\" alt=\"\" srcset=\"https:\/\/www.akilles.fi\/handboll\/wp-content\/uploads\/sites\/18\/2025\/10\/6201241b-1a96-40ec-8bea-fafea483b713-724x1024.jpg 724w, https:\/\/www.akilles.fi\/handboll\/wp-content\/uploads\/sites\/18\/2025\/10\/6201241b-1a96-40ec-8bea-fafea483b713-212x300.jpg 212w, https:\/\/www.akilles.fi\/handboll\/wp-content\/uploads\/sites\/18\/2025\/10\/6201241b-1a96-40ec-8bea-fafea483b713-768x1086.jpg 768w, https:\/\/www.akilles.fi\/handboll\/wp-content\/uploads\/sites\/18\/2025\/10\/6201241b-1a96-40ec-8bea-fafea483b713-1086x1536.jpg 1086w, https:\/\/www.akilles.fi\/handboll\/wp-content\/uploads\/sites\/18\/2025\/10\/6201241b-1a96-40ec-8bea-fafea483b713.jpg 1131w\" sizes=\"(max-width: 724px) 100vw, 724px\" \/>\t\t\t\t\t\t\t\t\t\t\t\t\t\t\t<\/div>\n\t\t\t\t<\/div>\n\t\t\t\t\t<\/div>\n\t\t<\/div>\n\t\t\t\t\t<\/div>\n\t\t<\/section>\n\t\t\t\t<section class=\"elementor-section elementor-top-section elementor-element elementor-element-bf78425 elementor-section-boxed elementor-section-height-default elementor-section-height-default\" data-id=\"bf78425\" data-element_type=\"section\">\n\t\t\t\t\t\t<div class=\"elementor-container elementor-column-gap-default\">\n\t\t\t\t\t<div class=\"elementor-column elementor-col-50 elementor-top-column elementor-element elementor-element-0c9fb0c\" data-id=\"0c9fb0c\" data-element_type=\"column\">\n\t\t\t<div class=\"elementor-widget-wrap elementor-element-populated\">\n\t\t\t\t\t\t<div class=\"elementor-element elementor-element-37a730c elementor-widget elementor-widget-image\" data-id=\"37a730c\" data-element_type=\"widget\" data-widget_type=\"image.default\">\n\t\t\t\t<div class=\"elementor-widget-container\">\n\t\t\t\t\t\t\t\t\t\t\t\t\t\t\t<img decoding=\"async\" width=\"1024\" height=\"588\" src=\"https:\/\/www.akilles.fi\/handboll\/wp-content\/uploads\/sites\/18\/2025\/10\/Idrottshallen-1024x588.png\" class=\"attachment-large size-large wp-image-12781\" alt=\"\" srcset=\"https:\/\/www.akilles.fi\/handboll\/wp-content\/uploads\/sites\/18\/2025\/10\/Idrottshallen-1024x588.png 1024w, https:\/\/www.akilles.fi\/handboll\/wp-content\/uploads\/sites\/18\/2025\/10\/Idrottshallen-300x172.png 300w, https:\/\/www.akilles.fi\/handboll\/wp-content\/uploads\/sites\/18\/2025\/10\/Idrottshallen-768x441.png 768w, https:\/\/www.akilles.fi\/handboll\/wp-content\/uploads\/sites\/18\/2025\/10\/Idrottshallen-1536x882.png 1536w, https:\/\/www.akilles.fi\/handboll\/wp-content\/uploads\/sites\/18\/2025\/10\/Idrottshallen.png 1838w\" sizes=\"(max-width: 1024px) 100vw, 1024px\" \/>\t\t\t\t\t\t\t\t\t\t\t\t\t\t\t<\/div>\n\t\t\t\t<\/div>\n\t\t\t\t\t<\/div>\n\t\t<\/div>\n\t\t\t\t<div class=\"elementor-column elementor-col-50 elementor-top-column elementor-element elementor-element-6063574\" data-id=\"6063574\" data-element_type=\"column\">\n\t\t\t<div class=\"elementor-widget-wrap elementor-element-populated\">\n\t\t\t\t\t\t<div class=\"elementor-element elementor-element-524cc8f elementor-widget elementor-widget-image\" data-id=\"524cc8f\" data-element_type=\"widget\" data-widget_type=\"image.default\">\n\t\t\t\t<div class=\"elementor-widget-container\">\n\t\t\t\t\t\t\t\t\t\t\t\t\t\t\t<img loading=\"lazy\" decoding=\"async\" width=\"1024\" height=\"678\" src=\"https:\/\/www.akilles.fi\/handboll\/wp-content\/uploads\/sites\/18\/2025\/10\/Lypa-1024x678.png\" class=\"attachment-large size-large wp-image-12782\" alt=\"\" srcset=\"https:\/\/www.akilles.fi\/handboll\/wp-content\/uploads\/sites\/18\/2025\/10\/Lypa-1024x678.png 1024w, https:\/\/www.akilles.fi\/handboll\/wp-content\/uploads\/sites\/18\/2025\/10\/Lypa-300x199.png 300w, https:\/\/www.akilles.fi\/handboll\/wp-content\/uploads\/sites\/18\/2025\/10\/Lypa-768x508.png 768w, https:\/\/www.akilles.fi\/handboll\/wp-content\/uploads\/sites\/18\/2025\/10\/Lypa-1536x1017.png 1536w, https:\/\/www.akilles.fi\/handboll\/wp-content\/uploads\/sites\/18\/2025\/10\/Lypa.png 1852w\" sizes=\"(max-width: 1024px) 100vw, 1024px\" \/>\t\t\t\t\t\t\t\t\t\t\t\t\t\t\t<\/div>\n\t\t\t\t<\/div>\n\t\t\t\t\t<\/div>\n\t\t<\/div>\n\t\t\t\t\t<\/div>\n\t\t<\/section>\n\t\t\t\t<section class=\"elementor-section elementor-top-section elementor-element elementor-element-3c1fc70 elementor-section-boxed elementor-section-height-default elementor-section-height-default\" data-id=\"3c1fc70\" data-element_type=\"section\">\n\t\t\t\t\t\t<div class=\"elementor-container elementor-column-gap-default\">\n\t\t\t\t\t<div class=\"elementor-column elementor-col-50 elementor-top-column elementor-element elementor-element-60a4531\" data-id=\"60a4531\" data-element_type=\"column\">\n\t\t\t<div class=\"elementor-widget-wrap elementor-element-populated\">\n\t\t\t\t\t\t<div class=\"elementor-element elementor-element-e837096 elementor-widget elementor-widget-image\" data-id=\"e837096\" data-element_type=\"widget\" data-widget_type=\"image.default\">\n\t\t\t\t<div class=\"elementor-widget-container\">\n\t\t\t\t\t\t\t\t\t\t\t\t\t\t\t<img loading=\"lazy\" decoding=\"async\" width=\"1024\" height=\"613\" src=\"https:\/\/www.akilles.fi\/handboll\/wp-content\/uploads\/sites\/18\/2025\/10\/Kantele-1024x613.png\" class=\"attachment-large size-large wp-image-12783\" alt=\"\" srcset=\"https:\/\/www.akilles.fi\/handboll\/wp-content\/uploads\/sites\/18\/2025\/10\/Kantele-1024x613.png 1024w, https:\/\/www.akilles.fi\/handboll\/wp-content\/uploads\/sites\/18\/2025\/10\/Kantele-300x180.png 300w, https:\/\/www.akilles.fi\/handboll\/wp-content\/uploads\/sites\/18\/2025\/10\/Kantele-768x460.png 768w, https:\/\/www.akilles.fi\/handboll\/wp-content\/uploads\/sites\/18\/2025\/10\/Kantele-1536x920.png 1536w, https:\/\/www.akilles.fi\/handboll\/wp-content\/uploads\/sites\/18\/2025\/10\/Kantele.png 1854w\" sizes=\"(max-width: 1024px) 100vw, 1024px\" \/>\t\t\t\t\t\t\t\t\t\t\t\t\t\t\t<\/div>\n\t\t\t\t<\/div>\n\t\t\t\t\t<\/div>\n\t\t<\/div>\n\t\t\t\t<div class=\"elementor-column elementor-col-50 elementor-top-column elementor-element elementor-element-60ae06b\" data-id=\"60ae06b\" data-element_type=\"column\">\n\t\t\t<div class=\"elementor-widget-wrap\">\n\t\t\t\t\t\t\t<\/div>\n\t\t<\/div>\n\t\t\t\t\t<\/div>\n\t\t<\/section>\n\t\t\t\t<\/div>\n\t\t","protected":false},"excerpt":{"rendered":"","protected":false},"author":4,"featured_media":0,"parent":0,"menu_order":0,"comment_status":"closed","ping_status":"closed","template":"","meta":{"_crdt_document":"","footnotes":""},"class_list":["post-604","page","type-page","status-publish","hentry"],"yoast_head":"<!-- This site is optimized with the Yoast SEO plugin v27.4 - https:\/\/yoast.com\/product\/yoast-seo-wordpress\/ -->\n<title>Tr\u00e4ningsturer - Treenivuorot - Handboll - K\u00e4sipallo<\/title>\n<meta name=\"robots\" content=\"index, follow, max-snippet:-1, max-image-preview:large, max-video-preview:-1\" \/>\n<link rel=\"canonical\" href=\"https:\/\/www.akilles.fi\/handboll\/halliturer-hallivuorot\/\" \/>\n<meta property=\"og:locale\" content=\"sv_SE\" \/>\n<meta property=\"og:type\" content=\"article\" \/>\n<meta property=\"og:title\" content=\"Tr\u00e4ningsturer - Treenivuorot - Handboll - K\u00e4sipallo\" \/>\n<meta property=\"og:url\" content=\"https:\/\/www.akilles.fi\/handboll\/halliturer-hallivuorot\/\" \/>\n<meta property=\"og:site_name\" content=\"Handboll - K\u00e4sipallo\" \/>\n<meta property=\"article:modified_time\" content=\"2025-10-09T16:23:26+00:00\" \/>\n<meta property=\"og:image\" content=\"https:\/\/www.akilles.fi\/handboll\/wp-content\/uploads\/sites\/18\/2025\/10\/576a40bb-184a-4bad-b75c-3864e888f6a4.jpg\" \/>\n\t<meta property=\"og:image:width\" content=\"1131\" \/>\n\t<meta property=\"og:image:height\" content=\"1600\" \/>\n\t<meta property=\"og:image:type\" content=\"image\/jpeg\" \/>\n<meta name=\"twitter:card\" content=\"summary_large_image\" \/>\n<meta name=\"twitter:label1\" content=\"Ber\u00e4knad l\u00e4stid\" \/>\n\t<meta name=\"twitter:data1\" content=\"1 minut\" \/>\n<script type=\"application\/ld+json\" class=\"yoast-schema-graph\">{\"@context\":\"https:\\\/\\\/schema.org\",\"@graph\":[{\"@type\":\"WebPage\",\"@id\":\"https:\\\/\\\/www.akilles.fi\\\/handboll\\\/halliturer-hallivuorot\\\/\",\"url\":\"https:\\\/\\\/www.akilles.fi\\\/handboll\\\/halliturer-hallivuorot\\\/\",\"name\":\"Tr\u00e4ningsturer - Treenivuorot - Handboll - K\u00e4sipallo\",\"isPartOf\":{\"@id\":\"https:\\\/\\\/www.akilles.fi\\\/handboll\\\/#website\"},\"primaryImageOfPage\":{\"@id\":\"https:\\\/\\\/www.akilles.fi\\\/handboll\\\/halliturer-hallivuorot\\\/#primaryimage\"},\"image\":{\"@id\":\"https:\\\/\\\/www.akilles.fi\\\/handboll\\\/halliturer-hallivuorot\\\/#primaryimage\"},\"thumbnailUrl\":\"http:\\\/\\\/www.akilles.fi\\\/handboll\\\/wp-content\\\/uploads\\\/sites\\\/18\\\/2025\\\/10\\\/576a40bb-184a-4bad-b75c-3864e888f6a4-724x1024.jpg\",\"datePublished\":\"2019-02-11T14:36:01+00:00\",\"dateModified\":\"2025-10-09T16:23:26+00:00\",\"breadcrumb\":{\"@id\":\"https:\\\/\\\/www.akilles.fi\\\/handboll\\\/halliturer-hallivuorot\\\/#breadcrumb\"},\"inLanguage\":\"sv-SE\",\"potentialAction\":[{\"@type\":\"ReadAction\",\"target\":[\"https:\\\/\\\/www.akilles.fi\\\/handboll\\\/halliturer-hallivuorot\\\/\"]}]},{\"@type\":\"ImageObject\",\"inLanguage\":\"sv-SE\",\"@id\":\"https:\\\/\\\/www.akilles.fi\\\/handboll\\\/halliturer-hallivuorot\\\/#primaryimage\",\"url\":\"https:\\\/\\\/www.akilles.fi\\\/handboll\\\/wp-content\\\/uploads\\\/sites\\\/18\\\/2025\\\/10\\\/576a40bb-184a-4bad-b75c-3864e888f6a4.jpg\",\"contentUrl\":\"https:\\\/\\\/www.akilles.fi\\\/handboll\\\/wp-content\\\/uploads\\\/sites\\\/18\\\/2025\\\/10\\\/576a40bb-184a-4bad-b75c-3864e888f6a4.jpg\",\"width\":1131,\"height\":1600},{\"@type\":\"BreadcrumbList\",\"@id\":\"https:\\\/\\\/www.akilles.fi\\\/handboll\\\/halliturer-hallivuorot\\\/#breadcrumb\",\"itemListElement\":[{\"@type\":\"ListItem\",\"position\":1,\"name\":\"Home\",\"item\":\"https:\\\/\\\/www.akilles.fi\\\/handboll\\\/\"},{\"@type\":\"ListItem\",\"position\":2,\"name\":\"Tr\u00e4ningsturer &#8211; Treenivuorot\"}]},{\"@type\":\"WebSite\",\"@id\":\"https:\\\/\\\/www.akilles.fi\\\/handboll\\\/#website\",\"url\":\"https:\\\/\\\/www.akilles.fi\\\/handboll\\\/\",\"name\":\"Handboll - K\u00e4sipallo\",\"description\":\"Borg\u00e5 Akilles Handboll - Porvoon Akilles K\u00e4sipallo\",\"potentialAction\":[{\"@type\":\"SearchAction\",\"target\":{\"@type\":\"EntryPoint\",\"urlTemplate\":\"https:\\\/\\\/www.akilles.fi\\\/handboll\\\/?s={search_term_string}\"},\"query-input\":{\"@type\":\"PropertyValueSpecification\",\"valueRequired\":true,\"valueName\":\"search_term_string\"}}],\"inLanguage\":\"sv-SE\"}]}<\/script>\n<!-- \/ Yoast SEO plugin. -->","yoast_head_json":{"title":"Tr\u00e4ningsturer - Treenivuorot - Handboll - K\u00e4sipallo","robots":{"index":"index","follow":"follow","max-snippet":"max-snippet:-1","max-image-preview":"max-image-preview:large","max-video-preview":"max-video-preview:-1"},"canonical":"https:\/\/www.akilles.fi\/handboll\/halliturer-hallivuorot\/","og_locale":"sv_SE","og_type":"article","og_title":"Tr\u00e4ningsturer - Treenivuorot - Handboll - K\u00e4sipallo","og_url":"https:\/\/www.akilles.fi\/handboll\/halliturer-hallivuorot\/","og_site_name":"Handboll - K\u00e4sipallo","article_modified_time":"2025-10-09T16:23:26+00:00","og_image":[{"width":1131,"height":1600,"url":"https:\/\/www.akilles.fi\/handboll\/wp-content\/uploads\/sites\/18\/2025\/10\/576a40bb-184a-4bad-b75c-3864e888f6a4.jpg","type":"image\/jpeg"}],"twitter_card":"summary_large_image","twitter_misc":{"Ber\u00e4knad l\u00e4stid":"1 minut"},"schema":{"@context":"https:\/\/schema.org","@graph":[{"@type":"WebPage","@id":"https:\/\/www.akilles.fi\/handboll\/halliturer-hallivuorot\/","url":"https:\/\/www.akilles.fi\/handboll\/halliturer-hallivuorot\/","name":"Tr\u00e4ningsturer - Treenivuorot - Handboll - K\u00e4sipallo","isPartOf":{"@id":"https:\/\/www.akilles.fi\/handboll\/#website"},"primaryImageOfPage":{"@id":"https:\/\/www.akilles.fi\/handboll\/halliturer-hallivuorot\/#primaryimage"},"image":{"@id":"https:\/\/www.akilles.fi\/handboll\/halliturer-hallivuorot\/#primaryimage"},"thumbnailUrl":"http:\/\/www.akilles.fi\/handboll\/wp-content\/uploads\/sites\/18\/2025\/10\/576a40bb-184a-4bad-b75c-3864e888f6a4-724x1024.jpg","datePublished":"2019-02-11T14:36:01+00:00","dateModified":"2025-10-09T16:23:26+00:00","breadcrumb":{"@id":"https:\/\/www.akilles.fi\/handboll\/halliturer-hallivuorot\/#breadcrumb"},"inLanguage":"sv-SE","potentialAction":[{"@type":"ReadAction","target":["https:\/\/www.akilles.fi\/handboll\/halliturer-hallivuorot\/"]}]},{"@type":"ImageObject","inLanguage":"sv-SE","@id":"https:\/\/www.akilles.fi\/handboll\/halliturer-hallivuorot\/#primaryimage","url":"https:\/\/www.akilles.fi\/handboll\/wp-content\/uploads\/sites\/18\/2025\/10\/576a40bb-184a-4bad-b75c-3864e888f6a4.jpg","contentUrl":"https:\/\/www.akilles.fi\/handboll\/wp-content\/uploads\/sites\/18\/2025\/10\/576a40bb-184a-4bad-b75c-3864e888f6a4.jpg","width":1131,"height":1600},{"@type":"BreadcrumbList","@id":"https:\/\/www.akilles.fi\/handboll\/halliturer-hallivuorot\/#breadcrumb","itemListElement":[{"@type":"ListItem","position":1,"name":"Home","item":"https:\/\/www.akilles.fi\/handboll\/"},{"@type":"ListItem","position":2,"name":"Tr\u00e4ningsturer &#8211; Treenivuorot"}]},{"@type":"WebSite","@id":"https:\/\/www.akilles.fi\/handboll\/#website","url":"https:\/\/www.akilles.fi\/handboll\/","name":"Handboll - K\u00e4sipallo","description":"Borg\u00e5 Akilles Handboll - Porvoon Akilles K\u00e4sipallo","potentialAction":[{"@type":"SearchAction","target":{"@type":"EntryPoint","urlTemplate":"https:\/\/www.akilles.fi\/handboll\/?s={search_term_string}"},"query-input":{"@type":"PropertyValueSpecification","valueRequired":true,"valueName":"search_term_string"}}],"inLanguage":"sv-SE"}]}},"_links":{"self":[{"href":"https:\/\/www.akilles.fi\/handboll\/wp-json\/wp\/v2\/pages\/604","targetHints":{"allow":["GET"]}}],"collection":[{"href":"https:\/\/www.akilles.fi\/handboll\/wp-json\/wp\/v2\/pages"}],"about":[{"href":"https:\/\/www.akilles.fi\/handboll\/wp-json\/wp\/v2\/types\/page"}],"author":[{"embeddable":true,"href":"https:\/\/www.akilles.fi\/handboll\/wp-json\/wp\/v2\/users\/4"}],"replies":[{"embeddable":true,"href":"https:\/\/www.akilles.fi\/handboll\/wp-json\/wp\/v2\/comments?post=604"}],"version-history":[{"count":37,"href":"https:\/\/www.akilles.fi\/handboll\/wp-json\/wp\/v2\/pages\/604\/revisions"}],"predecessor-version":[{"id":12786,"href":"https:\/\/www.akilles.fi\/handboll\/wp-json\/wp\/v2\/pages\/604\/revisions\/12786"}],"wp:attachment":[{"href":"https:\/\/www.akilles.fi\/handboll\/wp-json\/wp\/v2\/media?parent=604"}],"curies":[{"name":"wp","href":"https:\/\/api.w.org\/{rel}","templated":true}]}}