{"id":623,"date":"2019-02-11T16:04:30","date_gmt":"2019-02-11T16:04:30","guid":{"rendered":"http:\/\/94.237.33.215\/~akilles\/nyasida\/handboll\/?page_id=623"},"modified":"2025-10-09T17:08:44","modified_gmt":"2025-10-09T17:08:44","slug":"bollskolan-pallokoulu","status":"publish","type":"page","link":"https:\/\/www.akilles.fi\/handboll\/bollskolan-pallokoulu\/","title":{"rendered":"Bollskolan &#8211; Pallokoulu"},"content":{"rendered":"\t\t<div data-elementor-type=\"wp-post\" data-elementor-id=\"623\" class=\"elementor elementor-623\" data-elementor-post-type=\"page\">\n\t\t\t\t\t\t<section class=\"elementor-section elementor-top-section elementor-element elementor-element-63105be elementor-section-boxed elementor-section-height-default elementor-section-height-default\" data-id=\"63105be\" data-element_type=\"section\">\n\t\t\t\t\t\t<div class=\"elementor-container elementor-column-gap-default\">\n\t\t\t\t\t<div class=\"elementor-column elementor-col-50 elementor-top-column elementor-element elementor-element-f8bc170\" data-id=\"f8bc170\" data-element_type=\"column\">\n\t\t\t<div class=\"elementor-widget-wrap elementor-element-populated\">\n\t\t\t\t\t\t<div class=\"elementor-element elementor-element-d3e6c47 elementor-widget__width-initial elementor-widget elementor-widget-text-editor\" data-id=\"d3e6c47\" data-element_type=\"widget\" data-widget_type=\"text-editor.default\">\n\t\t\t\t<div class=\"elementor-widget-container\">\n\t\t\t\t\t\t\t\t\t<p>I bollskolan introducerar vi barn i \u00e5ldern 5-6 \u00e5r till bollspel p\u00e5 ett lekfullt s\u00e4tt. Barnen f\u00e5r utveckla sin koordination och sina sociala f\u00e4rdigheter genom olika lekar och boll\u00f6vningar, d\u00e4r mycket r\u00f6relse ing\u00e5r. Genom spel och aktiviteter l\u00e4r sig barnen ocks\u00e5 vikten av lagarbete och att f\u00f6lja enkla regler. Bollskolan \u00e4r inte bara en plats f\u00f6r att l\u00e4ra sig en sport, utan ocks\u00e5 f\u00f6r att bygga sj\u00e4lvf\u00f6rtroende och ha roligt tillsammans!<\/p><p>Vi tr\u00e4nar m\u00e5ndagar kl. 17-17.45 i Lyceiparkens skola.\u00a0<span style=\"color: var( --e-global-color-text ); font-family: var( --e-global-typography-text-font-family ), Sans-serif; font-weight: var( --e-global-typography-text-font-weight );\">Ta med shorts, t-skjorta, inneskor och vattenflaska. Om du inte har en egen boll s\u00e5 finns det l\u00e5nebollar i hallen.<\/span><\/p><p>V\u00e4lkommen till bollskolan!<\/p><p>Pallokoulussa esittelemme 5-6-vuotiaille lapsille pallopelej\u00e4 leikin avulla. Lapset saavat kehitt\u00e4\u00e4 koordinaatiotaan ja sosiaalisia taitojaan erilaisten leikkien ja palloharjoitusten kautta. Pelien ja aktiviteettien kautta lapset oppivat my\u00f6s tiimity\u00f6n t\u00e4rkeyden ja yksinkertaisten s\u00e4\u00e4nt\u00f6jen noudattamisen. Pallokoulu ei ole vain paikka oppia urheilulajia, vaan my\u00f6s paikka miss\u00e4 voi rakentaa itseluottamusta ja pit\u00e4\u00e4 hauskaa yhdess\u00e4!<\/p><p>Harjoittelemme maanantaisin klo 17-17.45 Lyceiparkenin koulussa. Ota mukaan shortsit, t-paita, sis\u00e4pelikeng\u00e4t ja vesipullo. Jos sinulla ei ole omaa palloa, hallista l\u00f6ytyy lainapalloja.<\/p><p>Tervetuloa pallokouluun!<\/p><h5 data-fontsize=\"18\" data-lineheight=\"23\">Kontaktuppgifter \/ Yhteystiedot<\/h5><p><strong>Petri Lindfors<\/strong><br \/>040 756 6611<br \/>petri.lindfors@akilles.fi<\/p><p>Hj\u00e4lptr\u00e4nare:<br \/><strong>Matilda Smith<\/strong><\/p>\t\t\t\t\t\t\t\t<\/div>\n\t\t\t\t<\/div>\n\t\t\t\t\t<\/div>\n\t\t<\/div>\n\t\t\t\t<div class=\"elementor-column elementor-col-50 elementor-top-column elementor-element elementor-element-6b5a8af\" data-id=\"6b5a8af\" data-element_type=\"column\">\n\t\t\t<div class=\"elementor-widget-wrap elementor-element-populated\">\n\t\t\t\t\t\t<div class=\"elementor-element elementor-element-40d56a7 elementor-widget elementor-widget-html\" data-id=\"40d56a7\" data-element_type=\"widget\" data-widget_type=\"html.default\">\n\t\t\t\t<div class=\"elementor-widget-container\">\n\t\t\t\t\t<div style=\"border: 0px solid black;overflow: auto;height: 650px;width: auto;color: red;background-color: white\">\n    \n   <!-- myClub embed JS - start -->\n<div class=\"myclub-embed\" data-url=\"https:\/\/akilles.myclub.fi\/groups\/10423\/event_embeds\/4796?token=e655104352c664b2332d69e939c88504a0730418\"><\/div>\n<script>(function(d, s, id) { var js, mjs = d.getElementsByTagName(s)[0]; if (d.getElementById(id)) return; js = d.createElement(s); js.id = id; js.async = true; js.src = \"https:\/\/d2ubdm6yoox6gh.cloudfront.net\/assets\/myclub-embed.js\"; mjs.parentNode.insertBefore(js, mjs); }(document, 'script', 'myclub-embed-js'));\n<\/script>\n<!-- myClub embed JS - end -->\n\n\n<\/div>\t\t\t\t<\/div>\n\t\t\t\t<\/div>\n\t\t\t\t\t<\/div>\n\t\t<\/div>\n\t\t\t\t\t<\/div>\n\t\t<\/section>\n\t\t\t\t<\/div>\n\t\t","protected":false},"excerpt":{"rendered":"<p>I bollskolan introducerar vi barn i \u00e5ldern 5-6 \u00e5r till bollspel p\u00e5 ett lekfullt s\u00e4tt. Barnen f\u00e5r utveckla sin koordination och sina sociala f\u00e4rdigheter genom olika lekar och boll\u00f6vningar, d\u00e4r mycket r\u00f6relse ing\u00e5r. Genom spel och aktiviteter l\u00e4r sig barnen ocks\u00e5 vikten av lagarbete och att f\u00f6lja enkla regler. Bollskolan \u00e4r inte bara en plats [&hellip;]<\/p>\n","protected":false},"author":4,"featured_media":0,"parent":0,"menu_order":0,"comment_status":"closed","ping_status":"closed","template":"","meta":{"_crdt_document":"","footnotes":""},"class_list":["post-623","page","type-page","status-publish","hentry"],"yoast_head":"<!-- This site is optimized with the Yoast SEO plugin v27.4 - https:\/\/yoast.com\/product\/yoast-seo-wordpress\/ -->\n<title>Bollskolan - Pallokoulu - Handboll - K\u00e4sipallo<\/title>\n<meta name=\"robots\" content=\"index, follow, max-snippet:-1, max-image-preview:large, max-video-preview:-1\" \/>\n<link rel=\"canonical\" href=\"https:\/\/www.akilles.fi\/handboll\/bollskolan-pallokoulu\/\" \/>\n<meta property=\"og:locale\" content=\"sv_SE\" \/>\n<meta property=\"og:type\" content=\"article\" \/>\n<meta property=\"og:title\" content=\"Bollskolan - Pallokoulu - Handboll - K\u00e4sipallo\" \/>\n<meta property=\"og:description\" content=\"I bollskolan introducerar vi barn i \u00e5ldern 5-6 \u00e5r till bollspel p\u00e5 ett lekfullt s\u00e4tt. Barnen f\u00e5r utveckla sin koordination och sina sociala f\u00e4rdigheter genom olika lekar och boll\u00f6vningar, d\u00e4r mycket r\u00f6relse ing\u00e5r. Genom spel och aktiviteter l\u00e4r sig barnen ocks\u00e5 vikten av lagarbete och att f\u00f6lja enkla regler. Bollskolan \u00e4r inte bara en plats [&hellip;]\" \/>\n<meta property=\"og:url\" content=\"https:\/\/www.akilles.fi\/handboll\/bollskolan-pallokoulu\/\" \/>\n<meta property=\"og:site_name\" content=\"Handboll - K\u00e4sipallo\" \/>\n<meta property=\"article:modified_time\" content=\"2025-10-09T17:08:44+00:00\" \/>\n<meta name=\"twitter:card\" content=\"summary_large_image\" \/>\n<meta name=\"twitter:label1\" content=\"Ber\u00e4knad l\u00e4stid\" \/>\n\t<meta name=\"twitter:data1\" content=\"1 minut\" \/>\n<script type=\"application\/ld+json\" class=\"yoast-schema-graph\">{\"@context\":\"https:\\\/\\\/schema.org\",\"@graph\":[{\"@type\":\"WebPage\",\"@id\":\"https:\\\/\\\/www.akilles.fi\\\/handboll\\\/bollskolan-pallokoulu\\\/\",\"url\":\"https:\\\/\\\/www.akilles.fi\\\/handboll\\\/bollskolan-pallokoulu\\\/\",\"name\":\"Bollskolan - Pallokoulu - Handboll - K\u00e4sipallo\",\"isPartOf\":{\"@id\":\"https:\\\/\\\/www.akilles.fi\\\/handboll\\\/#website\"},\"datePublished\":\"2019-02-11T16:04:30+00:00\",\"dateModified\":\"2025-10-09T17:08:44+00:00\",\"breadcrumb\":{\"@id\":\"https:\\\/\\\/www.akilles.fi\\\/handboll\\\/bollskolan-pallokoulu\\\/#breadcrumb\"},\"inLanguage\":\"sv-SE\",\"potentialAction\":[{\"@type\":\"ReadAction\",\"target\":[\"https:\\\/\\\/www.akilles.fi\\\/handboll\\\/bollskolan-pallokoulu\\\/\"]}]},{\"@type\":\"BreadcrumbList\",\"@id\":\"https:\\\/\\\/www.akilles.fi\\\/handboll\\\/bollskolan-pallokoulu\\\/#breadcrumb\",\"itemListElement\":[{\"@type\":\"ListItem\",\"position\":1,\"name\":\"Home\",\"item\":\"https:\\\/\\\/www.akilles.fi\\\/handboll\\\/\"},{\"@type\":\"ListItem\",\"position\":2,\"name\":\"Bollskolan &#8211; Pallokoulu\"}]},{\"@type\":\"WebSite\",\"@id\":\"https:\\\/\\\/www.akilles.fi\\\/handboll\\\/#website\",\"url\":\"https:\\\/\\\/www.akilles.fi\\\/handboll\\\/\",\"name\":\"Handboll - K\u00e4sipallo\",\"description\":\"Borg\u00e5 Akilles Handboll - Porvoon Akilles K\u00e4sipallo\",\"potentialAction\":[{\"@type\":\"SearchAction\",\"target\":{\"@type\":\"EntryPoint\",\"urlTemplate\":\"https:\\\/\\\/www.akilles.fi\\\/handboll\\\/?s={search_term_string}\"},\"query-input\":{\"@type\":\"PropertyValueSpecification\",\"valueRequired\":true,\"valueName\":\"search_term_string\"}}],\"inLanguage\":\"sv-SE\"}]}<\/script>\n<!-- \/ Yoast SEO plugin. -->","yoast_head_json":{"title":"Bollskolan - Pallokoulu - Handboll - K\u00e4sipallo","robots":{"index":"index","follow":"follow","max-snippet":"max-snippet:-1","max-image-preview":"max-image-preview:large","max-video-preview":"max-video-preview:-1"},"canonical":"https:\/\/www.akilles.fi\/handboll\/bollskolan-pallokoulu\/","og_locale":"sv_SE","og_type":"article","og_title":"Bollskolan - Pallokoulu - Handboll - K\u00e4sipallo","og_description":"I bollskolan introducerar vi barn i \u00e5ldern 5-6 \u00e5r till bollspel p\u00e5 ett lekfullt s\u00e4tt. Barnen f\u00e5r utveckla sin koordination och sina sociala f\u00e4rdigheter genom olika lekar och boll\u00f6vningar, d\u00e4r mycket r\u00f6relse ing\u00e5r. Genom spel och aktiviteter l\u00e4r sig barnen ocks\u00e5 vikten av lagarbete och att f\u00f6lja enkla regler. Bollskolan \u00e4r inte bara en plats [&hellip;]","og_url":"https:\/\/www.akilles.fi\/handboll\/bollskolan-pallokoulu\/","og_site_name":"Handboll - K\u00e4sipallo","article_modified_time":"2025-10-09T17:08:44+00:00","twitter_card":"summary_large_image","twitter_misc":{"Ber\u00e4knad l\u00e4stid":"1 minut"},"schema":{"@context":"https:\/\/schema.org","@graph":[{"@type":"WebPage","@id":"https:\/\/www.akilles.fi\/handboll\/bollskolan-pallokoulu\/","url":"https:\/\/www.akilles.fi\/handboll\/bollskolan-pallokoulu\/","name":"Bollskolan - Pallokoulu - Handboll - K\u00e4sipallo","isPartOf":{"@id":"https:\/\/www.akilles.fi\/handboll\/#website"},"datePublished":"2019-02-11T16:04:30+00:00","dateModified":"2025-10-09T17:08:44+00:00","breadcrumb":{"@id":"https:\/\/www.akilles.fi\/handboll\/bollskolan-pallokoulu\/#breadcrumb"},"inLanguage":"sv-SE","potentialAction":[{"@type":"ReadAction","target":["https:\/\/www.akilles.fi\/handboll\/bollskolan-pallokoulu\/"]}]},{"@type":"BreadcrumbList","@id":"https:\/\/www.akilles.fi\/handboll\/bollskolan-pallokoulu\/#breadcrumb","itemListElement":[{"@type":"ListItem","position":1,"name":"Home","item":"https:\/\/www.akilles.fi\/handboll\/"},{"@type":"ListItem","position":2,"name":"Bollskolan &#8211; Pallokoulu"}]},{"@type":"WebSite","@id":"https:\/\/www.akilles.fi\/handboll\/#website","url":"https:\/\/www.akilles.fi\/handboll\/","name":"Handboll - K\u00e4sipallo","description":"Borg\u00e5 Akilles Handboll - Porvoon Akilles K\u00e4sipallo","potentialAction":[{"@type":"SearchAction","target":{"@type":"EntryPoint","urlTemplate":"https:\/\/www.akilles.fi\/handboll\/?s={search_term_string}"},"query-input":{"@type":"PropertyValueSpecification","valueRequired":true,"valueName":"search_term_string"}}],"inLanguage":"sv-SE"}]}},"_links":{"self":[{"href":"https:\/\/www.akilles.fi\/handboll\/wp-json\/wp\/v2\/pages\/623","targetHints":{"allow":["GET"]}}],"collection":[{"href":"https:\/\/www.akilles.fi\/handboll\/wp-json\/wp\/v2\/pages"}],"about":[{"href":"https:\/\/www.akilles.fi\/handboll\/wp-json\/wp\/v2\/types\/page"}],"author":[{"embeddable":true,"href":"https:\/\/www.akilles.fi\/handboll\/wp-json\/wp\/v2\/users\/4"}],"replies":[{"embeddable":true,"href":"https:\/\/www.akilles.fi\/handboll\/wp-json\/wp\/v2\/comments?post=623"}],"version-history":[{"count":72,"href":"https:\/\/www.akilles.fi\/handboll\/wp-json\/wp\/v2\/pages\/623\/revisions"}],"predecessor-version":[{"id":12851,"href":"https:\/\/www.akilles.fi\/handboll\/wp-json\/wp\/v2\/pages\/623\/revisions\/12851"}],"wp:attachment":[{"href":"https:\/\/www.akilles.fi\/handboll\/wp-json\/wp\/v2\/media?parent=623"}],"curies":[{"name":"wp","href":"https:\/\/api.w.org\/{rel}","templated":true}]}}