{"id":7231,"date":"2021-08-03T10:15:30","date_gmt":"2021-08-03T10:15:30","guid":{"rendered":"https:\/\/www.akilles.fi\/handboll\/?page_id=7231"},"modified":"2025-10-09T17:14:02","modified_gmt":"2025-10-09T17:14:02","slug":"flickor-tytot-12","status":"publish","type":"page","link":"https:\/\/www.akilles.fi\/handboll\/flickor-tytot-12\/","title":{"rendered":"Flickor &#8211; Tyt\u00f6t 12"},"content":{"rendered":"\t\t<div data-elementor-type=\"wp-post\" data-elementor-id=\"7231\" class=\"elementor elementor-7231\" data-elementor-post-type=\"page\">\n\t\t\t\t\t\t<section class=\"elementor-section elementor-top-section elementor-element elementor-element-f4cdc5b elementor-section-boxed elementor-section-height-default elementor-section-height-default\" data-id=\"f4cdc5b\" data-element_type=\"section\">\n\t\t\t\t\t\t<div class=\"elementor-container elementor-column-gap-default\">\n\t\t\t\t\t<div class=\"elementor-column elementor-col-33 elementor-top-column elementor-element elementor-element-aac72ca\" data-id=\"aac72ca\" data-element_type=\"column\">\n\t\t\t<div class=\"elementor-widget-wrap elementor-element-populated\">\n\t\t\t\t\t\t<div class=\"elementor-element elementor-element-1356231 elementor-widget elementor-widget-image\" data-id=\"1356231\" data-element_type=\"widget\" data-widget_type=\"image.default\">\n\t\t\t\t<div class=\"elementor-widget-container\">\n\t\t\t\t\t\t\t\t\t\t\t\t\t\t\t<img fetchpriority=\"high\" decoding=\"async\" width=\"1024\" height=\"655\" src=\"https:\/\/www.akilles.fi\/handboll\/wp-content\/uploads\/sites\/18\/2025\/10\/Tytot_2012_2114-1024x655.jpg\" class=\"attachment-large size-large wp-image-12863\" alt=\"\" srcset=\"https:\/\/www.akilles.fi\/handboll\/wp-content\/uploads\/sites\/18\/2025\/10\/Tytot_2012_2114-1024x655.jpg 1024w, https:\/\/www.akilles.fi\/handboll\/wp-content\/uploads\/sites\/18\/2025\/10\/Tytot_2012_2114-300x192.jpg 300w, https:\/\/www.akilles.fi\/handboll\/wp-content\/uploads\/sites\/18\/2025\/10\/Tytot_2012_2114-768x491.jpg 768w, https:\/\/www.akilles.fi\/handboll\/wp-content\/uploads\/sites\/18\/2025\/10\/Tytot_2012_2114-1536x983.jpg 1536w, https:\/\/www.akilles.fi\/handboll\/wp-content\/uploads\/sites\/18\/2025\/10\/Tytot_2012_2114-2048x1310.jpg 2048w, https:\/\/www.akilles.fi\/handboll\/wp-content\/uploads\/sites\/18\/2025\/10\/Tytot_2012_2114-280x180.jpg 280w\" sizes=\"(max-width: 1024px) 100vw, 1024px\" \/>\t\t\t\t\t\t\t\t\t\t\t\t\t\t\t<\/div>\n\t\t\t\t<\/div>\n\t\t\t\t<section class=\"elementor-section elementor-inner-section elementor-element elementor-element-271f7bd elementor-section-boxed elementor-section-height-default elementor-section-height-default\" data-id=\"271f7bd\" data-element_type=\"section\">\n\t\t\t\t\t\t<div class=\"elementor-container elementor-column-gap-default\">\n\t\t\t\t\t<div class=\"elementor-column elementor-col-50 elementor-inner-column elementor-element elementor-element-e762cd5\" data-id=\"e762cd5\" data-element_type=\"column\">\n\t\t\t<div class=\"elementor-widget-wrap elementor-element-populated\">\n\t\t\t\t\t\t<div class=\"elementor-element elementor-element-74a1351 elementor-widget elementor-widget-text-editor\" data-id=\"74a1351\" data-element_type=\"widget\" data-widget_type=\"text-editor.default\">\n\t\t\t\t<div class=\"elementor-widget-container\">\n\t\t\t\t\t\t\t\t\t<h5 data-fontsize=\"18\" data-lineheight=\"23\">Spelare \/ Pelaajat<\/h5><p>2. Ada Viljanen<br \/>4. Amelia Gr\u00f6nqvist<br \/>6. Lykke Illman<br \/>7. Ellen Pokki<br \/>8. Sophie Nyberg<br \/>9. Wenla Lehto<br \/>10. Aiko Larsen<br \/>11. Ebba Ek<br \/>12. Isabella Nyholm<br \/>15. Hilla Santalahti<br \/>18. Mathilda Aarnio<br \/>19. Amelie Turunen<br \/>20. Olivia Fors\u00e9n<br \/>21. Molly Markusson<br \/>22. Sofia Rigby<br \/>24. Ella Forslund<br \/>28. Ida Hamstr\u00f6m<br \/>60. Victoria Nygren<br \/>81. Filippa Clayhills<br \/>90. Ella Ahonen<\/p>\t\t\t\t\t\t\t\t<\/div>\n\t\t\t\t<\/div>\n\t\t\t\t\t<\/div>\n\t\t<\/div>\n\t\t\t\t<div class=\"elementor-column elementor-col-50 elementor-inner-column elementor-element elementor-element-a6577fc\" data-id=\"a6577fc\" data-element_type=\"column\">\n\t\t\t<div class=\"elementor-widget-wrap elementor-element-populated\">\n\t\t\t\t\t\t<div class=\"elementor-element elementor-element-379bee7 elementor-widget elementor-widget-text-editor\" data-id=\"379bee7\" data-element_type=\"widget\" data-widget_type=\"text-editor.default\">\n\t\t\t\t<div class=\"elementor-widget-container\">\n\t\t\t\t\t\t\t\t\t<div><div><h5 data-fontsize=\"18\" data-lineheight=\"23\">Kontaktuppgifter<br \/>Yhteystiedot<\/h5><\/div><\/div><div><div><p>Huvudtr\u00e4nare \/ P\u00e4\u00e4valmentaja<br \/><strong>Jonas Turunen<\/strong><br \/>040-5882284<br \/><a href=\"mailto:jo_turunen@hotmail.com\">jo_turunen@hotmail.com<\/a><\/p><p>Hj\u00e4lptr\u00e4nare \/ Apuvalmentaja<br \/><strong>Calle Ahonen<br \/><\/strong>044-0554760<strong><br \/><\/strong><\/p><\/div><\/div><div><span style=\"color: #000000\">Lagledare \/ Joukkueenjohtaja<br \/><strong>Heidi Gr\u00f6nqvist<\/strong><br \/>040-5518857<br \/><a href=\"mailto:heidilindfors@hotmail.com\">heidilindfors@hotmail.com<\/a><br \/><\/span><\/div>\t\t\t\t\t\t\t\t<\/div>\n\t\t\t\t<\/div>\n\t\t\t\t\t<\/div>\n\t\t<\/div>\n\t\t\t\t\t<\/div>\n\t\t<\/section>\n\t\t\t\t\t<\/div>\n\t\t<\/div>\n\t\t\t\t<div class=\"elementor-column elementor-col-33 elementor-top-column elementor-element elementor-element-7bf9782\" data-id=\"7bf9782\" data-element_type=\"column\">\n\t\t\t<div class=\"elementor-widget-wrap elementor-element-populated\">\n\t\t\t\t\t\t<div class=\"elementor-element elementor-element-b145e92 elementor-widget elementor-widget-html\" data-id=\"b145e92\" data-element_type=\"widget\" data-widget_type=\"html.default\">\n\t\t\t\t<div class=\"elementor-widget-container\">\n\t\t\t\t\t<div style=\"border: 0px solid black;overflow: auto;height: 650px;width: auto;color: red;background-color: white\">\n<!-- myClub embed JS - start -->\n<div class=\"myclub-embed\" data-url=\"https:\/\/akilles.myclub.fi\/groups\/35182\/event_embeds\/15271?token=64f1309fbed5ac2528c6f4407b8fe20f9143b283\"><\/div>\n<script>\n(function(d, s, id) { var js, mjs = d.getElementsByTagName(s)[0]; if (d.getElementById(id)) return; js = d.createElement(s); js.id = id; js.async = true; js.src = \"https:\/\/d2ubdm6yoox6gh.cloudfront.net\/assets\/myclub-embed.js\"; mjs.parentNode.insertBefore(js, mjs); }(document, 'script', 'myclub-embed-js'));\n<\/script>\n<!-- myClub embed JS - end -->\n\n<\/div>\t\t\t\t<\/div>\n\t\t\t\t<\/div>\n\t\t\t\t\t<\/div>\n\t\t<\/div>\n\t\t\t\t<div class=\"elementor-column elementor-col-33 elementor-top-column elementor-element elementor-element-80a61a4\" data-id=\"80a61a4\" data-element_type=\"column\">\n\t\t\t<div class=\"elementor-widget-wrap elementor-element-populated\">\n\t\t\t\t\t\t<div class=\"elementor-element elementor-element-b682306 elementor-widget elementor-widget-heading\" data-id=\"b682306\" data-element_type=\"widget\" data-widget_type=\"heading.default\">\n\t\t\t\t<div class=\"elementor-widget-container\">\n\t\t\t\t\t<h2 class=\"elementor-heading-title elementor-size-default\">Serietabell \/ Sarjataulukko<\/h2>\t\t\t\t<\/div>\n\t\t\t\t<\/div>\n\t\t\t\t<div class=\"elementor-element elementor-element-d3c1ffa elementor-widget elementor-widget-html\" data-id=\"d3c1ffa\" data-element_type=\"widget\" data-widget_type=\"html.default\">\n\t\t\t\t<div class=\"elementor-widget-container\">\n\t\t\t\t\t<script src='https:\/\/tulospalvelu.finnhandball.net\/taso\/widget.php?widget=scoretable&competition=hb2024&class=DT-12&group=1&key=V9MVRAEBYA'><\/script>\t\t\t\t<\/div>\n\t\t\t\t<\/div>\n\t\t\t\t<div class=\"elementor-element elementor-element-0b8bce8 elementor-widget elementor-widget-heading\" data-id=\"0b8bce8\" data-element_type=\"widget\" data-widget_type=\"heading.default\">\n\t\t\t\t<div class=\"elementor-widget-container\">\n\t\t\t\t\t<h2 class=\"elementor-heading-title elementor-size-default\">N\u00e4sta match \/ Seuraava ottelu<\/h2>\t\t\t\t<\/div>\n\t\t\t\t<\/div>\n\t\t\t\t<div class=\"elementor-element elementor-element-b2b80c0 elementor-widget elementor-widget-html\" data-id=\"b2b80c0\" data-element_type=\"widget\" data-widget_type=\"html.default\">\n\t\t\t\t<div class=\"elementor-widget-container\">\n\t\t\t\t\t<script src='https:\/\/tulospalvelu.finnhandball.net\/taso\/widget.php?widget=nextmatch&team=104334&key=V9MVRAEBYA'><\/script>\t\t\t\t<\/div>\n\t\t\t\t<\/div>\n\t\t\t\t<div class=\"elementor-element elementor-element-e4eacb5 elementor-widget elementor-widget-html\" data-id=\"e4eacb5\" data-element_type=\"widget\" data-widget_type=\"html.default\">\n\t\t\t\t<div class=\"elementor-widget-container\">\n\t\t\t\t\t<script src='https:\/\/tulospalvelu.finnhandball.net\/taso\/widget.php?widget=nextmatch&team=104132&key=3W6TM3G96B'><\/script>\t\t\t\t<\/div>\n\t\t\t\t<\/div>\n\t\t\t\t\t<\/div>\n\t\t<\/div>\n\t\t\t\t\t<\/div>\n\t\t<\/section>\n\t\t\t\t<section class=\"elementor-section elementor-top-section elementor-element elementor-element-d8b3d71 elementor-section-content-middle elementor-section-boxed elementor-section-height-default elementor-section-height-default\" data-id=\"d8b3d71\" data-element_type=\"section\">\n\t\t\t\t\t\t<div class=\"elementor-container elementor-column-gap-default\">\n\t\t\t\t\t<div class=\"elementor-column elementor-col-33 elementor-top-column elementor-element elementor-element-8fe6448\" data-id=\"8fe6448\" data-element_type=\"column\">\n\t\t\t<div class=\"elementor-widget-wrap elementor-element-populated\">\n\t\t\t\t\t\t<div class=\"elementor-element elementor-element-612fe2e elementor-widget elementor-widget-image\" data-id=\"612fe2e\" data-element_type=\"widget\" data-widget_type=\"image.default\">\n\t\t\t\t<div class=\"elementor-widget-container\">\n\t\t\t\t\t\t\t\t\t\t\t\t\t\t\t\t<a href=\"https:\/\/www.ekoy.fi\/\">\n\t\t\t\t\t\t\t<img decoding=\"async\" width=\"1024\" height=\"637\" src=\"https:\/\/www.akilles.fi\/handboll\/wp-content\/uploads\/sites\/18\/2024\/10\/EKOY_ilman-merkkia_rgb-1024x637.jpg\" class=\"attachment-large size-large wp-image-11678\" alt=\"\" srcset=\"https:\/\/www.akilles.fi\/handboll\/wp-content\/uploads\/sites\/18\/2024\/10\/EKOY_ilman-merkkia_rgb-1024x637.jpg 1024w, https:\/\/www.akilles.fi\/handboll\/wp-content\/uploads\/sites\/18\/2024\/10\/EKOY_ilman-merkkia_rgb-300x187.jpg 300w, https:\/\/www.akilles.fi\/handboll\/wp-content\/uploads\/sites\/18\/2024\/10\/EKOY_ilman-merkkia_rgb-768x478.jpg 768w, https:\/\/www.akilles.fi\/handboll\/wp-content\/uploads\/sites\/18\/2024\/10\/EKOY_ilman-merkkia_rgb.jpg 1181w\" sizes=\"(max-width: 1024px) 100vw, 1024px\" \/>\t\t\t\t\t\t\t\t<\/a>\n\t\t\t\t\t\t\t\t\t\t\t\t\t\t\t<\/div>\n\t\t\t\t<\/div>\n\t\t\t\t\t<\/div>\n\t\t<\/div>\n\t\t\t\t<div class=\"elementor-column elementor-col-33 elementor-top-column elementor-element elementor-element-be1c6e2\" data-id=\"be1c6e2\" data-element_type=\"column\">\n\t\t\t<div class=\"elementor-widget-wrap elementor-element-populated\">\n\t\t\t\t\t\t<div class=\"elementor-element elementor-element-234e6dd elementor-widget elementor-widget-image\" data-id=\"234e6dd\" data-element_type=\"widget\" data-widget_type=\"image.default\">\n\t\t\t\t<div class=\"elementor-widget-container\">\n\t\t\t\t\t\t\t\t\t\t\t\t\t\t\t\t<a href=\"https:\/\/porvoonautopalvelu.fi\/\">\n\t\t\t\t\t\t\t<img decoding=\"async\" width=\"327\" height=\"101\" src=\"https:\/\/www.akilles.fi\/handboll\/wp-content\/uploads\/sites\/18\/2023\/09\/Autopalvelu-logo.png\" class=\"attachment-large size-large wp-image-10344\" alt=\"\" srcset=\"https:\/\/www.akilles.fi\/handboll\/wp-content\/uploads\/sites\/18\/2023\/09\/Autopalvelu-logo.png 327w, https:\/\/www.akilles.fi\/handboll\/wp-content\/uploads\/sites\/18\/2023\/09\/Autopalvelu-logo-300x93.png 300w\" sizes=\"(max-width: 327px) 100vw, 327px\" \/>\t\t\t\t\t\t\t\t<\/a>\n\t\t\t\t\t\t\t\t\t\t\t\t\t\t\t<\/div>\n\t\t\t\t<\/div>\n\t\t\t\t\t<\/div>\n\t\t<\/div>\n\t\t\t\t<div class=\"elementor-column elementor-col-33 elementor-top-column elementor-element elementor-element-275f091\" data-id=\"275f091\" data-element_type=\"column\">\n\t\t\t<div class=\"elementor-widget-wrap\">\n\t\t\t\t\t\t\t<\/div>\n\t\t<\/div>\n\t\t\t\t\t<\/div>\n\t\t<\/section>\n\t\t\t\t<\/div>\n\t\t","protected":false},"excerpt":{"rendered":"<p>Spelare \/ Pelaajat 2. Ada Viljanen4. Amelia Gr\u00f6nqvist6. Lykke Illman7. Ellen Pokki8. Sophie Nyberg9. Wenla Lehto10. Aiko Larsen11. Ebba Ek12. Isabella Nyholm15. Hilla Santalahti18. Mathilda Aarnio19. Amelie Turunen20. Olivia Fors\u00e9n21. Molly Markusson22. Sofia Rigby24. Ella Forslund28. Ida Hamstr\u00f6m60. Victoria Nygren81. Filippa Clayhills90. Ella Ahonen KontaktuppgifterYhteystiedot Huvudtr\u00e4nare \/ P\u00e4\u00e4valmentajaJonas Turunen040-5882284jo_turunen@hotmail.com Hj\u00e4lptr\u00e4nare \/ ApuvalmentajaCalle Ahonen044-0554760 Lagledare \/ [&hellip;]<\/p>\n","protected":false},"author":2,"featured_media":0,"parent":0,"menu_order":0,"comment_status":"closed","ping_status":"closed","template":"","meta":{"_crdt_document":"","footnotes":""},"class_list":["post-7231","page","type-page","status-publish","hentry"],"yoast_head":"<!-- This site is optimized with the Yoast SEO plugin v26.8 - https:\/\/yoast.com\/product\/yoast-seo-wordpress\/ -->\n<title>Flickor - Tyt\u00f6t 12 - Handboll - K\u00e4sipallo<\/title>\n<meta name=\"robots\" content=\"index, follow, max-snippet:-1, max-image-preview:large, max-video-preview:-1\" \/>\n<link rel=\"canonical\" href=\"https:\/\/www.akilles.fi\/handboll\/flickor-tytot-12\/\" \/>\n<meta property=\"og:locale\" content=\"sv_SE\" \/>\n<meta property=\"og:type\" content=\"article\" \/>\n<meta property=\"og:title\" content=\"Flickor - Tyt\u00f6t 12 - Handboll - K\u00e4sipallo\" \/>\n<meta property=\"og:description\" content=\"Spelare \/ Pelaajat 2. Ada Viljanen4. Amelia Gr\u00f6nqvist6. Lykke Illman7. Ellen Pokki8. Sophie Nyberg9. Wenla Lehto10. Aiko Larsen11. Ebba Ek12. Isabella Nyholm15. Hilla Santalahti18. Mathilda Aarnio19. Amelie Turunen20. Olivia Fors\u00e9n21. Molly Markusson22. Sofia Rigby24. Ella Forslund28. Ida Hamstr\u00f6m60. Victoria Nygren81. Filippa Clayhills90. Ella Ahonen KontaktuppgifterYhteystiedot Huvudtr\u00e4nare \/ P\u00e4\u00e4valmentajaJonas Turunen040-5882284jo_turunen@hotmail.com Hj\u00e4lptr\u00e4nare \/ ApuvalmentajaCalle Ahonen044-0554760 Lagledare \/ [&hellip;]\" \/>\n<meta property=\"og:url\" content=\"https:\/\/www.akilles.fi\/handboll\/flickor-tytot-12\/\" \/>\n<meta property=\"og:site_name\" content=\"Handboll - K\u00e4sipallo\" \/>\n<meta property=\"article:modified_time\" content=\"2025-10-09T17:14:02+00:00\" \/>\n<meta property=\"og:image\" content=\"https:\/\/www.akilles.fi\/handboll\/wp-content\/uploads\/sites\/18\/2025\/10\/Tytot_2012_2114.jpg\" \/>\n\t<meta property=\"og:image:width\" content=\"2560\" \/>\n\t<meta property=\"og:image:height\" content=\"1638\" \/>\n\t<meta property=\"og:image:type\" content=\"image\/jpeg\" \/>\n<meta name=\"twitter:card\" content=\"summary_large_image\" \/>\n<meta name=\"twitter:label1\" content=\"Ber\u00e4knad l\u00e4stid\" \/>\n\t<meta name=\"twitter:data1\" content=\"2 minuter\" \/>\n<script type=\"application\/ld+json\" class=\"yoast-schema-graph\">{\"@context\":\"https:\/\/schema.org\",\"@graph\":[{\"@type\":\"WebPage\",\"@id\":\"https:\/\/www.akilles.fi\/handboll\/flickor-tytot-12\/\",\"url\":\"https:\/\/www.akilles.fi\/handboll\/flickor-tytot-12\/\",\"name\":\"Flickor - Tyt\u00f6t 12 - Handboll - K\u00e4sipallo\",\"isPartOf\":{\"@id\":\"https:\/\/www.akilles.fi\/handboll\/#website\"},\"primaryImageOfPage\":{\"@id\":\"https:\/\/www.akilles.fi\/handboll\/flickor-tytot-12\/#primaryimage\"},\"image\":{\"@id\":\"https:\/\/www.akilles.fi\/handboll\/flickor-tytot-12\/#primaryimage\"},\"thumbnailUrl\":\"http:\/\/www.akilles.fi\/handboll\/wp-content\/uploads\/sites\/18\/2025\/10\/Tytot_2012_2114-1024x655.jpg\",\"datePublished\":\"2021-08-03T10:15:30+00:00\",\"dateModified\":\"2025-10-09T17:14:02+00:00\",\"breadcrumb\":{\"@id\":\"https:\/\/www.akilles.fi\/handboll\/flickor-tytot-12\/#breadcrumb\"},\"inLanguage\":\"sv-SE\",\"potentialAction\":[{\"@type\":\"ReadAction\",\"target\":[\"https:\/\/www.akilles.fi\/handboll\/flickor-tytot-12\/\"]}]},{\"@type\":\"ImageObject\",\"inLanguage\":\"sv-SE\",\"@id\":\"https:\/\/www.akilles.fi\/handboll\/flickor-tytot-12\/#primaryimage\",\"url\":\"https:\/\/www.akilles.fi\/handboll\/wp-content\/uploads\/sites\/18\/2025\/10\/Tytot_2012_2114.jpg\",\"contentUrl\":\"https:\/\/www.akilles.fi\/handboll\/wp-content\/uploads\/sites\/18\/2025\/10\/Tytot_2012_2114.jpg\",\"width\":2560,\"height\":1638},{\"@type\":\"BreadcrumbList\",\"@id\":\"https:\/\/www.akilles.fi\/handboll\/flickor-tytot-12\/#breadcrumb\",\"itemListElement\":[{\"@type\":\"ListItem\",\"position\":1,\"name\":\"Home\",\"item\":\"https:\/\/www.akilles.fi\/handboll\/\"},{\"@type\":\"ListItem\",\"position\":2,\"name\":\"Flickor &#8211; Tyt\u00f6t 12\"}]},{\"@type\":\"WebSite\",\"@id\":\"https:\/\/www.akilles.fi\/handboll\/#website\",\"url\":\"https:\/\/www.akilles.fi\/handboll\/\",\"name\":\"Handboll - K\u00e4sipallo\",\"description\":\"Borg\u00e5 Akilles Handboll - Porvoon Akilles K\u00e4sipallo\",\"potentialAction\":[{\"@type\":\"SearchAction\",\"target\":{\"@type\":\"EntryPoint\",\"urlTemplate\":\"https:\/\/www.akilles.fi\/handboll\/?s={search_term_string}\"},\"query-input\":{\"@type\":\"PropertyValueSpecification\",\"valueRequired\":true,\"valueName\":\"search_term_string\"}}],\"inLanguage\":\"sv-SE\"}]}<\/script>\n<!-- \/ Yoast SEO plugin. -->","yoast_head_json":{"title":"Flickor - Tyt\u00f6t 12 - Handboll - K\u00e4sipallo","robots":{"index":"index","follow":"follow","max-snippet":"max-snippet:-1","max-image-preview":"max-image-preview:large","max-video-preview":"max-video-preview:-1"},"canonical":"https:\/\/www.akilles.fi\/handboll\/flickor-tytot-12\/","og_locale":"sv_SE","og_type":"article","og_title":"Flickor - Tyt\u00f6t 12 - Handboll - K\u00e4sipallo","og_description":"Spelare \/ Pelaajat 2. Ada Viljanen4. Amelia Gr\u00f6nqvist6. Lykke Illman7. Ellen Pokki8. Sophie Nyberg9. Wenla Lehto10. Aiko Larsen11. Ebba Ek12. Isabella Nyholm15. Hilla Santalahti18. Mathilda Aarnio19. Amelie Turunen20. Olivia Fors\u00e9n21. Molly Markusson22. Sofia Rigby24. Ella Forslund28. Ida Hamstr\u00f6m60. Victoria Nygren81. Filippa Clayhills90. Ella Ahonen KontaktuppgifterYhteystiedot Huvudtr\u00e4nare \/ P\u00e4\u00e4valmentajaJonas Turunen040-5882284jo_turunen@hotmail.com Hj\u00e4lptr\u00e4nare \/ ApuvalmentajaCalle Ahonen044-0554760 Lagledare \/ [&hellip;]","og_url":"https:\/\/www.akilles.fi\/handboll\/flickor-tytot-12\/","og_site_name":"Handboll - K\u00e4sipallo","article_modified_time":"2025-10-09T17:14:02+00:00","og_image":[{"width":2560,"height":1638,"url":"https:\/\/www.akilles.fi\/handboll\/wp-content\/uploads\/sites\/18\/2025\/10\/Tytot_2012_2114.jpg","type":"image\/jpeg"}],"twitter_card":"summary_large_image","twitter_misc":{"Ber\u00e4knad l\u00e4stid":"2 minuter"},"schema":{"@context":"https:\/\/schema.org","@graph":[{"@type":"WebPage","@id":"https:\/\/www.akilles.fi\/handboll\/flickor-tytot-12\/","url":"https:\/\/www.akilles.fi\/handboll\/flickor-tytot-12\/","name":"Flickor - Tyt\u00f6t 12 - Handboll - K\u00e4sipallo","isPartOf":{"@id":"https:\/\/www.akilles.fi\/handboll\/#website"},"primaryImageOfPage":{"@id":"https:\/\/www.akilles.fi\/handboll\/flickor-tytot-12\/#primaryimage"},"image":{"@id":"https:\/\/www.akilles.fi\/handboll\/flickor-tytot-12\/#primaryimage"},"thumbnailUrl":"http:\/\/www.akilles.fi\/handboll\/wp-content\/uploads\/sites\/18\/2025\/10\/Tytot_2012_2114-1024x655.jpg","datePublished":"2021-08-03T10:15:30+00:00","dateModified":"2025-10-09T17:14:02+00:00","breadcrumb":{"@id":"https:\/\/www.akilles.fi\/handboll\/flickor-tytot-12\/#breadcrumb"},"inLanguage":"sv-SE","potentialAction":[{"@type":"ReadAction","target":["https:\/\/www.akilles.fi\/handboll\/flickor-tytot-12\/"]}]},{"@type":"ImageObject","inLanguage":"sv-SE","@id":"https:\/\/www.akilles.fi\/handboll\/flickor-tytot-12\/#primaryimage","url":"https:\/\/www.akilles.fi\/handboll\/wp-content\/uploads\/sites\/18\/2025\/10\/Tytot_2012_2114.jpg","contentUrl":"https:\/\/www.akilles.fi\/handboll\/wp-content\/uploads\/sites\/18\/2025\/10\/Tytot_2012_2114.jpg","width":2560,"height":1638},{"@type":"BreadcrumbList","@id":"https:\/\/www.akilles.fi\/handboll\/flickor-tytot-12\/#breadcrumb","itemListElement":[{"@type":"ListItem","position":1,"name":"Home","item":"https:\/\/www.akilles.fi\/handboll\/"},{"@type":"ListItem","position":2,"name":"Flickor &#8211; Tyt\u00f6t 12"}]},{"@type":"WebSite","@id":"https:\/\/www.akilles.fi\/handboll\/#website","url":"https:\/\/www.akilles.fi\/handboll\/","name":"Handboll - K\u00e4sipallo","description":"Borg\u00e5 Akilles Handboll - Porvoon Akilles K\u00e4sipallo","potentialAction":[{"@type":"SearchAction","target":{"@type":"EntryPoint","urlTemplate":"https:\/\/www.akilles.fi\/handboll\/?s={search_term_string}"},"query-input":{"@type":"PropertyValueSpecification","valueRequired":true,"valueName":"search_term_string"}}],"inLanguage":"sv-SE"}]}},"_links":{"self":[{"href":"https:\/\/www.akilles.fi\/handboll\/wp-json\/wp\/v2\/pages\/7231","targetHints":{"allow":["GET"]}}],"collection":[{"href":"https:\/\/www.akilles.fi\/handboll\/wp-json\/wp\/v2\/pages"}],"about":[{"href":"https:\/\/www.akilles.fi\/handboll\/wp-json\/wp\/v2\/types\/page"}],"author":[{"embeddable":true,"href":"https:\/\/www.akilles.fi\/handboll\/wp-json\/wp\/v2\/users\/2"}],"replies":[{"embeddable":true,"href":"https:\/\/www.akilles.fi\/handboll\/wp-json\/wp\/v2\/comments?post=7231"}],"version-history":[{"count":79,"href":"https:\/\/www.akilles.fi\/handboll\/wp-json\/wp\/v2\/pages\/7231\/revisions"}],"predecessor-version":[{"id":12866,"href":"https:\/\/www.akilles.fi\/handboll\/wp-json\/wp\/v2\/pages\/7231\/revisions\/12866"}],"wp:attachment":[{"href":"https:\/\/www.akilles.fi\/handboll\/wp-json\/wp\/v2\/media?parent=7231"}],"curies":[{"name":"wp","href":"https:\/\/api.w.org\/{rel}","templated":true}]}}