{"id":7295,"date":"2021-08-04T12:17:52","date_gmt":"2021-08-04T12:17:52","guid":{"rendered":"https:\/\/www.akilles.fi\/handboll\/?page_id=7295"},"modified":"2025-12-15T11:54:05","modified_gmt":"2025-12-15T11:54:05","slug":"pojkar-pojat-06-07","status":"publish","type":"page","link":"https:\/\/www.akilles.fi\/handboll\/pojkar-pojat-06-07\/","title":{"rendered":"B-pojkar &#8211; B-pojat 09\/10"},"content":{"rendered":"\t\t<div data-elementor-type=\"wp-post\" data-elementor-id=\"7295\" class=\"elementor elementor-7295\" data-elementor-post-type=\"page\">\n\t\t\t\t\t\t<section class=\"elementor-section elementor-top-section elementor-element elementor-element-f4cdc5b elementor-section-boxed elementor-section-height-default elementor-section-height-default\" data-id=\"f4cdc5b\" data-element_type=\"section\">\n\t\t\t\t\t\t<div class=\"elementor-container elementor-column-gap-default\">\n\t\t\t\t\t<div class=\"elementor-column elementor-col-33 elementor-top-column elementor-element elementor-element-aac72ca\" data-id=\"aac72ca\" data-element_type=\"column\">\n\t\t\t<div class=\"elementor-widget-wrap elementor-element-populated\">\n\t\t\t\t\t\t<div class=\"elementor-element elementor-element-1356231 elementor-widget elementor-widget-image\" data-id=\"1356231\" data-element_type=\"widget\" data-widget_type=\"image.default\">\n\t\t\t\t<div class=\"elementor-widget-container\">\n\t\t\t\t\t\t\t\t\t\t\t\t\t\t\t<img fetchpriority=\"high\" decoding=\"async\" width=\"1024\" height=\"655\" src=\"https:\/\/www.akilles.fi\/handboll\/wp-content\/uploads\/sites\/18\/2025\/10\/B_Pojat_4772-1024x655.jpg\" class=\"attachment-large size-large wp-image-12816\" alt=\"\" srcset=\"https:\/\/www.akilles.fi\/handboll\/wp-content\/uploads\/sites\/18\/2025\/10\/B_Pojat_4772-1024x655.jpg 1024w, https:\/\/www.akilles.fi\/handboll\/wp-content\/uploads\/sites\/18\/2025\/10\/B_Pojat_4772-300x192.jpg 300w, https:\/\/www.akilles.fi\/handboll\/wp-content\/uploads\/sites\/18\/2025\/10\/B_Pojat_4772-768x491.jpg 768w, https:\/\/www.akilles.fi\/handboll\/wp-content\/uploads\/sites\/18\/2025\/10\/B_Pojat_4772-1536x983.jpg 1536w, https:\/\/www.akilles.fi\/handboll\/wp-content\/uploads\/sites\/18\/2025\/10\/B_Pojat_4772-2048x1310.jpg 2048w, https:\/\/www.akilles.fi\/handboll\/wp-content\/uploads\/sites\/18\/2025\/10\/B_Pojat_4772-280x180.jpg 280w\" sizes=\"(max-width: 1024px) 100vw, 1024px\" \/>\t\t\t\t\t\t\t\t\t\t\t\t\t\t\t<\/div>\n\t\t\t\t<\/div>\n\t\t\t\t<section class=\"elementor-section elementor-inner-section elementor-element elementor-element-271f7bd elementor-section-boxed elementor-section-height-default elementor-section-height-default\" data-id=\"271f7bd\" data-element_type=\"section\">\n\t\t\t\t\t\t<div class=\"elementor-container elementor-column-gap-default\">\n\t\t\t\t\t<div class=\"elementor-column elementor-col-50 elementor-inner-column elementor-element elementor-element-e762cd5\" data-id=\"e762cd5\" data-element_type=\"column\">\n\t\t\t<div class=\"elementor-widget-wrap elementor-element-populated\">\n\t\t\t\t\t\t<div class=\"elementor-element elementor-element-74a1351 elementor-widget elementor-widget-text-editor\" data-id=\"74a1351\" data-element_type=\"widget\" data-widget_type=\"text-editor.default\">\n\t\t\t\t<div class=\"elementor-widget-container\">\n\t\t\t\t\t\t\t\t\t<h5 data-fontsize=\"18\" data-lineheight=\"23\">Spelare \/ Pelaajat<\/h5><div>1. Amos Nyberg<\/div><div>5. Theo Gr\u00f6nlund<br \/>8. Lucas Karlsson<br \/>11. Amos Gr\u00f6nman<br \/>13. Oliver Liljendal<br \/>14. Wilmer Gr\u00f6nqvist<br \/>15. Viking Johansson<br \/>16. Jesper Saari<\/div><div><p>18. Milton Nylander<br \/>19. Otega Obi<br \/>24. Viggo Niklander<br \/>27. Odin Borgman<br \/>33. Markus Backman<br \/>46. Viktor Hagner<br \/>Leon Gustafson<\/p><\/div>\t\t\t\t\t\t\t\t<\/div>\n\t\t\t\t<\/div>\n\t\t\t\t\t<\/div>\n\t\t<\/div>\n\t\t\t\t<div class=\"elementor-column elementor-col-50 elementor-inner-column elementor-element elementor-element-a6577fc\" data-id=\"a6577fc\" data-element_type=\"column\">\n\t\t\t<div class=\"elementor-widget-wrap elementor-element-populated\">\n\t\t\t\t\t\t<div class=\"elementor-element elementor-element-379bee7 elementor-widget elementor-widget-text-editor\" data-id=\"379bee7\" data-element_type=\"widget\" data-widget_type=\"text-editor.default\">\n\t\t\t\t<div class=\"elementor-widget-container\">\n\t\t\t\t\t\t\t\t\t<div><div><h5 data-fontsize=\"18\" data-lineheight=\"23\">Kontaktuppgifter \/<br \/>Yhteystiedot<\/h5><\/div><\/div><div><div><p>Huvudtr\u00e4nare \/ P\u00e4\u00e4valmentaja<br \/><strong>Henkka Storsj\u00f6<br \/><\/strong>040-0797606<strong><br \/><\/strong><a href=\"mailto:henkka_storsjo@hotmail.com\">henkka_storsjo@hotmail.com<\/a><\/p><p><span style=\"color: #000000;\">Tr\u00e4nare \/ Valmentaja<br \/><\/span><strong style=\"color: #000000;\">Ric Liljendal<br \/><\/strong><span style=\"color: #000000;\">040-5722045<br \/><a href=\"mailto:ricliljendal@hotmail.com\">ricliljendal@hotmail.com<\/a><\/span><\/p><p><span style=\"color: #000000;\">Lagledare \/ Joukkueenjohtaja<br \/><strong>Niclas Gr\u00f6nlund<\/strong><br \/>040-0445058<\/span><\/p><p>Lagledare \/ Joukkueenjohtaja<br \/><strong>Ron Liljendal<\/strong><br \/>040-7385599<br \/><strong>ron.liljendal@akilles.fi<\/strong><\/p><\/div><\/div>\t\t\t\t\t\t\t\t<\/div>\n\t\t\t\t<\/div>\n\t\t\t\t\t<\/div>\n\t\t<\/div>\n\t\t\t\t\t<\/div>\n\t\t<\/section>\n\t\t\t\t\t<\/div>\n\t\t<\/div>\n\t\t\t\t<div class=\"elementor-column elementor-col-33 elementor-top-column elementor-element elementor-element-7bf9782\" data-id=\"7bf9782\" data-element_type=\"column\">\n\t\t\t<div class=\"elementor-widget-wrap elementor-element-populated\">\n\t\t\t\t\t\t<div class=\"elementor-element elementor-element-b145e92 elementor-widget elementor-widget-html\" data-id=\"b145e92\" data-element_type=\"widget\" data-widget_type=\"html.default\">\n\t\t\t\t<div class=\"elementor-widget-container\">\n\t\t\t\t\t<div style=\"border: 0px solid black;overflow: auto;height: 650px;width: auto;color: red;background-color: white\">\n    <!-- myClub embed JS - start -->\n<!-- myClub embed JS - start -->\n\n<div class=\"myclub-embed\" data-url=\"https:\/\/akilles.myclub.fi\/groups\/27457\/event_embeds\/15282?token=bc91c035b8fa6f344379521f6142491666ee9b7a\"><\/div>\n<script>(function(d, s, id) { var js, mjs = d.getElementsByTagName(s)[0]; if (d.getElementById(id)) return; js = d.createElement(s); js.id = id; js.async = true; js.src = \"https:\/\/d2ubdm6yoox6gh.cloudfront.net\/assets\/myclub-embed.js\"; mjs.parentNode.insertBefore(js, mjs); }(document, 'script', 'myclub-embed-js'));\n<\/script>\n<!-- myClub embed JS - end -->\n\n<\/div>\t\t\t\t<\/div>\n\t\t\t\t<\/div>\n\t\t\t\t\t<\/div>\n\t\t<\/div>\n\t\t\t\t<div class=\"elementor-column elementor-col-33 elementor-top-column elementor-element elementor-element-80a61a4\" data-id=\"80a61a4\" data-element_type=\"column\">\n\t\t\t<div class=\"elementor-widget-wrap elementor-element-populated\">\n\t\t\t\t\t\t<div class=\"elementor-element elementor-element-b682306 elementor-widget elementor-widget-heading\" data-id=\"b682306\" data-element_type=\"widget\" data-widget_type=\"heading.default\">\n\t\t\t\t<div class=\"elementor-widget-container\">\n\t\t\t\t\t<h2 class=\"elementor-heading-title elementor-size-default\">Serietabell \/ Sarjataulukko<\/h2>\t\t\t\t<\/div>\n\t\t\t\t<\/div>\n\t\t\t\t<div class=\"elementor-element elementor-element-d3c1ffa elementor-widget elementor-widget-html\" data-id=\"d3c1ffa\" data-element_type=\"widget\" data-widget_type=\"html.default\">\n\t\t\t\t<div class=\"elementor-widget-container\">\n\t\t\t\t\t<script src='https:\/\/tulospalvelu.finnhandball.net\/taso\/widget.php?widget=scoretable&competition=hb2024&class=BP&group=1&key=98NVTRQDU5'><\/script>\t\t\t\t<\/div>\n\t\t\t\t<\/div>\n\t\t\t\t<div class=\"elementor-element elementor-element-0b8bce8 elementor-widget elementor-widget-heading\" data-id=\"0b8bce8\" data-element_type=\"widget\" data-widget_type=\"heading.default\">\n\t\t\t\t<div class=\"elementor-widget-container\">\n\t\t\t\t\t<h2 class=\"elementor-heading-title elementor-size-default\">N\u00e4sta match \/ Seuraava ottelu<\/h2>\t\t\t\t<\/div>\n\t\t\t\t<\/div>\n\t\t\t\t<div class=\"elementor-element elementor-element-b2b80c0 elementor-widget elementor-widget-html\" data-id=\"b2b80c0\" data-element_type=\"widget\" data-widget_type=\"html.default\">\n\t\t\t\t<div class=\"elementor-widget-container\">\n\t\t\t\t\t<script src='https:\/\/tulospalvelu.finnhandball.net\/taso\/widget.php?widget=nextmatch&team=103878&key=98NVTRQDU5'><\/script>\t\t\t\t<\/div>\n\t\t\t\t<\/div>\n\t\t\t\t<div class=\"elementor-element elementor-element-576f1e3 elementor-widget elementor-widget-html\" data-id=\"576f1e3\" data-element_type=\"widget\" data-widget_type=\"html.default\">\n\t\t\t\t<div class=\"elementor-widget-container\">\n\t\t\t\t\t<script src='https:\/\/tulospalvelu.finnhandball.net\/taso\/widget.php?widget=nextmatch&team=104130&key=JU7TDKZPUH'><\/script>\t\t\t\t<\/div>\n\t\t\t\t<\/div>\n\t\t\t\t\t<\/div>\n\t\t<\/div>\n\t\t\t\t\t<\/div>\n\t\t<\/section>\n\t\t\t\t<section class=\"elementor-section elementor-top-section elementor-element elementor-element-d8b3d71 elementor-section-content-middle elementor-section-boxed elementor-section-height-default elementor-section-height-default\" data-id=\"d8b3d71\" data-element_type=\"section\">\n\t\t\t\t\t\t<div class=\"elementor-container elementor-column-gap-default\">\n\t\t\t\t\t<div class=\"elementor-column elementor-col-20 elementor-top-column elementor-element elementor-element-8fe6448\" data-id=\"8fe6448\" data-element_type=\"column\">\n\t\t\t<div class=\"elementor-widget-wrap\">\n\t\t\t\t\t\t\t<\/div>\n\t\t<\/div>\n\t\t\t\t<div class=\"elementor-column elementor-col-20 elementor-top-column elementor-element elementor-element-ffb2edd\" data-id=\"ffb2edd\" data-element_type=\"column\">\n\t\t\t<div class=\"elementor-widget-wrap elementor-element-populated\">\n\t\t\t\t\t\t<div class=\"elementor-element elementor-element-88f4407 elementor-widget elementor-widget-image\" data-id=\"88f4407\" data-element_type=\"widget\" data-widget_type=\"image.default\">\n\t\t\t\t<div class=\"elementor-widget-container\">\n\t\t\t\t\t\t\t\t\t\t\t\t\t\t\t\t<a href=\"https:\/\/amsbokforing.fi\/\">\n\t\t\t\t\t\t\t<img decoding=\"async\" width=\"1024\" height=\"939\" src=\"https:\/\/www.akilles.fi\/handboll\/wp-content\/uploads\/sites\/18\/2025\/12\/ams3_PNG-1024x939.png\" class=\"attachment-large size-large wp-image-12971\" alt=\"\" srcset=\"https:\/\/www.akilles.fi\/handboll\/wp-content\/uploads\/sites\/18\/2025\/12\/ams3_PNG-1024x939.png 1024w, https:\/\/www.akilles.fi\/handboll\/wp-content\/uploads\/sites\/18\/2025\/12\/ams3_PNG-300x275.png 300w, https:\/\/www.akilles.fi\/handboll\/wp-content\/uploads\/sites\/18\/2025\/12\/ams3_PNG-768x704.png 768w, https:\/\/www.akilles.fi\/handboll\/wp-content\/uploads\/sites\/18\/2025\/12\/ams3_PNG.png 1200w\" sizes=\"(max-width: 1024px) 100vw, 1024px\" \/>\t\t\t\t\t\t\t\t<\/a>\n\t\t\t\t\t\t\t\t\t\t\t\t\t\t\t<\/div>\n\t\t\t\t<\/div>\n\t\t\t\t\t<\/div>\n\t\t<\/div>\n\t\t\t\t<div class=\"elementor-column elementor-col-20 elementor-top-column elementor-element elementor-element-340920c\" data-id=\"340920c\" data-element_type=\"column\">\n\t\t\t<div class=\"elementor-widget-wrap elementor-element-populated\">\n\t\t\t\t\t\t<div class=\"elementor-element elementor-element-77a85eb elementor-widget elementor-widget-image\" data-id=\"77a85eb\" data-element_type=\"widget\" data-widget_type=\"image.default\">\n\t\t\t\t<div class=\"elementor-widget-container\">\n\t\t\t\t\t\t\t\t\t\t\t\t\t\t\t\t<a href=\"https:\/\/www.facebook.com\/pellinge\">\n\t\t\t\t\t\t\t<img decoding=\"async\" width=\"296\" height=\"296\" src=\"https:\/\/www.akilles.fi\/handboll\/wp-content\/uploads\/sites\/18\/2024\/10\/Pellinge-Skargardsservice-some-_profilbild_2-fyrkant.jpg\" class=\"attachment-large size-large wp-image-11536\" alt=\"\" srcset=\"https:\/\/www.akilles.fi\/handboll\/wp-content\/uploads\/sites\/18\/2024\/10\/Pellinge-Skargardsservice-some-_profilbild_2-fyrkant.jpg 296w, https:\/\/www.akilles.fi\/handboll\/wp-content\/uploads\/sites\/18\/2024\/10\/Pellinge-Skargardsservice-some-_profilbild_2-fyrkant-150x150.jpg 150w\" sizes=\"(max-width: 296px) 100vw, 296px\" \/>\t\t\t\t\t\t\t\t<\/a>\n\t\t\t\t\t\t\t\t\t\t\t\t\t\t\t<\/div>\n\t\t\t\t<\/div>\n\t\t\t\t\t<\/div>\n\t\t<\/div>\n\t\t\t\t<div class=\"elementor-column elementor-col-20 elementor-top-column elementor-element elementor-element-be1c6e2\" data-id=\"be1c6e2\" data-element_type=\"column\">\n\t\t\t<div class=\"elementor-widget-wrap\">\n\t\t\t\t\t\t\t<\/div>\n\t\t<\/div>\n\t\t\t\t<div class=\"elementor-column elementor-col-20 elementor-top-column elementor-element elementor-element-275f091\" data-id=\"275f091\" data-element_type=\"column\">\n\t\t\t<div class=\"elementor-widget-wrap\">\n\t\t\t\t\t\t\t<\/div>\n\t\t<\/div>\n\t\t\t\t\t<\/div>\n\t\t<\/section>\n\t\t\t\t<\/div>\n\t\t","protected":false},"excerpt":{"rendered":"<p>Spelare \/ Pelaajat 1. Amos Nyberg5. Theo Gr\u00f6nlund8. Lucas Karlsson11. Amos Gr\u00f6nman13. Oliver Liljendal14. Wilmer Gr\u00f6nqvist15. Viking Johansson16. Jesper Saari 18. Milton Nylander19. Otega Obi24. Viggo Niklander27. Odin Borgman33. Markus Backman46. Viktor HagnerLeon Gustafson Kontaktuppgifter \/Yhteystiedot Huvudtr\u00e4nare \/ P\u00e4\u00e4valmentajaHenkka Storsj\u00f6040-0797606henkka_storsjo@hotmail.com Tr\u00e4nare \/ ValmentajaRic Liljendal040-5722045ricliljendal@hotmail.com Lagledare \/ JoukkueenjohtajaNiclas Gr\u00f6nlund040-0445058 Lagledare \/ JoukkueenjohtajaRon Liljendal040-7385599ron.liljendal@akilles.fi Serietabell \/ Sarjataulukko [&hellip;]<\/p>\n","protected":false},"author":2,"featured_media":0,"parent":0,"menu_order":0,"comment_status":"closed","ping_status":"closed","template":"","meta":{"_crdt_document":"","footnotes":""},"class_list":["post-7295","page","type-page","status-publish","hentry"],"yoast_head":"<!-- This site is optimized with the Yoast SEO plugin v27.4 - https:\/\/yoast.com\/product\/yoast-seo-wordpress\/ -->\n<title>B-pojkar - B-pojat 09\/10 - Handboll - K\u00e4sipallo<\/title>\n<meta name=\"robots\" content=\"index, follow, max-snippet:-1, max-image-preview:large, max-video-preview:-1\" \/>\n<link rel=\"canonical\" href=\"https:\/\/www.akilles.fi\/handboll\/pojkar-pojat-06-07\/\" \/>\n<meta property=\"og:locale\" content=\"sv_SE\" \/>\n<meta property=\"og:type\" content=\"article\" \/>\n<meta property=\"og:title\" content=\"B-pojkar - B-pojat 09\/10 - Handboll - K\u00e4sipallo\" \/>\n<meta property=\"og:description\" content=\"Spelare \/ Pelaajat 1. Amos Nyberg5. Theo Gr\u00f6nlund8. Lucas Karlsson11. Amos Gr\u00f6nman13. Oliver Liljendal14. Wilmer Gr\u00f6nqvist15. Viking Johansson16. Jesper Saari 18. Milton Nylander19. Otega Obi24. Viggo Niklander27. Odin Borgman33. Markus Backman46. Viktor HagnerLeon Gustafson Kontaktuppgifter \/Yhteystiedot Huvudtr\u00e4nare \/ P\u00e4\u00e4valmentajaHenkka Storsj\u00f6040-0797606henkka_storsjo@hotmail.com Tr\u00e4nare \/ ValmentajaRic Liljendal040-5722045ricliljendal@hotmail.com Lagledare \/ JoukkueenjohtajaNiclas Gr\u00f6nlund040-0445058 Lagledare \/ JoukkueenjohtajaRon Liljendal040-7385599ron.liljendal@akilles.fi Serietabell \/ Sarjataulukko [&hellip;]\" \/>\n<meta property=\"og:url\" content=\"https:\/\/www.akilles.fi\/handboll\/pojkar-pojat-06-07\/\" \/>\n<meta property=\"og:site_name\" content=\"Handboll - K\u00e4sipallo\" \/>\n<meta property=\"article:modified_time\" content=\"2025-12-15T11:54:05+00:00\" \/>\n<meta property=\"og:image\" content=\"https:\/\/www.akilles.fi\/handboll\/wp-content\/uploads\/sites\/18\/2025\/10\/B_Pojat_4772.jpg\" \/>\n\t<meta property=\"og:image:width\" content=\"2560\" \/>\n\t<meta property=\"og:image:height\" content=\"1638\" \/>\n\t<meta property=\"og:image:type\" content=\"image\/jpeg\" \/>\n<meta name=\"twitter:card\" content=\"summary_large_image\" \/>\n<meta name=\"twitter:label1\" content=\"Ber\u00e4knad l\u00e4stid\" \/>\n\t<meta name=\"twitter:data1\" content=\"2 minuter\" \/>\n<script type=\"application\/ld+json\" class=\"yoast-schema-graph\">{\"@context\":\"https:\\\/\\\/schema.org\",\"@graph\":[{\"@type\":\"WebPage\",\"@id\":\"https:\\\/\\\/www.akilles.fi\\\/handboll\\\/pojkar-pojat-06-07\\\/\",\"url\":\"https:\\\/\\\/www.akilles.fi\\\/handboll\\\/pojkar-pojat-06-07\\\/\",\"name\":\"B-pojkar - B-pojat 09\\\/10 - Handboll - K\u00e4sipallo\",\"isPartOf\":{\"@id\":\"https:\\\/\\\/www.akilles.fi\\\/handboll\\\/#website\"},\"primaryImageOfPage\":{\"@id\":\"https:\\\/\\\/www.akilles.fi\\\/handboll\\\/pojkar-pojat-06-07\\\/#primaryimage\"},\"image\":{\"@id\":\"https:\\\/\\\/www.akilles.fi\\\/handboll\\\/pojkar-pojat-06-07\\\/#primaryimage\"},\"thumbnailUrl\":\"http:\\\/\\\/www.akilles.fi\\\/handboll\\\/wp-content\\\/uploads\\\/sites\\\/18\\\/2025\\\/10\\\/B_Pojat_4772-1024x655.jpg\",\"datePublished\":\"2021-08-04T12:17:52+00:00\",\"dateModified\":\"2025-12-15T11:54:05+00:00\",\"breadcrumb\":{\"@id\":\"https:\\\/\\\/www.akilles.fi\\\/handboll\\\/pojkar-pojat-06-07\\\/#breadcrumb\"},\"inLanguage\":\"sv-SE\",\"potentialAction\":[{\"@type\":\"ReadAction\",\"target\":[\"https:\\\/\\\/www.akilles.fi\\\/handboll\\\/pojkar-pojat-06-07\\\/\"]}]},{\"@type\":\"ImageObject\",\"inLanguage\":\"sv-SE\",\"@id\":\"https:\\\/\\\/www.akilles.fi\\\/handboll\\\/pojkar-pojat-06-07\\\/#primaryimage\",\"url\":\"https:\\\/\\\/www.akilles.fi\\\/handboll\\\/wp-content\\\/uploads\\\/sites\\\/18\\\/2025\\\/10\\\/B_Pojat_4772.jpg\",\"contentUrl\":\"https:\\\/\\\/www.akilles.fi\\\/handboll\\\/wp-content\\\/uploads\\\/sites\\\/18\\\/2025\\\/10\\\/B_Pojat_4772.jpg\",\"width\":2560,\"height\":1638},{\"@type\":\"BreadcrumbList\",\"@id\":\"https:\\\/\\\/www.akilles.fi\\\/handboll\\\/pojkar-pojat-06-07\\\/#breadcrumb\",\"itemListElement\":[{\"@type\":\"ListItem\",\"position\":1,\"name\":\"Home\",\"item\":\"https:\\\/\\\/www.akilles.fi\\\/handboll\\\/\"},{\"@type\":\"ListItem\",\"position\":2,\"name\":\"B-pojkar &#8211; B-pojat 09\\\/10\"}]},{\"@type\":\"WebSite\",\"@id\":\"https:\\\/\\\/www.akilles.fi\\\/handboll\\\/#website\",\"url\":\"https:\\\/\\\/www.akilles.fi\\\/handboll\\\/\",\"name\":\"Handboll - K\u00e4sipallo\",\"description\":\"Borg\u00e5 Akilles Handboll - Porvoon Akilles K\u00e4sipallo\",\"potentialAction\":[{\"@type\":\"SearchAction\",\"target\":{\"@type\":\"EntryPoint\",\"urlTemplate\":\"https:\\\/\\\/www.akilles.fi\\\/handboll\\\/?s={search_term_string}\"},\"query-input\":{\"@type\":\"PropertyValueSpecification\",\"valueRequired\":true,\"valueName\":\"search_term_string\"}}],\"inLanguage\":\"sv-SE\"}]}<\/script>\n<!-- \/ Yoast SEO plugin. -->","yoast_head_json":{"title":"B-pojkar - B-pojat 09\/10 - Handboll - K\u00e4sipallo","robots":{"index":"index","follow":"follow","max-snippet":"max-snippet:-1","max-image-preview":"max-image-preview:large","max-video-preview":"max-video-preview:-1"},"canonical":"https:\/\/www.akilles.fi\/handboll\/pojkar-pojat-06-07\/","og_locale":"sv_SE","og_type":"article","og_title":"B-pojkar - B-pojat 09\/10 - Handboll - K\u00e4sipallo","og_description":"Spelare \/ Pelaajat 1. Amos Nyberg5. Theo Gr\u00f6nlund8. Lucas Karlsson11. Amos Gr\u00f6nman13. Oliver Liljendal14. Wilmer Gr\u00f6nqvist15. Viking Johansson16. Jesper Saari 18. Milton Nylander19. Otega Obi24. Viggo Niklander27. Odin Borgman33. Markus Backman46. Viktor HagnerLeon Gustafson Kontaktuppgifter \/Yhteystiedot Huvudtr\u00e4nare \/ P\u00e4\u00e4valmentajaHenkka Storsj\u00f6040-0797606henkka_storsjo@hotmail.com Tr\u00e4nare \/ ValmentajaRic Liljendal040-5722045ricliljendal@hotmail.com Lagledare \/ JoukkueenjohtajaNiclas Gr\u00f6nlund040-0445058 Lagledare \/ JoukkueenjohtajaRon Liljendal040-7385599ron.liljendal@akilles.fi Serietabell \/ Sarjataulukko [&hellip;]","og_url":"https:\/\/www.akilles.fi\/handboll\/pojkar-pojat-06-07\/","og_site_name":"Handboll - K\u00e4sipallo","article_modified_time":"2025-12-15T11:54:05+00:00","og_image":[{"width":2560,"height":1638,"url":"https:\/\/www.akilles.fi\/handboll\/wp-content\/uploads\/sites\/18\/2025\/10\/B_Pojat_4772.jpg","type":"image\/jpeg"}],"twitter_card":"summary_large_image","twitter_misc":{"Ber\u00e4knad l\u00e4stid":"2 minuter"},"schema":{"@context":"https:\/\/schema.org","@graph":[{"@type":"WebPage","@id":"https:\/\/www.akilles.fi\/handboll\/pojkar-pojat-06-07\/","url":"https:\/\/www.akilles.fi\/handboll\/pojkar-pojat-06-07\/","name":"B-pojkar - B-pojat 09\/10 - Handboll - K\u00e4sipallo","isPartOf":{"@id":"https:\/\/www.akilles.fi\/handboll\/#website"},"primaryImageOfPage":{"@id":"https:\/\/www.akilles.fi\/handboll\/pojkar-pojat-06-07\/#primaryimage"},"image":{"@id":"https:\/\/www.akilles.fi\/handboll\/pojkar-pojat-06-07\/#primaryimage"},"thumbnailUrl":"http:\/\/www.akilles.fi\/handboll\/wp-content\/uploads\/sites\/18\/2025\/10\/B_Pojat_4772-1024x655.jpg","datePublished":"2021-08-04T12:17:52+00:00","dateModified":"2025-12-15T11:54:05+00:00","breadcrumb":{"@id":"https:\/\/www.akilles.fi\/handboll\/pojkar-pojat-06-07\/#breadcrumb"},"inLanguage":"sv-SE","potentialAction":[{"@type":"ReadAction","target":["https:\/\/www.akilles.fi\/handboll\/pojkar-pojat-06-07\/"]}]},{"@type":"ImageObject","inLanguage":"sv-SE","@id":"https:\/\/www.akilles.fi\/handboll\/pojkar-pojat-06-07\/#primaryimage","url":"https:\/\/www.akilles.fi\/handboll\/wp-content\/uploads\/sites\/18\/2025\/10\/B_Pojat_4772.jpg","contentUrl":"https:\/\/www.akilles.fi\/handboll\/wp-content\/uploads\/sites\/18\/2025\/10\/B_Pojat_4772.jpg","width":2560,"height":1638},{"@type":"BreadcrumbList","@id":"https:\/\/www.akilles.fi\/handboll\/pojkar-pojat-06-07\/#breadcrumb","itemListElement":[{"@type":"ListItem","position":1,"name":"Home","item":"https:\/\/www.akilles.fi\/handboll\/"},{"@type":"ListItem","position":2,"name":"B-pojkar &#8211; B-pojat 09\/10"}]},{"@type":"WebSite","@id":"https:\/\/www.akilles.fi\/handboll\/#website","url":"https:\/\/www.akilles.fi\/handboll\/","name":"Handboll - K\u00e4sipallo","description":"Borg\u00e5 Akilles Handboll - Porvoon Akilles K\u00e4sipallo","potentialAction":[{"@type":"SearchAction","target":{"@type":"EntryPoint","urlTemplate":"https:\/\/www.akilles.fi\/handboll\/?s={search_term_string}"},"query-input":{"@type":"PropertyValueSpecification","valueRequired":true,"valueName":"search_term_string"}}],"inLanguage":"sv-SE"}]}},"_links":{"self":[{"href":"https:\/\/www.akilles.fi\/handboll\/wp-json\/wp\/v2\/pages\/7295","targetHints":{"allow":["GET"]}}],"collection":[{"href":"https:\/\/www.akilles.fi\/handboll\/wp-json\/wp\/v2\/pages"}],"about":[{"href":"https:\/\/www.akilles.fi\/handboll\/wp-json\/wp\/v2\/types\/page"}],"author":[{"embeddable":true,"href":"https:\/\/www.akilles.fi\/handboll\/wp-json\/wp\/v2\/users\/2"}],"replies":[{"embeddable":true,"href":"https:\/\/www.akilles.fi\/handboll\/wp-json\/wp\/v2\/comments?post=7295"}],"version-history":[{"count":110,"href":"https:\/\/www.akilles.fi\/handboll\/wp-json\/wp\/v2\/pages\/7295\/revisions"}],"predecessor-version":[{"id":12974,"href":"https:\/\/www.akilles.fi\/handboll\/wp-json\/wp\/v2\/pages\/7295\/revisions\/12974"}],"wp:attachment":[{"href":"https:\/\/www.akilles.fi\/handboll\/wp-json\/wp\/v2\/media?parent=7295"}],"curies":[{"name":"wp","href":"https:\/\/api.w.org\/{rel}","templated":true}]}}