{"id":7635,"date":"2021-09-12T09:06:10","date_gmt":"2021-09-12T09:06:10","guid":{"rendered":"https:\/\/www.akilles.fi\/handboll\/?page_id=7635"},"modified":"2025-10-07T06:43:44","modified_gmt":"2025-10-07T06:43:44","slug":"stipendiefond-stipendirahasto","status":"publish","type":"page","link":"https:\/\/www.akilles.fi\/handboll\/stipendiefond-stipendirahasto\/","title":{"rendered":"Stipendiefond &#8211; Stipendirahasto"},"content":{"rendered":"\t\t<div data-elementor-type=\"wp-page\" data-elementor-id=\"7635\" class=\"elementor elementor-7635\" data-elementor-post-type=\"page\">\n\t\t\t\t\t\t<section class=\"elementor-section elementor-top-section elementor-element elementor-element-9c54c4f elementor-section-boxed elementor-section-height-default elementor-section-height-default\" data-id=\"9c54c4f\" data-element_type=\"section\">\n\t\t\t\t\t\t<div class=\"elementor-container elementor-column-gap-default\">\n\t\t\t\t\t<div class=\"elementor-column elementor-col-100 elementor-top-column elementor-element elementor-element-6e6424e\" data-id=\"6e6424e\" data-element_type=\"column\">\n\t\t\t<div class=\"elementor-widget-wrap elementor-element-populated\">\n\t\t\t\t\t\t<div class=\"elementor-element elementor-element-4c0c8f7 elementor-widget elementor-widget-text-editor\" data-id=\"4c0c8f7\" data-element_type=\"widget\" data-widget_type=\"text-editor.default\">\n\t\t\t\t<div class=\"elementor-widget-container\">\n\t\t\t\t\t\t\t\t\t<h4 dir=\"ltr\"><strong>B\u00e4sta v\u00e5rdnadshavare till Akilles Handbollsspelare.<\/strong>\u00a0<\/h4><div><div><div><p data-pm-slice=\"1 1 []\">Finns m\u00f6jlighet att s\u00f6ka bidrag till kostnader f\u00f6r att spela handboll.<br \/>Ans\u00f6kningar via denna googleform senast 31.10.2025: <a href=\"https:\/\/forms.gle\/zPAogSENaEJV9vZq8\">https:\/\/forms.gle\/zPAogSENaEJV9vZq8<\/a><\/p><p>Mahdollisuus hakea tukea k\u00e4sipallo pelaamisen kustannuksin.<br \/>Hakemukset t\u00e4m\u00e4n googleformin kautta viimeist\u00e4\u00e4n 31.10.2025: <a href=\"https:\/\/forms.gle\/4qXopFXmMJZj3gjz5\" target=\"_blank\" rel=\"noopener\">https:\/\/forms.gle\/zPAogSENaEJV9vZq8<\/a><\/p><p>Lite information p\u00e5 svenska om Akilles Handboll Stipendiefond \/ V\u00e4h\u00e4n lis\u00e4\u00e4 tietoa ruotsiksi<\/p><p>B\u00e4sta v\u00e5rdnadshavare till Akilles Handbollsspelare.<\/p><p>Alla barn borde ha m\u00f6jligheten att idrotta fast\u00e4n det kostar. Nu finns det m\u00f6jlighet f\u00f6r handboll spelare i Akilles att s\u00f6ka bidrag fr\u00e5n Akilles Handboll Stipendiefond <br \/>Bidraget kan s\u00f6kas av barn i \u00e5ldern 8-17 \u00e5r som regelbundet tr\u00e4nar och spelar med lag i Akilles Handbollssektion. Det kan vara fr\u00e5gan om deltagaravgifter, licensavgifter, tr\u00e4nings och turnerings avgifter m.a.o de avgiftsbelagda sakerna som kanske tungt v\u00e4ger f\u00f6r eller emot fortsatt sportsligt hobby ut\u00f6vande. Underst\u00f6det s\u00f6ks genom att fylla i f\u00f6ljande ans\u00f6kningsblankett: <a href=\"https:\/\/forms.gle\/zPAogSENaEJV9vZq8\">https:\/\/forms.gle\/zPAogSENaEJV9vZq8<\/a><\/p><p>En utvald grupp, l\u00e4ser igenom tar st\u00e4llning och ger beslut. Gruppen best\u00e5r av 3-4 medlemmar med tystnadsplikt och alla ans\u00f6kningar behandlas med st\u00f6rsta diskretion.<\/p><\/div><\/div><\/div>\t\t\t\t\t\t\t\t<\/div>\n\t\t\t\t<\/div>\n\t\t\t\t\t<\/div>\n\t\t<\/div>\n\t\t\t\t\t<\/div>\n\t\t<\/section>\n\t\t\t\t<\/div>\n\t\t","protected":false},"excerpt":{"rendered":"<p>B\u00e4sta v\u00e5rdnadshavare till Akilles Handbollsspelare.\u00a0 Finns m\u00f6jlighet att s\u00f6ka bidrag till kostnader f\u00f6r att spela handboll.Ans\u00f6kningar via denna googleform senast 31.10.2025: https:\/\/forms.gle\/zPAogSENaEJV9vZq8 Mahdollisuus hakea tukea k\u00e4sipallo pelaamisen kustannuksin.Hakemukset t\u00e4m\u00e4n googleformin kautta viimeist\u00e4\u00e4n 31.10.2025: https:\/\/forms.gle\/zPAogSENaEJV9vZq8 Lite information p\u00e5 svenska om Akilles Handboll Stipendiefond \/ V\u00e4h\u00e4n lis\u00e4\u00e4 tietoa ruotsiksi B\u00e4sta v\u00e5rdnadshavare till Akilles Handbollsspelare. Alla barn borde [&hellip;]<\/p>\n","protected":false},"author":2,"featured_media":0,"parent":0,"menu_order":0,"comment_status":"closed","ping_status":"closed","template":"","meta":{"_crdt_document":"","footnotes":""},"class_list":["post-7635","page","type-page","status-publish","hentry"],"yoast_head":"<!-- This site is optimized with the Yoast SEO plugin v27.4 - https:\/\/yoast.com\/product\/yoast-seo-wordpress\/ -->\n<title>Stipendiefond - Stipendirahasto - Handboll - K\u00e4sipallo<\/title>\n<meta name=\"robots\" content=\"index, follow, max-snippet:-1, max-image-preview:large, max-video-preview:-1\" \/>\n<link rel=\"canonical\" href=\"https:\/\/www.akilles.fi\/handboll\/stipendiefond-stipendirahasto\/\" \/>\n<meta property=\"og:locale\" content=\"sv_SE\" \/>\n<meta property=\"og:type\" content=\"article\" \/>\n<meta property=\"og:title\" content=\"Stipendiefond - Stipendirahasto - Handboll - K\u00e4sipallo\" \/>\n<meta property=\"og:description\" content=\"B\u00e4sta v\u00e5rdnadshavare till Akilles Handbollsspelare.\u00a0 Finns m\u00f6jlighet att s\u00f6ka bidrag till kostnader f\u00f6r att spela handboll.Ans\u00f6kningar via denna googleform senast 31.10.2025: https:\/\/forms.gle\/zPAogSENaEJV9vZq8 Mahdollisuus hakea tukea k\u00e4sipallo pelaamisen kustannuksin.Hakemukset t\u00e4m\u00e4n googleformin kautta viimeist\u00e4\u00e4n 31.10.2025: https:\/\/forms.gle\/zPAogSENaEJV9vZq8 Lite information p\u00e5 svenska om Akilles Handboll Stipendiefond \/ V\u00e4h\u00e4n lis\u00e4\u00e4 tietoa ruotsiksi B\u00e4sta v\u00e5rdnadshavare till Akilles Handbollsspelare. Alla barn borde [&hellip;]\" \/>\n<meta property=\"og:url\" content=\"https:\/\/www.akilles.fi\/handboll\/stipendiefond-stipendirahasto\/\" \/>\n<meta property=\"og:site_name\" content=\"Handboll - K\u00e4sipallo\" \/>\n<meta property=\"article:modified_time\" content=\"2025-10-07T06:43:44+00:00\" \/>\n<meta name=\"twitter:card\" content=\"summary_large_image\" \/>\n<meta name=\"twitter:label1\" content=\"Ber\u00e4knad l\u00e4stid\" \/>\n\t<meta name=\"twitter:data1\" content=\"1 minut\" \/>\n<script type=\"application\/ld+json\" class=\"yoast-schema-graph\">{\"@context\":\"https:\\\/\\\/schema.org\",\"@graph\":[{\"@type\":\"WebPage\",\"@id\":\"https:\\\/\\\/www.akilles.fi\\\/handboll\\\/stipendiefond-stipendirahasto\\\/\",\"url\":\"https:\\\/\\\/www.akilles.fi\\\/handboll\\\/stipendiefond-stipendirahasto\\\/\",\"name\":\"Stipendiefond - Stipendirahasto - Handboll - K\u00e4sipallo\",\"isPartOf\":{\"@id\":\"https:\\\/\\\/www.akilles.fi\\\/handboll\\\/#website\"},\"datePublished\":\"2021-09-12T09:06:10+00:00\",\"dateModified\":\"2025-10-07T06:43:44+00:00\",\"breadcrumb\":{\"@id\":\"https:\\\/\\\/www.akilles.fi\\\/handboll\\\/stipendiefond-stipendirahasto\\\/#breadcrumb\"},\"inLanguage\":\"sv-SE\",\"potentialAction\":[{\"@type\":\"ReadAction\",\"target\":[\"https:\\\/\\\/www.akilles.fi\\\/handboll\\\/stipendiefond-stipendirahasto\\\/\"]}]},{\"@type\":\"BreadcrumbList\",\"@id\":\"https:\\\/\\\/www.akilles.fi\\\/handboll\\\/stipendiefond-stipendirahasto\\\/#breadcrumb\",\"itemListElement\":[{\"@type\":\"ListItem\",\"position\":1,\"name\":\"Home\",\"item\":\"https:\\\/\\\/www.akilles.fi\\\/handboll\\\/\"},{\"@type\":\"ListItem\",\"position\":2,\"name\":\"Stipendiefond &#8211; Stipendirahasto\"}]},{\"@type\":\"WebSite\",\"@id\":\"https:\\\/\\\/www.akilles.fi\\\/handboll\\\/#website\",\"url\":\"https:\\\/\\\/www.akilles.fi\\\/handboll\\\/\",\"name\":\"Handboll - K\u00e4sipallo\",\"description\":\"Borg\u00e5 Akilles Handboll - Porvoon Akilles K\u00e4sipallo\",\"potentialAction\":[{\"@type\":\"SearchAction\",\"target\":{\"@type\":\"EntryPoint\",\"urlTemplate\":\"https:\\\/\\\/www.akilles.fi\\\/handboll\\\/?s={search_term_string}\"},\"query-input\":{\"@type\":\"PropertyValueSpecification\",\"valueRequired\":true,\"valueName\":\"search_term_string\"}}],\"inLanguage\":\"sv-SE\"}]}<\/script>\n<!-- \/ Yoast SEO plugin. -->","yoast_head_json":{"title":"Stipendiefond - Stipendirahasto - Handboll - K\u00e4sipallo","robots":{"index":"index","follow":"follow","max-snippet":"max-snippet:-1","max-image-preview":"max-image-preview:large","max-video-preview":"max-video-preview:-1"},"canonical":"https:\/\/www.akilles.fi\/handboll\/stipendiefond-stipendirahasto\/","og_locale":"sv_SE","og_type":"article","og_title":"Stipendiefond - Stipendirahasto - Handboll - K\u00e4sipallo","og_description":"B\u00e4sta v\u00e5rdnadshavare till Akilles Handbollsspelare.\u00a0 Finns m\u00f6jlighet att s\u00f6ka bidrag till kostnader f\u00f6r att spela handboll.Ans\u00f6kningar via denna googleform senast 31.10.2025: https:\/\/forms.gle\/zPAogSENaEJV9vZq8 Mahdollisuus hakea tukea k\u00e4sipallo pelaamisen kustannuksin.Hakemukset t\u00e4m\u00e4n googleformin kautta viimeist\u00e4\u00e4n 31.10.2025: https:\/\/forms.gle\/zPAogSENaEJV9vZq8 Lite information p\u00e5 svenska om Akilles Handboll Stipendiefond \/ V\u00e4h\u00e4n lis\u00e4\u00e4 tietoa ruotsiksi B\u00e4sta v\u00e5rdnadshavare till Akilles Handbollsspelare. Alla barn borde [&hellip;]","og_url":"https:\/\/www.akilles.fi\/handboll\/stipendiefond-stipendirahasto\/","og_site_name":"Handboll - K\u00e4sipallo","article_modified_time":"2025-10-07T06:43:44+00:00","twitter_card":"summary_large_image","twitter_misc":{"Ber\u00e4knad l\u00e4stid":"1 minut"},"schema":{"@context":"https:\/\/schema.org","@graph":[{"@type":"WebPage","@id":"https:\/\/www.akilles.fi\/handboll\/stipendiefond-stipendirahasto\/","url":"https:\/\/www.akilles.fi\/handboll\/stipendiefond-stipendirahasto\/","name":"Stipendiefond - Stipendirahasto - Handboll - K\u00e4sipallo","isPartOf":{"@id":"https:\/\/www.akilles.fi\/handboll\/#website"},"datePublished":"2021-09-12T09:06:10+00:00","dateModified":"2025-10-07T06:43:44+00:00","breadcrumb":{"@id":"https:\/\/www.akilles.fi\/handboll\/stipendiefond-stipendirahasto\/#breadcrumb"},"inLanguage":"sv-SE","potentialAction":[{"@type":"ReadAction","target":["https:\/\/www.akilles.fi\/handboll\/stipendiefond-stipendirahasto\/"]}]},{"@type":"BreadcrumbList","@id":"https:\/\/www.akilles.fi\/handboll\/stipendiefond-stipendirahasto\/#breadcrumb","itemListElement":[{"@type":"ListItem","position":1,"name":"Home","item":"https:\/\/www.akilles.fi\/handboll\/"},{"@type":"ListItem","position":2,"name":"Stipendiefond &#8211; Stipendirahasto"}]},{"@type":"WebSite","@id":"https:\/\/www.akilles.fi\/handboll\/#website","url":"https:\/\/www.akilles.fi\/handboll\/","name":"Handboll - K\u00e4sipallo","description":"Borg\u00e5 Akilles Handboll - Porvoon Akilles K\u00e4sipallo","potentialAction":[{"@type":"SearchAction","target":{"@type":"EntryPoint","urlTemplate":"https:\/\/www.akilles.fi\/handboll\/?s={search_term_string}"},"query-input":{"@type":"PropertyValueSpecification","valueRequired":true,"valueName":"search_term_string"}}],"inLanguage":"sv-SE"}]}},"_links":{"self":[{"href":"https:\/\/www.akilles.fi\/handboll\/wp-json\/wp\/v2\/pages\/7635","targetHints":{"allow":["GET"]}}],"collection":[{"href":"https:\/\/www.akilles.fi\/handboll\/wp-json\/wp\/v2\/pages"}],"about":[{"href":"https:\/\/www.akilles.fi\/handboll\/wp-json\/wp\/v2\/types\/page"}],"author":[{"embeddable":true,"href":"https:\/\/www.akilles.fi\/handboll\/wp-json\/wp\/v2\/users\/2"}],"replies":[{"embeddable":true,"href":"https:\/\/www.akilles.fi\/handboll\/wp-json\/wp\/v2\/comments?post=7635"}],"version-history":[{"count":22,"href":"https:\/\/www.akilles.fi\/handboll\/wp-json\/wp\/v2\/pages\/7635\/revisions"}],"predecessor-version":[{"id":12768,"href":"https:\/\/www.akilles.fi\/handboll\/wp-json\/wp\/v2\/pages\/7635\/revisions\/12768"}],"wp:attachment":[{"href":"https:\/\/www.akilles.fi\/handboll\/wp-json\/wp\/v2\/media?parent=7635"}],"curies":[{"name":"wp","href":"https:\/\/api.w.org\/{rel}","templated":true}]}}