{"id":8098,"date":"2021-10-13T14:07:43","date_gmt":"2021-10-13T14:07:43","guid":{"rendered":"https:\/\/www.akilles.fi\/handboll\/?page_id=8098"},"modified":"2025-10-09T17:10:12","modified_gmt":"2025-10-09T17:10:12","slug":"mini-14-15-pojkar","status":"publish","type":"page","link":"https:\/\/www.akilles.fi\/handboll\/mini-14-15-pojkar\/","title":{"rendered":"Mini 17-18 pojkar"},"content":{"rendered":"\t\t<div data-elementor-type=\"wp-post\" data-elementor-id=\"8098\" class=\"elementor elementor-8098\" data-elementor-post-type=\"page\">\n\t\t\t\t\t\t<section class=\"elementor-section elementor-top-section elementor-element elementor-element-6e838a5 elementor-section-boxed elementor-section-height-default elementor-section-height-default\" data-id=\"6e838a5\" data-element_type=\"section\">\n\t\t\t\t\t\t<div class=\"elementor-container elementor-column-gap-default\">\n\t\t\t\t\t<div class=\"elementor-column elementor-col-50 elementor-top-column elementor-element elementor-element-2ba7a85\" data-id=\"2ba7a85\" data-element_type=\"column\">\n\t\t\t<div class=\"elementor-widget-wrap elementor-element-populated\">\n\t\t\t\t\t\t<div class=\"elementor-element elementor-element-e02be48 elementor-widget elementor-widget-image\" data-id=\"e02be48\" data-element_type=\"widget\" data-widget_type=\"image.default\">\n\t\t\t\t<div class=\"elementor-widget-container\">\n\t\t\t\t\t\t\t\t\t\t\t\t\t\t\t<img fetchpriority=\"high\" decoding=\"async\" width=\"1024\" height=\"655\" src=\"https:\/\/www.akilles.fi\/handboll\/wp-content\/uploads\/sites\/18\/2025\/10\/Mini_pojat_4120-1024x655.jpg\" class=\"attachment-large size-large wp-image-12844\" alt=\"\" srcset=\"https:\/\/www.akilles.fi\/handboll\/wp-content\/uploads\/sites\/18\/2025\/10\/Mini_pojat_4120-1024x655.jpg 1024w, https:\/\/www.akilles.fi\/handboll\/wp-content\/uploads\/sites\/18\/2025\/10\/Mini_pojat_4120-300x192.jpg 300w, https:\/\/www.akilles.fi\/handboll\/wp-content\/uploads\/sites\/18\/2025\/10\/Mini_pojat_4120-768x491.jpg 768w, https:\/\/www.akilles.fi\/handboll\/wp-content\/uploads\/sites\/18\/2025\/10\/Mini_pojat_4120-1536x983.jpg 1536w, https:\/\/www.akilles.fi\/handboll\/wp-content\/uploads\/sites\/18\/2025\/10\/Mini_pojat_4120-2048x1310.jpg 2048w, https:\/\/www.akilles.fi\/handboll\/wp-content\/uploads\/sites\/18\/2025\/10\/Mini_pojat_4120-280x180.jpg 280w\" sizes=\"(max-width: 1024px) 100vw, 1024px\" \/>\t\t\t\t\t\t\t\t\t\t\t\t\t\t\t<\/div>\n\t\t\t\t<\/div>\n\t\t\t\t<div class=\"elementor-element elementor-element-1fad472 elementor-widget elementor-widget-text-editor\" data-id=\"1fad472\" data-element_type=\"widget\" data-widget_type=\"text-editor.default\">\n\t\t\t\t<div class=\"elementor-widget-container\">\n\t\t\t\t\t\t\t\t\t<p>F\u00f6r minijuniorerna (i \u00e5ldern 7-9 \u00e5r) best\u00e5r tr\u00e4ningarna av lek- och boll\u00f6vningar, koordinations\u00f6vningar samt spel p\u00e5 sm\u00e5 planer. M\u00e5let \u00e4r att utveckla barnens motorik och koordination. Minina spelar matcher, men resultatet ska inte vara det viktigaste. Ist\u00e4llet fokuserar vi p\u00e5 att barnen har roligt tillsammans och l\u00e4r sig fungera i grupp, samtidigt som de l\u00e4r sig de f\u00f6rsta grunderna i handboll.<\/p>\n<p>Minijunioreille (7-9-vuotiaille) harjoittelu koostuu leikki- ja palloharjoituksista, koordinaatioharjoituksista sek\u00e4 pienill\u00e4 kentill\u00e4 pelaamisesta. Tavoitteena on kehitt\u00e4\u00e4 lasten motorisia taitoja ja koordinaatiota. Minijuniorit pelaavat otteluita, mutta tulos ei pit\u00e4isi olla t\u00e4rkeint\u00e4. Sen sijaan keskitymme siihen, ett\u00e4 lapsilla on hauskaa yhdess\u00e4 ja ett\u00e4 he oppivat toimimaan ryhm\u00e4ss\u00e4, samalla kun he oppivat k\u00e4sipallon ensimm\u00e4iset perusteet.<\/p>\n<h4><strong><br>Kontaktuppgifter \/ Yhteystiedot<\/strong><\/h4>\n<p><span style=\"color: #000000; font-family: PT Sans, Arial, Helvetica, sans-serif;\"><span style=\"font-size: 14px;\"><b>Petri Lindfors<\/b><\/span><\/span><br>040 756 6611<br>petri.lindfors@akilles.fi<\/p>\n<p><span style=\"color: #000000; font-family: 'PT Sans', Arial, Helvetica, sans-serif; font-size: 14px;\">Hj\u00e4lptr\u00e4nare \/ Apuvalmentajat<br><b>Odin Borgman<br>Viking Johansson<\/b><\/span><\/p>\t\t\t\t\t\t\t\t<\/div>\n\t\t\t\t<\/div>\n\t\t\t\t\t<\/div>\n\t\t<\/div>\n\t\t\t\t<div class=\"elementor-column elementor-col-50 elementor-top-column elementor-element elementor-element-89c0aaf\" data-id=\"89c0aaf\" data-element_type=\"column\">\n\t\t\t<div class=\"elementor-widget-wrap elementor-element-populated\">\n\t\t\t\t\t\t<div class=\"elementor-element elementor-element-1d79b11 elementor-widget elementor-widget-html\" data-id=\"1d79b11\" data-element_type=\"widget\" data-widget_type=\"html.default\">\n\t\t\t\t<div class=\"elementor-widget-container\">\n\t\t\t\t\t<div style=\"border: 0px solid black;overflow: auto;height: 650px;width: auto;color: red;background-color: white\">\n    \n    <!-- myClub embed JS - start -->\n<div class=\"myclub-embed\" data-url=\"https:\/\/akilles.myclub.fi\/groups\/10422\/event_embeds\/4795?token=384cf57df69b64c4c1684fb184057b303d95cb92\"><\/div>\n<script>(function(d, s, id) { var js, mjs = d.getElementsByTagName(s)[0]; if (d.getElementById(id)) return; js = d.createElement(s); js.id = id; js.async = true; js.src = \"https:\/\/d1kgctjlkvcjq1.cloudfront.net\/assets\/myclub-embed.js\"; mjs.parentNode.insertBefore(js, mjs); }(document, 'script', 'myclub-embed-js'));\n<\/script>\n<!-- myClub embed JS - end -->\n\n<\/div>\t\t\t\t<\/div>\n\t\t\t\t<\/div>\n\t\t\t\t\t<\/div>\n\t\t<\/div>\n\t\t\t\t\t<\/div>\n\t\t<\/section>\n\t\t\t\t<\/div>\n\t\t","protected":false},"excerpt":{"rendered":"<p>F\u00f6r minijuniorerna (i \u00e5ldern 7-9 \u00e5r) best\u00e5r tr\u00e4ningarna av lek- och boll\u00f6vningar, koordinations\u00f6vningar samt spel p\u00e5 sm\u00e5 planer. M\u00e5let \u00e4r att utveckla barnens motorik och koordination. Minina spelar matcher, men resultatet ska inte vara det viktigaste. Ist\u00e4llet fokuserar vi p\u00e5 att barnen har roligt tillsammans och l\u00e4r sig fungera i grupp, samtidigt som de l\u00e4r [&hellip;]<\/p>\n","protected":false},"author":2,"featured_media":0,"parent":0,"menu_order":0,"comment_status":"closed","ping_status":"closed","template":"","meta":{"_crdt_document":"","footnotes":""},"class_list":["post-8098","page","type-page","status-publish","hentry"],"yoast_head":"<!-- This site is optimized with the Yoast SEO plugin v27.4 - https:\/\/yoast.com\/product\/yoast-seo-wordpress\/ -->\n<title>Mini 17-18 pojkar - Handboll - K\u00e4sipallo<\/title>\n<meta name=\"robots\" content=\"index, follow, max-snippet:-1, max-image-preview:large, max-video-preview:-1\" \/>\n<link rel=\"canonical\" href=\"https:\/\/www.akilles.fi\/handboll\/mini-14-15-pojkar\/\" \/>\n<meta property=\"og:locale\" content=\"sv_SE\" \/>\n<meta property=\"og:type\" content=\"article\" \/>\n<meta property=\"og:title\" content=\"Mini 17-18 pojkar - Handboll - K\u00e4sipallo\" \/>\n<meta property=\"og:description\" content=\"F\u00f6r minijuniorerna (i \u00e5ldern 7-9 \u00e5r) best\u00e5r tr\u00e4ningarna av lek- och boll\u00f6vningar, koordinations\u00f6vningar samt spel p\u00e5 sm\u00e5 planer. M\u00e5let \u00e4r att utveckla barnens motorik och koordination. Minina spelar matcher, men resultatet ska inte vara det viktigaste. Ist\u00e4llet fokuserar vi p\u00e5 att barnen har roligt tillsammans och l\u00e4r sig fungera i grupp, samtidigt som de l\u00e4r [&hellip;]\" \/>\n<meta property=\"og:url\" content=\"https:\/\/www.akilles.fi\/handboll\/mini-14-15-pojkar\/\" \/>\n<meta property=\"og:site_name\" content=\"Handboll - K\u00e4sipallo\" \/>\n<meta property=\"article:modified_time\" content=\"2025-10-09T17:10:12+00:00\" \/>\n<meta property=\"og:image\" content=\"https:\/\/www.akilles.fi\/handboll\/wp-content\/uploads\/sites\/18\/2025\/10\/Mini_pojat_4120.jpg\" \/>\n\t<meta property=\"og:image:width\" content=\"2560\" \/>\n\t<meta property=\"og:image:height\" content=\"1638\" \/>\n\t<meta property=\"og:image:type\" content=\"image\/jpeg\" \/>\n<meta name=\"twitter:card\" content=\"summary_large_image\" \/>\n<meta name=\"twitter:label1\" content=\"Ber\u00e4knad l\u00e4stid\" \/>\n\t<meta name=\"twitter:data1\" content=\"1 minut\" \/>\n<script type=\"application\/ld+json\" class=\"yoast-schema-graph\">{\"@context\":\"https:\\\/\\\/schema.org\",\"@graph\":[{\"@type\":\"WebPage\",\"@id\":\"https:\\\/\\\/www.akilles.fi\\\/handboll\\\/mini-14-15-pojkar\\\/\",\"url\":\"https:\\\/\\\/www.akilles.fi\\\/handboll\\\/mini-14-15-pojkar\\\/\",\"name\":\"Mini 17-18 pojkar - Handboll - K\u00e4sipallo\",\"isPartOf\":{\"@id\":\"https:\\\/\\\/www.akilles.fi\\\/handboll\\\/#website\"},\"primaryImageOfPage\":{\"@id\":\"https:\\\/\\\/www.akilles.fi\\\/handboll\\\/mini-14-15-pojkar\\\/#primaryimage\"},\"image\":{\"@id\":\"https:\\\/\\\/www.akilles.fi\\\/handboll\\\/mini-14-15-pojkar\\\/#primaryimage\"},\"thumbnailUrl\":\"http:\\\/\\\/www.akilles.fi\\\/handboll\\\/wp-content\\\/uploads\\\/sites\\\/18\\\/2025\\\/10\\\/Mini_pojat_4120-1024x655.jpg\",\"datePublished\":\"2021-10-13T14:07:43+00:00\",\"dateModified\":\"2025-10-09T17:10:12+00:00\",\"breadcrumb\":{\"@id\":\"https:\\\/\\\/www.akilles.fi\\\/handboll\\\/mini-14-15-pojkar\\\/#breadcrumb\"},\"inLanguage\":\"sv-SE\",\"potentialAction\":[{\"@type\":\"ReadAction\",\"target\":[\"https:\\\/\\\/www.akilles.fi\\\/handboll\\\/mini-14-15-pojkar\\\/\"]}]},{\"@type\":\"ImageObject\",\"inLanguage\":\"sv-SE\",\"@id\":\"https:\\\/\\\/www.akilles.fi\\\/handboll\\\/mini-14-15-pojkar\\\/#primaryimage\",\"url\":\"https:\\\/\\\/www.akilles.fi\\\/handboll\\\/wp-content\\\/uploads\\\/sites\\\/18\\\/2025\\\/10\\\/Mini_pojat_4120.jpg\",\"contentUrl\":\"https:\\\/\\\/www.akilles.fi\\\/handboll\\\/wp-content\\\/uploads\\\/sites\\\/18\\\/2025\\\/10\\\/Mini_pojat_4120.jpg\",\"width\":2560,\"height\":1638},{\"@type\":\"BreadcrumbList\",\"@id\":\"https:\\\/\\\/www.akilles.fi\\\/handboll\\\/mini-14-15-pojkar\\\/#breadcrumb\",\"itemListElement\":[{\"@type\":\"ListItem\",\"position\":1,\"name\":\"Home\",\"item\":\"https:\\\/\\\/www.akilles.fi\\\/handboll\\\/\"},{\"@type\":\"ListItem\",\"position\":2,\"name\":\"Mini 17-18 pojkar\"}]},{\"@type\":\"WebSite\",\"@id\":\"https:\\\/\\\/www.akilles.fi\\\/handboll\\\/#website\",\"url\":\"https:\\\/\\\/www.akilles.fi\\\/handboll\\\/\",\"name\":\"Handboll - K\u00e4sipallo\",\"description\":\"Borg\u00e5 Akilles Handboll - Porvoon Akilles K\u00e4sipallo\",\"potentialAction\":[{\"@type\":\"SearchAction\",\"target\":{\"@type\":\"EntryPoint\",\"urlTemplate\":\"https:\\\/\\\/www.akilles.fi\\\/handboll\\\/?s={search_term_string}\"},\"query-input\":{\"@type\":\"PropertyValueSpecification\",\"valueRequired\":true,\"valueName\":\"search_term_string\"}}],\"inLanguage\":\"sv-SE\"}]}<\/script>\n<!-- \/ Yoast SEO plugin. -->","yoast_head_json":{"title":"Mini 17-18 pojkar - Handboll - K\u00e4sipallo","robots":{"index":"index","follow":"follow","max-snippet":"max-snippet:-1","max-image-preview":"max-image-preview:large","max-video-preview":"max-video-preview:-1"},"canonical":"https:\/\/www.akilles.fi\/handboll\/mini-14-15-pojkar\/","og_locale":"sv_SE","og_type":"article","og_title":"Mini 17-18 pojkar - Handboll - K\u00e4sipallo","og_description":"F\u00f6r minijuniorerna (i \u00e5ldern 7-9 \u00e5r) best\u00e5r tr\u00e4ningarna av lek- och boll\u00f6vningar, koordinations\u00f6vningar samt spel p\u00e5 sm\u00e5 planer. M\u00e5let \u00e4r att utveckla barnens motorik och koordination. Minina spelar matcher, men resultatet ska inte vara det viktigaste. Ist\u00e4llet fokuserar vi p\u00e5 att barnen har roligt tillsammans och l\u00e4r sig fungera i grupp, samtidigt som de l\u00e4r [&hellip;]","og_url":"https:\/\/www.akilles.fi\/handboll\/mini-14-15-pojkar\/","og_site_name":"Handboll - K\u00e4sipallo","article_modified_time":"2025-10-09T17:10:12+00:00","og_image":[{"width":2560,"height":1638,"url":"https:\/\/www.akilles.fi\/handboll\/wp-content\/uploads\/sites\/18\/2025\/10\/Mini_pojat_4120.jpg","type":"image\/jpeg"}],"twitter_card":"summary_large_image","twitter_misc":{"Ber\u00e4knad l\u00e4stid":"1 minut"},"schema":{"@context":"https:\/\/schema.org","@graph":[{"@type":"WebPage","@id":"https:\/\/www.akilles.fi\/handboll\/mini-14-15-pojkar\/","url":"https:\/\/www.akilles.fi\/handboll\/mini-14-15-pojkar\/","name":"Mini 17-18 pojkar - Handboll - K\u00e4sipallo","isPartOf":{"@id":"https:\/\/www.akilles.fi\/handboll\/#website"},"primaryImageOfPage":{"@id":"https:\/\/www.akilles.fi\/handboll\/mini-14-15-pojkar\/#primaryimage"},"image":{"@id":"https:\/\/www.akilles.fi\/handboll\/mini-14-15-pojkar\/#primaryimage"},"thumbnailUrl":"http:\/\/www.akilles.fi\/handboll\/wp-content\/uploads\/sites\/18\/2025\/10\/Mini_pojat_4120-1024x655.jpg","datePublished":"2021-10-13T14:07:43+00:00","dateModified":"2025-10-09T17:10:12+00:00","breadcrumb":{"@id":"https:\/\/www.akilles.fi\/handboll\/mini-14-15-pojkar\/#breadcrumb"},"inLanguage":"sv-SE","potentialAction":[{"@type":"ReadAction","target":["https:\/\/www.akilles.fi\/handboll\/mini-14-15-pojkar\/"]}]},{"@type":"ImageObject","inLanguage":"sv-SE","@id":"https:\/\/www.akilles.fi\/handboll\/mini-14-15-pojkar\/#primaryimage","url":"https:\/\/www.akilles.fi\/handboll\/wp-content\/uploads\/sites\/18\/2025\/10\/Mini_pojat_4120.jpg","contentUrl":"https:\/\/www.akilles.fi\/handboll\/wp-content\/uploads\/sites\/18\/2025\/10\/Mini_pojat_4120.jpg","width":2560,"height":1638},{"@type":"BreadcrumbList","@id":"https:\/\/www.akilles.fi\/handboll\/mini-14-15-pojkar\/#breadcrumb","itemListElement":[{"@type":"ListItem","position":1,"name":"Home","item":"https:\/\/www.akilles.fi\/handboll\/"},{"@type":"ListItem","position":2,"name":"Mini 17-18 pojkar"}]},{"@type":"WebSite","@id":"https:\/\/www.akilles.fi\/handboll\/#website","url":"https:\/\/www.akilles.fi\/handboll\/","name":"Handboll - K\u00e4sipallo","description":"Borg\u00e5 Akilles Handboll - Porvoon Akilles K\u00e4sipallo","potentialAction":[{"@type":"SearchAction","target":{"@type":"EntryPoint","urlTemplate":"https:\/\/www.akilles.fi\/handboll\/?s={search_term_string}"},"query-input":{"@type":"PropertyValueSpecification","valueRequired":true,"valueName":"search_term_string"}}],"inLanguage":"sv-SE"}]}},"_links":{"self":[{"href":"https:\/\/www.akilles.fi\/handboll\/wp-json\/wp\/v2\/pages\/8098","targetHints":{"allow":["GET"]}}],"collection":[{"href":"https:\/\/www.akilles.fi\/handboll\/wp-json\/wp\/v2\/pages"}],"about":[{"href":"https:\/\/www.akilles.fi\/handboll\/wp-json\/wp\/v2\/types\/page"}],"author":[{"embeddable":true,"href":"https:\/\/www.akilles.fi\/handboll\/wp-json\/wp\/v2\/users\/2"}],"replies":[{"embeddable":true,"href":"https:\/\/www.akilles.fi\/handboll\/wp-json\/wp\/v2\/comments?post=8098"}],"version-history":[{"count":66,"href":"https:\/\/www.akilles.fi\/handboll\/wp-json\/wp\/v2\/pages\/8098\/revisions"}],"predecessor-version":[{"id":12854,"href":"https:\/\/www.akilles.fi\/handboll\/wp-json\/wp\/v2\/pages\/8098\/revisions\/12854"}],"wp:attachment":[{"href":"https:\/\/www.akilles.fi\/handboll\/wp-json\/wp\/v2\/media?parent=8098"}],"curies":[{"name":"wp","href":"https:\/\/api.w.org\/{rel}","templated":true}]}}