{"id":8109,"date":"2021-10-13T14:41:05","date_gmt":"2021-10-13T14:41:05","guid":{"rendered":"https:\/\/www.akilles.fi\/handboll\/?page_id=8109"},"modified":"2021-10-13T14:45:08","modified_gmt":"2021-10-13T14:45:08","slug":"likabehandlingsplan-yhdenvertaisuussuunnitelma","status":"publish","type":"page","link":"https:\/\/www.akilles.fi\/handboll\/likabehandlingsplan-yhdenvertaisuussuunnitelma\/","title":{"rendered":"Likabehandlingsplan &#8211; Yhdenvertaisuussuunnitelma"},"content":{"rendered":"\t\t<div data-elementor-type=\"wp-page\" data-elementor-id=\"8109\" class=\"elementor elementor-8109\" data-elementor-post-type=\"page\">\n\t\t\t\t\t\t<section class=\"elementor-section elementor-top-section elementor-element elementor-element-97c5af1 elementor-section-boxed elementor-section-height-default elementor-section-height-default\" data-id=\"97c5af1\" data-element_type=\"section\">\n\t\t\t\t\t\t<div class=\"elementor-container elementor-column-gap-default\">\n\t\t\t\t\t<div class=\"elementor-column elementor-col-50 elementor-top-column elementor-element elementor-element-7da9dd6\" data-id=\"7da9dd6\" data-element_type=\"column\">\n\t\t\t<div class=\"elementor-widget-wrap elementor-element-populated\">\n\t\t\t\t\t\t<div class=\"elementor-element elementor-element-358cd64 elementor-widget elementor-widget-image\" data-id=\"358cd64\" data-element_type=\"widget\" data-widget_type=\"image.default\">\n\t\t\t\t<div class=\"elementor-widget-container\">\n\t\t\t\t\t\t\t\t\t\t\t\t\t\t\t<img fetchpriority=\"high\" decoding=\"async\" width=\"867\" height=\"1024\" src=\"https:\/\/www.akilles.fi\/handboll\/wp-content\/uploads\/sites\/18\/2021\/10\/Likabehandlingsplan0001-867x1024.jpg\" class=\"attachment-large size-large wp-image-8114\" alt=\"\" srcset=\"https:\/\/www.akilles.fi\/handboll\/wp-content\/uploads\/sites\/18\/2021\/10\/Likabehandlingsplan0001-867x1024.jpg 867w, https:\/\/www.akilles.fi\/handboll\/wp-content\/uploads\/sites\/18\/2021\/10\/Likabehandlingsplan0001-254x300.jpg 254w, https:\/\/www.akilles.fi\/handboll\/wp-content\/uploads\/sites\/18\/2021\/10\/Likabehandlingsplan0001-768x907.jpg 768w, https:\/\/www.akilles.fi\/handboll\/wp-content\/uploads\/sites\/18\/2021\/10\/Likabehandlingsplan0001-1300x1536.jpg 1300w, https:\/\/www.akilles.fi\/handboll\/wp-content\/uploads\/sites\/18\/2021\/10\/Likabehandlingsplan0001.jpg 1700w\" sizes=\"(max-width: 867px) 100vw, 867px\" \/>\t\t\t\t\t\t\t\t\t\t\t\t\t\t\t<\/div>\n\t\t\t\t<\/div>\n\t\t\t\t<div class=\"elementor-element elementor-element-377f966 elementor-widget elementor-widget-image\" data-id=\"377f966\" data-element_type=\"widget\" data-widget_type=\"image.default\">\n\t\t\t\t<div class=\"elementor-widget-container\">\n\t\t\t\t\t\t\t\t\t\t\t\t\t\t\t<img decoding=\"async\" width=\"867\" height=\"1024\" src=\"https:\/\/www.akilles.fi\/handboll\/wp-content\/uploads\/sites\/18\/2021\/10\/Likabehandlingsplan0002-867x1024.jpg\" class=\"attachment-large size-large wp-image-8111\" alt=\"\" srcset=\"https:\/\/www.akilles.fi\/handboll\/wp-content\/uploads\/sites\/18\/2021\/10\/Likabehandlingsplan0002-867x1024.jpg 867w, https:\/\/www.akilles.fi\/handboll\/wp-content\/uploads\/sites\/18\/2021\/10\/Likabehandlingsplan0002-254x300.jpg 254w, https:\/\/www.akilles.fi\/handboll\/wp-content\/uploads\/sites\/18\/2021\/10\/Likabehandlingsplan0002-768x907.jpg 768w, https:\/\/www.akilles.fi\/handboll\/wp-content\/uploads\/sites\/18\/2021\/10\/Likabehandlingsplan0002-1300x1536.jpg 1300w, https:\/\/www.akilles.fi\/handboll\/wp-content\/uploads\/sites\/18\/2021\/10\/Likabehandlingsplan0002.jpg 1700w\" sizes=\"(max-width: 867px) 100vw, 867px\" \/>\t\t\t\t\t\t\t\t\t\t\t\t\t\t\t<\/div>\n\t\t\t\t<\/div>\n\t\t\t\t\t<\/div>\n\t\t<\/div>\n\t\t\t\t<div class=\"elementor-column elementor-col-50 elementor-top-column elementor-element elementor-element-55e7a6b\" data-id=\"55e7a6b\" data-element_type=\"column\">\n\t\t\t<div class=\"elementor-widget-wrap elementor-element-populated\">\n\t\t\t\t\t\t<div class=\"elementor-element elementor-element-94d5c5e elementor-widget elementor-widget-image\" data-id=\"94d5c5e\" data-element_type=\"widget\" data-widget_type=\"image.default\">\n\t\t\t\t<div class=\"elementor-widget-container\">\n\t\t\t\t\t\t\t\t\t\t\t\t\t\t\t<img decoding=\"async\" width=\"867\" height=\"1024\" src=\"https:\/\/www.akilles.fi\/handboll\/wp-content\/uploads\/sites\/18\/2021\/10\/Yhdenvertaisuussuunnitelma0001-867x1024.jpg\" class=\"attachment-large size-large wp-image-8112\" alt=\"\" srcset=\"https:\/\/www.akilles.fi\/handboll\/wp-content\/uploads\/sites\/18\/2021\/10\/Yhdenvertaisuussuunnitelma0001-867x1024.jpg 867w, https:\/\/www.akilles.fi\/handboll\/wp-content\/uploads\/sites\/18\/2021\/10\/Yhdenvertaisuussuunnitelma0001-254x300.jpg 254w, https:\/\/www.akilles.fi\/handboll\/wp-content\/uploads\/sites\/18\/2021\/10\/Yhdenvertaisuussuunnitelma0001-768x907.jpg 768w, https:\/\/www.akilles.fi\/handboll\/wp-content\/uploads\/sites\/18\/2021\/10\/Yhdenvertaisuussuunnitelma0001-1300x1536.jpg 1300w, https:\/\/www.akilles.fi\/handboll\/wp-content\/uploads\/sites\/18\/2021\/10\/Yhdenvertaisuussuunnitelma0001.jpg 1700w\" sizes=\"(max-width: 867px) 100vw, 867px\" \/>\t\t\t\t\t\t\t\t\t\t\t\t\t\t\t<\/div>\n\t\t\t\t<\/div>\n\t\t\t\t<div class=\"elementor-element elementor-element-3e66762 elementor-widget elementor-widget-image\" data-id=\"3e66762\" data-element_type=\"widget\" data-widget_type=\"image.default\">\n\t\t\t\t<div class=\"elementor-widget-container\">\n\t\t\t\t\t\t\t\t\t\t\t\t\t\t\t<img loading=\"lazy\" decoding=\"async\" width=\"867\" height=\"1024\" src=\"https:\/\/www.akilles.fi\/handboll\/wp-content\/uploads\/sites\/18\/2021\/10\/Yhdenvertaisuussuunnitelma0002-867x1024.jpg\" class=\"attachment-large size-large wp-image-8113\" alt=\"\" srcset=\"https:\/\/www.akilles.fi\/handboll\/wp-content\/uploads\/sites\/18\/2021\/10\/Yhdenvertaisuussuunnitelma0002-867x1024.jpg 867w, https:\/\/www.akilles.fi\/handboll\/wp-content\/uploads\/sites\/18\/2021\/10\/Yhdenvertaisuussuunnitelma0002-254x300.jpg 254w, https:\/\/www.akilles.fi\/handboll\/wp-content\/uploads\/sites\/18\/2021\/10\/Yhdenvertaisuussuunnitelma0002-768x907.jpg 768w, https:\/\/www.akilles.fi\/handboll\/wp-content\/uploads\/sites\/18\/2021\/10\/Yhdenvertaisuussuunnitelma0002-1300x1536.jpg 1300w, https:\/\/www.akilles.fi\/handboll\/wp-content\/uploads\/sites\/18\/2021\/10\/Yhdenvertaisuussuunnitelma0002.jpg 1700w\" sizes=\"(max-width: 867px) 100vw, 867px\" \/>\t\t\t\t\t\t\t\t\t\t\t\t\t\t\t<\/div>\n\t\t\t\t<\/div>\n\t\t\t\t\t<\/div>\n\t\t<\/div>\n\t\t\t\t\t<\/div>\n\t\t<\/section>\n\t\t\t\t<\/div>\n\t\t","protected":false},"excerpt":{"rendered":"","protected":false},"author":2,"featured_media":0,"parent":0,"menu_order":0,"comment_status":"closed","ping_status":"closed","template":"","meta":{"_crdt_document":"","footnotes":""},"class_list":["post-8109","page","type-page","status-publish","hentry"],"yoast_head":"<!-- This site is optimized with the Yoast SEO plugin v26.8 - https:\/\/yoast.com\/product\/yoast-seo-wordpress\/ -->\n<title>Likabehandlingsplan - Yhdenvertaisuussuunnitelma - Handboll - K\u00e4sipallo<\/title>\n<meta name=\"robots\" content=\"index, follow, max-snippet:-1, max-image-preview:large, max-video-preview:-1\" \/>\n<link rel=\"canonical\" href=\"https:\/\/www.akilles.fi\/handboll\/likabehandlingsplan-yhdenvertaisuussuunnitelma\/\" \/>\n<meta property=\"og:locale\" content=\"sv_SE\" \/>\n<meta property=\"og:type\" content=\"article\" \/>\n<meta property=\"og:title\" content=\"Likabehandlingsplan - Yhdenvertaisuussuunnitelma - Handboll - K\u00e4sipallo\" \/>\n<meta property=\"og:url\" content=\"https:\/\/www.akilles.fi\/handboll\/likabehandlingsplan-yhdenvertaisuussuunnitelma\/\" \/>\n<meta property=\"og:site_name\" content=\"Handboll - K\u00e4sipallo\" \/>\n<meta property=\"article:modified_time\" content=\"2021-10-13T14:45:08+00:00\" \/>\n<meta property=\"og:image\" content=\"http:\/\/www.akilles.fi\/handboll\/wp-content\/uploads\/sites\/18\/2021\/10\/Likabehandlingsplan0001-867x1024.jpg\" \/>\n<meta name=\"twitter:card\" content=\"summary_large_image\" \/>\n<meta name=\"twitter:label1\" content=\"Ber\u00e4knad l\u00e4stid\" \/>\n\t<meta name=\"twitter:data1\" content=\"1 minut\" \/>\n<script type=\"application\/ld+json\" class=\"yoast-schema-graph\">{\"@context\":\"https:\/\/schema.org\",\"@graph\":[{\"@type\":\"WebPage\",\"@id\":\"https:\/\/www.akilles.fi\/handboll\/likabehandlingsplan-yhdenvertaisuussuunnitelma\/\",\"url\":\"https:\/\/www.akilles.fi\/handboll\/likabehandlingsplan-yhdenvertaisuussuunnitelma\/\",\"name\":\"Likabehandlingsplan - Yhdenvertaisuussuunnitelma - Handboll - K\u00e4sipallo\",\"isPartOf\":{\"@id\":\"https:\/\/www.akilles.fi\/handboll\/#website\"},\"primaryImageOfPage\":{\"@id\":\"https:\/\/www.akilles.fi\/handboll\/likabehandlingsplan-yhdenvertaisuussuunnitelma\/#primaryimage\"},\"image\":{\"@id\":\"https:\/\/www.akilles.fi\/handboll\/likabehandlingsplan-yhdenvertaisuussuunnitelma\/#primaryimage\"},\"thumbnailUrl\":\"http:\/\/www.akilles.fi\/handboll\/wp-content\/uploads\/sites\/18\/2021\/10\/Likabehandlingsplan0001-867x1024.jpg\",\"datePublished\":\"2021-10-13T14:41:05+00:00\",\"dateModified\":\"2021-10-13T14:45:08+00:00\",\"breadcrumb\":{\"@id\":\"https:\/\/www.akilles.fi\/handboll\/likabehandlingsplan-yhdenvertaisuussuunnitelma\/#breadcrumb\"},\"inLanguage\":\"sv-SE\",\"potentialAction\":[{\"@type\":\"ReadAction\",\"target\":[\"https:\/\/www.akilles.fi\/handboll\/likabehandlingsplan-yhdenvertaisuussuunnitelma\/\"]}]},{\"@type\":\"ImageObject\",\"inLanguage\":\"sv-SE\",\"@id\":\"https:\/\/www.akilles.fi\/handboll\/likabehandlingsplan-yhdenvertaisuussuunnitelma\/#primaryimage\",\"url\":\"http:\/\/www.akilles.fi\/handboll\/wp-content\/uploads\/sites\/18\/2021\/10\/Likabehandlingsplan0001-867x1024.jpg\",\"contentUrl\":\"http:\/\/www.akilles.fi\/handboll\/wp-content\/uploads\/sites\/18\/2021\/10\/Likabehandlingsplan0001-867x1024.jpg\"},{\"@type\":\"BreadcrumbList\",\"@id\":\"https:\/\/www.akilles.fi\/handboll\/likabehandlingsplan-yhdenvertaisuussuunnitelma\/#breadcrumb\",\"itemListElement\":[{\"@type\":\"ListItem\",\"position\":1,\"name\":\"Home\",\"item\":\"https:\/\/www.akilles.fi\/handboll\/\"},{\"@type\":\"ListItem\",\"position\":2,\"name\":\"Likabehandlingsplan &#8211; Yhdenvertaisuussuunnitelma\"}]},{\"@type\":\"WebSite\",\"@id\":\"https:\/\/www.akilles.fi\/handboll\/#website\",\"url\":\"https:\/\/www.akilles.fi\/handboll\/\",\"name\":\"Handboll - K\u00e4sipallo\",\"description\":\"Borg\u00e5 Akilles Handboll - Porvoon Akilles K\u00e4sipallo\",\"potentialAction\":[{\"@type\":\"SearchAction\",\"target\":{\"@type\":\"EntryPoint\",\"urlTemplate\":\"https:\/\/www.akilles.fi\/handboll\/?s={search_term_string}\"},\"query-input\":{\"@type\":\"PropertyValueSpecification\",\"valueRequired\":true,\"valueName\":\"search_term_string\"}}],\"inLanguage\":\"sv-SE\"}]}<\/script>\n<!-- \/ Yoast SEO plugin. -->","yoast_head_json":{"title":"Likabehandlingsplan - Yhdenvertaisuussuunnitelma - Handboll - K\u00e4sipallo","robots":{"index":"index","follow":"follow","max-snippet":"max-snippet:-1","max-image-preview":"max-image-preview:large","max-video-preview":"max-video-preview:-1"},"canonical":"https:\/\/www.akilles.fi\/handboll\/likabehandlingsplan-yhdenvertaisuussuunnitelma\/","og_locale":"sv_SE","og_type":"article","og_title":"Likabehandlingsplan - Yhdenvertaisuussuunnitelma - Handboll - K\u00e4sipallo","og_url":"https:\/\/www.akilles.fi\/handboll\/likabehandlingsplan-yhdenvertaisuussuunnitelma\/","og_site_name":"Handboll - K\u00e4sipallo","article_modified_time":"2021-10-13T14:45:08+00:00","og_image":[{"url":"http:\/\/www.akilles.fi\/handboll\/wp-content\/uploads\/sites\/18\/2021\/10\/Likabehandlingsplan0001-867x1024.jpg","type":"","width":"","height":""}],"twitter_card":"summary_large_image","twitter_misc":{"Ber\u00e4knad l\u00e4stid":"1 minut"},"schema":{"@context":"https:\/\/schema.org","@graph":[{"@type":"WebPage","@id":"https:\/\/www.akilles.fi\/handboll\/likabehandlingsplan-yhdenvertaisuussuunnitelma\/","url":"https:\/\/www.akilles.fi\/handboll\/likabehandlingsplan-yhdenvertaisuussuunnitelma\/","name":"Likabehandlingsplan - Yhdenvertaisuussuunnitelma - Handboll - K\u00e4sipallo","isPartOf":{"@id":"https:\/\/www.akilles.fi\/handboll\/#website"},"primaryImageOfPage":{"@id":"https:\/\/www.akilles.fi\/handboll\/likabehandlingsplan-yhdenvertaisuussuunnitelma\/#primaryimage"},"image":{"@id":"https:\/\/www.akilles.fi\/handboll\/likabehandlingsplan-yhdenvertaisuussuunnitelma\/#primaryimage"},"thumbnailUrl":"http:\/\/www.akilles.fi\/handboll\/wp-content\/uploads\/sites\/18\/2021\/10\/Likabehandlingsplan0001-867x1024.jpg","datePublished":"2021-10-13T14:41:05+00:00","dateModified":"2021-10-13T14:45:08+00:00","breadcrumb":{"@id":"https:\/\/www.akilles.fi\/handboll\/likabehandlingsplan-yhdenvertaisuussuunnitelma\/#breadcrumb"},"inLanguage":"sv-SE","potentialAction":[{"@type":"ReadAction","target":["https:\/\/www.akilles.fi\/handboll\/likabehandlingsplan-yhdenvertaisuussuunnitelma\/"]}]},{"@type":"ImageObject","inLanguage":"sv-SE","@id":"https:\/\/www.akilles.fi\/handboll\/likabehandlingsplan-yhdenvertaisuussuunnitelma\/#primaryimage","url":"http:\/\/www.akilles.fi\/handboll\/wp-content\/uploads\/sites\/18\/2021\/10\/Likabehandlingsplan0001-867x1024.jpg","contentUrl":"http:\/\/www.akilles.fi\/handboll\/wp-content\/uploads\/sites\/18\/2021\/10\/Likabehandlingsplan0001-867x1024.jpg"},{"@type":"BreadcrumbList","@id":"https:\/\/www.akilles.fi\/handboll\/likabehandlingsplan-yhdenvertaisuussuunnitelma\/#breadcrumb","itemListElement":[{"@type":"ListItem","position":1,"name":"Home","item":"https:\/\/www.akilles.fi\/handboll\/"},{"@type":"ListItem","position":2,"name":"Likabehandlingsplan &#8211; Yhdenvertaisuussuunnitelma"}]},{"@type":"WebSite","@id":"https:\/\/www.akilles.fi\/handboll\/#website","url":"https:\/\/www.akilles.fi\/handboll\/","name":"Handboll - K\u00e4sipallo","description":"Borg\u00e5 Akilles Handboll - Porvoon Akilles K\u00e4sipallo","potentialAction":[{"@type":"SearchAction","target":{"@type":"EntryPoint","urlTemplate":"https:\/\/www.akilles.fi\/handboll\/?s={search_term_string}"},"query-input":{"@type":"PropertyValueSpecification","valueRequired":true,"valueName":"search_term_string"}}],"inLanguage":"sv-SE"}]}},"_links":{"self":[{"href":"https:\/\/www.akilles.fi\/handboll\/wp-json\/wp\/v2\/pages\/8109","targetHints":{"allow":["GET"]}}],"collection":[{"href":"https:\/\/www.akilles.fi\/handboll\/wp-json\/wp\/v2\/pages"}],"about":[{"href":"https:\/\/www.akilles.fi\/handboll\/wp-json\/wp\/v2\/types\/page"}],"author":[{"embeddable":true,"href":"https:\/\/www.akilles.fi\/handboll\/wp-json\/wp\/v2\/users\/2"}],"replies":[{"embeddable":true,"href":"https:\/\/www.akilles.fi\/handboll\/wp-json\/wp\/v2\/comments?post=8109"}],"version-history":[{"count":4,"href":"https:\/\/www.akilles.fi\/handboll\/wp-json\/wp\/v2\/pages\/8109\/revisions"}],"predecessor-version":[{"id":8118,"href":"https:\/\/www.akilles.fi\/handboll\/wp-json\/wp\/v2\/pages\/8109\/revisions\/8118"}],"wp:attachment":[{"href":"https:\/\/www.akilles.fi\/handboll\/wp-json\/wp\/v2\/media?parent=8109"}],"curies":[{"name":"wp","href":"https:\/\/api.w.org\/{rel}","templated":true}]}}