{"id":8294,"date":"2021-11-03T13:30:10","date_gmt":"2021-11-03T13:30:10","guid":{"rendered":"https:\/\/www.akilles.fi\/handboll\/?page_id=8294"},"modified":"2025-10-13T08:27:38","modified_gmt":"2025-10-13T08:27:38","slug":"akilles-cup","status":"publish","type":"page","link":"https:\/\/www.akilles.fi\/handboll\/akilles-cup\/","title":{"rendered":"Akilles Cup"},"content":{"rendered":"\t\t<div data-elementor-type=\"wp-page\" data-elementor-id=\"8294\" class=\"elementor elementor-8294\" data-elementor-post-type=\"page\">\n\t\t\t\t\t\t<section class=\"elementor-section elementor-top-section elementor-element elementor-element-ce9abbf elementor-section-boxed elementor-section-height-default elementor-section-height-default\" data-id=\"ce9abbf\" data-element_type=\"section\">\n\t\t\t\t\t\t<div class=\"elementor-container elementor-column-gap-default\">\n\t\t\t\t\t<div class=\"elementor-column elementor-col-100 elementor-top-column elementor-element elementor-element-b78cfe2\" data-id=\"b78cfe2\" data-element_type=\"column\">\n\t\t\t<div class=\"elementor-widget-wrap elementor-element-populated\">\n\t\t\t\t\t\t<div class=\"elementor-element elementor-element-854c800 elementor-widget elementor-widget-image\" data-id=\"854c800\" data-element_type=\"widget\" data-widget_type=\"image.default\">\n\t\t\t\t<div class=\"elementor-widget-container\">\n\t\t\t\t\t\t\t\t\t\t\t\t\t\t\t<img fetchpriority=\"high\" decoding=\"async\" width=\"768\" height=\"960\" src=\"https:\/\/www.akilles.fi\/handboll\/wp-content\/uploads\/sites\/18\/2025\/10\/WhatsApp-Image-2025-10-13-at-11.02.49-768x960.jpeg\" class=\"attachment-medium_large size-medium_large wp-image-12890\" alt=\"\" srcset=\"https:\/\/www.akilles.fi\/handboll\/wp-content\/uploads\/sites\/18\/2025\/10\/WhatsApp-Image-2025-10-13-at-11.02.49-768x960.jpeg 768w, https:\/\/www.akilles.fi\/handboll\/wp-content\/uploads\/sites\/18\/2025\/10\/WhatsApp-Image-2025-10-13-at-11.02.49-240x300.jpeg 240w, https:\/\/www.akilles.fi\/handboll\/wp-content\/uploads\/sites\/18\/2025\/10\/WhatsApp-Image-2025-10-13-at-11.02.49-819x1024.jpeg 819w, https:\/\/www.akilles.fi\/handboll\/wp-content\/uploads\/sites\/18\/2025\/10\/WhatsApp-Image-2025-10-13-at-11.02.49.jpeg 1080w\" sizes=\"(max-width: 768px) 100vw, 768px\" \/>\t\t\t\t\t\t\t\t\t\t\t\t\t\t\t<\/div>\n\t\t\t\t<\/div>\n\t\t\t\t\t<\/div>\n\t\t<\/div>\n\t\t\t\t\t<\/div>\n\t\t<\/section>\n\t\t\t\t<section class=\"elementor-section elementor-top-section elementor-element elementor-element-ca40936 elementor-section-boxed elementor-section-height-default elementor-section-height-default\" data-id=\"ca40936\" data-element_type=\"section\">\n\t\t\t\t\t\t<div class=\"elementor-container elementor-column-gap-default\">\n\t\t\t\t\t<div class=\"elementor-column elementor-col-100 elementor-top-column elementor-element elementor-element-5863699\" data-id=\"5863699\" data-element_type=\"column\">\n\t\t\t<div class=\"elementor-widget-wrap elementor-element-populated\">\n\t\t\t\t\t\t<div class=\"elementor-element elementor-element-5a7d30d elementor-widget elementor-widget-text-editor\" data-id=\"5a7d30d\" data-element_type=\"widget\" data-widget_type=\"text-editor.default\">\n\t\t\t\t<div class=\"elementor-widget-container\">\n\t\t\t\t\t\t\t\t\t<h2><strong>Turneringsinfo Akilles Cup 2025&nbsp; &nbsp; &nbsp; &nbsp; &nbsp; &nbsp; &nbsp; &nbsp;&nbsp;<br><\/strong><\/h2>\n<h4><strong><br>Organisat\u00f6r<br><\/strong><\/h4>\n<p>Turneringen ordnas av Borg\u00e5 Akilles Handboll. Akilles Cup ordnas 13-14.12.2025 i Idrottshallen, Lyceiparkens skola och Kantelehuset i V\u00e5rberga.&nbsp;<\/p>\n<h4><strong><br>Anm\u00e4lning<\/strong><\/h4>\n<p>Anm\u00e4lning till turneringen sker via webbsidan <a href=\"https:\/\/akillescup.cups.nu\/\">akillescup.cups.nu&nbsp;<\/a>senast den 30.11.2025.<\/p>\n<p>Efter att anm\u00e4lningstiden har g\u00e5tt ut kan ni b\u00e5de g\u00f6ra \u00e4ndringar i laginformationen och s\u00e4tta till spelare och kontaktpersoner.&nbsp;<\/p>\n<p>Om deltagarantalet \u00f6verskrider det maximala antalet f\u00f6r varje \u00e5ldersklass, s\u00e5 str\u00e4var organisat\u00f6ren att m\u00f6jligg\u00f6ra plats f\u00f6r alla. N\u00e4r anm\u00e4lningstiden har g\u00e5tt ut ser vi om det finns plats f\u00f6r extra lag.&nbsp;<\/p>\n<h4><strong><br>Anm\u00e4lningsavgift och priser<\/strong><\/h4>\n<p>Mini och F-juniorer: 120 \u20ac<br>E-juniorer: 140 \u20ac<\/p>\n<h4><strong><br>Betalningsinformation<\/strong><\/h4>\n<p>Borg\u00e5 Akilles Handboll<br>IBAN&nbsp; FI70 4055 0016 8683 70<br>BIC: HELSFIHH<\/p>\n<p>Anv\u00e4nd anm\u00e4lningsnumret i betalningens meddelandef\u00e4lt. Om laget inhiberar sitt deltagande efter den 30.11.2025 \u00e5terbetalas inte anm\u00e4lningsavgiften utan giltig orsak.<\/p>\n<h4><strong><br>Matcher och regler<\/strong><\/h4>\n<p>Matchtiden \u00e4r 2&#215;12 min med l\u00f6pande speltid, 1 min sidbyte.<\/p>\n<p>Till ett lag kan 16 spelare anm\u00e4las. Spelarna ska vara anm\u00e4lda p\u00e5 cupsidan senast den 5.12.2025.<\/p>\n<p>Mini: 4 spelare + m\u00e5lvakt (resultat r\u00e4knas inte)<br>F-juniorer:&nbsp;4 spelare + m\u00e5lvakt<br>E-juniorer:&nbsp;5 spelare + m\u00e5lvakt<\/p>\n<p>Lagen ska vara klara f\u00f6r spel senast 10 minuter f\u00f6re matchstart.&nbsp;<\/p>\n<h4><strong><br>Priser<\/strong><\/h4>\n<p>Minilagens priser kan avh\u00e4mtas fr\u00e5n infodisken.<br>Alla \u00f6vriga lags priser delas ut efter den sista matchen.&nbsp;<\/p>\n<h4><strong><br>Kontaktinformation<br><\/strong><\/h4>\n<p>Turneringschef<br>Ron Liljendal<br>tel: 040-7385599<br>e-post: ron.liljendal@akilles.fi<\/p>\n<h2><strong><br>Turnausinfo Akilles Cup 2025<\/strong>&nbsp; &nbsp; &nbsp; &nbsp; &nbsp; &nbsp; &nbsp; &nbsp; &nbsp; &nbsp;&nbsp;<\/h2>\n<h4><strong><br>J\u00e4rjest\u00e4j\u00e4<\/strong><\/h4>\n<p>Turnauksen j\u00e4rjest\u00e4\u00e4 Porvoon Akilles K\u00e4sipallo. Akilles Cup j\u00e4rjestet\u00e4\u00e4n 13-14.12.2025 Porvoon Urheiluhallissa, Lyseopuiston koulussa ja Kantele-talo Kev\u00e4tkummussa.&nbsp;<\/p>\n<h4><strong><br>Ilmoittautuminen<\/strong><\/h4>\n<p>Ilmoittautuminen turnaukseen tapahtuu&nbsp;<a href=\"https:\/\/akillescup.cups.nu\/\">akillescup.cups.nu&nbsp;<\/a>&#8211; nettisivujen kautta viimeist\u00e4\u00e4n 30.11.2025. Ilmoittautumisen j\u00e4lkeen voitte sek\u00e4 muokata joukkueita ett\u00e4 lis\u00e4t\u00e4 pelaajia ja joukkueen yhteyshenkil\u00f6it\u00e4.<\/p>\n<p>Mik\u00e4li ilmoittautumisia tulee enemm\u00e4n kuin asetettu maksimim\u00e4\u00e4r\u00e4, pyrkii turnauksen j\u00e4rjest\u00e4j\u00e4&nbsp; mahdollistamaan osallistumisen kaikille. Ilmoittautumisajan j\u00e4lkeen n\u00e4emme onko tilaa ylim\u00e4\u00e4r\u00e4isille joukkueille.<\/p>\n<h4><strong><br>Ilmoittautumismaksut<\/strong><\/h4>\n<p>Minit ja F-juniorit: 120 \u20ac<br>E-juniorit: 140 \u20ac<\/p>\n<h4><strong>Maksutiedot<\/strong><\/h4>\n<p>Borg\u00e5 Akilles Handboll<br>IBAN&nbsp; FI70 4055 0016 8683 70<br>BIC: HELSFIHH<\/p>\n<p>K\u00e4yt\u00e4 maksaessasi ilmoittautumisnumeroa viestin\u00e4. Mik\u00e4li joukkue peruu osallistumisensa 30.11.2025 j\u00e4lkeen, osallistumismaksua ei palauteta ilman p\u00e4tev\u00e4\u00e4 syyt\u00e4.<\/p>\n<p><strong>&nbsp;<\/strong><\/p>\n<h4><strong>Ottelut ja s\u00e4\u00e4nn\u00f6t<\/strong><\/h4>\n<p>Otteluiden kesto on 2&#215;12 min juoksevalla ajalla, 1 min puolenvaihto.<\/p>\n<p>Joukkueeseen voi ilmoittaa 16 pelaajaa. Pelaajat on ilmoitettava j\u00e4rjestelm\u00e4\u00e4n viimeist\u00e4\u00e4n 5.12.2025.<\/p>\n<p>Minit:&nbsp;4 pelaajaa + maalivahti (tuloksia ei lasketa)<br>F-juniorit:&nbsp;4 pelaajaa + maalivahti<br>E-juniorit:&nbsp;5 pelaajaa + maalivahti<\/p>\n<p>Joukkueiden on oltava pelivalmiina viimeist\u00e4\u00e4n 10 minuuttia ennen ottelun alkua.<\/p>\n<h4><strong><br>Palkinnot<\/strong><\/h4>\n<p>Minijoukkueiden palkinnot voi noutaa infosta.<br>Muiden joukkueiden palkinnot jaetaan viimeisten otteluiden j\u00e4lkeen.<\/p>\n<h4><strong>Yhteystiedot<\/strong><\/h4>\n<p>Turnausp\u00e4\u00e4llikk\u00f6<br>Ron Liljendal<br>puh: 040-7385599<br>s\u00e4hk\u00f6posti: ron.liljendal@akilles.fi<\/p>\t\t\t\t\t\t\t\t<\/div>\n\t\t\t\t<\/div>\n\t\t\t\t\t<\/div>\n\t\t<\/div>\n\t\t\t\t\t<\/div>\n\t\t<\/section>\n\t\t\t\t<\/div>\n\t\t","protected":false},"excerpt":{"rendered":"<p>Turneringsinfo Akilles Cup 2025&nbsp; &nbsp; &nbsp; &nbsp; &nbsp; &nbsp; &nbsp; &nbsp;&nbsp; Organisat\u00f6r Turneringen ordnas av Borg\u00e5 Akilles Handboll. Akilles Cup ordnas 13-14.12.2025 i Idrottshallen, Lyceiparkens skola och Kantelehuset i V\u00e5rberga.&nbsp; Anm\u00e4lning Anm\u00e4lning till turneringen sker via webbsidan akillescup.cups.nu&nbsp;senast den 30.11.2025. Efter att anm\u00e4lningstiden har g\u00e5tt ut kan ni b\u00e5de g\u00f6ra \u00e4ndringar i laginformationen och s\u00e4tta [&hellip;]<\/p>\n","protected":false},"author":2,"featured_media":0,"parent":0,"menu_order":0,"comment_status":"closed","ping_status":"closed","template":"","meta":{"_crdt_document":"","footnotes":""},"class_list":["post-8294","page","type-page","status-publish","hentry"],"yoast_head":"<!-- This site is optimized with the Yoast SEO plugin v27.4 - https:\/\/yoast.com\/product\/yoast-seo-wordpress\/ -->\n<title>Akilles Cup - Handboll - K\u00e4sipallo<\/title>\n<meta name=\"robots\" content=\"index, follow, max-snippet:-1, max-image-preview:large, max-video-preview:-1\" \/>\n<link rel=\"canonical\" href=\"https:\/\/www.akilles.fi\/handboll\/akilles-cup\/\" \/>\n<meta property=\"og:locale\" content=\"sv_SE\" \/>\n<meta property=\"og:type\" content=\"article\" \/>\n<meta property=\"og:title\" content=\"Akilles Cup - Handboll - K\u00e4sipallo\" \/>\n<meta property=\"og:description\" content=\"Turneringsinfo Akilles Cup 2025&nbsp; &nbsp; &nbsp; &nbsp; &nbsp; &nbsp; &nbsp; &nbsp;&nbsp; Organisat\u00f6r Turneringen ordnas av Borg\u00e5 Akilles Handboll. Akilles Cup ordnas 13-14.12.2025 i Idrottshallen, Lyceiparkens skola och Kantelehuset i V\u00e5rberga.&nbsp; Anm\u00e4lning Anm\u00e4lning till turneringen sker via webbsidan akillescup.cups.nu&nbsp;senast den 30.11.2025. Efter att anm\u00e4lningstiden har g\u00e5tt ut kan ni b\u00e5de g\u00f6ra \u00e4ndringar i laginformationen och s\u00e4tta [&hellip;]\" \/>\n<meta property=\"og:url\" content=\"https:\/\/www.akilles.fi\/handboll\/akilles-cup\/\" \/>\n<meta property=\"og:site_name\" content=\"Handboll - K\u00e4sipallo\" \/>\n<meta property=\"article:modified_time\" content=\"2025-10-13T08:27:38+00:00\" \/>\n<meta property=\"og:image\" content=\"https:\/\/www.akilles.fi\/handboll\/wp-content\/uploads\/sites\/18\/2025\/10\/WhatsApp-Image-2025-10-13-at-11.02.49.jpeg\" \/>\n\t<meta property=\"og:image:width\" content=\"1080\" \/>\n\t<meta property=\"og:image:height\" content=\"1350\" \/>\n\t<meta property=\"og:image:type\" content=\"image\/jpeg\" \/>\n<meta name=\"twitter:card\" content=\"summary_large_image\" \/>\n<meta name=\"twitter:label1\" content=\"Ber\u00e4knad l\u00e4stid\" \/>\n\t<meta name=\"twitter:data1\" content=\"3 minuter\" \/>\n<script type=\"application\/ld+json\" class=\"yoast-schema-graph\">{\"@context\":\"https:\\\/\\\/schema.org\",\"@graph\":[{\"@type\":\"WebPage\",\"@id\":\"https:\\\/\\\/www.akilles.fi\\\/handboll\\\/akilles-cup\\\/\",\"url\":\"https:\\\/\\\/www.akilles.fi\\\/handboll\\\/akilles-cup\\\/\",\"name\":\"Akilles Cup - Handboll - K\u00e4sipallo\",\"isPartOf\":{\"@id\":\"https:\\\/\\\/www.akilles.fi\\\/handboll\\\/#website\"},\"primaryImageOfPage\":{\"@id\":\"https:\\\/\\\/www.akilles.fi\\\/handboll\\\/akilles-cup\\\/#primaryimage\"},\"image\":{\"@id\":\"https:\\\/\\\/www.akilles.fi\\\/handboll\\\/akilles-cup\\\/#primaryimage\"},\"thumbnailUrl\":\"http:\\\/\\\/www.akilles.fi\\\/handboll\\\/wp-content\\\/uploads\\\/sites\\\/18\\\/2025\\\/10\\\/WhatsApp-Image-2025-10-13-at-11.02.49-768x960.jpeg\",\"datePublished\":\"2021-11-03T13:30:10+00:00\",\"dateModified\":\"2025-10-13T08:27:38+00:00\",\"breadcrumb\":{\"@id\":\"https:\\\/\\\/www.akilles.fi\\\/handboll\\\/akilles-cup\\\/#breadcrumb\"},\"inLanguage\":\"sv-SE\",\"potentialAction\":[{\"@type\":\"ReadAction\",\"target\":[\"https:\\\/\\\/www.akilles.fi\\\/handboll\\\/akilles-cup\\\/\"]}]},{\"@type\":\"ImageObject\",\"inLanguage\":\"sv-SE\",\"@id\":\"https:\\\/\\\/www.akilles.fi\\\/handboll\\\/akilles-cup\\\/#primaryimage\",\"url\":\"https:\\\/\\\/www.akilles.fi\\\/handboll\\\/wp-content\\\/uploads\\\/sites\\\/18\\\/2025\\\/10\\\/WhatsApp-Image-2025-10-13-at-11.02.49.jpeg\",\"contentUrl\":\"https:\\\/\\\/www.akilles.fi\\\/handboll\\\/wp-content\\\/uploads\\\/sites\\\/18\\\/2025\\\/10\\\/WhatsApp-Image-2025-10-13-at-11.02.49.jpeg\",\"width\":1080,\"height\":1350},{\"@type\":\"BreadcrumbList\",\"@id\":\"https:\\\/\\\/www.akilles.fi\\\/handboll\\\/akilles-cup\\\/#breadcrumb\",\"itemListElement\":[{\"@type\":\"ListItem\",\"position\":1,\"name\":\"Home\",\"item\":\"https:\\\/\\\/www.akilles.fi\\\/handboll\\\/\"},{\"@type\":\"ListItem\",\"position\":2,\"name\":\"Akilles Cup\"}]},{\"@type\":\"WebSite\",\"@id\":\"https:\\\/\\\/www.akilles.fi\\\/handboll\\\/#website\",\"url\":\"https:\\\/\\\/www.akilles.fi\\\/handboll\\\/\",\"name\":\"Handboll - K\u00e4sipallo\",\"description\":\"Borg\u00e5 Akilles Handboll - Porvoon Akilles K\u00e4sipallo\",\"potentialAction\":[{\"@type\":\"SearchAction\",\"target\":{\"@type\":\"EntryPoint\",\"urlTemplate\":\"https:\\\/\\\/www.akilles.fi\\\/handboll\\\/?s={search_term_string}\"},\"query-input\":{\"@type\":\"PropertyValueSpecification\",\"valueRequired\":true,\"valueName\":\"search_term_string\"}}],\"inLanguage\":\"sv-SE\"}]}<\/script>\n<!-- \/ Yoast SEO plugin. -->","yoast_head_json":{"title":"Akilles Cup - Handboll - K\u00e4sipallo","robots":{"index":"index","follow":"follow","max-snippet":"max-snippet:-1","max-image-preview":"max-image-preview:large","max-video-preview":"max-video-preview:-1"},"canonical":"https:\/\/www.akilles.fi\/handboll\/akilles-cup\/","og_locale":"sv_SE","og_type":"article","og_title":"Akilles Cup - Handboll - K\u00e4sipallo","og_description":"Turneringsinfo Akilles Cup 2025&nbsp; &nbsp; &nbsp; &nbsp; &nbsp; &nbsp; &nbsp; &nbsp;&nbsp; Organisat\u00f6r Turneringen ordnas av Borg\u00e5 Akilles Handboll. Akilles Cup ordnas 13-14.12.2025 i Idrottshallen, Lyceiparkens skola och Kantelehuset i V\u00e5rberga.&nbsp; Anm\u00e4lning Anm\u00e4lning till turneringen sker via webbsidan akillescup.cups.nu&nbsp;senast den 30.11.2025. Efter att anm\u00e4lningstiden har g\u00e5tt ut kan ni b\u00e5de g\u00f6ra \u00e4ndringar i laginformationen och s\u00e4tta [&hellip;]","og_url":"https:\/\/www.akilles.fi\/handboll\/akilles-cup\/","og_site_name":"Handboll - K\u00e4sipallo","article_modified_time":"2025-10-13T08:27:38+00:00","og_image":[{"width":1080,"height":1350,"url":"https:\/\/www.akilles.fi\/handboll\/wp-content\/uploads\/sites\/18\/2025\/10\/WhatsApp-Image-2025-10-13-at-11.02.49.jpeg","type":"image\/jpeg"}],"twitter_card":"summary_large_image","twitter_misc":{"Ber\u00e4knad l\u00e4stid":"3 minuter"},"schema":{"@context":"https:\/\/schema.org","@graph":[{"@type":"WebPage","@id":"https:\/\/www.akilles.fi\/handboll\/akilles-cup\/","url":"https:\/\/www.akilles.fi\/handboll\/akilles-cup\/","name":"Akilles Cup - Handboll - K\u00e4sipallo","isPartOf":{"@id":"https:\/\/www.akilles.fi\/handboll\/#website"},"primaryImageOfPage":{"@id":"https:\/\/www.akilles.fi\/handboll\/akilles-cup\/#primaryimage"},"image":{"@id":"https:\/\/www.akilles.fi\/handboll\/akilles-cup\/#primaryimage"},"thumbnailUrl":"http:\/\/www.akilles.fi\/handboll\/wp-content\/uploads\/sites\/18\/2025\/10\/WhatsApp-Image-2025-10-13-at-11.02.49-768x960.jpeg","datePublished":"2021-11-03T13:30:10+00:00","dateModified":"2025-10-13T08:27:38+00:00","breadcrumb":{"@id":"https:\/\/www.akilles.fi\/handboll\/akilles-cup\/#breadcrumb"},"inLanguage":"sv-SE","potentialAction":[{"@type":"ReadAction","target":["https:\/\/www.akilles.fi\/handboll\/akilles-cup\/"]}]},{"@type":"ImageObject","inLanguage":"sv-SE","@id":"https:\/\/www.akilles.fi\/handboll\/akilles-cup\/#primaryimage","url":"https:\/\/www.akilles.fi\/handboll\/wp-content\/uploads\/sites\/18\/2025\/10\/WhatsApp-Image-2025-10-13-at-11.02.49.jpeg","contentUrl":"https:\/\/www.akilles.fi\/handboll\/wp-content\/uploads\/sites\/18\/2025\/10\/WhatsApp-Image-2025-10-13-at-11.02.49.jpeg","width":1080,"height":1350},{"@type":"BreadcrumbList","@id":"https:\/\/www.akilles.fi\/handboll\/akilles-cup\/#breadcrumb","itemListElement":[{"@type":"ListItem","position":1,"name":"Home","item":"https:\/\/www.akilles.fi\/handboll\/"},{"@type":"ListItem","position":2,"name":"Akilles Cup"}]},{"@type":"WebSite","@id":"https:\/\/www.akilles.fi\/handboll\/#website","url":"https:\/\/www.akilles.fi\/handboll\/","name":"Handboll - K\u00e4sipallo","description":"Borg\u00e5 Akilles Handboll - Porvoon Akilles K\u00e4sipallo","potentialAction":[{"@type":"SearchAction","target":{"@type":"EntryPoint","urlTemplate":"https:\/\/www.akilles.fi\/handboll\/?s={search_term_string}"},"query-input":{"@type":"PropertyValueSpecification","valueRequired":true,"valueName":"search_term_string"}}],"inLanguage":"sv-SE"}]}},"_links":{"self":[{"href":"https:\/\/www.akilles.fi\/handboll\/wp-json\/wp\/v2\/pages\/8294","targetHints":{"allow":["GET"]}}],"collection":[{"href":"https:\/\/www.akilles.fi\/handboll\/wp-json\/wp\/v2\/pages"}],"about":[{"href":"https:\/\/www.akilles.fi\/handboll\/wp-json\/wp\/v2\/types\/page"}],"author":[{"embeddable":true,"href":"https:\/\/www.akilles.fi\/handboll\/wp-json\/wp\/v2\/users\/2"}],"replies":[{"embeddable":true,"href":"https:\/\/www.akilles.fi\/handboll\/wp-json\/wp\/v2\/comments?post=8294"}],"version-history":[{"count":64,"href":"https:\/\/www.akilles.fi\/handboll\/wp-json\/wp\/v2\/pages\/8294\/revisions"}],"predecessor-version":[{"id":12896,"href":"https:\/\/www.akilles.fi\/handboll\/wp-json\/wp\/v2\/pages\/8294\/revisions\/12896"}],"wp:attachment":[{"href":"https:\/\/www.akilles.fi\/handboll\/wp-json\/wp\/v2\/media?parent=8294"}],"curies":[{"name":"wp","href":"https:\/\/api.w.org\/{rel}","templated":true}]}}