{"id":8424,"date":"2021-12-19T09:32:52","date_gmt":"2021-12-19T09:32:52","guid":{"rendered":"https:\/\/www.akilles.fi\/handboll\/?page_id=8424"},"modified":"2026-01-15T09:36:46","modified_gmt":"2026-01-15T09:36:46","slug":"akilles-handball-party","status":"publish","type":"page","link":"https:\/\/www.akilles.fi\/handboll\/akilles-handball-party\/","title":{"rendered":"Akilles Handball Party"},"content":{"rendered":"\t\t<div data-elementor-type=\"wp-page\" data-elementor-id=\"8424\" class=\"elementor elementor-8424\" data-elementor-post-type=\"page\">\n\t\t\t\t\t\t<section class=\"elementor-section elementor-top-section elementor-element elementor-element-ec31f41 elementor-section-boxed elementor-section-height-default elementor-section-height-default\" data-id=\"ec31f41\" data-element_type=\"section\">\n\t\t\t\t\t\t<div class=\"elementor-container elementor-column-gap-default\">\n\t\t\t\t\t<div class=\"elementor-column elementor-col-33 elementor-top-column elementor-element elementor-element-124e1b0\" data-id=\"124e1b0\" data-element_type=\"column\">\n\t\t\t<div class=\"elementor-widget-wrap elementor-element-populated\">\n\t\t\t\t\t\t<div class=\"elementor-element elementor-element-a7554d0 elementor-widget elementor-widget-image\" data-id=\"a7554d0\" data-element_type=\"widget\" data-widget_type=\"image.default\">\n\t\t\t\t<div class=\"elementor-widget-container\">\n\t\t\t\t\t\t\t\t\t\t\t\t\t\t\t<img fetchpriority=\"high\" decoding=\"async\" width=\"724\" height=\"1024\" src=\"https:\/\/www.akilles.fi\/handboll\/wp-content\/uploads\/sites\/18\/2026\/01\/f7fb9f5b-2df1-4c23-b212-312b5487311b-724x1024.jpg\" class=\"attachment-large size-large wp-image-12998\" alt=\"\" srcset=\"https:\/\/www.akilles.fi\/handboll\/wp-content\/uploads\/sites\/18\/2026\/01\/f7fb9f5b-2df1-4c23-b212-312b5487311b-724x1024.jpg 724w, https:\/\/www.akilles.fi\/handboll\/wp-content\/uploads\/sites\/18\/2026\/01\/f7fb9f5b-2df1-4c23-b212-312b5487311b-212x300.jpg 212w, https:\/\/www.akilles.fi\/handboll\/wp-content\/uploads\/sites\/18\/2026\/01\/f7fb9f5b-2df1-4c23-b212-312b5487311b-768x1086.jpg 768w, https:\/\/www.akilles.fi\/handboll\/wp-content\/uploads\/sites\/18\/2026\/01\/f7fb9f5b-2df1-4c23-b212-312b5487311b-1086x1536.jpg 1086w, https:\/\/www.akilles.fi\/handboll\/wp-content\/uploads\/sites\/18\/2026\/01\/f7fb9f5b-2df1-4c23-b212-312b5487311b.jpg 1131w\" sizes=\"(max-width: 724px) 100vw, 724px\" \/>\t\t\t\t\t\t\t\t\t\t\t\t\t\t\t<\/div>\n\t\t\t\t<\/div>\n\t\t\t\t\t<\/div>\n\t\t<\/div>\n\t\t\t\t<div class=\"elementor-column elementor-col-66 elementor-top-column elementor-element elementor-element-393c0ae\" data-id=\"393c0ae\" data-element_type=\"column\">\n\t\t\t<div class=\"elementor-widget-wrap elementor-element-populated\">\n\t\t\t\t\t\t<div class=\"elementor-element elementor-element-4b666dc elementor-widget elementor-widget-text-editor\" data-id=\"4b666dc\" data-element_type=\"widget\" data-widget_type=\"text-editor.default\">\n\t\t\t\t<div class=\"elementor-widget-container\">\n\t\t\t\t\t\t\t\t\t<h2><strong>V\u00e4lkommen p\u00e5 Akilles Handball Party!<\/strong><\/h2><p><strong>N\u00e4r?<\/strong> Fredagen den 20.2.2026 kl. 17-00.<\/p><p><strong>Var?<\/strong> Restaurang Taste Day&amp;Night, Fredsgatan 29, Borg\u00e5<\/p><p><strong>Pris?<\/strong> 50 \u20ac<\/p><p>D\u00f6rrarna \u00f6ppnar klockan 17 och maten serveras klockan 18. Eventuella specialdieter meddelas till johanna.turunen@akilles.fi, meny nedan.<\/p><p><strong>Anm\u00e4lningsl\u00e4nk<\/strong>: <a href=\"https:\/\/akilles.myclub.fi\/flow\/events\/10248607\" target=\"_blank\" rel=\"noopener\">https:\/\/akilles.myclub.fi\/flow\/events\/10248607<\/a><\/p><h2>Tervetuloa Akilles Handball Partyyn!<\/h2><p><strong>Milloin?<\/strong> Perjantaina 20.2.2026 klo 17-00.<\/p><p><strong>Miss\u00e4?<\/strong> Ravintola Taste Day&amp;Night, Rauhankatu 29, Porvoo<\/p><p><strong>Hinta?<\/strong> 50 \u20ac<b><\/b><\/p><p><strong>Ilmoittautumislinkki<\/strong>: <a href=\"https:\/\/akilles.myclub.fi\/flow\/events\/10248607\" target=\"_blank\" rel=\"noopener\">https:\/\/akilles.myclub.fi\/flow\/events\/10248607<\/a><\/p><p>Ovet avautuvat klo 17 ja ruoka tarjoillaan klo 18. Mahdolliset erikoisruokavaliot ilmoitetaan johanna.turunen@akilles.fi, menu alla.\u00a0<\/p><p>Detta \u00e4r ingen vanlig fest. T\u00e4m\u00e4 ei ole mik\u00e4\u00e4n tavallinen juhla.<\/p><p>Detta \u00e4r en handbollsfest. Kyseess\u00e4 on k\u00e4sipallojuhla.<\/p><p><strong>F\u00f6rv\u00e4nta dig\/odotettavissa:<\/strong><\/p><ul><li>galna lekar\/hullut leikit<\/li><li>totalt orimliga regler\/t\u00e4ysin j\u00e4rjett\u00f6m\u00e4t s\u00e4\u00e4nn\u00f6t<\/li><li>domslut som inte g\u00e5r att \u00f6verklaga\/ei valitusoikeutta tuomioista<\/li><li>taktik som aldrig hade godk\u00e4nts av en tr\u00e4nare\/taktiikkaa, jota yksik\u00e4\u00e4n valmentaja ei hyv\u00e4ksyisi<\/li><li>skratt, prestige och eventuellt mentalt sammanbrott\/naurua, jaloa suorittamista ja mahdollisesti henkist\u00e4 romahdusta<\/li><\/ul><p><strong>Detta \u00e4r kv\u00e4llen d\u00e4r\/t\u00e4m\u00e4 on ilta jolloin:<\/strong><\/p><ul><li>alla \u00e4r tr\u00e4nare\/kaikki ovat valmentajia<\/li><li>alla \u00e4r domare\/kaikki ovat tuomareita<\/li><li>ingen \u00e4r missn\u00f6jd\/kukaan ei ole tyytym\u00e4t\u00f6n<\/li><li>ingen \u00e4r oskyldig\/kukaan ei ole syyt\u00f6n<\/li><\/ul><p><strong>Genom att n\u00e4rvara godk\u00e4nner du\/l\u00e4sn\u00e4olollasi hyv\u00e4ksyt:<\/strong><\/p><ul><li>or\u00e4ttvisa domarbeslut\/ep\u00e4reilut tuomarit<\/li><li>social press\/sosiaalisen paineen<\/li><li>kollektiv psykning\/kollektiivisen psyykkaamisen<\/li><li>att bli pekad p\u00e5 utan f\u00f6rklaring\/sen, ett\u00e4 sinua osoitetaan ilman selityst\u00e4<\/li><\/ul><p>Det finns inga \u00e5sk\u00e5dare. Alla deltar. Alla d\u00f6ms. Ei ole katsojia. Kaikki osallistuvat. Kaikki tuomitaan.<\/p><p>Att tacka nej tolkas som: &#8221;jag hade \u00e4nd\u00e5 blivit b\u00e4nkad&#8221;. Kielt\u00e4ytyminen tulkitaan n\u00e4in: &#8221;olisin kuitenkin joutunut penkille&#8221;.<\/p><h4><strong><br \/>Kv\u00e4llens meny\/Illan menu:<\/strong><\/h4><p>Vinterdrink som aperitif\/Talvinen alkudrinkki<\/p><p><strong>F\u00f6rr\u00e4ttsbord\/Alkuruokap\u00f6yt\u00e4<\/strong><\/p><ul><li>Gr\u00f6nsallad med saftiga k\u00f6rsb\u00e4rstomater, fetaost och ruccolapesto (L, G)\/Vihersalaattia, mehustettuja kirsikkatomaatteja, fetajuustoa ja rucolapestoa L,G<\/li><li>Skagenr\u00e4kor med citrusmarinerad potatis, inlagd gurka och maltcrumble (L)\/ Skagen katkarapuja, sitrusmarinoitua perunaa, pikkel\u00f6ity\u00e4 kurkkua ja <br \/>mallascrumblea L<\/li><li>Grillad kyckling med madrasrostad blomk\u00e5l, kryddiga grillade gr\u00f6nsaker, inlagd r\u00f6dl\u00f6k och aioli (M, G)\/ Grillattua kanaa, madraspaahdettua kukkakaalia, mausteisia grillikasviksia, pikkel\u00f6ity\u00e4 <br \/>punasipulia ja a\u00efolia M,G<\/li><li>Tastes svartpepparfocaccia med hummus och tzatziki (L)\/ Tasten Mustapippuri-foccaciaa, hummusta ja tzatsikia L<\/li><\/ul><p><strong>Huvudr\u00e4tt\/P\u00e4\u00e4ruoka<\/strong><\/p><p>Halstrad lax med jord\u00e4rtskockspur\u00e9, grillad purjol\u00f6k och br\u00e4nd v\u00e5rl\u00f6ksolja (L, G)\/ Halstrattua lohta, maa-artisokkapyrett\u00e4, grillattua purjoa ja poltettua kev\u00e4tsipuli-\u00f6ljy\u00e4 L,G<\/p><p><strong>Dessert\/J\u00e4lkiruoka<\/strong><\/p><p>Gr\u00f6n &amp; Vit: Pistagepannacotta med vit chokladkr\u00e4m, limegel\u00e9 och pistagecrumble\/ Pistaasi pannacotta, valkosuklaakreemi\u00e4, limegeeli\u00e4 ja pistaasicrumblea<\/p>\t\t\t\t\t\t\t\t<\/div>\n\t\t\t\t<\/div>\n\t\t\t\t\t<\/div>\n\t\t<\/div>\n\t\t\t\t\t<\/div>\n\t\t<\/section>\n\t\t\t\t<\/div>\n\t\t","protected":false},"excerpt":{"rendered":"<p>V\u00e4lkommen p\u00e5 Akilles Handball Party! N\u00e4r? Fredagen den 20.2.2026 kl. 17-00. Var? Restaurang Taste Day&amp;Night, Fredsgatan 29, Borg\u00e5 Pris? 50 \u20ac D\u00f6rrarna \u00f6ppnar klockan 17 och maten serveras klockan 18. Eventuella specialdieter meddelas till johanna.turunen@akilles.fi, meny nedan. Anm\u00e4lningsl\u00e4nk: https:\/\/akilles.myclub.fi\/flow\/events\/10248607 Tervetuloa Akilles Handball Partyyn! Milloin? Perjantaina 20.2.2026 klo 17-00. Miss\u00e4? Ravintola Taste Day&amp;Night, Rauhankatu 29, Porvoo [&hellip;]<\/p>\n","protected":false},"author":2,"featured_media":0,"parent":0,"menu_order":0,"comment_status":"closed","ping_status":"closed","template":"","meta":{"_crdt_document":"","footnotes":""},"class_list":["post-8424","page","type-page","status-publish","hentry"],"yoast_head":"<!-- This site is optimized with the Yoast SEO plugin v27.4 - https:\/\/yoast.com\/product\/yoast-seo-wordpress\/ -->\n<title>Akilles Handball Party - Handboll - K\u00e4sipallo<\/title>\n<meta name=\"robots\" content=\"index, follow, max-snippet:-1, max-image-preview:large, max-video-preview:-1\" \/>\n<link rel=\"canonical\" href=\"https:\/\/www.akilles.fi\/handboll\/akilles-handball-party\/\" \/>\n<meta property=\"og:locale\" content=\"sv_SE\" \/>\n<meta property=\"og:type\" content=\"article\" \/>\n<meta property=\"og:title\" content=\"Akilles Handball Party - Handboll - K\u00e4sipallo\" \/>\n<meta property=\"og:description\" content=\"V\u00e4lkommen p\u00e5 Akilles Handball Party! N\u00e4r? Fredagen den 20.2.2026 kl. 17-00. Var? Restaurang Taste Day&amp;Night, Fredsgatan 29, Borg\u00e5 Pris? 50 \u20ac D\u00f6rrarna \u00f6ppnar klockan 17 och maten serveras klockan 18. Eventuella specialdieter meddelas till johanna.turunen@akilles.fi, meny nedan. Anm\u00e4lningsl\u00e4nk: https:\/\/akilles.myclub.fi\/flow\/events\/10248607 Tervetuloa Akilles Handball Partyyn! Milloin? Perjantaina 20.2.2026 klo 17-00. Miss\u00e4? Ravintola Taste Day&amp;Night, Rauhankatu 29, Porvoo [&hellip;]\" \/>\n<meta property=\"og:url\" content=\"https:\/\/www.akilles.fi\/handboll\/akilles-handball-party\/\" \/>\n<meta property=\"og:site_name\" content=\"Handboll - K\u00e4sipallo\" \/>\n<meta property=\"article:modified_time\" content=\"2026-01-15T09:36:46+00:00\" \/>\n<meta property=\"og:image\" content=\"https:\/\/www.akilles.fi\/handboll\/wp-content\/uploads\/sites\/18\/2026\/01\/f7fb9f5b-2df1-4c23-b212-312b5487311b.jpg\" \/>\n\t<meta property=\"og:image:width\" content=\"1131\" \/>\n\t<meta property=\"og:image:height\" content=\"1600\" \/>\n\t<meta property=\"og:image:type\" content=\"image\/jpeg\" \/>\n<meta name=\"twitter:card\" content=\"summary_large_image\" \/>\n<meta name=\"twitter:label1\" content=\"Ber\u00e4knad l\u00e4stid\" \/>\n\t<meta name=\"twitter:data1\" content=\"2 minuter\" \/>\n<script type=\"application\/ld+json\" class=\"yoast-schema-graph\">{\"@context\":\"https:\\\/\\\/schema.org\",\"@graph\":[{\"@type\":\"WebPage\",\"@id\":\"https:\\\/\\\/www.akilles.fi\\\/handboll\\\/akilles-handball-party\\\/\",\"url\":\"https:\\\/\\\/www.akilles.fi\\\/handboll\\\/akilles-handball-party\\\/\",\"name\":\"Akilles Handball Party - Handboll - K\u00e4sipallo\",\"isPartOf\":{\"@id\":\"https:\\\/\\\/www.akilles.fi\\\/handboll\\\/#website\"},\"primaryImageOfPage\":{\"@id\":\"https:\\\/\\\/www.akilles.fi\\\/handboll\\\/akilles-handball-party\\\/#primaryimage\"},\"image\":{\"@id\":\"https:\\\/\\\/www.akilles.fi\\\/handboll\\\/akilles-handball-party\\\/#primaryimage\"},\"thumbnailUrl\":\"http:\\\/\\\/www.akilles.fi\\\/handboll\\\/wp-content\\\/uploads\\\/sites\\\/18\\\/2026\\\/01\\\/f7fb9f5b-2df1-4c23-b212-312b5487311b-724x1024.jpg\",\"datePublished\":\"2021-12-19T09:32:52+00:00\",\"dateModified\":\"2026-01-15T09:36:46+00:00\",\"breadcrumb\":{\"@id\":\"https:\\\/\\\/www.akilles.fi\\\/handboll\\\/akilles-handball-party\\\/#breadcrumb\"},\"inLanguage\":\"sv-SE\",\"potentialAction\":[{\"@type\":\"ReadAction\",\"target\":[\"https:\\\/\\\/www.akilles.fi\\\/handboll\\\/akilles-handball-party\\\/\"]}]},{\"@type\":\"ImageObject\",\"inLanguage\":\"sv-SE\",\"@id\":\"https:\\\/\\\/www.akilles.fi\\\/handboll\\\/akilles-handball-party\\\/#primaryimage\",\"url\":\"https:\\\/\\\/www.akilles.fi\\\/handboll\\\/wp-content\\\/uploads\\\/sites\\\/18\\\/2026\\\/01\\\/f7fb9f5b-2df1-4c23-b212-312b5487311b.jpg\",\"contentUrl\":\"https:\\\/\\\/www.akilles.fi\\\/handboll\\\/wp-content\\\/uploads\\\/sites\\\/18\\\/2026\\\/01\\\/f7fb9f5b-2df1-4c23-b212-312b5487311b.jpg\",\"width\":1131,\"height\":1600},{\"@type\":\"BreadcrumbList\",\"@id\":\"https:\\\/\\\/www.akilles.fi\\\/handboll\\\/akilles-handball-party\\\/#breadcrumb\",\"itemListElement\":[{\"@type\":\"ListItem\",\"position\":1,\"name\":\"Home\",\"item\":\"https:\\\/\\\/www.akilles.fi\\\/handboll\\\/\"},{\"@type\":\"ListItem\",\"position\":2,\"name\":\"Akilles Handball Party\"}]},{\"@type\":\"WebSite\",\"@id\":\"https:\\\/\\\/www.akilles.fi\\\/handboll\\\/#website\",\"url\":\"https:\\\/\\\/www.akilles.fi\\\/handboll\\\/\",\"name\":\"Handboll - K\u00e4sipallo\",\"description\":\"Borg\u00e5 Akilles Handboll - Porvoon Akilles K\u00e4sipallo\",\"potentialAction\":[{\"@type\":\"SearchAction\",\"target\":{\"@type\":\"EntryPoint\",\"urlTemplate\":\"https:\\\/\\\/www.akilles.fi\\\/handboll\\\/?s={search_term_string}\"},\"query-input\":{\"@type\":\"PropertyValueSpecification\",\"valueRequired\":true,\"valueName\":\"search_term_string\"}}],\"inLanguage\":\"sv-SE\"}]}<\/script>\n<!-- \/ Yoast SEO plugin. -->","yoast_head_json":{"title":"Akilles Handball Party - Handboll - K\u00e4sipallo","robots":{"index":"index","follow":"follow","max-snippet":"max-snippet:-1","max-image-preview":"max-image-preview:large","max-video-preview":"max-video-preview:-1"},"canonical":"https:\/\/www.akilles.fi\/handboll\/akilles-handball-party\/","og_locale":"sv_SE","og_type":"article","og_title":"Akilles Handball Party - Handboll - K\u00e4sipallo","og_description":"V\u00e4lkommen p\u00e5 Akilles Handball Party! N\u00e4r? Fredagen den 20.2.2026 kl. 17-00. Var? Restaurang Taste Day&amp;Night, Fredsgatan 29, Borg\u00e5 Pris? 50 \u20ac D\u00f6rrarna \u00f6ppnar klockan 17 och maten serveras klockan 18. Eventuella specialdieter meddelas till johanna.turunen@akilles.fi, meny nedan. Anm\u00e4lningsl\u00e4nk: https:\/\/akilles.myclub.fi\/flow\/events\/10248607 Tervetuloa Akilles Handball Partyyn! Milloin? Perjantaina 20.2.2026 klo 17-00. Miss\u00e4? Ravintola Taste Day&amp;Night, Rauhankatu 29, Porvoo [&hellip;]","og_url":"https:\/\/www.akilles.fi\/handboll\/akilles-handball-party\/","og_site_name":"Handboll - K\u00e4sipallo","article_modified_time":"2026-01-15T09:36:46+00:00","og_image":[{"width":1131,"height":1600,"url":"https:\/\/www.akilles.fi\/handboll\/wp-content\/uploads\/sites\/18\/2026\/01\/f7fb9f5b-2df1-4c23-b212-312b5487311b.jpg","type":"image\/jpeg"}],"twitter_card":"summary_large_image","twitter_misc":{"Ber\u00e4knad l\u00e4stid":"2 minuter"},"schema":{"@context":"https:\/\/schema.org","@graph":[{"@type":"WebPage","@id":"https:\/\/www.akilles.fi\/handboll\/akilles-handball-party\/","url":"https:\/\/www.akilles.fi\/handboll\/akilles-handball-party\/","name":"Akilles Handball Party - Handboll - K\u00e4sipallo","isPartOf":{"@id":"https:\/\/www.akilles.fi\/handboll\/#website"},"primaryImageOfPage":{"@id":"https:\/\/www.akilles.fi\/handboll\/akilles-handball-party\/#primaryimage"},"image":{"@id":"https:\/\/www.akilles.fi\/handboll\/akilles-handball-party\/#primaryimage"},"thumbnailUrl":"http:\/\/www.akilles.fi\/handboll\/wp-content\/uploads\/sites\/18\/2026\/01\/f7fb9f5b-2df1-4c23-b212-312b5487311b-724x1024.jpg","datePublished":"2021-12-19T09:32:52+00:00","dateModified":"2026-01-15T09:36:46+00:00","breadcrumb":{"@id":"https:\/\/www.akilles.fi\/handboll\/akilles-handball-party\/#breadcrumb"},"inLanguage":"sv-SE","potentialAction":[{"@type":"ReadAction","target":["https:\/\/www.akilles.fi\/handboll\/akilles-handball-party\/"]}]},{"@type":"ImageObject","inLanguage":"sv-SE","@id":"https:\/\/www.akilles.fi\/handboll\/akilles-handball-party\/#primaryimage","url":"https:\/\/www.akilles.fi\/handboll\/wp-content\/uploads\/sites\/18\/2026\/01\/f7fb9f5b-2df1-4c23-b212-312b5487311b.jpg","contentUrl":"https:\/\/www.akilles.fi\/handboll\/wp-content\/uploads\/sites\/18\/2026\/01\/f7fb9f5b-2df1-4c23-b212-312b5487311b.jpg","width":1131,"height":1600},{"@type":"BreadcrumbList","@id":"https:\/\/www.akilles.fi\/handboll\/akilles-handball-party\/#breadcrumb","itemListElement":[{"@type":"ListItem","position":1,"name":"Home","item":"https:\/\/www.akilles.fi\/handboll\/"},{"@type":"ListItem","position":2,"name":"Akilles Handball Party"}]},{"@type":"WebSite","@id":"https:\/\/www.akilles.fi\/handboll\/#website","url":"https:\/\/www.akilles.fi\/handboll\/","name":"Handboll - K\u00e4sipallo","description":"Borg\u00e5 Akilles Handboll - Porvoon Akilles K\u00e4sipallo","potentialAction":[{"@type":"SearchAction","target":{"@type":"EntryPoint","urlTemplate":"https:\/\/www.akilles.fi\/handboll\/?s={search_term_string}"},"query-input":{"@type":"PropertyValueSpecification","valueRequired":true,"valueName":"search_term_string"}}],"inLanguage":"sv-SE"}]}},"_links":{"self":[{"href":"https:\/\/www.akilles.fi\/handboll\/wp-json\/wp\/v2\/pages\/8424","targetHints":{"allow":["GET"]}}],"collection":[{"href":"https:\/\/www.akilles.fi\/handboll\/wp-json\/wp\/v2\/pages"}],"about":[{"href":"https:\/\/www.akilles.fi\/handboll\/wp-json\/wp\/v2\/types\/page"}],"author":[{"embeddable":true,"href":"https:\/\/www.akilles.fi\/handboll\/wp-json\/wp\/v2\/users\/2"}],"replies":[{"embeddable":true,"href":"https:\/\/www.akilles.fi\/handboll\/wp-json\/wp\/v2\/comments?post=8424"}],"version-history":[{"count":52,"href":"https:\/\/www.akilles.fi\/handboll\/wp-json\/wp\/v2\/pages\/8424\/revisions"}],"predecessor-version":[{"id":13027,"href":"https:\/\/www.akilles.fi\/handboll\/wp-json\/wp\/v2\/pages\/8424\/revisions\/13027"}],"wp:attachment":[{"href":"https:\/\/www.akilles.fi\/handboll\/wp-json\/wp\/v2\/media?parent=8424"}],"curies":[{"name":"wp","href":"https:\/\/api.w.org\/{rel}","templated":true}]}}