{"id":9661,"date":"2023-02-16T07:46:32","date_gmt":"2023-02-16T07:46:32","guid":{"rendered":"https:\/\/www.akilles.fi\/handboll\/?page_id=9661"},"modified":"2025-07-28T07:01:12","modified_gmt":"2025-07-28T07:01:12","slug":"bollskoj-pallokiva","status":"publish","type":"page","link":"https:\/\/www.akilles.fi\/handboll\/bollskoj-pallokiva\/","title":{"rendered":"Bollskoj &#8211; Pallokiva"},"content":{"rendered":"\t\t<div data-elementor-type=\"wp-post\" data-elementor-id=\"9661\" class=\"elementor elementor-9661\" data-elementor-post-type=\"page\">\n\t\t\t\t\t\t<section class=\"elementor-section elementor-top-section elementor-element elementor-element-63105be elementor-section-boxed elementor-section-height-default elementor-section-height-default\" data-id=\"63105be\" data-element_type=\"section\">\n\t\t\t\t\t\t<div class=\"elementor-container elementor-column-gap-default\">\n\t\t\t\t\t<div class=\"elementor-column elementor-col-50 elementor-top-column elementor-element elementor-element-f8bc170\" data-id=\"f8bc170\" data-element_type=\"column\">\n\t\t\t<div class=\"elementor-widget-wrap elementor-element-populated\">\n\t\t\t\t\t\t<div class=\"elementor-element elementor-element-d3e6c47 elementor-widget elementor-widget-text-editor\" data-id=\"d3e6c47\" data-element_type=\"widget\" data-widget_type=\"text-editor.default\">\n\t\t\t\t<div class=\"elementor-widget-container\">\n\t\t\t\t\t\t\t\t\t<h5><strong>KOM MED I BOLLSKOJ!&nbsp;<\/strong><\/h5>\n<p>V\u00e4lkommen med ditt 2021\u20132023-f\u00f6dda barn och r\u00f6ra p\u00e5 er till Lyceiparkens skola p\u00e5 m\u00e5ndagar kl. 16.15\u201317.00! Fr\u00e5n och med 11 augusti!<\/p>\n<p>Vi ordnar olika aktiviteter som bollekar, stafetter, hinderbanor och annat roligt.<\/p>\n<h5><strong>TULE MUKAAN PALLOKIVAAN!<\/strong><\/h5>\n<p>Tervetuloa mukaan liikkumaan 2021\u20132023-syntyneet huoltajan kanssa Lyceiparkens skolanille maanantaisin klo 16.15\u201317.00! Alkaa 11 elokuuta!<\/p>\n<p>J\u00e4rjest\u00e4mme erilaisia aktiviteetteja kuten pallopelej\u00e4, viestej\u00e4, esteratoja ja muuta hauskaa.<\/p>\n<h5 data-fontsize=\"18\" data-lineheight=\"23\">Kontaktuppgifter \/ Yhteystiedot<\/h5>\n<p><span data-sheets-value=\"{\" data-sheets-userformat=\"{\">Petri Lindfors<\/span><br>040 756 6611<br>petri.lindfors@akilles.fi<\/p>\t\t\t\t\t\t\t\t<\/div>\n\t\t\t\t<\/div>\n\t\t\t\t\t<\/div>\n\t\t<\/div>\n\t\t\t\t<div class=\"elementor-column elementor-col-50 elementor-top-column elementor-element elementor-element-6b5a8af\" data-id=\"6b5a8af\" data-element_type=\"column\">\n\t\t\t<div class=\"elementor-widget-wrap elementor-element-populated\">\n\t\t\t\t\t\t<div class=\"elementor-element elementor-element-40d56a7 elementor-widget elementor-widget-html\" data-id=\"40d56a7\" data-element_type=\"widget\" data-widget_type=\"html.default\">\n\t\t\t\t<div class=\"elementor-widget-container\">\n\t\t\t\t\t<div style=\"border: 0px solid black;overflow: auto;height: 650px;width: auto;color: red;background-color: white\">\n    \n    <!-- myClub embed JS - start -->\n<div class=\"myclub-embed\" data-url=\"https:\/\/akilles.myclub.fi\/groups\/58222\/event_embeds\/23356?token=a310f92ed1e6d59f5c0ed7cda494e45634e7d94c\"><\/div>\n<script>(function(d, s, id) { var js, mjs = d.getElementsByTagName(s)[0]; if (d.getElementById(id)) return; js = d.createElement(s); js.id = id; js.async = true; js.src = \"https:\/\/d2ubdm6yoox6gh.cloudfront.net\/assets\/myclub-embed.js\"; mjs.parentNode.insertBefore(js, mjs); }(document, 'script', 'myclub-embed-js'));<\/script>\n<!-- myClub embed JS - end -->\n\n<\/div>\t\t\t\t<\/div>\n\t\t\t\t<\/div>\n\t\t\t\t\t<\/div>\n\t\t<\/div>\n\t\t\t\t\t<\/div>\n\t\t<\/section>\n\t\t\t\t<\/div>\n\t\t","protected":false},"excerpt":{"rendered":"<p>KOM MED I BOLLSKOJ!&nbsp; V\u00e4lkommen med ditt 2021\u20132023-f\u00f6dda barn och r\u00f6ra p\u00e5 er till Lyceiparkens skola p\u00e5 m\u00e5ndagar kl. 16.15\u201317.00! Fr\u00e5n och med 11 augusti! Vi ordnar olika aktiviteter som bollekar, stafetter, hinderbanor och annat roligt. TULE MUKAAN PALLOKIVAAN! Tervetuloa mukaan liikkumaan 2021\u20132023-syntyneet huoltajan kanssa Lyceiparkens skolanille maanantaisin klo 16.15\u201317.00! Alkaa 11 elokuuta! J\u00e4rjest\u00e4mme erilaisia [&hellip;]<\/p>\n","protected":false},"author":2,"featured_media":0,"parent":0,"menu_order":0,"comment_status":"closed","ping_status":"closed","template":"","meta":{"_crdt_document":"","footnotes":""},"class_list":["post-9661","page","type-page","status-publish","hentry"],"yoast_head":"<!-- This site is optimized with the Yoast SEO plugin v27.4 - https:\/\/yoast.com\/product\/yoast-seo-wordpress\/ -->\n<title>Bollskoj - Pallokiva - Handboll - K\u00e4sipallo<\/title>\n<meta name=\"robots\" content=\"index, follow, max-snippet:-1, max-image-preview:large, max-video-preview:-1\" \/>\n<link rel=\"canonical\" href=\"https:\/\/www.akilles.fi\/handboll\/bollskoj-pallokiva\/\" \/>\n<meta property=\"og:locale\" content=\"sv_SE\" \/>\n<meta property=\"og:type\" content=\"article\" \/>\n<meta property=\"og:title\" content=\"Bollskoj - Pallokiva - Handboll - K\u00e4sipallo\" \/>\n<meta property=\"og:description\" content=\"KOM MED I BOLLSKOJ!&nbsp; V\u00e4lkommen med ditt 2021\u20132023-f\u00f6dda barn och r\u00f6ra p\u00e5 er till Lyceiparkens skola p\u00e5 m\u00e5ndagar kl. 16.15\u201317.00! Fr\u00e5n och med 11 augusti! Vi ordnar olika aktiviteter som bollekar, stafetter, hinderbanor och annat roligt. TULE MUKAAN PALLOKIVAAN! Tervetuloa mukaan liikkumaan 2021\u20132023-syntyneet huoltajan kanssa Lyceiparkens skolanille maanantaisin klo 16.15\u201317.00! Alkaa 11 elokuuta! J\u00e4rjest\u00e4mme erilaisia [&hellip;]\" \/>\n<meta property=\"og:url\" content=\"https:\/\/www.akilles.fi\/handboll\/bollskoj-pallokiva\/\" \/>\n<meta property=\"og:site_name\" content=\"Handboll - K\u00e4sipallo\" \/>\n<meta property=\"article:modified_time\" content=\"2025-07-28T07:01:12+00:00\" \/>\n<meta name=\"twitter:card\" content=\"summary_large_image\" \/>\n<meta name=\"twitter:label1\" content=\"Ber\u00e4knad l\u00e4stid\" \/>\n\t<meta name=\"twitter:data1\" content=\"1 minut\" \/>\n<script type=\"application\/ld+json\" class=\"yoast-schema-graph\">{\"@context\":\"https:\\\/\\\/schema.org\",\"@graph\":[{\"@type\":\"WebPage\",\"@id\":\"https:\\\/\\\/www.akilles.fi\\\/handboll\\\/bollskoj-pallokiva\\\/\",\"url\":\"https:\\\/\\\/www.akilles.fi\\\/handboll\\\/bollskoj-pallokiva\\\/\",\"name\":\"Bollskoj - Pallokiva - Handboll - K\u00e4sipallo\",\"isPartOf\":{\"@id\":\"https:\\\/\\\/www.akilles.fi\\\/handboll\\\/#website\"},\"datePublished\":\"2023-02-16T07:46:32+00:00\",\"dateModified\":\"2025-07-28T07:01:12+00:00\",\"breadcrumb\":{\"@id\":\"https:\\\/\\\/www.akilles.fi\\\/handboll\\\/bollskoj-pallokiva\\\/#breadcrumb\"},\"inLanguage\":\"sv-SE\",\"potentialAction\":[{\"@type\":\"ReadAction\",\"target\":[\"https:\\\/\\\/www.akilles.fi\\\/handboll\\\/bollskoj-pallokiva\\\/\"]}]},{\"@type\":\"BreadcrumbList\",\"@id\":\"https:\\\/\\\/www.akilles.fi\\\/handboll\\\/bollskoj-pallokiva\\\/#breadcrumb\",\"itemListElement\":[{\"@type\":\"ListItem\",\"position\":1,\"name\":\"Home\",\"item\":\"https:\\\/\\\/www.akilles.fi\\\/handboll\\\/\"},{\"@type\":\"ListItem\",\"position\":2,\"name\":\"Bollskoj &#8211; Pallokiva\"}]},{\"@type\":\"WebSite\",\"@id\":\"https:\\\/\\\/www.akilles.fi\\\/handboll\\\/#website\",\"url\":\"https:\\\/\\\/www.akilles.fi\\\/handboll\\\/\",\"name\":\"Handboll - K\u00e4sipallo\",\"description\":\"Borg\u00e5 Akilles Handboll - Porvoon Akilles K\u00e4sipallo\",\"potentialAction\":[{\"@type\":\"SearchAction\",\"target\":{\"@type\":\"EntryPoint\",\"urlTemplate\":\"https:\\\/\\\/www.akilles.fi\\\/handboll\\\/?s={search_term_string}\"},\"query-input\":{\"@type\":\"PropertyValueSpecification\",\"valueRequired\":true,\"valueName\":\"search_term_string\"}}],\"inLanguage\":\"sv-SE\"}]}<\/script>\n<!-- \/ Yoast SEO plugin. -->","yoast_head_json":{"title":"Bollskoj - Pallokiva - Handboll - K\u00e4sipallo","robots":{"index":"index","follow":"follow","max-snippet":"max-snippet:-1","max-image-preview":"max-image-preview:large","max-video-preview":"max-video-preview:-1"},"canonical":"https:\/\/www.akilles.fi\/handboll\/bollskoj-pallokiva\/","og_locale":"sv_SE","og_type":"article","og_title":"Bollskoj - Pallokiva - Handboll - K\u00e4sipallo","og_description":"KOM MED I BOLLSKOJ!&nbsp; V\u00e4lkommen med ditt 2021\u20132023-f\u00f6dda barn och r\u00f6ra p\u00e5 er till Lyceiparkens skola p\u00e5 m\u00e5ndagar kl. 16.15\u201317.00! Fr\u00e5n och med 11 augusti! Vi ordnar olika aktiviteter som bollekar, stafetter, hinderbanor och annat roligt. TULE MUKAAN PALLOKIVAAN! Tervetuloa mukaan liikkumaan 2021\u20132023-syntyneet huoltajan kanssa Lyceiparkens skolanille maanantaisin klo 16.15\u201317.00! Alkaa 11 elokuuta! J\u00e4rjest\u00e4mme erilaisia [&hellip;]","og_url":"https:\/\/www.akilles.fi\/handboll\/bollskoj-pallokiva\/","og_site_name":"Handboll - K\u00e4sipallo","article_modified_time":"2025-07-28T07:01:12+00:00","twitter_card":"summary_large_image","twitter_misc":{"Ber\u00e4knad l\u00e4stid":"1 minut"},"schema":{"@context":"https:\/\/schema.org","@graph":[{"@type":"WebPage","@id":"https:\/\/www.akilles.fi\/handboll\/bollskoj-pallokiva\/","url":"https:\/\/www.akilles.fi\/handboll\/bollskoj-pallokiva\/","name":"Bollskoj - Pallokiva - Handboll - K\u00e4sipallo","isPartOf":{"@id":"https:\/\/www.akilles.fi\/handboll\/#website"},"datePublished":"2023-02-16T07:46:32+00:00","dateModified":"2025-07-28T07:01:12+00:00","breadcrumb":{"@id":"https:\/\/www.akilles.fi\/handboll\/bollskoj-pallokiva\/#breadcrumb"},"inLanguage":"sv-SE","potentialAction":[{"@type":"ReadAction","target":["https:\/\/www.akilles.fi\/handboll\/bollskoj-pallokiva\/"]}]},{"@type":"BreadcrumbList","@id":"https:\/\/www.akilles.fi\/handboll\/bollskoj-pallokiva\/#breadcrumb","itemListElement":[{"@type":"ListItem","position":1,"name":"Home","item":"https:\/\/www.akilles.fi\/handboll\/"},{"@type":"ListItem","position":2,"name":"Bollskoj &#8211; Pallokiva"}]},{"@type":"WebSite","@id":"https:\/\/www.akilles.fi\/handboll\/#website","url":"https:\/\/www.akilles.fi\/handboll\/","name":"Handboll - K\u00e4sipallo","description":"Borg\u00e5 Akilles Handboll - Porvoon Akilles K\u00e4sipallo","potentialAction":[{"@type":"SearchAction","target":{"@type":"EntryPoint","urlTemplate":"https:\/\/www.akilles.fi\/handboll\/?s={search_term_string}"},"query-input":{"@type":"PropertyValueSpecification","valueRequired":true,"valueName":"search_term_string"}}],"inLanguage":"sv-SE"}]}},"_links":{"self":[{"href":"https:\/\/www.akilles.fi\/handboll\/wp-json\/wp\/v2\/pages\/9661","targetHints":{"allow":["GET"]}}],"collection":[{"href":"https:\/\/www.akilles.fi\/handboll\/wp-json\/wp\/v2\/pages"}],"about":[{"href":"https:\/\/www.akilles.fi\/handboll\/wp-json\/wp\/v2\/types\/page"}],"author":[{"embeddable":true,"href":"https:\/\/www.akilles.fi\/handboll\/wp-json\/wp\/v2\/users\/2"}],"replies":[{"embeddable":true,"href":"https:\/\/www.akilles.fi\/handboll\/wp-json\/wp\/v2\/comments?post=9661"}],"version-history":[{"count":44,"href":"https:\/\/www.akilles.fi\/handboll\/wp-json\/wp\/v2\/pages\/9661\/revisions"}],"predecessor-version":[{"id":12549,"href":"https:\/\/www.akilles.fi\/handboll\/wp-json\/wp\/v2\/pages\/9661\/revisions\/12549"}],"wp:attachment":[{"href":"https:\/\/www.akilles.fi\/handboll\/wp-json\/wp\/v2\/media?parent=9661"}],"curies":[{"name":"wp","href":"https:\/\/api.w.org\/{rel}","templated":true}]}}