{"id":10,"date":"2019-01-04T11:47:21","date_gmt":"2019-01-04T11:47:21","guid":{"rendered":"http:\/\/94.237.33.215\/~akilles\/nyasida\/kondition\/?page_id=10"},"modified":"2020-04-19T09:54:54","modified_gmt":"2020-04-19T09:54:54","slug":"jubileumsaret","status":"publish","type":"page","link":"https:\/\/www.akilles.fi\/kondition\/jubileumsaret\/","title":{"rendered":"Jubileums\u00e5ret"},"content":{"rendered":"\t\t<div data-elementor-type=\"wp-post\" data-elementor-id=\"10\" class=\"elementor elementor-10\" data-elementor-post-type=\"page\">\n\t\t\t\t\t\t<section class=\"elementor-section elementor-top-section elementor-element elementor-element-aa0c52f elementor-section-boxed elementor-section-height-default elementor-section-height-default\" data-id=\"aa0c52f\" data-element_type=\"section\">\n\t\t\t\t\t\t<div class=\"elementor-container elementor-column-gap-default\">\n\t\t\t\t\t<div class=\"elementor-column elementor-col-100 elementor-top-column elementor-element elementor-element-d0b440e\" data-id=\"d0b440e\" data-element_type=\"column\">\n\t\t\t<div class=\"elementor-widget-wrap elementor-element-populated\">\n\t\t\t\t\t\t<div class=\"elementor-element elementor-element-fe5a830 elementor-widget elementor-widget-text-editor\" data-id=\"fe5a830\" data-element_type=\"widget\" data-widget_type=\"text-editor.default\">\n\t\t\t\t<div class=\"elementor-widget-container\">\n\t\t\t\t\t\t\t\t\t<h3>S\u00f6ndagen den 22.9.19 h\u00f6ll vi v\u00e5r jubileumsvandring till Humla.\u00a0<\/h3><h5>I Akillesmarschen deltog ca 50 personer. S\u00f6ndagsv\u00e4dret var ypperligt och i Humla-stugan blev vi bjudna p\u00e5 kaffe med dopp.<\/h5>\t\t\t\t\t\t\t\t<\/div>\n\t\t\t\t<\/div>\n\t\t\t\t\t<\/div>\n\t\t<\/div>\n\t\t\t\t\t<\/div>\n\t\t<\/section>\n\t\t\t\t<section class=\"elementor-section elementor-top-section elementor-element elementor-element-4767aa5 elementor-section-boxed elementor-section-height-default elementor-section-height-default\" data-id=\"4767aa5\" data-element_type=\"section\">\n\t\t\t\t\t\t<div class=\"elementor-container elementor-column-gap-default\">\n\t\t\t\t\t<div class=\"elementor-column elementor-col-33 elementor-top-column elementor-element elementor-element-d4b3a1d\" data-id=\"d4b3a1d\" data-element_type=\"column\">\n\t\t\t<div class=\"elementor-widget-wrap elementor-element-populated\">\n\t\t\t\t\t\t<div class=\"elementor-element elementor-element-c47d270 elementor-widget elementor-widget-image\" data-id=\"c47d270\" data-element_type=\"widget\" data-widget_type=\"image.default\">\n\t\t\t\t<div class=\"elementor-widget-container\">\n\t\t\t\t\t\t\t\t\t\t\t\t\t\t\t\t<a href=\"http:\/\/www.akilles.fi\/kondition\/wp-content\/uploads\/sites\/22\/2019\/09\/20190922_095543-kopia.jpg\" data-elementor-open-lightbox=\"yes\" data-elementor-lightbox-title=\"20190922_095543 - kopia\" data-e-action-hash=\"#elementor-action%3Aaction%3Dlightbox%26settings%3DeyJpZCI6IjYxNyIsInVybCI6Imh0dHBzOlwvXC93d3cuYWtpbGxlcy5maVwva29uZGl0aW9uXC93cC1jb250ZW50XC91cGxvYWRzXC9zaXRlc1wvMjJcLzIwMTlcLzA5XC8yMDE5MDkyMl8wOTU1NDMta29waWEuanBnIn0%3D\">\n\t\t\t\t\t\t\t<img fetchpriority=\"high\" decoding=\"async\" width=\"768\" height=\"1024\" src=\"https:\/\/www.akilles.fi\/kondition\/wp-content\/uploads\/sites\/22\/2019\/09\/20190922_095543-kopia-768x1024.jpg\" class=\"attachment-large size-large wp-image-617\" alt=\"\" srcset=\"https:\/\/www.akilles.fi\/kondition\/wp-content\/uploads\/sites\/22\/2019\/09\/20190922_095543-kopia-768x1024.jpg 768w, https:\/\/www.akilles.fi\/kondition\/wp-content\/uploads\/sites\/22\/2019\/09\/20190922_095543-kopia-225x300.jpg 225w, https:\/\/www.akilles.fi\/kondition\/wp-content\/uploads\/sites\/22\/2019\/09\/20190922_095543-kopia.jpg 868w\" sizes=\"(max-width: 768px) 100vw, 768px\" \/>\t\t\t\t\t\t\t\t<\/a>\n\t\t\t\t\t\t\t\t\t\t\t\t\t\t\t<\/div>\n\t\t\t\t<\/div>\n\t\t\t\t\t<\/div>\n\t\t<\/div>\n\t\t\t\t<div class=\"elementor-column elementor-col-33 elementor-top-column elementor-element elementor-element-8a55545\" data-id=\"8a55545\" data-element_type=\"column\">\n\t\t\t<div class=\"elementor-widget-wrap elementor-element-populated\">\n\t\t\t\t\t\t<div class=\"elementor-element elementor-element-6be4a23 elementor-widget elementor-widget-image\" data-id=\"6be4a23\" data-element_type=\"widget\" data-widget_type=\"image.default\">\n\t\t\t\t<div class=\"elementor-widget-container\">\n\t\t\t\t\t\t\t\t\t\t\t\t\t\t\t\t<a href=\"http:\/\/www.akilles.fi\/kondition\/wp-content\/uploads\/sites\/22\/2019\/09\/20190922_100813-kopia.jpg\" data-elementor-open-lightbox=\"yes\" data-elementor-lightbox-title=\"20190922_100813 - kopia\" data-e-action-hash=\"#elementor-action%3Aaction%3Dlightbox%26settings%3DeyJpZCI6IjYxOCIsInVybCI6Imh0dHBzOlwvXC93d3cuYWtpbGxlcy5maVwva29uZGl0aW9uXC93cC1jb250ZW50XC91cGxvYWRzXC9zaXRlc1wvMjJcLzIwMTlcLzA5XC8yMDE5MDkyMl8xMDA4MTMta29waWEuanBnIn0%3D\">\n\t\t\t\t\t\t\t<img decoding=\"async\" width=\"768\" height=\"1024\" src=\"https:\/\/www.akilles.fi\/kondition\/wp-content\/uploads\/sites\/22\/2019\/09\/20190922_100813-kopia-768x1024.jpg\" class=\"attachment-large size-large wp-image-618\" alt=\"\" srcset=\"https:\/\/www.akilles.fi\/kondition\/wp-content\/uploads\/sites\/22\/2019\/09\/20190922_100813-kopia-768x1024.jpg 768w, https:\/\/www.akilles.fi\/kondition\/wp-content\/uploads\/sites\/22\/2019\/09\/20190922_100813-kopia-225x300.jpg 225w, https:\/\/www.akilles.fi\/kondition\/wp-content\/uploads\/sites\/22\/2019\/09\/20190922_100813-kopia.jpg 867w\" sizes=\"(max-width: 768px) 100vw, 768px\" \/>\t\t\t\t\t\t\t\t<\/a>\n\t\t\t\t\t\t\t\t\t\t\t\t\t\t\t<\/div>\n\t\t\t\t<\/div>\n\t\t\t\t\t<\/div>\n\t\t<\/div>\n\t\t\t\t<div class=\"elementor-column elementor-col-33 elementor-top-column elementor-element elementor-element-e247bd7\" data-id=\"e247bd7\" data-element_type=\"column\">\n\t\t\t<div class=\"elementor-widget-wrap elementor-element-populated\">\n\t\t\t\t\t\t<div class=\"elementor-element elementor-element-f3d30d6 elementor-widget elementor-widget-image\" data-id=\"f3d30d6\" data-element_type=\"widget\" data-widget_type=\"image.default\">\n\t\t\t\t<div class=\"elementor-widget-container\">\n\t\t\t\t\t\t\t\t\t\t\t\t\t\t\t\t<a href=\"http:\/\/www.akilles.fi\/kondition\/wp-content\/uploads\/sites\/22\/2019\/09\/20190922_111451-kopia.jpg\" data-elementor-open-lightbox=\"yes\" data-elementor-lightbox-title=\"20190922_111451 - kopia\" data-e-action-hash=\"#elementor-action%3Aaction%3Dlightbox%26settings%3DeyJpZCI6IjYxOSIsInVybCI6Imh0dHBzOlwvXC93d3cuYWtpbGxlcy5maVwva29uZGl0aW9uXC93cC1jb250ZW50XC91cGxvYWRzXC9zaXRlc1wvMjJcLzIwMTlcLzA5XC8yMDE5MDkyMl8xMTE0NTEta29waWEuanBnIn0%3D\">\n\t\t\t\t\t\t\t<img decoding=\"async\" width=\"768\" height=\"1024\" src=\"https:\/\/www.akilles.fi\/kondition\/wp-content\/uploads\/sites\/22\/2019\/09\/20190922_111451-kopia-768x1024.jpg\" class=\"attachment-large size-large wp-image-619\" alt=\"\" srcset=\"https:\/\/www.akilles.fi\/kondition\/wp-content\/uploads\/sites\/22\/2019\/09\/20190922_111451-kopia-768x1024.jpg 768w, https:\/\/www.akilles.fi\/kondition\/wp-content\/uploads\/sites\/22\/2019\/09\/20190922_111451-kopia-225x300.jpg 225w, https:\/\/www.akilles.fi\/kondition\/wp-content\/uploads\/sites\/22\/2019\/09\/20190922_111451-kopia.jpg 867w\" sizes=\"(max-width: 768px) 100vw, 768px\" \/>\t\t\t\t\t\t\t\t<\/a>\n\t\t\t\t\t\t\t\t\t\t\t\t\t\t\t<\/div>\n\t\t\t\t<\/div>\n\t\t\t\t\t<\/div>\n\t\t<\/div>\n\t\t\t\t\t<\/div>\n\t\t<\/section>\n\t\t\t\t<section class=\"elementor-section elementor-top-section elementor-element elementor-element-edfe112 elementor-section-boxed elementor-section-height-default elementor-section-height-default\" data-id=\"edfe112\" data-element_type=\"section\">\n\t\t\t\t\t\t<div class=\"elementor-container elementor-column-gap-default\">\n\t\t\t\t\t<div class=\"elementor-column elementor-col-50 elementor-top-column elementor-element elementor-element-ddb9fc6\" data-id=\"ddb9fc6\" data-element_type=\"column\">\n\t\t\t<div class=\"elementor-widget-wrap elementor-element-populated\">\n\t\t\t\t\t\t<div class=\"elementor-element elementor-element-1aa6b95 elementor-widget elementor-widget-text-editor\" data-id=\"1aa6b95\" data-element_type=\"widget\" data-widget_type=\"text-editor.default\">\n\t\t\t\t<div class=\"elementor-widget-container\">\n\t\t\t\t\t\t\t\t\t<p>L<\/p>\t\t\t\t\t\t\t\t<\/div>\n\t\t\t\t<\/div>\n\t\t\t\t\t<\/div>\n\t\t<\/div>\n\t\t\t\t<div class=\"elementor-column elementor-col-50 elementor-top-column elementor-element elementor-element-a1f032c\" data-id=\"a1f032c\" data-element_type=\"column\">\n\t\t\t<div class=\"elementor-widget-wrap\">\n\t\t\t\t\t\t\t<\/div>\n\t\t<\/div>\n\t\t\t\t\t<\/div>\n\t\t<\/section>\n\t\t\t\t<section class=\"elementor-section elementor-top-section elementor-element elementor-element-027dbbf elementor-section-boxed elementor-section-height-default elementor-section-height-default\" data-id=\"027dbbf\" data-element_type=\"section\">\n\t\t\t\t\t\t<div class=\"elementor-container elementor-column-gap-default\">\n\t\t\t\t\t<div class=\"elementor-column elementor-col-33 elementor-top-column elementor-element elementor-element-4d1b2f0\" data-id=\"4d1b2f0\" data-element_type=\"column\">\n\t\t\t<div class=\"elementor-widget-wrap elementor-element-populated\">\n\t\t\t\t\t\t<div class=\"elementor-element elementor-element-f836c39 elementor-widget elementor-widget-text-editor\" data-id=\"f836c39\" data-element_type=\"widget\" data-widget_type=\"text-editor.default\">\n\t\t\t\t<div class=\"elementor-widget-container\">\n\t\t\t\t\t\t\t\t\t<p><img loading=\"lazy\" decoding=\"async\" class=\"alignnone size-large wp-image-631\" src=\"http:\/\/www.akilles.fi\/kondition\/wp-content\/uploads\/sites\/22\/2019\/10\/20190922_111402-1-e1570110718694-768x1024.jpg\" alt=\"\" width=\"768\" height=\"1024\" \/><\/p>\t\t\t\t\t\t\t\t<\/div>\n\t\t\t\t<\/div>\n\t\t\t\t\t<\/div>\n\t\t<\/div>\n\t\t\t\t<div class=\"elementor-column elementor-col-33 elementor-top-column elementor-element elementor-element-32616b6\" data-id=\"32616b6\" data-element_type=\"column\">\n\t\t\t<div class=\"elementor-widget-wrap\">\n\t\t\t\t\t\t\t<\/div>\n\t\t<\/div>\n\t\t\t\t<div class=\"elementor-column elementor-col-33 elementor-top-column elementor-element elementor-element-ce54bb6\" data-id=\"ce54bb6\" data-element_type=\"column\">\n\t\t\t<div class=\"elementor-widget-wrap\">\n\t\t\t\t\t\t\t<\/div>\n\t\t<\/div>\n\t\t\t\t\t<\/div>\n\t\t<\/section>\n\t\t\t\t<section class=\"elementor-section elementor-top-section elementor-element elementor-element-c370dcc elementor-section-boxed elementor-section-height-default elementor-section-height-default\" data-id=\"c370dcc\" data-element_type=\"section\">\n\t\t\t\t\t\t<div class=\"elementor-container elementor-column-gap-default\">\n\t\t\t\t\t<div class=\"elementor-column elementor-col-33 elementor-top-column elementor-element elementor-element-7a71d79\" data-id=\"7a71d79\" data-element_type=\"column\">\n\t\t\t<div class=\"elementor-widget-wrap elementor-element-populated\">\n\t\t\t\t\t\t<div class=\"elementor-element elementor-element-c5de82d elementor-widget elementor-widget-text-editor\" data-id=\"c5de82d\" data-element_type=\"widget\" data-widget_type=\"text-editor.default\">\n\t\t\t\t<div class=\"elementor-widget-container\">\n\t\t\t\t\t\t\t\t\t<p>F\u00f6r fyra decennier och tio d\u00e4rtill motionshungriga herrar och damer sade, vi vill att b\u00e4ttre ork och v\u00e4lm\u00e5ende folk skall f\u00e5 d\u00e4rf\u00f6r locka ut dem i naturen, f\u00e5 dem att g\u00e5.<\/p><p>Dessa motiv gav konditionssektionen sin start, snart var det p\u00e5 vandring fart. Sektionen grundades, finns papper d\u00e4rp\u00e5 ut och motionera b\u00e5de stora och sm\u00e5.<\/p><p>Under femtio \u00e5r man vandrat, l\u00f6pt och g\u00e5tt, skidat, cyklat, simmat, mera ork man f\u00e5tt. Rodd ej n\u00e5got fr\u00e4mmande f\u00f6r sektionen var mulleskolan ut i skogen bar.<\/p>\t\t\t\t\t\t\t\t<\/div>\n\t\t\t\t<\/div>\n\t\t\t\t\t<\/div>\n\t\t<\/div>\n\t\t\t\t<div class=\"elementor-column elementor-col-33 elementor-top-column elementor-element elementor-element-333d330\" data-id=\"333d330\" data-element_type=\"column\">\n\t\t\t<div class=\"elementor-widget-wrap elementor-element-populated\">\n\t\t\t\t\t\t<div class=\"elementor-element elementor-element-05c903a elementor-widget elementor-widget-text-editor\" data-id=\"05c903a\" data-element_type=\"widget\" data-widget_type=\"text-editor.default\">\n\t\t\t\t<div class=\"elementor-widget-container\">\n\t\t\t\t\t\t\t\t\t<p>I trettio graders k\u00f6ld, i trettio graders hetta, av anstr\u00e4ngning man l\u00e5tit sig m\u00e4tta. L\u00e5tit svetten drypa ur kroppen ut njutit, n\u00e4r man k\u00e4nt sig slut.<\/p><p>Man vandrat, g\u00e5tt njutit av skogens sus, man trampat p\u00e5 cykel, st\u00f6rts\u00a0 av bilars brus. Man l\u00f6pt p\u00e5 skidor med bra eller d\u00e5ligt glid. \u00c5t simning, rodd man \u00e4ven gett sig tid.<\/p><p>Ej att gl\u00f6mma vad det sociala oss givit goda v\u00e4nner av oss under \u00e5ren blivit. Sammankomster, m\u00f6ten av olik slag f\u00f6rb\u00e4ttrat ocks\u00e5 v\u00e5rt v\u00e4lbehag.<\/p>\t\t\t\t\t\t\t\t<\/div>\n\t\t\t\t<\/div>\n\t\t\t\t\t<\/div>\n\t\t<\/div>\n\t\t\t\t<div class=\"elementor-column elementor-col-33 elementor-top-column elementor-element elementor-element-91bd03b\" data-id=\"91bd03b\" data-element_type=\"column\">\n\t\t\t<div class=\"elementor-widget-wrap elementor-element-populated\">\n\t\t\t\t\t\t<div class=\"elementor-element elementor-element-405f850 elementor-widget elementor-widget-text-editor\" data-id=\"405f850\" data-element_type=\"widget\" data-widget_type=\"text-editor.default\">\n\t\t\t\t<div class=\"elementor-widget-container\">\n\t\t\t\t\t\t\t\t\t<p>Verksamheten g\u00e5tt p\u00e5 sparl\u00e5ga ibland men s\u00e5 man tagit varandra i hand. Igen skall intresset f\u00f6r motion \u00f6kas tillsammans i naturen skall den s\u00f6kas.<\/p><p>Femtio\u00e5ringen mot nytt decennium g\u00e5r inf\u00f6r nya utmaningar man nu st\u00e5r. Den som leder, den som ansvar k\u00e4nner, ordnar motion, som ger nya v\u00e4nner.<\/p><p>M\u00e5ngas insatser under \u00e5ren varit stora ingen segrare h\u00e4r vill kora. Ingen n\u00e4mnd vid namn, ingen heller gl\u00f6md m\u00e5 insatserna i dikten vara g\u00f6md.<\/p><p>\u00a0 \u00a0 \u00a0 \u00a0 \u00a0 \u00a0 \u00a0 Tryggve Pihl<\/p>\t\t\t\t\t\t\t\t<\/div>\n\t\t\t\t<\/div>\n\t\t\t\t\t<\/div>\n\t\t<\/div>\n\t\t\t\t\t<\/div>\n\t\t<\/section>\n\t\t\t\t<\/div>\n\t\t","protected":false},"excerpt":{"rendered":"<p>S\u00f6ndagen den 22.9.19 h\u00f6ll vi v\u00e5r jubileumsvandring till Humla.\u00a0 I Akillesmarschen deltog ca 50 personer. S\u00f6ndagsv\u00e4dret var ypperligt och i Humla-stugan blev vi bjudna p\u00e5 kaffe med dopp. L F\u00f6r fyra decennier och tio d\u00e4rtill motionshungriga herrar och damer sade, vi vill att b\u00e4ttre ork och v\u00e4lm\u00e5ende folk skall f\u00e5 d\u00e4rf\u00f6r locka ut dem i [&hellip;]<\/p>\n","protected":false},"author":4,"featured_media":0,"parent":0,"menu_order":0,"comment_status":"closed","ping_status":"closed","template":"","meta":{"_crdt_document":"","footnotes":""},"class_list":["post-10","page","type-page","status-publish","hentry"],"yoast_head":"<!-- This site is optimized with the Yoast SEO plugin v27.4 - https:\/\/yoast.com\/product\/yoast-seo-wordpress\/ -->\n<title>Jubileums\u00e5ret - Kondition - Kuntoilu<\/title>\n<meta name=\"robots\" content=\"index, follow, max-snippet:-1, max-image-preview:large, max-video-preview:-1\" \/>\n<link rel=\"canonical\" href=\"https:\/\/www.akilles.fi\/kondition\/jubileumsaret\/\" \/>\n<meta property=\"og:locale\" content=\"sv_SE\" \/>\n<meta property=\"og:type\" content=\"article\" \/>\n<meta property=\"og:title\" content=\"Jubileums\u00e5ret - Kondition - Kuntoilu\" \/>\n<meta property=\"og:description\" content=\"S\u00f6ndagen den 22.9.19 h\u00f6ll vi v\u00e5r jubileumsvandring till Humla.\u00a0 I Akillesmarschen deltog ca 50 personer. S\u00f6ndagsv\u00e4dret var ypperligt och i Humla-stugan blev vi bjudna p\u00e5 kaffe med dopp. L F\u00f6r fyra decennier och tio d\u00e4rtill motionshungriga herrar och damer sade, vi vill att b\u00e4ttre ork och v\u00e4lm\u00e5ende folk skall f\u00e5 d\u00e4rf\u00f6r locka ut dem i [&hellip;]\" \/>\n<meta property=\"og:url\" content=\"https:\/\/www.akilles.fi\/kondition\/jubileumsaret\/\" \/>\n<meta property=\"og:site_name\" content=\"Kondition - Kuntoilu\" \/>\n<meta property=\"article:modified_time\" content=\"2020-04-19T09:54:54+00:00\" \/>\n<meta property=\"og:image\" content=\"http:\/\/www.akilles.fi\/kondition\/wp-content\/uploads\/sites\/22\/2019\/09\/20190922_095543-kopia-768x1024.jpg\" \/>\n<meta name=\"twitter:card\" content=\"summary_large_image\" \/>\n<meta name=\"twitter:label1\" content=\"Ber\u00e4knad l\u00e4stid\" \/>\n\t<meta name=\"twitter:data1\" content=\"2 minuter\" \/>\n<script type=\"application\/ld+json\" class=\"yoast-schema-graph\">{\"@context\":\"https:\\\/\\\/schema.org\",\"@graph\":[{\"@type\":\"WebPage\",\"@id\":\"https:\\\/\\\/www.akilles.fi\\\/kondition\\\/jubileumsaret\\\/\",\"url\":\"https:\\\/\\\/www.akilles.fi\\\/kondition\\\/jubileumsaret\\\/\",\"name\":\"Jubileums\u00e5ret - Kondition - Kuntoilu\",\"isPartOf\":{\"@id\":\"https:\\\/\\\/www.akilles.fi\\\/kondition\\\/#website\"},\"primaryImageOfPage\":{\"@id\":\"https:\\\/\\\/www.akilles.fi\\\/kondition\\\/jubileumsaret\\\/#primaryimage\"},\"image\":{\"@id\":\"https:\\\/\\\/www.akilles.fi\\\/kondition\\\/jubileumsaret\\\/#primaryimage\"},\"thumbnailUrl\":\"http:\\\/\\\/www.akilles.fi\\\/kondition\\\/wp-content\\\/uploads\\\/sites\\\/22\\\/2019\\\/09\\\/20190922_095543-kopia-768x1024.jpg\",\"datePublished\":\"2019-01-04T11:47:21+00:00\",\"dateModified\":\"2020-04-19T09:54:54+00:00\",\"breadcrumb\":{\"@id\":\"https:\\\/\\\/www.akilles.fi\\\/kondition\\\/jubileumsaret\\\/#breadcrumb\"},\"inLanguage\":\"sv-SE\",\"potentialAction\":[{\"@type\":\"ReadAction\",\"target\":[\"https:\\\/\\\/www.akilles.fi\\\/kondition\\\/jubileumsaret\\\/\"]}]},{\"@type\":\"ImageObject\",\"inLanguage\":\"sv-SE\",\"@id\":\"https:\\\/\\\/www.akilles.fi\\\/kondition\\\/jubileumsaret\\\/#primaryimage\",\"url\":\"https:\\\/\\\/www.akilles.fi\\\/kondition\\\/wp-content\\\/uploads\\\/sites\\\/22\\\/2019\\\/09\\\/20190922_095543-kopia.jpg\",\"contentUrl\":\"https:\\\/\\\/www.akilles.fi\\\/kondition\\\/wp-content\\\/uploads\\\/sites\\\/22\\\/2019\\\/09\\\/20190922_095543-kopia.jpg\",\"width\":868,\"height\":1157},{\"@type\":\"BreadcrumbList\",\"@id\":\"https:\\\/\\\/www.akilles.fi\\\/kondition\\\/jubileumsaret\\\/#breadcrumb\",\"itemListElement\":[{\"@type\":\"ListItem\",\"position\":1,\"name\":\"Home\",\"item\":\"https:\\\/\\\/www.akilles.fi\\\/kondition\\\/\"},{\"@type\":\"ListItem\",\"position\":2,\"name\":\"Jubileums\u00e5ret\"}]},{\"@type\":\"WebSite\",\"@id\":\"https:\\\/\\\/www.akilles.fi\\\/kondition\\\/#website\",\"url\":\"https:\\\/\\\/www.akilles.fi\\\/kondition\\\/\",\"name\":\"Kondition - Kuntoilu\",\"description\":\"Borg\u00e5 Akilles Kondition - Porvoon Akilles Kuntoilu\",\"potentialAction\":[{\"@type\":\"SearchAction\",\"target\":{\"@type\":\"EntryPoint\",\"urlTemplate\":\"https:\\\/\\\/www.akilles.fi\\\/kondition\\\/?s={search_term_string}\"},\"query-input\":{\"@type\":\"PropertyValueSpecification\",\"valueRequired\":true,\"valueName\":\"search_term_string\"}}],\"inLanguage\":\"sv-SE\"}]}<\/script>\n<!-- \/ Yoast SEO plugin. -->","yoast_head_json":{"title":"Jubileums\u00e5ret - Kondition - Kuntoilu","robots":{"index":"index","follow":"follow","max-snippet":"max-snippet:-1","max-image-preview":"max-image-preview:large","max-video-preview":"max-video-preview:-1"},"canonical":"https:\/\/www.akilles.fi\/kondition\/jubileumsaret\/","og_locale":"sv_SE","og_type":"article","og_title":"Jubileums\u00e5ret - Kondition - Kuntoilu","og_description":"S\u00f6ndagen den 22.9.19 h\u00f6ll vi v\u00e5r jubileumsvandring till Humla.\u00a0 I Akillesmarschen deltog ca 50 personer. S\u00f6ndagsv\u00e4dret var ypperligt och i Humla-stugan blev vi bjudna p\u00e5 kaffe med dopp. L F\u00f6r fyra decennier och tio d\u00e4rtill motionshungriga herrar och damer sade, vi vill att b\u00e4ttre ork och v\u00e4lm\u00e5ende folk skall f\u00e5 d\u00e4rf\u00f6r locka ut dem i [&hellip;]","og_url":"https:\/\/www.akilles.fi\/kondition\/jubileumsaret\/","og_site_name":"Kondition - Kuntoilu","article_modified_time":"2020-04-19T09:54:54+00:00","og_image":[{"url":"http:\/\/www.akilles.fi\/kondition\/wp-content\/uploads\/sites\/22\/2019\/09\/20190922_095543-kopia-768x1024.jpg","type":"","width":"","height":""}],"twitter_card":"summary_large_image","twitter_misc":{"Ber\u00e4knad l\u00e4stid":"2 minuter"},"schema":{"@context":"https:\/\/schema.org","@graph":[{"@type":"WebPage","@id":"https:\/\/www.akilles.fi\/kondition\/jubileumsaret\/","url":"https:\/\/www.akilles.fi\/kondition\/jubileumsaret\/","name":"Jubileums\u00e5ret - Kondition - Kuntoilu","isPartOf":{"@id":"https:\/\/www.akilles.fi\/kondition\/#website"},"primaryImageOfPage":{"@id":"https:\/\/www.akilles.fi\/kondition\/jubileumsaret\/#primaryimage"},"image":{"@id":"https:\/\/www.akilles.fi\/kondition\/jubileumsaret\/#primaryimage"},"thumbnailUrl":"http:\/\/www.akilles.fi\/kondition\/wp-content\/uploads\/sites\/22\/2019\/09\/20190922_095543-kopia-768x1024.jpg","datePublished":"2019-01-04T11:47:21+00:00","dateModified":"2020-04-19T09:54:54+00:00","breadcrumb":{"@id":"https:\/\/www.akilles.fi\/kondition\/jubileumsaret\/#breadcrumb"},"inLanguage":"sv-SE","potentialAction":[{"@type":"ReadAction","target":["https:\/\/www.akilles.fi\/kondition\/jubileumsaret\/"]}]},{"@type":"ImageObject","inLanguage":"sv-SE","@id":"https:\/\/www.akilles.fi\/kondition\/jubileumsaret\/#primaryimage","url":"https:\/\/www.akilles.fi\/kondition\/wp-content\/uploads\/sites\/22\/2019\/09\/20190922_095543-kopia.jpg","contentUrl":"https:\/\/www.akilles.fi\/kondition\/wp-content\/uploads\/sites\/22\/2019\/09\/20190922_095543-kopia.jpg","width":868,"height":1157},{"@type":"BreadcrumbList","@id":"https:\/\/www.akilles.fi\/kondition\/jubileumsaret\/#breadcrumb","itemListElement":[{"@type":"ListItem","position":1,"name":"Home","item":"https:\/\/www.akilles.fi\/kondition\/"},{"@type":"ListItem","position":2,"name":"Jubileums\u00e5ret"}]},{"@type":"WebSite","@id":"https:\/\/www.akilles.fi\/kondition\/#website","url":"https:\/\/www.akilles.fi\/kondition\/","name":"Kondition - Kuntoilu","description":"Borg\u00e5 Akilles Kondition - Porvoon Akilles Kuntoilu","potentialAction":[{"@type":"SearchAction","target":{"@type":"EntryPoint","urlTemplate":"https:\/\/www.akilles.fi\/kondition\/?s={search_term_string}"},"query-input":{"@type":"PropertyValueSpecification","valueRequired":true,"valueName":"search_term_string"}}],"inLanguage":"sv-SE"}]}},"_links":{"self":[{"href":"https:\/\/www.akilles.fi\/kondition\/wp-json\/wp\/v2\/pages\/10","targetHints":{"allow":["GET"]}}],"collection":[{"href":"https:\/\/www.akilles.fi\/kondition\/wp-json\/wp\/v2\/pages"}],"about":[{"href":"https:\/\/www.akilles.fi\/kondition\/wp-json\/wp\/v2\/types\/page"}],"author":[{"embeddable":true,"href":"https:\/\/www.akilles.fi\/kondition\/wp-json\/wp\/v2\/users\/4"}],"replies":[{"embeddable":true,"href":"https:\/\/www.akilles.fi\/kondition\/wp-json\/wp\/v2\/comments?post=10"}],"version-history":[{"count":17,"href":"https:\/\/www.akilles.fi\/kondition\/wp-json\/wp\/v2\/pages\/10\/revisions"}],"predecessor-version":[{"id":702,"href":"https:\/\/www.akilles.fi\/kondition\/wp-json\/wp\/v2\/pages\/10\/revisions\/702"}],"wp:attachment":[{"href":"https:\/\/www.akilles.fi\/kondition\/wp-json\/wp\/v2\/media?parent=10"}],"curies":[{"name":"wp","href":"https:\/\/api.w.org\/{rel}","templated":true}]}}