{"id":14,"date":"2019-01-04T11:52:53","date_gmt":"2019-01-04T11:52:53","guid":{"rendered":"http:\/\/94.237.33.215\/~akilles\/nyasida\/kondition\/?page_id=14"},"modified":"2023-05-10T03:50:39","modified_gmt":"2023-05-10T03:50:39","slug":"motionslador","status":"publish","type":"page","link":"https:\/\/www.akilles.fi\/kondition\/motionslador\/","title":{"rendered":"Motionsl\u00e5dor &#8211; Kuntolaatikot"},"content":{"rendered":"\t\t<div data-elementor-type=\"wp-post\" data-elementor-id=\"14\" class=\"elementor elementor-14\" data-elementor-post-type=\"page\">\n\t\t\t\t\t\t<section class=\"elementor-section elementor-top-section elementor-element elementor-element-4106a37 elementor-section-boxed elementor-section-height-default elementor-section-height-default\" data-id=\"4106a37\" data-element_type=\"section\">\n\t\t\t\t\t\t<div class=\"elementor-container elementor-column-gap-default\">\n\t\t\t\t\t<div class=\"elementor-column elementor-col-100 elementor-top-column elementor-element elementor-element-a6122e0\" data-id=\"a6122e0\" data-element_type=\"column\">\n\t\t\t<div class=\"elementor-widget-wrap elementor-element-populated\">\n\t\t\t\t\t\t<div class=\"elementor-element elementor-element-a31bf4e elementor-widget elementor-widget-text-editor\" data-id=\"a31bf4e\" data-element_type=\"widget\" data-widget_type=\"text-editor.default\">\n\t\t\t\t<div class=\"elementor-widget-container\">\n\t\t\t\t\t\t\t\t\t<h3>Motionsl\u00e5dorna \u00e5r 2023:<\/h3><p>Motionsl\u00e5dor finns i Humla, Holken och p\u00e5 Svin\u00f6. Inga priser utlovas till dem som skriver namnet i h\u00e4ftena<\/p><h3>Kuntolaatikot 2023:<\/h3><p>Kuntolaatikot ovat Svin\u00f6ss\u00e4, Humlanissa sek\u00e4 Holkenissa. <br \/>Ei palkintoja t\u00e4n\u00e4 vuonna.<\/p>\t\t\t\t\t\t\t\t<\/div>\n\t\t\t\t<\/div>\n\t\t\t\t\t<\/div>\n\t\t<\/div>\n\t\t\t\t\t<\/div>\n\t\t<\/section>\n\t\t\t\t<\/div>\n\t\t","protected":false},"excerpt":{"rendered":"<p>Motionsl\u00e5dorna \u00e5r 2023: Motionsl\u00e5dor finns i Humla, Holken och p\u00e5 Svin\u00f6. Inga priser utlovas till dem som skriver namnet i h\u00e4ftena Kuntolaatikot 2023: Kuntolaatikot ovat Svin\u00f6ss\u00e4, Humlanissa sek\u00e4 Holkenissa. Ei palkintoja t\u00e4n\u00e4 vuonna.<\/p>\n","protected":false},"author":4,"featured_media":0,"parent":0,"menu_order":0,"comment_status":"closed","ping_status":"closed","template":"","meta":{"_crdt_document":"","footnotes":""},"class_list":["post-14","page","type-page","status-publish","hentry"],"yoast_head":"<!-- This site is optimized with the Yoast SEO plugin v27.4 - https:\/\/yoast.com\/product\/yoast-seo-wordpress\/ -->\n<title>Motionsl\u00e5dor - Kuntolaatikot - Kondition - Kuntoilu<\/title>\n<meta name=\"robots\" content=\"index, follow, max-snippet:-1, max-image-preview:large, max-video-preview:-1\" \/>\n<link rel=\"canonical\" href=\"https:\/\/www.akilles.fi\/kondition\/motionslador\/\" \/>\n<meta property=\"og:locale\" content=\"sv_SE\" \/>\n<meta property=\"og:type\" content=\"article\" \/>\n<meta property=\"og:title\" content=\"Motionsl\u00e5dor - Kuntolaatikot - Kondition - Kuntoilu\" \/>\n<meta property=\"og:description\" content=\"Motionsl\u00e5dorna \u00e5r 2023: Motionsl\u00e5dor finns i Humla, Holken och p\u00e5 Svin\u00f6. Inga priser utlovas till dem som skriver namnet i h\u00e4ftena Kuntolaatikot 2023: Kuntolaatikot ovat Svin\u00f6ss\u00e4, Humlanissa sek\u00e4 Holkenissa. Ei palkintoja t\u00e4n\u00e4 vuonna.\" \/>\n<meta property=\"og:url\" content=\"https:\/\/www.akilles.fi\/kondition\/motionslador\/\" \/>\n<meta property=\"og:site_name\" content=\"Kondition - Kuntoilu\" \/>\n<meta property=\"article:modified_time\" content=\"2023-05-10T03:50:39+00:00\" \/>\n<meta name=\"twitter:card\" content=\"summary_large_image\" \/>\n<meta name=\"twitter:label1\" content=\"Ber\u00e4knad l\u00e4stid\" \/>\n\t<meta name=\"twitter:data1\" content=\"1 minut\" \/>\n<script type=\"application\/ld+json\" class=\"yoast-schema-graph\">{\"@context\":\"https:\\\/\\\/schema.org\",\"@graph\":[{\"@type\":\"WebPage\",\"@id\":\"https:\\\/\\\/www.akilles.fi\\\/kondition\\\/motionslador\\\/\",\"url\":\"https:\\\/\\\/www.akilles.fi\\\/kondition\\\/motionslador\\\/\",\"name\":\"Motionsl\u00e5dor - Kuntolaatikot - Kondition - Kuntoilu\",\"isPartOf\":{\"@id\":\"https:\\\/\\\/www.akilles.fi\\\/kondition\\\/#website\"},\"datePublished\":\"2019-01-04T11:52:53+00:00\",\"dateModified\":\"2023-05-10T03:50:39+00:00\",\"breadcrumb\":{\"@id\":\"https:\\\/\\\/www.akilles.fi\\\/kondition\\\/motionslador\\\/#breadcrumb\"},\"inLanguage\":\"sv-SE\",\"potentialAction\":[{\"@type\":\"ReadAction\",\"target\":[\"https:\\\/\\\/www.akilles.fi\\\/kondition\\\/motionslador\\\/\"]}]},{\"@type\":\"BreadcrumbList\",\"@id\":\"https:\\\/\\\/www.akilles.fi\\\/kondition\\\/motionslador\\\/#breadcrumb\",\"itemListElement\":[{\"@type\":\"ListItem\",\"position\":1,\"name\":\"Home\",\"item\":\"https:\\\/\\\/www.akilles.fi\\\/kondition\\\/\"},{\"@type\":\"ListItem\",\"position\":2,\"name\":\"Motionsl\u00e5dor &#8211; Kuntolaatikot\"}]},{\"@type\":\"WebSite\",\"@id\":\"https:\\\/\\\/www.akilles.fi\\\/kondition\\\/#website\",\"url\":\"https:\\\/\\\/www.akilles.fi\\\/kondition\\\/\",\"name\":\"Kondition - Kuntoilu\",\"description\":\"Borg\u00e5 Akilles Kondition - Porvoon Akilles Kuntoilu\",\"potentialAction\":[{\"@type\":\"SearchAction\",\"target\":{\"@type\":\"EntryPoint\",\"urlTemplate\":\"https:\\\/\\\/www.akilles.fi\\\/kondition\\\/?s={search_term_string}\"},\"query-input\":{\"@type\":\"PropertyValueSpecification\",\"valueRequired\":true,\"valueName\":\"search_term_string\"}}],\"inLanguage\":\"sv-SE\"}]}<\/script>\n<!-- \/ Yoast SEO plugin. -->","yoast_head_json":{"title":"Motionsl\u00e5dor - Kuntolaatikot - Kondition - Kuntoilu","robots":{"index":"index","follow":"follow","max-snippet":"max-snippet:-1","max-image-preview":"max-image-preview:large","max-video-preview":"max-video-preview:-1"},"canonical":"https:\/\/www.akilles.fi\/kondition\/motionslador\/","og_locale":"sv_SE","og_type":"article","og_title":"Motionsl\u00e5dor - Kuntolaatikot - Kondition - Kuntoilu","og_description":"Motionsl\u00e5dorna \u00e5r 2023: Motionsl\u00e5dor finns i Humla, Holken och p\u00e5 Svin\u00f6. Inga priser utlovas till dem som skriver namnet i h\u00e4ftena Kuntolaatikot 2023: Kuntolaatikot ovat Svin\u00f6ss\u00e4, Humlanissa sek\u00e4 Holkenissa. Ei palkintoja t\u00e4n\u00e4 vuonna.","og_url":"https:\/\/www.akilles.fi\/kondition\/motionslador\/","og_site_name":"Kondition - Kuntoilu","article_modified_time":"2023-05-10T03:50:39+00:00","twitter_card":"summary_large_image","twitter_misc":{"Ber\u00e4knad l\u00e4stid":"1 minut"},"schema":{"@context":"https:\/\/schema.org","@graph":[{"@type":"WebPage","@id":"https:\/\/www.akilles.fi\/kondition\/motionslador\/","url":"https:\/\/www.akilles.fi\/kondition\/motionslador\/","name":"Motionsl\u00e5dor - Kuntolaatikot - Kondition - Kuntoilu","isPartOf":{"@id":"https:\/\/www.akilles.fi\/kondition\/#website"},"datePublished":"2019-01-04T11:52:53+00:00","dateModified":"2023-05-10T03:50:39+00:00","breadcrumb":{"@id":"https:\/\/www.akilles.fi\/kondition\/motionslador\/#breadcrumb"},"inLanguage":"sv-SE","potentialAction":[{"@type":"ReadAction","target":["https:\/\/www.akilles.fi\/kondition\/motionslador\/"]}]},{"@type":"BreadcrumbList","@id":"https:\/\/www.akilles.fi\/kondition\/motionslador\/#breadcrumb","itemListElement":[{"@type":"ListItem","position":1,"name":"Home","item":"https:\/\/www.akilles.fi\/kondition\/"},{"@type":"ListItem","position":2,"name":"Motionsl\u00e5dor &#8211; Kuntolaatikot"}]},{"@type":"WebSite","@id":"https:\/\/www.akilles.fi\/kondition\/#website","url":"https:\/\/www.akilles.fi\/kondition\/","name":"Kondition - Kuntoilu","description":"Borg\u00e5 Akilles Kondition - Porvoon Akilles Kuntoilu","potentialAction":[{"@type":"SearchAction","target":{"@type":"EntryPoint","urlTemplate":"https:\/\/www.akilles.fi\/kondition\/?s={search_term_string}"},"query-input":{"@type":"PropertyValueSpecification","valueRequired":true,"valueName":"search_term_string"}}],"inLanguage":"sv-SE"}]}},"_links":{"self":[{"href":"https:\/\/www.akilles.fi\/kondition\/wp-json\/wp\/v2\/pages\/14","targetHints":{"allow":["GET"]}}],"collection":[{"href":"https:\/\/www.akilles.fi\/kondition\/wp-json\/wp\/v2\/pages"}],"about":[{"href":"https:\/\/www.akilles.fi\/kondition\/wp-json\/wp\/v2\/types\/page"}],"author":[{"embeddable":true,"href":"https:\/\/www.akilles.fi\/kondition\/wp-json\/wp\/v2\/users\/4"}],"replies":[{"embeddable":true,"href":"https:\/\/www.akilles.fi\/kondition\/wp-json\/wp\/v2\/comments?post=14"}],"version-history":[{"count":64,"href":"https:\/\/www.akilles.fi\/kondition\/wp-json\/wp\/v2\/pages\/14\/revisions"}],"predecessor-version":[{"id":1117,"href":"https:\/\/www.akilles.fi\/kondition\/wp-json\/wp\/v2\/pages\/14\/revisions\/1117"}],"wp:attachment":[{"href":"https:\/\/www.akilles.fi\/kondition\/wp-json\/wp\/v2\/media?parent=14"}],"curies":[{"name":"wp","href":"https:\/\/api.w.org\/{rel}","templated":true}]}}