{"id":16,"date":"2019-01-04T11:53:17","date_gmt":"2019-01-04T11:53:17","guid":{"rendered":"http:\/\/94.237.33.215\/~akilles\/nyasida\/kondition\/?page_id=16"},"modified":"2026-04-16T15:44:31","modified_gmt":"2026-04-16T15:44:31","slug":"svettdropparna","status":"publish","type":"page","link":"https:\/\/www.akilles.fi\/kondition\/svettdropparna\/","title":{"rendered":"Svettdropparna &#8211; Hikipisarat"},"content":{"rendered":"\t\t<div data-elementor-type=\"wp-post\" data-elementor-id=\"16\" class=\"elementor elementor-16\" data-elementor-post-type=\"page\">\n\t\t\t\t\t\t<section class=\"elementor-section elementor-top-section elementor-element elementor-element-cbfed9a elementor-section-boxed elementor-section-height-default elementor-section-height-default\" data-id=\"cbfed9a\" data-element_type=\"section\">\n\t\t\t\t\t\t<div class=\"elementor-container elementor-column-gap-default\">\n\t\t\t\t\t<div class=\"elementor-column elementor-col-100 elementor-top-column elementor-element elementor-element-a4fa8b9\" data-id=\"a4fa8b9\" data-element_type=\"column\">\n\t\t\t<div class=\"elementor-widget-wrap elementor-element-populated\">\n\t\t\t\t\t\t<div class=\"elementor-element elementor-element-cc1c832 elementor-widget elementor-widget-text-editor\" data-id=\"cc1c832\" data-element_type=\"widget\" data-widget_type=\"text-editor.default\">\n\t\t\t\t<div class=\"elementor-widget-container\">\n\t\t\t\t\t\t\t\t\t<p>Svettdropparna \u00e4r en grupp damer och herrar, som under sommarhalv\u00e5ret genom regelbundna promenader f\u00f6rs\u00f6ker h\u00e5lla sig i god kondition. Vi \u00e4r medlemmar i Akilles konditionssektion och verkar som en grupp inom sektionen.<\/p><p>Under v\u00e5ra promenader vandrar vi i grupp i lagom takt. Vi ser efter att alla hinner med.<\/p><p>Vill du bli en \u201dSvettdroppe\u201d \u00e4r det bara att komma med p\u00e5 v\u00e5ra onsdagsvandringar. L\u00e4ttast hittar du information om v\u00e5ra vandringar n\u00e4r du g\u00e5r till Kalender nederst p\u00e5 den h\u00e4r sidan, d\u00e4r framg\u00e5r varifr\u00e5n vi startar, vem som \u00e4r dragare f\u00f6r vandringen och ocks\u00e5 p\u00e5 vilket telefonnummer du kan n\u00e5 den som \u00e4r ledare. Vi vandrar fr\u00e4mst i Borg\u00e5, men ocks\u00e5 i Sibbo. Det \u00e4r ett utm\u00e4rkt s\u00e4tt att bli bekant med n\u00e4rmilj\u00f6n. Alla i styrelsen besvarar ocks\u00e5 g\u00e4rna fr\u00e5gor kring Svettdropparnas verksamhet.<\/p><p>Vill du bli medlem kontakta:<br \/>Yvonne Luoto\u00a0\u00a0\u00a0050 5331863, compass53@hotmail.com<br \/>eller<br \/>gunnar.bomberg@pp.inet.fi<\/p><h4>\u201dSvettdropparna\u201d (Hikipisarat)<\/h4><p>Haluatko olla \u201dsvettdroppe\u201d?<\/p><p>Tule mukaan t\u00e4h\u00e4n Akilleksen kuntojaoston k\u00e4velyryhm\u00e4\u00e4n.<\/p><p>Lis\u00e4tietoja toiminnasta antaa<\/p><p>Yvonne Luoto\u00a0\u00a0050 5331863, compass53@hotmail.com<br \/>tai<br \/>gunnar.bomberg@pp.inet.fi<\/p><h4>Kalender 2026<\/h4>\t\t\t\t\t\t\t\t<\/div>\n\t\t\t\t<\/div>\n\t\t\t\t<div class=\"elementor-element elementor-element-77fb79f elementor-widget elementor-widget-image\" data-id=\"77fb79f\" data-element_type=\"widget\" data-widget_type=\"image.default\">\n\t\t\t\t<div class=\"elementor-widget-container\">\n\t\t\t\t\t\t\t\t\t\t\t\t\t\t\t<img fetchpriority=\"high\" decoding=\"async\" width=\"770\" height=\"972\" src=\"https:\/\/www.akilles.fi\/kondition\/wp-content\/uploads\/sites\/22\/2026\/04\/svettdropp_kalender2026.png\" class=\"attachment-large size-large wp-image-1279\" alt=\"\" srcset=\"https:\/\/www.akilles.fi\/kondition\/wp-content\/uploads\/sites\/22\/2026\/04\/svettdropp_kalender2026.png 770w, https:\/\/www.akilles.fi\/kondition\/wp-content\/uploads\/sites\/22\/2026\/04\/svettdropp_kalender2026-238x300.png 238w, https:\/\/www.akilles.fi\/kondition\/wp-content\/uploads\/sites\/22\/2026\/04\/svettdropp_kalender2026-768x969.png 768w\" sizes=\"(max-width: 770px) 100vw, 770px\" \/>\t\t\t\t\t\t\t\t\t\t\t\t\t\t\t<\/div>\n\t\t\t\t<\/div>\n\t\t\t\t\t<\/div>\n\t\t<\/div>\n\t\t\t\t\t<\/div>\n\t\t<\/section>\n\t\t\t\t<section class=\"elementor-section elementor-top-section elementor-element elementor-element-2061433 elementor-section-boxed elementor-section-height-default elementor-section-height-default\" data-id=\"2061433\" data-element_type=\"section\">\n\t\t\t\t\t\t<div class=\"elementor-container elementor-column-gap-default\">\n\t\t\t\t\t<div class=\"elementor-column elementor-col-100 elementor-top-column elementor-element elementor-element-ef9d6c5\" data-id=\"ef9d6c5\" data-element_type=\"column\">\n\t\t\t<div class=\"elementor-widget-wrap\">\n\t\t\t\t\t\t\t<\/div>\n\t\t<\/div>\n\t\t\t\t\t<\/div>\n\t\t<\/section>\n\t\t\t\t<\/div>\n\t\t","protected":false},"excerpt":{"rendered":"<p>Svettdropparna \u00e4r en grupp damer och herrar, som under sommarhalv\u00e5ret genom regelbundna promenader f\u00f6rs\u00f6ker h\u00e5lla sig i god kondition. Vi \u00e4r medlemmar i Akilles konditionssektion och verkar som en grupp inom sektionen. Under v\u00e5ra promenader vandrar vi i grupp i lagom takt. Vi ser efter att alla hinner med. Vill du bli en \u201dSvettdroppe\u201d \u00e4r [&hellip;]<\/p>\n","protected":false},"author":4,"featured_media":0,"parent":0,"menu_order":0,"comment_status":"closed","ping_status":"closed","template":"","meta":{"_crdt_document":"","footnotes":""},"class_list":["post-16","page","type-page","status-publish","hentry"],"yoast_head":"<!-- This site is optimized with the Yoast SEO plugin v26.8 - https:\/\/yoast.com\/product\/yoast-seo-wordpress\/ -->\n<title>Svettdropparna - Hikipisarat - Kondition - Kuntoilu<\/title>\n<meta name=\"robots\" content=\"index, follow, max-snippet:-1, max-image-preview:large, max-video-preview:-1\" \/>\n<link rel=\"canonical\" href=\"https:\/\/www.akilles.fi\/kondition\/svettdropparna\/\" \/>\n<meta property=\"og:locale\" content=\"sv_SE\" \/>\n<meta property=\"og:type\" content=\"article\" \/>\n<meta property=\"og:title\" content=\"Svettdropparna - Hikipisarat - Kondition - Kuntoilu\" \/>\n<meta property=\"og:description\" content=\"Svettdropparna \u00e4r en grupp damer och herrar, som under sommarhalv\u00e5ret genom regelbundna promenader f\u00f6rs\u00f6ker h\u00e5lla sig i god kondition. Vi \u00e4r medlemmar i Akilles konditionssektion och verkar som en grupp inom sektionen. Under v\u00e5ra promenader vandrar vi i grupp i lagom takt. Vi ser efter att alla hinner med. Vill du bli en \u201dSvettdroppe\u201d \u00e4r [&hellip;]\" \/>\n<meta property=\"og:url\" content=\"https:\/\/www.akilles.fi\/kondition\/svettdropparna\/\" \/>\n<meta property=\"og:site_name\" content=\"Kondition - Kuntoilu\" \/>\n<meta property=\"article:modified_time\" content=\"2026-04-16T15:44:31+00:00\" \/>\n<meta property=\"og:image\" content=\"http:\/\/www.akilles.fi\/kondition\/wp-content\/uploads\/sites\/22\/2026\/04\/svettdropp_kalender2026.png\" \/>\n<meta name=\"twitter:card\" content=\"summary_large_image\" \/>\n<meta name=\"twitter:label1\" content=\"Ber\u00e4knad l\u00e4stid\" \/>\n\t<meta name=\"twitter:data1\" content=\"2 minuter\" \/>\n<script type=\"application\/ld+json\" class=\"yoast-schema-graph\">{\"@context\":\"https:\/\/schema.org\",\"@graph\":[{\"@type\":\"WebPage\",\"@id\":\"https:\/\/www.akilles.fi\/kondition\/svettdropparna\/\",\"url\":\"https:\/\/www.akilles.fi\/kondition\/svettdropparna\/\",\"name\":\"Svettdropparna - Hikipisarat - Kondition - Kuntoilu\",\"isPartOf\":{\"@id\":\"https:\/\/www.akilles.fi\/kondition\/#website\"},\"primaryImageOfPage\":{\"@id\":\"https:\/\/www.akilles.fi\/kondition\/svettdropparna\/#primaryimage\"},\"image\":{\"@id\":\"https:\/\/www.akilles.fi\/kondition\/svettdropparna\/#primaryimage\"},\"thumbnailUrl\":\"http:\/\/www.akilles.fi\/kondition\/wp-content\/uploads\/sites\/22\/2026\/04\/svettdropp_kalender2026.png\",\"datePublished\":\"2019-01-04T11:53:17+00:00\",\"dateModified\":\"2026-04-16T15:44:31+00:00\",\"breadcrumb\":{\"@id\":\"https:\/\/www.akilles.fi\/kondition\/svettdropparna\/#breadcrumb\"},\"inLanguage\":\"sv-SE\",\"potentialAction\":[{\"@type\":\"ReadAction\",\"target\":[\"https:\/\/www.akilles.fi\/kondition\/svettdropparna\/\"]}]},{\"@type\":\"ImageObject\",\"inLanguage\":\"sv-SE\",\"@id\":\"https:\/\/www.akilles.fi\/kondition\/svettdropparna\/#primaryimage\",\"url\":\"https:\/\/www.akilles.fi\/kondition\/wp-content\/uploads\/sites\/22\/2026\/04\/svettdropp_kalender2026.png\",\"contentUrl\":\"https:\/\/www.akilles.fi\/kondition\/wp-content\/uploads\/sites\/22\/2026\/04\/svettdropp_kalender2026.png\",\"width\":770,\"height\":972},{\"@type\":\"BreadcrumbList\",\"@id\":\"https:\/\/www.akilles.fi\/kondition\/svettdropparna\/#breadcrumb\",\"itemListElement\":[{\"@type\":\"ListItem\",\"position\":1,\"name\":\"Home\",\"item\":\"https:\/\/www.akilles.fi\/kondition\/\"},{\"@type\":\"ListItem\",\"position\":2,\"name\":\"Svettdropparna &#8211; Hikipisarat\"}]},{\"@type\":\"WebSite\",\"@id\":\"https:\/\/www.akilles.fi\/kondition\/#website\",\"url\":\"https:\/\/www.akilles.fi\/kondition\/\",\"name\":\"Kondition - Kuntoilu\",\"description\":\"Borg\u00e5 Akilles Kondition - Porvoon Akilles Kuntoilu\",\"potentialAction\":[{\"@type\":\"SearchAction\",\"target\":{\"@type\":\"EntryPoint\",\"urlTemplate\":\"https:\/\/www.akilles.fi\/kondition\/?s={search_term_string}\"},\"query-input\":{\"@type\":\"PropertyValueSpecification\",\"valueRequired\":true,\"valueName\":\"search_term_string\"}}],\"inLanguage\":\"sv-SE\"}]}<\/script>\n<!-- \/ Yoast SEO plugin. -->","yoast_head_json":{"title":"Svettdropparna - Hikipisarat - Kondition - Kuntoilu","robots":{"index":"index","follow":"follow","max-snippet":"max-snippet:-1","max-image-preview":"max-image-preview:large","max-video-preview":"max-video-preview:-1"},"canonical":"https:\/\/www.akilles.fi\/kondition\/svettdropparna\/","og_locale":"sv_SE","og_type":"article","og_title":"Svettdropparna - Hikipisarat - Kondition - Kuntoilu","og_description":"Svettdropparna \u00e4r en grupp damer och herrar, som under sommarhalv\u00e5ret genom regelbundna promenader f\u00f6rs\u00f6ker h\u00e5lla sig i god kondition. Vi \u00e4r medlemmar i Akilles konditionssektion och verkar som en grupp inom sektionen. Under v\u00e5ra promenader vandrar vi i grupp i lagom takt. Vi ser efter att alla hinner med. Vill du bli en \u201dSvettdroppe\u201d \u00e4r [&hellip;]","og_url":"https:\/\/www.akilles.fi\/kondition\/svettdropparna\/","og_site_name":"Kondition - Kuntoilu","article_modified_time":"2026-04-16T15:44:31+00:00","og_image":[{"url":"http:\/\/www.akilles.fi\/kondition\/wp-content\/uploads\/sites\/22\/2026\/04\/svettdropp_kalender2026.png","type":"","width":"","height":""}],"twitter_card":"summary_large_image","twitter_misc":{"Ber\u00e4knad l\u00e4stid":"2 minuter"},"schema":{"@context":"https:\/\/schema.org","@graph":[{"@type":"WebPage","@id":"https:\/\/www.akilles.fi\/kondition\/svettdropparna\/","url":"https:\/\/www.akilles.fi\/kondition\/svettdropparna\/","name":"Svettdropparna - Hikipisarat - Kondition - Kuntoilu","isPartOf":{"@id":"https:\/\/www.akilles.fi\/kondition\/#website"},"primaryImageOfPage":{"@id":"https:\/\/www.akilles.fi\/kondition\/svettdropparna\/#primaryimage"},"image":{"@id":"https:\/\/www.akilles.fi\/kondition\/svettdropparna\/#primaryimage"},"thumbnailUrl":"http:\/\/www.akilles.fi\/kondition\/wp-content\/uploads\/sites\/22\/2026\/04\/svettdropp_kalender2026.png","datePublished":"2019-01-04T11:53:17+00:00","dateModified":"2026-04-16T15:44:31+00:00","breadcrumb":{"@id":"https:\/\/www.akilles.fi\/kondition\/svettdropparna\/#breadcrumb"},"inLanguage":"sv-SE","potentialAction":[{"@type":"ReadAction","target":["https:\/\/www.akilles.fi\/kondition\/svettdropparna\/"]}]},{"@type":"ImageObject","inLanguage":"sv-SE","@id":"https:\/\/www.akilles.fi\/kondition\/svettdropparna\/#primaryimage","url":"https:\/\/www.akilles.fi\/kondition\/wp-content\/uploads\/sites\/22\/2026\/04\/svettdropp_kalender2026.png","contentUrl":"https:\/\/www.akilles.fi\/kondition\/wp-content\/uploads\/sites\/22\/2026\/04\/svettdropp_kalender2026.png","width":770,"height":972},{"@type":"BreadcrumbList","@id":"https:\/\/www.akilles.fi\/kondition\/svettdropparna\/#breadcrumb","itemListElement":[{"@type":"ListItem","position":1,"name":"Home","item":"https:\/\/www.akilles.fi\/kondition\/"},{"@type":"ListItem","position":2,"name":"Svettdropparna &#8211; Hikipisarat"}]},{"@type":"WebSite","@id":"https:\/\/www.akilles.fi\/kondition\/#website","url":"https:\/\/www.akilles.fi\/kondition\/","name":"Kondition - Kuntoilu","description":"Borg\u00e5 Akilles Kondition - Porvoon Akilles Kuntoilu","potentialAction":[{"@type":"SearchAction","target":{"@type":"EntryPoint","urlTemplate":"https:\/\/www.akilles.fi\/kondition\/?s={search_term_string}"},"query-input":{"@type":"PropertyValueSpecification","valueRequired":true,"valueName":"search_term_string"}}],"inLanguage":"sv-SE"}]}},"_links":{"self":[{"href":"https:\/\/www.akilles.fi\/kondition\/wp-json\/wp\/v2\/pages\/16","targetHints":{"allow":["GET"]}}],"collection":[{"href":"https:\/\/www.akilles.fi\/kondition\/wp-json\/wp\/v2\/pages"}],"about":[{"href":"https:\/\/www.akilles.fi\/kondition\/wp-json\/wp\/v2\/types\/page"}],"author":[{"embeddable":true,"href":"https:\/\/www.akilles.fi\/kondition\/wp-json\/wp\/v2\/users\/4"}],"replies":[{"embeddable":true,"href":"https:\/\/www.akilles.fi\/kondition\/wp-json\/wp\/v2\/comments?post=16"}],"version-history":[{"count":104,"href":"https:\/\/www.akilles.fi\/kondition\/wp-json\/wp\/v2\/pages\/16\/revisions"}],"predecessor-version":[{"id":1282,"href":"https:\/\/www.akilles.fi\/kondition\/wp-json\/wp\/v2\/pages\/16\/revisions\/1282"}],"wp:attachment":[{"href":"https:\/\/www.akilles.fi\/kondition\/wp-json\/wp\/v2\/media?parent=16"}],"curies":[{"name":"wp","href":"https:\/\/api.w.org\/{rel}","templated":true}]}}