{"id":18,"date":"2019-01-04T11:53:52","date_gmt":"2019-01-04T11:53:52","guid":{"rendered":"http:\/\/94.237.33.215\/~akilles\/nyasida\/kondition\/?page_id=18"},"modified":"2023-05-10T03:53:58","modified_gmt":"2023-05-10T03:53:58","slug":"styrelse","status":"publish","type":"page","link":"https:\/\/www.akilles.fi\/kondition\/styrelse\/","title":{"rendered":"Styrelse &#8211; Hallitus"},"content":{"rendered":"\t\t<div data-elementor-type=\"wp-post\" data-elementor-id=\"18\" class=\"elementor elementor-18\" data-elementor-post-type=\"page\">\n\t\t\t\t\t\t<section class=\"elementor-section elementor-top-section elementor-element elementor-element-c1e62dd elementor-section-boxed elementor-section-height-default elementor-section-height-default\" data-id=\"c1e62dd\" data-element_type=\"section\">\n\t\t\t\t\t\t<div class=\"elementor-container elementor-column-gap-default\">\n\t\t\t\t\t<div class=\"elementor-column elementor-col-100 elementor-top-column elementor-element elementor-element-b590d11\" data-id=\"b590d11\" data-element_type=\"column\">\n\t\t\t<div class=\"elementor-widget-wrap elementor-element-populated\">\n\t\t\t\t\t\t<div class=\"elementor-element elementor-element-d55aa12 elementor-widget elementor-widget-text-editor\" data-id=\"d55aa12\" data-element_type=\"widget\" data-widget_type=\"text-editor.default\">\n\t\t\t\t<div class=\"elementor-widget-container\">\n\t\t\t\t\t\t\t\t\t<ul><li><strong>Ordf\u00f6rande &#8211; puheenjohtaja<\/strong><br \/>Elisabeth Svaetichin<br \/>tfn: 040 5938804<br \/>e-mail: svaelisa(at)luukku.com<\/li><li><strong>Viceordf\u00f6rande &#8211; varapuheenjohtaja<\/strong><br \/>Gunnar Bomberg<br \/>e-mail: gunnar.bomberg(at)pp.inet.fi<\/li><li><strong>Sekretere &#8211; sihteeri<\/strong><br \/>Yvonne Luoto<br \/>tfn: 050 5331863<br \/>e-mail: compass53(at)hotmail.com<\/li><li><strong>Kass\u00f6r &#8211; rahastonhoitaja<\/strong><br \/>Kerstin Rosqvist<br \/>tfn: 040 8457675<br \/>e-mail: kerstinrosqvist7@gmail.com<\/li><li><strong>Medlemmar &#8211; j\u00e4senet<\/strong><br \/>Sigbritt Backman<br \/>Kristina Lindblad<br \/>Solveig Bergman<br \/>Raimo Ekqvist<\/li><li><strong>Suppleanter &#8211; varaj\u00e4senet<\/strong><br \/>Lilian Westerlund<br \/>Rosita Karlsson<\/li><\/ul>\t\t\t\t\t\t\t\t<\/div>\n\t\t\t\t<\/div>\n\t\t\t\t\t<\/div>\n\t\t<\/div>\n\t\t\t\t\t<\/div>\n\t\t<\/section>\n\t\t\t\t<\/div>\n\t\t","protected":false},"excerpt":{"rendered":"<p>Ordf\u00f6rande &#8211; puheenjohtajaElisabeth Svaetichintfn: 040 5938804e-mail: svaelisa(at)luukku.com Viceordf\u00f6rande &#8211; varapuheenjohtajaGunnar Bomberge-mail: gunnar.bomberg(at)pp.inet.fi Sekretere &#8211; sihteeriYvonne Luototfn: 050 5331863e-mail: compass53(at)hotmail.com Kass\u00f6r &#8211; rahastonhoitajaKerstin Rosqvisttfn: 040 8457675e-mail: kerstinrosqvist7@gmail.com Medlemmar &#8211; j\u00e4senetSigbritt BackmanKristina LindbladSolveig BergmanRaimo Ekqvist Suppleanter &#8211; varaj\u00e4senetLilian WesterlundRosita Karlsson<\/p>\n","protected":false},"author":4,"featured_media":0,"parent":0,"menu_order":0,"comment_status":"closed","ping_status":"closed","template":"","meta":{"_crdt_document":"","footnotes":""},"class_list":["post-18","page","type-page","status-publish","hentry"],"yoast_head":"<!-- This site is optimized with the Yoast SEO plugin v26.8 - https:\/\/yoast.com\/product\/yoast-seo-wordpress\/ -->\n<title>Styrelse - Hallitus - Kondition - Kuntoilu<\/title>\n<meta name=\"robots\" content=\"index, follow, max-snippet:-1, max-image-preview:large, max-video-preview:-1\" \/>\n<link rel=\"canonical\" href=\"https:\/\/www.akilles.fi\/kondition\/styrelse\/\" \/>\n<meta property=\"og:locale\" content=\"sv_SE\" \/>\n<meta property=\"og:type\" content=\"article\" \/>\n<meta property=\"og:title\" content=\"Styrelse - Hallitus - Kondition - Kuntoilu\" \/>\n<meta property=\"og:description\" content=\"Ordf\u00f6rande &#8211; puheenjohtajaElisabeth Svaetichintfn: 040 5938804e-mail: svaelisa(at)luukku.com Viceordf\u00f6rande &#8211; varapuheenjohtajaGunnar Bomberge-mail: gunnar.bomberg(at)pp.inet.fi Sekretere &#8211; sihteeriYvonne Luototfn: 050 5331863e-mail: compass53(at)hotmail.com Kass\u00f6r &#8211; rahastonhoitajaKerstin Rosqvisttfn: 040 8457675e-mail: kerstinrosqvist7@gmail.com Medlemmar &#8211; j\u00e4senetSigbritt BackmanKristina LindbladSolveig BergmanRaimo Ekqvist Suppleanter &#8211; varaj\u00e4senetLilian WesterlundRosita Karlsson\" \/>\n<meta property=\"og:url\" content=\"https:\/\/www.akilles.fi\/kondition\/styrelse\/\" \/>\n<meta property=\"og:site_name\" content=\"Kondition - Kuntoilu\" \/>\n<meta property=\"article:modified_time\" content=\"2023-05-10T03:53:58+00:00\" \/>\n<meta name=\"twitter:card\" content=\"summary_large_image\" \/>\n<meta name=\"twitter:label1\" content=\"Ber\u00e4knad l\u00e4stid\" \/>\n\t<meta name=\"twitter:data1\" content=\"1 minut\" \/>\n<script type=\"application\/ld+json\" class=\"yoast-schema-graph\">{\"@context\":\"https:\/\/schema.org\",\"@graph\":[{\"@type\":\"WebPage\",\"@id\":\"https:\/\/www.akilles.fi\/kondition\/styrelse\/\",\"url\":\"https:\/\/www.akilles.fi\/kondition\/styrelse\/\",\"name\":\"Styrelse - Hallitus - Kondition - Kuntoilu\",\"isPartOf\":{\"@id\":\"https:\/\/www.akilles.fi\/kondition\/#website\"},\"datePublished\":\"2019-01-04T11:53:52+00:00\",\"dateModified\":\"2023-05-10T03:53:58+00:00\",\"breadcrumb\":{\"@id\":\"https:\/\/www.akilles.fi\/kondition\/styrelse\/#breadcrumb\"},\"inLanguage\":\"sv-SE\",\"potentialAction\":[{\"@type\":\"ReadAction\",\"target\":[\"https:\/\/www.akilles.fi\/kondition\/styrelse\/\"]}]},{\"@type\":\"BreadcrumbList\",\"@id\":\"https:\/\/www.akilles.fi\/kondition\/styrelse\/#breadcrumb\",\"itemListElement\":[{\"@type\":\"ListItem\",\"position\":1,\"name\":\"Home\",\"item\":\"https:\/\/www.akilles.fi\/kondition\/\"},{\"@type\":\"ListItem\",\"position\":2,\"name\":\"Styrelse &#8211; Hallitus\"}]},{\"@type\":\"WebSite\",\"@id\":\"https:\/\/www.akilles.fi\/kondition\/#website\",\"url\":\"https:\/\/www.akilles.fi\/kondition\/\",\"name\":\"Kondition - Kuntoilu\",\"description\":\"Borg\u00e5 Akilles Kondition - Porvoon Akilles Kuntoilu\",\"potentialAction\":[{\"@type\":\"SearchAction\",\"target\":{\"@type\":\"EntryPoint\",\"urlTemplate\":\"https:\/\/www.akilles.fi\/kondition\/?s={search_term_string}\"},\"query-input\":{\"@type\":\"PropertyValueSpecification\",\"valueRequired\":true,\"valueName\":\"search_term_string\"}}],\"inLanguage\":\"sv-SE\"}]}<\/script>\n<!-- \/ Yoast SEO plugin. -->","yoast_head_json":{"title":"Styrelse - Hallitus - Kondition - Kuntoilu","robots":{"index":"index","follow":"follow","max-snippet":"max-snippet:-1","max-image-preview":"max-image-preview:large","max-video-preview":"max-video-preview:-1"},"canonical":"https:\/\/www.akilles.fi\/kondition\/styrelse\/","og_locale":"sv_SE","og_type":"article","og_title":"Styrelse - Hallitus - Kondition - Kuntoilu","og_description":"Ordf\u00f6rande &#8211; puheenjohtajaElisabeth Svaetichintfn: 040 5938804e-mail: svaelisa(at)luukku.com Viceordf\u00f6rande &#8211; varapuheenjohtajaGunnar Bomberge-mail: gunnar.bomberg(at)pp.inet.fi Sekretere &#8211; sihteeriYvonne Luototfn: 050 5331863e-mail: compass53(at)hotmail.com Kass\u00f6r &#8211; rahastonhoitajaKerstin Rosqvisttfn: 040 8457675e-mail: kerstinrosqvist7@gmail.com Medlemmar &#8211; j\u00e4senetSigbritt BackmanKristina LindbladSolveig BergmanRaimo Ekqvist Suppleanter &#8211; varaj\u00e4senetLilian WesterlundRosita Karlsson","og_url":"https:\/\/www.akilles.fi\/kondition\/styrelse\/","og_site_name":"Kondition - Kuntoilu","article_modified_time":"2023-05-10T03:53:58+00:00","twitter_card":"summary_large_image","twitter_misc":{"Ber\u00e4knad l\u00e4stid":"1 minut"},"schema":{"@context":"https:\/\/schema.org","@graph":[{"@type":"WebPage","@id":"https:\/\/www.akilles.fi\/kondition\/styrelse\/","url":"https:\/\/www.akilles.fi\/kondition\/styrelse\/","name":"Styrelse - Hallitus - Kondition - Kuntoilu","isPartOf":{"@id":"https:\/\/www.akilles.fi\/kondition\/#website"},"datePublished":"2019-01-04T11:53:52+00:00","dateModified":"2023-05-10T03:53:58+00:00","breadcrumb":{"@id":"https:\/\/www.akilles.fi\/kondition\/styrelse\/#breadcrumb"},"inLanguage":"sv-SE","potentialAction":[{"@type":"ReadAction","target":["https:\/\/www.akilles.fi\/kondition\/styrelse\/"]}]},{"@type":"BreadcrumbList","@id":"https:\/\/www.akilles.fi\/kondition\/styrelse\/#breadcrumb","itemListElement":[{"@type":"ListItem","position":1,"name":"Home","item":"https:\/\/www.akilles.fi\/kondition\/"},{"@type":"ListItem","position":2,"name":"Styrelse &#8211; Hallitus"}]},{"@type":"WebSite","@id":"https:\/\/www.akilles.fi\/kondition\/#website","url":"https:\/\/www.akilles.fi\/kondition\/","name":"Kondition - Kuntoilu","description":"Borg\u00e5 Akilles Kondition - Porvoon Akilles Kuntoilu","potentialAction":[{"@type":"SearchAction","target":{"@type":"EntryPoint","urlTemplate":"https:\/\/www.akilles.fi\/kondition\/?s={search_term_string}"},"query-input":{"@type":"PropertyValueSpecification","valueRequired":true,"valueName":"search_term_string"}}],"inLanguage":"sv-SE"}]}},"_links":{"self":[{"href":"https:\/\/www.akilles.fi\/kondition\/wp-json\/wp\/v2\/pages\/18","targetHints":{"allow":["GET"]}}],"collection":[{"href":"https:\/\/www.akilles.fi\/kondition\/wp-json\/wp\/v2\/pages"}],"about":[{"href":"https:\/\/www.akilles.fi\/kondition\/wp-json\/wp\/v2\/types\/page"}],"author":[{"embeddable":true,"href":"https:\/\/www.akilles.fi\/kondition\/wp-json\/wp\/v2\/users\/4"}],"replies":[{"embeddable":true,"href":"https:\/\/www.akilles.fi\/kondition\/wp-json\/wp\/v2\/comments?post=18"}],"version-history":[{"count":30,"href":"https:\/\/www.akilles.fi\/kondition\/wp-json\/wp\/v2\/pages\/18\/revisions"}],"predecessor-version":[{"id":1120,"href":"https:\/\/www.akilles.fi\/kondition\/wp-json\/wp\/v2\/pages\/18\/revisions\/1120"}],"wp:attachment":[{"href":"https:\/\/www.akilles.fi\/kondition\/wp-json\/wp\/v2\/media?parent=18"}],"curies":[{"name":"wp","href":"https:\/\/api.w.org\/{rel}","templated":true}]}}