{"id":8,"date":"2019-01-04T11:46:10","date_gmt":"2019-01-04T11:46:10","guid":{"rendered":"http:\/\/94.237.33.215\/~akilles\/nyasida\/kondition\/?page_id=8"},"modified":"2026-04-10T08:49:38","modified_gmt":"2026-04-10T08:49:38","slug":"arrangemang","status":"publish","type":"page","link":"https:\/\/www.akilles.fi\/kondition\/arrangemang\/","title":{"rendered":"Arrangemang &#8211; Tapahtumat"},"content":{"rendered":"\t\t<div data-elementor-type=\"wp-page\" data-elementor-id=\"8\" class=\"elementor elementor-8\" data-elementor-post-type=\"page\">\n\t\t\t\t\t\t<section class=\"elementor-section elementor-top-section elementor-element elementor-element-2343a145 elementor-section-boxed elementor-section-height-default elementor-section-height-default\" data-id=\"2343a145\" data-element_type=\"section\">\n\t\t\t\t\t\t<div class=\"elementor-container elementor-column-gap-default\">\n\t\t\t\t\t<div class=\"elementor-column elementor-col-100 elementor-top-column elementor-element elementor-element-4261e692\" data-id=\"4261e692\" data-element_type=\"column\">\n\t\t\t<div class=\"elementor-widget-wrap elementor-element-populated\">\n\t\t\t\t\t\t<div class=\"elementor-element elementor-element-1b9edd95 elementor-widget elementor-widget-text-editor\" data-id=\"1b9edd95\" data-element_type=\"widget\" data-widget_type=\"text-editor.default\">\n\t\t\t\t<div class=\"elementor-widget-container\">\n\t\t\t\t\t\t\t\t\t\n\t\t\t\t\t\t\t\t\t\t\t\t\t\t<\/div>\n\t\t\t\t<\/div>\n\t\t\t\t<div class=\"elementor-element elementor-element-e441a64 elementor-widget elementor-widget-text-editor\" data-id=\"e441a64\" data-element_type=\"widget\" data-widget_type=\"text-editor.default\">\n\t\t\t\t<div class=\"elementor-widget-container\">\n\t\t\t\t\t\t\t\t\t<h4><strong>P\u00e5skvandringen <\/strong>3-6.4.<strong>2026<\/strong><\/h4><div dir=\"auto\">F\u00f6ljande personer som deltog i P\u00e5skvandringen 3-6.4.2026 hade<\/div><div dir=\"auto\">tur att vinna presentkort till Stadium.<\/div><div dir=\"auto\">25 euros gick till:<\/div><div dir=\"auto\">Annika Allen, Raimo Ekqvist, Hedvig Hannula och Hagar Melander<\/div><div dir=\"auto\">50 euros Nova Luoto<\/div><div dir=\"auto\">\u00a0<\/div><div dir=\"auto\">Grattis till alla vinnare och Tack till alla som deltog i vandringen!<\/div><p>\u00a0<\/p><h4>Picknickcycklingen 12.5.2026<\/h4><div dir=\"auto\">Start vid Akilles huset klockan 10.00. Rutten g\u00e5r Via Kerko tillbaka till Borg\u00e5.<\/div><div dir=\"auto\">Egen mats\u00e4ck med.<\/div>\t\t\t\t\t\t\t\t<\/div>\n\t\t\t\t<\/div>\n\t\t\t\t\t<\/div>\n\t\t<\/div>\n\t\t\t\t\t<\/div>\n\t\t<\/section>\n\t\t\t\t<\/div>\n\t\t","protected":false},"excerpt":{"rendered":"<p>P\u00e5skvandringen 3-6.4.2026 F\u00f6ljande personer som deltog i P\u00e5skvandringen 3-6.4.2026 hadetur att vinna presentkort till Stadium.25 euros gick till:Annika Allen, Raimo Ekqvist, Hedvig Hannula och Hagar Melander50 euros Nova Luoto\u00a0Grattis till alla vinnare och Tack till alla som deltog i vandringen! \u00a0 Picknickcycklingen 12.5.2026 Start vid Akilles huset klockan 10.00. Rutten g\u00e5r Via Kerko tillbaka till [&hellip;]<\/p>\n","protected":false},"author":4,"featured_media":0,"parent":0,"menu_order":0,"comment_status":"closed","ping_status":"closed","template":"","meta":{"_crdt_document":"","footnotes":""},"class_list":["post-8","page","type-page","status-publish","hentry"],"yoast_head":"<!-- This site is optimized with the Yoast SEO plugin v27.4 - https:\/\/yoast.com\/product\/yoast-seo-wordpress\/ -->\n<title>Arrangemang - Tapahtumat - Kondition - Kuntoilu<\/title>\n<meta name=\"robots\" content=\"index, follow, max-snippet:-1, max-image-preview:large, max-video-preview:-1\" \/>\n<link rel=\"canonical\" href=\"https:\/\/www.akilles.fi\/kondition\/arrangemang\/\" \/>\n<meta property=\"og:locale\" content=\"sv_SE\" \/>\n<meta property=\"og:type\" content=\"article\" \/>\n<meta property=\"og:title\" content=\"Arrangemang - Tapahtumat - Kondition - Kuntoilu\" \/>\n<meta property=\"og:description\" content=\"P\u00e5skvandringen 3-6.4.2026 F\u00f6ljande personer som deltog i P\u00e5skvandringen 3-6.4.2026 hadetur att vinna presentkort till Stadium.25 euros gick till:Annika Allen, Raimo Ekqvist, Hedvig Hannula och Hagar Melander50 euros Nova Luoto\u00a0Grattis till alla vinnare och Tack till alla som deltog i vandringen! \u00a0 Picknickcycklingen 12.5.2026 Start vid Akilles huset klockan 10.00. Rutten g\u00e5r Via Kerko tillbaka till [&hellip;]\" \/>\n<meta property=\"og:url\" content=\"https:\/\/www.akilles.fi\/kondition\/arrangemang\/\" \/>\n<meta property=\"og:site_name\" content=\"Kondition - Kuntoilu\" \/>\n<meta property=\"article:modified_time\" content=\"2026-04-10T08:49:38+00:00\" \/>\n<meta name=\"twitter:card\" content=\"summary_large_image\" \/>\n<meta name=\"twitter:label1\" content=\"Ber\u00e4knad l\u00e4stid\" \/>\n\t<meta name=\"twitter:data1\" content=\"1 minut\" \/>\n<script type=\"application\/ld+json\" class=\"yoast-schema-graph\">{\"@context\":\"https:\\\/\\\/schema.org\",\"@graph\":[{\"@type\":\"WebPage\",\"@id\":\"https:\\\/\\\/www.akilles.fi\\\/kondition\\\/arrangemang\\\/\",\"url\":\"https:\\\/\\\/www.akilles.fi\\\/kondition\\\/arrangemang\\\/\",\"name\":\"Arrangemang - Tapahtumat - Kondition - Kuntoilu\",\"isPartOf\":{\"@id\":\"https:\\\/\\\/www.akilles.fi\\\/kondition\\\/#website\"},\"datePublished\":\"2019-01-04T11:46:10+00:00\",\"dateModified\":\"2026-04-10T08:49:38+00:00\",\"breadcrumb\":{\"@id\":\"https:\\\/\\\/www.akilles.fi\\\/kondition\\\/arrangemang\\\/#breadcrumb\"},\"inLanguage\":\"sv-SE\",\"potentialAction\":[{\"@type\":\"ReadAction\",\"target\":[\"https:\\\/\\\/www.akilles.fi\\\/kondition\\\/arrangemang\\\/\"]}]},{\"@type\":\"BreadcrumbList\",\"@id\":\"https:\\\/\\\/www.akilles.fi\\\/kondition\\\/arrangemang\\\/#breadcrumb\",\"itemListElement\":[{\"@type\":\"ListItem\",\"position\":1,\"name\":\"Home\",\"item\":\"https:\\\/\\\/www.akilles.fi\\\/kondition\\\/\"},{\"@type\":\"ListItem\",\"position\":2,\"name\":\"Arrangemang &#8211; Tapahtumat\"}]},{\"@type\":\"WebSite\",\"@id\":\"https:\\\/\\\/www.akilles.fi\\\/kondition\\\/#website\",\"url\":\"https:\\\/\\\/www.akilles.fi\\\/kondition\\\/\",\"name\":\"Kondition - Kuntoilu\",\"description\":\"Borg\u00e5 Akilles Kondition - Porvoon Akilles Kuntoilu\",\"potentialAction\":[{\"@type\":\"SearchAction\",\"target\":{\"@type\":\"EntryPoint\",\"urlTemplate\":\"https:\\\/\\\/www.akilles.fi\\\/kondition\\\/?s={search_term_string}\"},\"query-input\":{\"@type\":\"PropertyValueSpecification\",\"valueRequired\":true,\"valueName\":\"search_term_string\"}}],\"inLanguage\":\"sv-SE\"}]}<\/script>\n<!-- \/ Yoast SEO plugin. -->","yoast_head_json":{"title":"Arrangemang - Tapahtumat - Kondition - Kuntoilu","robots":{"index":"index","follow":"follow","max-snippet":"max-snippet:-1","max-image-preview":"max-image-preview:large","max-video-preview":"max-video-preview:-1"},"canonical":"https:\/\/www.akilles.fi\/kondition\/arrangemang\/","og_locale":"sv_SE","og_type":"article","og_title":"Arrangemang - Tapahtumat - Kondition - Kuntoilu","og_description":"P\u00e5skvandringen 3-6.4.2026 F\u00f6ljande personer som deltog i P\u00e5skvandringen 3-6.4.2026 hadetur att vinna presentkort till Stadium.25 euros gick till:Annika Allen, Raimo Ekqvist, Hedvig Hannula och Hagar Melander50 euros Nova Luoto\u00a0Grattis till alla vinnare och Tack till alla som deltog i vandringen! \u00a0 Picknickcycklingen 12.5.2026 Start vid Akilles huset klockan 10.00. Rutten g\u00e5r Via Kerko tillbaka till [&hellip;]","og_url":"https:\/\/www.akilles.fi\/kondition\/arrangemang\/","og_site_name":"Kondition - Kuntoilu","article_modified_time":"2026-04-10T08:49:38+00:00","twitter_card":"summary_large_image","twitter_misc":{"Ber\u00e4knad l\u00e4stid":"1 minut"},"schema":{"@context":"https:\/\/schema.org","@graph":[{"@type":"WebPage","@id":"https:\/\/www.akilles.fi\/kondition\/arrangemang\/","url":"https:\/\/www.akilles.fi\/kondition\/arrangemang\/","name":"Arrangemang - Tapahtumat - Kondition - Kuntoilu","isPartOf":{"@id":"https:\/\/www.akilles.fi\/kondition\/#website"},"datePublished":"2019-01-04T11:46:10+00:00","dateModified":"2026-04-10T08:49:38+00:00","breadcrumb":{"@id":"https:\/\/www.akilles.fi\/kondition\/arrangemang\/#breadcrumb"},"inLanguage":"sv-SE","potentialAction":[{"@type":"ReadAction","target":["https:\/\/www.akilles.fi\/kondition\/arrangemang\/"]}]},{"@type":"BreadcrumbList","@id":"https:\/\/www.akilles.fi\/kondition\/arrangemang\/#breadcrumb","itemListElement":[{"@type":"ListItem","position":1,"name":"Home","item":"https:\/\/www.akilles.fi\/kondition\/"},{"@type":"ListItem","position":2,"name":"Arrangemang &#8211; Tapahtumat"}]},{"@type":"WebSite","@id":"https:\/\/www.akilles.fi\/kondition\/#website","url":"https:\/\/www.akilles.fi\/kondition\/","name":"Kondition - Kuntoilu","description":"Borg\u00e5 Akilles Kondition - Porvoon Akilles Kuntoilu","potentialAction":[{"@type":"SearchAction","target":{"@type":"EntryPoint","urlTemplate":"https:\/\/www.akilles.fi\/kondition\/?s={search_term_string}"},"query-input":{"@type":"PropertyValueSpecification","valueRequired":true,"valueName":"search_term_string"}}],"inLanguage":"sv-SE"}]}},"_links":{"self":[{"href":"https:\/\/www.akilles.fi\/kondition\/wp-json\/wp\/v2\/pages\/8","targetHints":{"allow":["GET"]}}],"collection":[{"href":"https:\/\/www.akilles.fi\/kondition\/wp-json\/wp\/v2\/pages"}],"about":[{"href":"https:\/\/www.akilles.fi\/kondition\/wp-json\/wp\/v2\/types\/page"}],"author":[{"embeddable":true,"href":"https:\/\/www.akilles.fi\/kondition\/wp-json\/wp\/v2\/users\/4"}],"replies":[{"embeddable":true,"href":"https:\/\/www.akilles.fi\/kondition\/wp-json\/wp\/v2\/comments?post=8"}],"version-history":[{"count":42,"href":"https:\/\/www.akilles.fi\/kondition\/wp-json\/wp\/v2\/pages\/8\/revisions"}],"predecessor-version":[{"id":1278,"href":"https:\/\/www.akilles.fi\/kondition\/wp-json\/wp\/v2\/pages\/8\/revisions\/1278"}],"wp:attachment":[{"href":"https:\/\/www.akilles.fi\/kondition\/wp-json\/wp\/v2\/media?parent=8"}],"curies":[{"name":"wp","href":"https:\/\/api.w.org\/{rel}","templated":true}]}}