{"id":1692,"date":"2026-03-07T09:25:01","date_gmt":"2026-03-07T09:25:01","guid":{"rendered":"https:\/\/www.akilles.fi\/orientering\/?page_id=1692"},"modified":"2026-03-16T07:57:03","modified_gmt":"2026-03-16T07:57:03","slug":"motionsorientering-kuntosuunnistus-2026","status":"publish","type":"page","link":"https:\/\/www.akilles.fi\/orientering\/motionsorientering-kuntosuunnistus-2026\/","title":{"rendered":"Motionsorientering \u2013 Kuntosuunnistus 2026"},"content":{"rendered":"\t\t<div data-elementor-type=\"wp-page\" data-elementor-id=\"1692\" class=\"elementor elementor-1692\" data-elementor-post-type=\"page\">\n\t\t\t\t\t\t<section class=\"elementor-section elementor-top-section elementor-element elementor-element-503a30ae elementor-section-boxed elementor-section-height-default elementor-section-height-default\" data-id=\"503a30ae\" data-element_type=\"section\">\n\t\t\t\t\t\t<div class=\"elementor-container elementor-column-gap-default\">\n\t\t\t\t\t<div class=\"elementor-column elementor-col-100 elementor-top-column elementor-element elementor-element-32e9f188\" data-id=\"32e9f188\" data-element_type=\"column\">\n\t\t\t<div class=\"elementor-widget-wrap elementor-element-populated\">\n\t\t\t\t\t\t<div class=\"elementor-element elementor-element-443e8c55 elementor-widget elementor-widget-text-editor\" data-id=\"443e8c55\" data-element_type=\"widget\" data-widget_type=\"text-editor.default\">\n\t\t\t\t<div class=\"elementor-widget-container\">\n\t\t\t\t\t\t\t\t\t<h5><strong>AOK MOTO 2026<\/strong><\/h5>\n<h5><strong>4<\/strong>.5. Illby<\/h5>\n<p><!-- \/wp:paragraph --><!-- wp:paragraph --><\/p>\n<p><!-- \/wp:paragraph --><!-- wp:paragraph --><\/p>\n<p><strong>Banl\u00e4ggare \u2013 Ratamestari: Peter Stenb\u00e4ck<\/strong><\/p>\n<p><strong>Resultat &#8211; Tulokset: <a href=\"https:\/\/irma.suunnistusliitto.fi\/public\/competitioncalendar\/list?year=upcoming&amp;upcoming=ONE_WEEK&amp;area=all&amp;previous=undefined&amp;tab=event\">Rastilippu<\/a><\/strong><\/p>\n<p><strong><!-- \/wp:paragraph --><!-- wp:paragraph --><\/strong><\/p>\n<p><!-- \/wp:paragraph --><!-- wp:paragraph --><\/p>\n<h5>25.5. Seitlax<\/h5>\n<p><!-- \/wp:paragraph --><!-- wp:paragraph --><\/p>\n<p><strong>Banl\u00e4ggare \u2013 Ratamestari:<\/strong><\/p>\n<p><strong>Resultat &#8211; Tulokset: <a href=\"https:\/\/irma.suunnistusliitto.fi\/public\/competitioncalendar\/list?year=upcoming&amp;upcoming=ONE_WEEK&amp;area=all&amp;previous=undefined&amp;tab=event\">Rastilippu<\/a><\/strong><\/p>\n<p><strong><!-- \/wp:paragraph --><!-- wp:paragraph --><\/strong><\/p>\n<h5>22.6. Sondby<\/h5>\n<p><!-- \/wp:paragraph --><!-- wp:paragraph --><\/p>\n<p><strong>Banl\u00e4ggare \u2013 Ratamestari:<\/strong><\/p>\n<p><strong>Resultat &#8211; Tulokset: <a href=\"https:\/\/irma.suunnistusliitto.fi\/public\/competitioncalendar\/list?year=upcoming&amp;upcoming=ONE_WEEK&amp;area=all&amp;previous=undefined&amp;tab=event\">Rastilippu<\/a><\/strong><\/p>\n<p><strong>6.7. Kr\u00e5k\u00f6<\/strong><\/p>\n<p><!-- \/wp:paragraph --><!-- wp:paragraph --><\/p>\n<p><!-- \/wp:paragraph --><!-- wp:paragraph --><\/p>\n<p><!-- \/wp:paragraph --><!-- wp:paragraph --><\/p>\n<p><strong>Banl\u00e4ggare \u2013 Ratamestari: Vesa Isoniemi<\/strong><\/p>\n<p><strong><!-- \/wp:paragraph --><!-- wp:paragraph --><\/strong><\/p>\n<p><strong>Resultat &#8211; Tulokset: <a href=\"https:\/\/irma.suunnistusliitto.fi\/public\/competitioncalendar\/list?year=upcoming&amp;upcoming=ONE_WEEK&amp;area=all&amp;previous=undefined&amp;tab=event\">Rastilippu<\/a><\/strong><\/p>\n<h5>27.7. Ebbo<\/h5>\n<p><!-- \/wp:paragraph --><!-- wp:paragraph --><\/p>\n<p><strong>Banl\u00e4ggare \u2013 Ratamestari: Kim Ahl &amp; Tom Uutela<\/strong><\/p>\n<p><strong>Resultat &#8211; Tulokset: <a href=\"https:\/\/irma.suunnistusliitto.fi\/public\/competitioncalendar\/list?year=upcoming&amp;upcoming=ONE_WEEK&amp;area=all&amp;previous=undefined&amp;tab=event\">Rastilippu<\/a><\/strong><\/p>\n<h5>17.8. Kokon<\/h5>\n<p><!-- \/wp:paragraph --><!-- wp:paragraph --><\/p>\n<p><!-- \/wp:paragraph --><!-- wp:paragraph --><\/p>\n<p><strong>Banl\u00e4ggare \u2013 Ratamestari: Antero &amp; Marika Yli-Ikkel\u00e4<\/strong><\/p>\n<p><strong><!-- \/wp:paragraph --><!-- wp:paragraph --><\/strong><\/p>\n<p><strong>Resultat &#8211; Tulokset: <a href=\"https:\/\/irma.suunnistusliitto.fi\/public\/competitioncalendar\/list?year=upcoming&amp;upcoming=ONE_WEEK&amp;area=all&amp;previous=undefined&amp;tab=event\">Rastilippu<\/a><\/strong><\/p>\n<p><!-- \/wp:paragraph --><!-- wp:paragraph --><\/p>\n<p><!-- \/wp:paragraph --><!-- wp:paragraph --><\/p>\n<h5>7.9. Seitlax<\/h5>\n<p><!-- \/wp:paragraph --><!-- wp:paragraph --><\/p>\n<p><strong>Banl\u00e4ggare \u2013 Ratamestari:<\/strong><\/p>\n<p><strong><!-- \/wp:paragraph --><!-- wp:paragraph --><\/strong><\/p>\n<p><strong>Resultat &#8211; Tulokset: <a href=\"https:\/\/irma.suunnistusliitto.fi\/public\/competitioncalendar\/list?year=upcoming&amp;upcoming=ONE_WEEK&amp;area=all&amp;previous=undefined&amp;tab=event\">Rastilippu<\/a><\/strong><\/p>\n<p><!-- \/wp:paragraph --><\/p>\t\t\t\t\t\t\t\t<\/div>\n\t\t\t\t<\/div>\n\t\t\t\t\t<\/div>\n\t\t<\/div>\n\t\t\t\t\t<\/div>\n\t\t<\/section>\n\t\t\t\t<\/div>\n\t\t","protected":false},"excerpt":{"rendered":"<p>AOK MOTO 2026 4.5. Illby Banl\u00e4ggare \u2013 Ratamestari: Peter Stenb\u00e4ck Resultat &#8211; Tulokset: Rastilippu 25.5. Seitlax Banl\u00e4ggare \u2013 Ratamestari: Resultat &#8211; Tulokset: Rastilippu 22.6. Sondby Banl\u00e4ggare \u2013 Ratamestari: Resultat &#8211; Tulokset: Rastilippu 6.7. Kr\u00e5k\u00f6 Banl\u00e4ggare \u2013 Ratamestari: Vesa Isoniemi Resultat &#8211; Tulokset: Rastilippu 27.7. Ebbo Banl\u00e4ggare \u2013 Ratamestari: Kim Ahl &amp; Tom Uutela Resultat &#8211; [&hellip;]<\/p>\n","protected":false},"author":21,"featured_media":0,"parent":0,"menu_order":0,"comment_status":"closed","ping_status":"closed","template":"","meta":{"_crdt_document":"","footnotes":""},"class_list":["post-1692","page","type-page","status-publish","hentry"],"yoast_head":"<!-- This site is optimized with the Yoast SEO plugin v27.4 - https:\/\/yoast.com\/product\/yoast-seo-wordpress\/ -->\n<title>Motionsorientering \u2013 Kuntosuunnistus 2026 - Orientering - Suunnistus<\/title>\n<meta name=\"robots\" content=\"index, follow, max-snippet:-1, max-image-preview:large, max-video-preview:-1\" \/>\n<link rel=\"canonical\" href=\"https:\/\/www.akilles.fi\/orientering\/motionsorientering-kuntosuunnistus-2026\/\" \/>\n<meta property=\"og:locale\" content=\"en_US\" \/>\n<meta property=\"og:type\" content=\"article\" \/>\n<meta property=\"og:title\" content=\"Motionsorientering \u2013 Kuntosuunnistus 2026 - Orientering - Suunnistus\" \/>\n<meta property=\"og:description\" content=\"AOK MOTO 2026 4.5. Illby Banl\u00e4ggare \u2013 Ratamestari: Peter Stenb\u00e4ck Resultat &#8211; Tulokset: Rastilippu 25.5. Seitlax Banl\u00e4ggare \u2013 Ratamestari: Resultat &#8211; Tulokset: Rastilippu 22.6. Sondby Banl\u00e4ggare \u2013 Ratamestari: Resultat &#8211; Tulokset: Rastilippu 6.7. Kr\u00e5k\u00f6 Banl\u00e4ggare \u2013 Ratamestari: Vesa Isoniemi Resultat &#8211; Tulokset: Rastilippu 27.7. Ebbo Banl\u00e4ggare \u2013 Ratamestari: Kim Ahl &amp; Tom Uutela Resultat &#8211; [&hellip;]\" \/>\n<meta property=\"og:url\" content=\"https:\/\/www.akilles.fi\/orientering\/motionsorientering-kuntosuunnistus-2026\/\" \/>\n<meta property=\"og:site_name\" content=\"Orientering - Suunnistus\" \/>\n<meta property=\"article:modified_time\" content=\"2026-03-16T07:57:03+00:00\" \/>\n<meta name=\"twitter:card\" content=\"summary_large_image\" \/>\n<meta name=\"twitter:label1\" content=\"Est. reading time\" \/>\n\t<meta name=\"twitter:data1\" content=\"1 minute\" \/>\n<script type=\"application\/ld+json\" class=\"yoast-schema-graph\">{\"@context\":\"https:\\\/\\\/schema.org\",\"@graph\":[{\"@type\":\"WebPage\",\"@id\":\"https:\\\/\\\/www.akilles.fi\\\/orientering\\\/motionsorientering-kuntosuunnistus-2026\\\/\",\"url\":\"https:\\\/\\\/www.akilles.fi\\\/orientering\\\/motionsorientering-kuntosuunnistus-2026\\\/\",\"name\":\"Motionsorientering \u2013 Kuntosuunnistus 2026 - Orientering - Suunnistus\",\"isPartOf\":{\"@id\":\"https:\\\/\\\/www.akilles.fi\\\/orientering\\\/#website\"},\"datePublished\":\"2026-03-07T09:25:01+00:00\",\"dateModified\":\"2026-03-16T07:57:03+00:00\",\"breadcrumb\":{\"@id\":\"https:\\\/\\\/www.akilles.fi\\\/orientering\\\/motionsorientering-kuntosuunnistus-2026\\\/#breadcrumb\"},\"inLanguage\":\"en-US\",\"potentialAction\":[{\"@type\":\"ReadAction\",\"target\":[\"https:\\\/\\\/www.akilles.fi\\\/orientering\\\/motionsorientering-kuntosuunnistus-2026\\\/\"]}]},{\"@type\":\"BreadcrumbList\",\"@id\":\"https:\\\/\\\/www.akilles.fi\\\/orientering\\\/motionsorientering-kuntosuunnistus-2026\\\/#breadcrumb\",\"itemListElement\":[{\"@type\":\"ListItem\",\"position\":1,\"name\":\"Home\",\"item\":\"https:\\\/\\\/www.akilles.fi\\\/orientering\\\/\"},{\"@type\":\"ListItem\",\"position\":2,\"name\":\"Motionsorientering \u2013 Kuntosuunnistus 2026\"}]},{\"@type\":\"WebSite\",\"@id\":\"https:\\\/\\\/www.akilles.fi\\\/orientering\\\/#website\",\"url\":\"https:\\\/\\\/www.akilles.fi\\\/orientering\\\/\",\"name\":\"Orientering - Suunnistus\",\"description\":\"Borg\u00e5 Akilles Orientering - Porvoon Akilles Suunnistus\",\"potentialAction\":[{\"@type\":\"SearchAction\",\"target\":{\"@type\":\"EntryPoint\",\"urlTemplate\":\"https:\\\/\\\/www.akilles.fi\\\/orientering\\\/?s={search_term_string}\"},\"query-input\":{\"@type\":\"PropertyValueSpecification\",\"valueRequired\":true,\"valueName\":\"search_term_string\"}}],\"inLanguage\":\"en-US\"}]}<\/script>\n<!-- \/ Yoast SEO plugin. -->","yoast_head_json":{"title":"Motionsorientering \u2013 Kuntosuunnistus 2026 - Orientering - Suunnistus","robots":{"index":"index","follow":"follow","max-snippet":"max-snippet:-1","max-image-preview":"max-image-preview:large","max-video-preview":"max-video-preview:-1"},"canonical":"https:\/\/www.akilles.fi\/orientering\/motionsorientering-kuntosuunnistus-2026\/","og_locale":"en_US","og_type":"article","og_title":"Motionsorientering \u2013 Kuntosuunnistus 2026 - Orientering - Suunnistus","og_description":"AOK MOTO 2026 4.5. Illby Banl\u00e4ggare \u2013 Ratamestari: Peter Stenb\u00e4ck Resultat &#8211; Tulokset: Rastilippu 25.5. Seitlax Banl\u00e4ggare \u2013 Ratamestari: Resultat &#8211; Tulokset: Rastilippu 22.6. Sondby Banl\u00e4ggare \u2013 Ratamestari: Resultat &#8211; Tulokset: Rastilippu 6.7. Kr\u00e5k\u00f6 Banl\u00e4ggare \u2013 Ratamestari: Vesa Isoniemi Resultat &#8211; Tulokset: Rastilippu 27.7. Ebbo Banl\u00e4ggare \u2013 Ratamestari: Kim Ahl &amp; Tom Uutela Resultat &#8211; [&hellip;]","og_url":"https:\/\/www.akilles.fi\/orientering\/motionsorientering-kuntosuunnistus-2026\/","og_site_name":"Orientering - Suunnistus","article_modified_time":"2026-03-16T07:57:03+00:00","twitter_card":"summary_large_image","twitter_misc":{"Est. reading time":"1 minute"},"schema":{"@context":"https:\/\/schema.org","@graph":[{"@type":"WebPage","@id":"https:\/\/www.akilles.fi\/orientering\/motionsorientering-kuntosuunnistus-2026\/","url":"https:\/\/www.akilles.fi\/orientering\/motionsorientering-kuntosuunnistus-2026\/","name":"Motionsorientering \u2013 Kuntosuunnistus 2026 - Orientering - Suunnistus","isPartOf":{"@id":"https:\/\/www.akilles.fi\/orientering\/#website"},"datePublished":"2026-03-07T09:25:01+00:00","dateModified":"2026-03-16T07:57:03+00:00","breadcrumb":{"@id":"https:\/\/www.akilles.fi\/orientering\/motionsorientering-kuntosuunnistus-2026\/#breadcrumb"},"inLanguage":"en-US","potentialAction":[{"@type":"ReadAction","target":["https:\/\/www.akilles.fi\/orientering\/motionsorientering-kuntosuunnistus-2026\/"]}]},{"@type":"BreadcrumbList","@id":"https:\/\/www.akilles.fi\/orientering\/motionsorientering-kuntosuunnistus-2026\/#breadcrumb","itemListElement":[{"@type":"ListItem","position":1,"name":"Home","item":"https:\/\/www.akilles.fi\/orientering\/"},{"@type":"ListItem","position":2,"name":"Motionsorientering \u2013 Kuntosuunnistus 2026"}]},{"@type":"WebSite","@id":"https:\/\/www.akilles.fi\/orientering\/#website","url":"https:\/\/www.akilles.fi\/orientering\/","name":"Orientering - Suunnistus","description":"Borg\u00e5 Akilles Orientering - Porvoon Akilles Suunnistus","potentialAction":[{"@type":"SearchAction","target":{"@type":"EntryPoint","urlTemplate":"https:\/\/www.akilles.fi\/orientering\/?s={search_term_string}"},"query-input":{"@type":"PropertyValueSpecification","valueRequired":true,"valueName":"search_term_string"}}],"inLanguage":"en-US"}]}},"_links":{"self":[{"href":"https:\/\/www.akilles.fi\/orientering\/wp-json\/wp\/v2\/pages\/1692","targetHints":{"allow":["GET"]}}],"collection":[{"href":"https:\/\/www.akilles.fi\/orientering\/wp-json\/wp\/v2\/pages"}],"about":[{"href":"https:\/\/www.akilles.fi\/orientering\/wp-json\/wp\/v2\/types\/page"}],"author":[{"embeddable":true,"href":"https:\/\/www.akilles.fi\/orientering\/wp-json\/wp\/v2\/users\/21"}],"replies":[{"embeddable":true,"href":"https:\/\/www.akilles.fi\/orientering\/wp-json\/wp\/v2\/comments?post=1692"}],"version-history":[{"count":14,"href":"https:\/\/www.akilles.fi\/orientering\/wp-json\/wp\/v2\/pages\/1692\/revisions"}],"predecessor-version":[{"id":1717,"href":"https:\/\/www.akilles.fi\/orientering\/wp-json\/wp\/v2\/pages\/1692\/revisions\/1717"}],"wp:attachment":[{"href":"https:\/\/www.akilles.fi\/orientering\/wp-json\/wp\/v2\/media?parent=1692"}],"curies":[{"name":"wp","href":"https:\/\/api.w.org\/{rel}","templated":true}]}}