{"id":438,"date":"2019-01-18T09:32:32","date_gmt":"2019-01-18T09:32:32","guid":{"rendered":"http:\/\/94.237.33.215\/~akilles\/nyasida\/orientering\/?page_id=438"},"modified":"2020-10-21T16:24:57","modified_gmt":"2020-10-21T16:24:57","slug":"nyheter-uutiset","status":"publish","type":"page","link":"https:\/\/www.akilles.fi\/orientering\/","title":{"rendered":"Startsidan &#8211; Etusivu"},"content":{"rendered":"\t\t<div data-elementor-type=\"wp-post\" data-elementor-id=\"438\" class=\"elementor elementor-438\" data-elementor-post-type=\"page\">\n\t\t\t\t\t\t<section class=\"elementor-section elementor-top-section elementor-element elementor-element-a3d85eb elementor-section-boxed elementor-section-height-default elementor-section-height-default\" data-id=\"a3d85eb\" data-element_type=\"section\">\n\t\t\t\t\t\t<div class=\"elementor-container elementor-column-gap-default\">\n\t\t\t\t\t<div class=\"elementor-column elementor-col-100 elementor-top-column elementor-element elementor-element-e590af3\" data-id=\"e590af3\" data-element_type=\"column\">\n\t\t\t<div class=\"elementor-widget-wrap elementor-element-populated\">\n\t\t\t\t\t\t<div class=\"elementor-element elementor-element-7996f14 elementor-widget elementor-widget-text-editor\" data-id=\"7996f14\" data-element_type=\"widget\" data-widget_type=\"text-editor.default\">\n\t\t\t\t<div class=\"elementor-widget-container\">\n\t\t\t\t\t\t\t\t\t<h5>OK Trian<\/h5><h5>\u00a0 <img decoding=\"async\" class=\"alignnone wp-image-752\" src=\"http:\/\/www.akilles.fi\/orientering\/wp-content\/uploads\/sites\/23\/2019\/01\/Trian-logo.png\" alt=\"\" width=\"50\" height=\"50\" srcset=\"https:\/\/www.akilles.fi\/orientering\/wp-content\/uploads\/sites\/23\/2019\/01\/Trian-logo.png 225w, https:\/\/www.akilles.fi\/orientering\/wp-content\/uploads\/sites\/23\/2019\/01\/Trian-logo-150x150.png 150w\" sizes=\"(max-width: 50px) 100vw, 50px\" \/> I november 2014 grundade AOK, tillsammans med Sibbo Vargarnas orienteringssektion och OK Orient, en ny \u00d6stnyl\u00e4ndsk takf\u00f6rening inom orienteringen.<\/h5><h5>\u00a0 <img decoding=\"async\" class=\"alignnone wp-image-675\" src=\"http:\/\/www.akilles.fi\/orientering\/wp-content\/uploads\/sites\/23\/2019\/01\/Akilles-Ok.png\" alt=\"\" width=\"50\" height=\"50\" srcset=\"https:\/\/www.akilles.fi\/orientering\/wp-content\/uploads\/sites\/23\/2019\/01\/Akilles-Ok.png 225w, https:\/\/www.akilles.fi\/orientering\/wp-content\/uploads\/sites\/23\/2019\/01\/Akilles-Ok-150x150.png 150w, https:\/\/www.akilles.fi\/orientering\/wp-content\/uploads\/sites\/23\/2019\/01\/elementor\/thumbs\/Akilles-Ok-oqt3o0qjf9j94ed7dxxbmn0ie4ruzixhd0kmxm9fdq.png 35w\" sizes=\"(max-width: 50px) 100vw, 50px\" \/> <img decoding=\"async\" class=\"alignnone wp-image-777\" src=\"http:\/\/www.akilles.fi\/orientering\/wp-content\/uploads\/sites\/23\/2020\/06\/OK-Orient-300x134.png\" alt=\"\" width=\"112\" height=\"50\" srcset=\"https:\/\/www.akilles.fi\/orientering\/wp-content\/uploads\/sites\/23\/2020\/06\/OK-Orient-300x134.png 300w, https:\/\/www.akilles.fi\/orientering\/wp-content\/uploads\/sites\/23\/2020\/06\/OK-Orient.png 415w\" sizes=\"(max-width: 112px) 100vw, 112px\" \/><img loading=\"lazy\" decoding=\"async\" class=\"alignnone wp-image-778\" src=\"http:\/\/www.akilles.fi\/orientering\/wp-content\/uploads\/sites\/23\/2020\/06\/SV.png\" alt=\"\" width=\"50\" height=\"51\" srcset=\"https:\/\/www.akilles.fi\/orientering\/wp-content\/uploads\/sites\/23\/2020\/06\/SV.png 177w, https:\/\/www.akilles.fi\/orientering\/wp-content\/uploads\/sites\/23\/2020\/06\/SV-150x150.png 150w\" sizes=\"(max-width: 50px) 100vw, 50px\" \/><\/h5><h5>I och med en takf\u00f6rening, har medlemsf\u00f6reningarna b\u00e4ttre f\u00f6ruts\u00e4ttningar att erbjuda sina medlemmar m\u00e5ngsidig och konkurrenskraftig orienteringsverksamhet. Samtidigt ges de \u00f6stnyl\u00e4ndska orienterarna en m\u00f6jlighet att representera en gemensam f\u00f6rening.<\/h5><h5>\u00a0<\/h5><h5>Mera information om OK Trian finns p\u00e5 web\u2013adressen <a href=\"http:\/\/oktrian.fi\/\" target=\"_blank\" rel=\"noopener\">www.oktrian.fi<\/a>.<\/h5><h5>\u00a0<\/h5>\t\t\t\t\t\t\t\t<\/div>\n\t\t\t\t<\/div>\n\t\t\t\t\t<\/div>\n\t\t<\/div>\n\t\t\t\t\t<\/div>\n\t\t<\/section>\n\t\t\t\t<section class=\"elementor-section elementor-top-section elementor-element elementor-element-1a11ff2 elementor-section-boxed elementor-section-height-default elementor-section-height-default\" data-id=\"1a11ff2\" data-element_type=\"section\">\n\t\t\t\t\t\t<div class=\"elementor-container elementor-column-gap-default\">\n\t\t\t\t\t<div class=\"elementor-column elementor-col-50 elementor-top-column elementor-element elementor-element-d49aac7\" data-id=\"d49aac7\" data-element_type=\"column\">\n\t\t\t<div class=\"elementor-widget-wrap elementor-element-populated\">\n\t\t\t\t\t\t<div class=\"elementor-element elementor-element-b1914fa elementor-grid-3 elementor-grid-tablet-2 elementor-grid-mobile-1 elementor-posts--thumbnail-top elementor-widget elementor-widget-posts\" data-id=\"b1914fa\" data-element_type=\"widget\" data-settings=\"{&quot;classic_columns&quot;:&quot;3&quot;,&quot;classic_columns_tablet&quot;:&quot;2&quot;,&quot;classic_columns_mobile&quot;:&quot;1&quot;,&quot;classic_row_gap&quot;:{&quot;unit&quot;:&quot;px&quot;,&quot;size&quot;:35,&quot;sizes&quot;:[]},&quot;classic_row_gap_tablet&quot;:{&quot;unit&quot;:&quot;px&quot;,&quot;size&quot;:&quot;&quot;,&quot;sizes&quot;:[]},&quot;classic_row_gap_mobile&quot;:{&quot;unit&quot;:&quot;px&quot;,&quot;size&quot;:&quot;&quot;,&quot;sizes&quot;:[]}}\" data-widget_type=\"posts.classic\">\n\t\t\t\t<div class=\"elementor-widget-container\">\n\t\t\t\t\t\t\t<div class=\"elementor-posts-container elementor-posts elementor-posts--skin-classic elementor-grid\" role=\"list\">\n\t\t\t\t<article class=\"elementor-post elementor-grid-item post-1688 post type-post status-publish format-standard hentry category-uncategorized\" role=\"listitem\">\n\t\t\t\t<div class=\"elementor-post__text\">\n\t\t\t\t<h3 class=\"elementor-post__title\">\n\t\t\t<a href=\"https:\/\/www.akilles.fi\/orientering\/2026\/03\/04\/inbjudan-till-aoks-hostmote-2026-kutsu-aok-n-syyskokoukseen-2026\/\" >\n\t\t\t\tInbjudan till AOK\u00b4s v\u00e5rm\u00f6te 2026, Kutsu AOK :n kev\u00e4tkokoukseen 2026\t\t\t<\/a>\n\t\t<\/h3>\n\t\t\t\t<div class=\"elementor-post__meta-data\">\n\t\t\t\t\t<span class=\"elementor-post-date\">\n\t\t\tMarch 4, 2026\t\t<\/span>\n\t\t\t\t<span class=\"elementor-post-avatar\">\n\t\t\tNo Comments\t\t<\/span>\n\t\t\t\t<\/div>\n\t\t\t\t<div class=\"elementor-post__excerpt\">\n\t\t\t<p>Inbjudan till AOK\u00b4s v\u00e5rm\u00f6te Tid: To 12.03.2026 kl. 17.00Plats: Borg\u00e5 Energi, Tolkis kraftverkAdress: Tolkis hamnv\u00e4g 3OBS! Det \u00e4r m\u00f6jligt att dela p\u00e5 distans via Windows<\/p>\n\t\t<\/div>\n\t\t\n\t\t<a class=\"elementor-post__read-more\" href=\"https:\/\/www.akilles.fi\/orientering\/2026\/03\/04\/inbjudan-till-aoks-hostmote-2026-kutsu-aok-n-syyskokoukseen-2026\/\" aria-label=\"Read more about Inbjudan till AOK\u00b4s v\u00e5rm\u00f6te 2026, Kutsu AOK :n kev\u00e4tkokoukseen 2026\" tabindex=\"-1\" >\n\t\t\tL\u00e4s mera \u00bb\t\t<\/a>\n\n\t\t\t\t<\/div>\n\t\t\t\t<\/article>\n\t\t\t\t<article class=\"elementor-post elementor-grid-item post-1683 post type-post status-publish format-standard hentry category-uncategorized\" role=\"listitem\">\n\t\t\t\t<div class=\"elementor-post__text\">\n\t\t\t\t<h3 class=\"elementor-post__title\">\n\t\t\t<a href=\"https:\/\/www.akilles.fi\/orientering\/2025\/10\/28\/inbjudan-till-aoks-hostmote-kutsu-aok-n-syyskokoukseen-5\/\" >\n\t\t\t\tInbjudan till AOK\u00b4s h\u00f6stm\u00f6te 2025, Kutsu AOK :n syyskokoukseen 2025\t\t\t<\/a>\n\t\t<\/h3>\n\t\t\t\t<div class=\"elementor-post__meta-data\">\n\t\t\t\t\t<span class=\"elementor-post-date\">\n\t\t\tOctober 28, 2025\t\t<\/span>\n\t\t\t\t<span class=\"elementor-post-avatar\">\n\t\t\tNo Comments\t\t<\/span>\n\t\t\t\t<\/div>\n\t\t\t\t<div class=\"elementor-post__excerpt\">\n\t\t\t<p>Inbjudan till AOK\u00b4s h\u00f6stm\u00f6te Tid: Ti 04.11.2025 kl. 17.00Plats: Borg\u00e5 Energi, Tolkis kraftverkAdress: Tolkis hamnv\u00e4g 3OBS! Det \u00e4r m\u00f6jligt att dela p\u00e5 distans via Windows<\/p>\n\t\t<\/div>\n\t\t\n\t\t<a class=\"elementor-post__read-more\" href=\"https:\/\/www.akilles.fi\/orientering\/2025\/10\/28\/inbjudan-till-aoks-hostmote-kutsu-aok-n-syyskokoukseen-5\/\" aria-label=\"Read more about Inbjudan till AOK\u00b4s h\u00f6stm\u00f6te 2025, Kutsu AOK :n syyskokoukseen 2025\" tabindex=\"-1\" >\n\t\t\tL\u00e4s mera \u00bb\t\t<\/a>\n\n\t\t\t\t<\/div>\n\t\t\t\t<\/article>\n\t\t\t\t<article class=\"elementor-post elementor-grid-item post-1630 post type-post status-publish format-standard hentry category-uncategorized\" role=\"listitem\">\n\t\t\t\t<div class=\"elementor-post__text\">\n\t\t\t\t<h3 class=\"elementor-post__title\">\n\t\t\t<a href=\"https:\/\/www.akilles.fi\/orientering\/2025\/02\/24\/inbjudan-till-aoks-varmote-kutsu-aok-n-kevatkokoukseen-2\/\" >\n\t\t\t\tInbjudan till AOK\u00b4s v\u00e5rm\u00f6te 2025, Kutsu AOK :n kev\u00e4tkokoukseen 2025\t\t\t<\/a>\n\t\t<\/h3>\n\t\t\t\t<div class=\"elementor-post__meta-data\">\n\t\t\t\t\t<span class=\"elementor-post-date\">\n\t\t\tFebruary 24, 2025\t\t<\/span>\n\t\t\t\t<span class=\"elementor-post-avatar\">\n\t\t\tNo Comments\t\t<\/span>\n\t\t\t\t<\/div>\n\t\t\t\t<div class=\"elementor-post__excerpt\">\n\t\t\t<p>Tid: Ti 11.3.2025 kl. 18.00Plats: Borg\u00e5 Energi, Tolkis kraftverkAdress: Tolkis hamnv\u00e4g 3OBS! Det \u00e4r m\u00f6jligt att delta p\u00e5 distans via Windows Teams Kutsu AOK :n<\/p>\n\t\t<\/div>\n\t\t\n\t\t<a class=\"elementor-post__read-more\" href=\"https:\/\/www.akilles.fi\/orientering\/2025\/02\/24\/inbjudan-till-aoks-varmote-kutsu-aok-n-kevatkokoukseen-2\/\" aria-label=\"Read more about Inbjudan till AOK\u00b4s v\u00e5rm\u00f6te 2025, Kutsu AOK :n kev\u00e4tkokoukseen 2025\" tabindex=\"-1\" >\n\t\t\tL\u00e4s mera \u00bb\t\t<\/a>\n\n\t\t\t\t<\/div>\n\t\t\t\t<\/article>\n\t\t\t\t<article class=\"elementor-post elementor-grid-item post-1623 post type-post status-publish format-standard hentry category-uncategorized\" role=\"listitem\">\n\t\t\t\t<div class=\"elementor-post__text\">\n\t\t\t\t<h3 class=\"elementor-post__title\">\n\t\t\t<a href=\"https:\/\/www.akilles.fi\/orientering\/2024\/10\/01\/inbjudan-till-aoks-hostmote-kutsu-aok-n-syyskokoukseen-4\/\" >\n\t\t\t\tInbjudan till AOK\u00b4s h\u00f6stm\u00f6te, Kutsu AOK :n syyskokoukseen\t\t\t<\/a>\n\t\t<\/h3>\n\t\t\t\t<div class=\"elementor-post__meta-data\">\n\t\t\t\t\t<span class=\"elementor-post-date\">\n\t\t\tOctober 1, 2024\t\t<\/span>\n\t\t\t\t<span class=\"elementor-post-avatar\">\n\t\t\tNo Comments\t\t<\/span>\n\t\t\t\t<\/div>\n\t\t\t\t<div class=\"elementor-post__excerpt\">\n\t\t\t<p>Inbjudan till AOK\u00b4s h\u00f6stm\u00f6te Tid: Ti 08.10.2024 kl. 18.00Plats: Borg\u00e5 Energi, Tolkis kraftverkAdress: Tolkis hamnv\u00e4g 3OBS! Det \u00e4r m\u00f6jligt att dela p\u00e5 distans via Windows<\/p>\n\t\t<\/div>\n\t\t\n\t\t<a class=\"elementor-post__read-more\" href=\"https:\/\/www.akilles.fi\/orientering\/2024\/10\/01\/inbjudan-till-aoks-hostmote-kutsu-aok-n-syyskokoukseen-4\/\" aria-label=\"Read more about Inbjudan till AOK\u00b4s h\u00f6stm\u00f6te, Kutsu AOK :n syyskokoukseen\" tabindex=\"-1\" >\n\t\t\tL\u00e4s mera \u00bb\t\t<\/a>\n\n\t\t\t\t<\/div>\n\t\t\t\t<\/article>\n\t\t\t\t<article class=\"elementor-post elementor-grid-item post-1611 post type-post status-publish format-standard hentry category-uncategorized\" role=\"listitem\">\n\t\t\t\t<div class=\"elementor-post__text\">\n\t\t\t\t<h3 class=\"elementor-post__title\">\n\t\t\t<a href=\"https:\/\/www.akilles.fi\/orientering\/2024\/06\/25\/wessokaflen-2024\/\" >\n\t\t\t\tWess\u00f6kaflen 2024\t\t\t<\/a>\n\t\t<\/h3>\n\t\t\t\t<div class=\"elementor-post__meta-data\">\n\t\t\t\t\t<span class=\"elementor-post-date\">\n\t\t\tJune 25, 2024\t\t<\/span>\n\t\t\t\t<span class=\"elementor-post-avatar\">\n\t\t\tNo Comments\t\t<\/span>\n\t\t\t\t<\/div>\n\t\t\t\t<div class=\"elementor-post__excerpt\">\n\t\t\t<p>V\u00e4llkommen med till wess\u00f6kavlen 2024 som arrangeras 3.7.2024. Du kan anm\u00e4l\u00e4 dig med i&nbsp;nimenhuuto&nbsp;eller genom komma p\u00e5 plats f\u00f6re lagen lottas! Wess\u00f6kaflen \u00e4r en lekfull<\/p>\n\t\t<\/div>\n\t\t\n\t\t<a class=\"elementor-post__read-more\" href=\"https:\/\/www.akilles.fi\/orientering\/2024\/06\/25\/wessokaflen-2024\/\" aria-label=\"Read more about Wess\u00f6kaflen 2024\" tabindex=\"-1\" >\n\t\t\tL\u00e4s mera \u00bb\t\t<\/a>\n\n\t\t\t\t<\/div>\n\t\t\t\t<\/article>\n\t\t\t\t<article class=\"elementor-post elementor-grid-item post-1583 post type-post status-publish format-standard hentry category-uncategorized\" role=\"listitem\">\n\t\t\t\t<div class=\"elementor-post__text\">\n\t\t\t\t<h3 class=\"elementor-post__title\">\n\t\t\t<a href=\"https:\/\/www.akilles.fi\/orientering\/2024\/03\/04\/elementor-1583\/\" >\n\t\t\t\tInbjudan till AOK\u00b4s v\u00e5rm\u00f6te 2024                   Kutsu AOK :n kev\u00e4tkokoukseen 2024\t\t\t<\/a>\n\t\t<\/h3>\n\t\t\t\t<div class=\"elementor-post__meta-data\">\n\t\t\t\t\t<span class=\"elementor-post-date\">\n\t\t\tMarch 4, 2024\t\t<\/span>\n\t\t\t\t<span class=\"elementor-post-avatar\">\n\t\t\tNo Comments\t\t<\/span>\n\t\t\t\t<\/div>\n\t\t\t\t<div class=\"elementor-post__excerpt\">\n\t\t\t<p>Inbjudan till AOK\u00b4s v\u00e5rm\u00f6te Tid: To 14.3.2024 kl. 18.00Plats: Borg\u00e5 Energi, Tolkis kraftverkAdress: Tolkis hamnv\u00e4g 3OBS! Det \u00e4r m\u00f6jligt att dela p\u00e5 distans via Windows<\/p>\n\t\t<\/div>\n\t\t\n\t\t<a class=\"elementor-post__read-more\" href=\"https:\/\/www.akilles.fi\/orientering\/2024\/03\/04\/elementor-1583\/\" aria-label=\"Read more about Inbjudan till AOK\u00b4s v\u00e5rm\u00f6te 2024                   Kutsu AOK :n kev\u00e4tkokoukseen 2024\" tabindex=\"-1\" >\n\t\t\tL\u00e4s mera \u00bb\t\t<\/a>\n\n\t\t\t\t<\/div>\n\t\t\t\t<\/article>\n\t\t\t\t<\/div>\n\t\t\n\t\t\t\t\t\t<\/div>\n\t\t\t\t<\/div>\n\t\t\t\t\t<\/div>\n\t\t<\/div>\n\t\t\t\t<div class=\"elementor-column elementor-col-50 elementor-top-column elementor-element elementor-element-706f471\" data-id=\"706f471\" data-element_type=\"column\">\n\t\t\t<div class=\"elementor-widget-wrap elementor-element-populated\">\n\t\t\t\t\t\t<div class=\"elementor-element elementor-element-e2d17fd elementor-widget elementor-widget-facebook-page\" data-id=\"e2d17fd\" data-element_type=\"widget\" data-widget_type=\"facebook-page.default\">\n\t\t\t\t<div class=\"elementor-widget-container\">\n\t\t\t\t\t<div class=\"elementor-facebook-widget fb-page\" data-href=\"https:\/\/www.facebook.com\/AkillesOk\/\" data-tabs=\"timeline\" data-height=\"500px\" data-width=\"500px\" data-small-header=\"false\" data-hide-cover=\"false\" data-show-facepile=\"true\" data-hide-cta=\"false\" style=\"min-height: 1px;height:500px\"><\/div>\t\t\t\t<\/div>\n\t\t\t\t<\/div>\n\t\t\t\t\t<\/div>\n\t\t<\/div>\n\t\t\t\t\t<\/div>\n\t\t<\/section>\n\t\t\t\t<section class=\"elementor-section elementor-top-section elementor-element elementor-element-6c57356 elementor-section-boxed elementor-section-height-default elementor-section-height-default\" data-id=\"6c57356\" data-element_type=\"section\">\n\t\t\t\t\t\t<div class=\"elementor-container elementor-column-gap-default\">\n\t\t\t\t\t<div class=\"elementor-column elementor-col-33 elementor-top-column elementor-element elementor-element-8278f5b\" data-id=\"8278f5b\" data-element_type=\"column\">\n\t\t\t<div class=\"elementor-widget-wrap elementor-element-populated\">\n\t\t\t\t\t\t<div class=\"elementor-element elementor-element-7c39f12 elementor-widget elementor-widget-facebook-page\" data-id=\"7c39f12\" data-element_type=\"widget\" data-widget_type=\"facebook-page.default\">\n\t\t\t\t<div class=\"elementor-widget-container\">\n\t\t\t\t\t<div class=\"elementor-facebook-widget fb-page\" data-href=\"https:\/\/www.facebook.com\/OKTrianFIN\/\" data-tabs=\"timeline\" data-height=\"500px\" data-width=\"500px\" data-small-header=\"false\" data-hide-cover=\"false\" data-show-facepile=\"true\" data-hide-cta=\"false\" style=\"min-height: 1px;height:500px\"><\/div>\t\t\t\t<\/div>\n\t\t\t\t<\/div>\n\t\t\t\t\t<\/div>\n\t\t<\/div>\n\t\t\t\t<div class=\"elementor-column elementor-col-33 elementor-top-column elementor-element elementor-element-4b0b972\" data-id=\"4b0b972\" data-element_type=\"column\">\n\t\t\t<div class=\"elementor-widget-wrap\">\n\t\t\t\t\t\t\t<\/div>\n\t\t<\/div>\n\t\t\t\t<div class=\"elementor-column elementor-col-33 elementor-top-column elementor-element elementor-element-2397149\" data-id=\"2397149\" data-element_type=\"column\">\n\t\t\t<div class=\"elementor-widget-wrap\">\n\t\t\t\t\t\t\t<\/div>\n\t\t<\/div>\n\t\t\t\t\t<\/div>\n\t\t<\/section>\n\t\t\t\t<\/div>\n\t\t","protected":false},"excerpt":{"rendered":"<p>OK Trian \u00a0 I november 2014 grundade AOK, tillsammans med Sibbo Vargarnas orienteringssektion och OK Orient, en ny \u00d6stnyl\u00e4ndsk takf\u00f6rening inom orienteringen. \u00a0 I och med en takf\u00f6rening, har medlemsf\u00f6reningarna b\u00e4ttre f\u00f6ruts\u00e4ttningar att erbjuda sina medlemmar m\u00e5ngsidig och konkurrenskraftig orienteringsverksamhet. Samtidigt ges de \u00f6stnyl\u00e4ndska orienterarna en m\u00f6jlighet att representera en gemensam f\u00f6rening. \u00a0 Mera information [&hellip;]<\/p>\n","protected":false},"author":4,"featured_media":0,"parent":0,"menu_order":0,"comment_status":"closed","ping_status":"closed","template":"","meta":{"_crdt_document":"","footnotes":""},"class_list":["post-438","page","type-page","status-publish","hentry"],"yoast_head":"<!-- This site is optimized with the Yoast SEO plugin v27.4 - https:\/\/yoast.com\/product\/yoast-seo-wordpress\/ -->\n<title>Startsidan - Etusivu - Orientering - Suunnistus<\/title>\n<meta name=\"robots\" content=\"index, follow, max-snippet:-1, max-image-preview:large, max-video-preview:-1\" \/>\n<link rel=\"canonical\" href=\"https:\/\/www.akilles.fi\/orientering\/\" \/>\n<meta property=\"og:locale\" content=\"en_US\" \/>\n<meta property=\"og:type\" content=\"article\" \/>\n<meta property=\"og:title\" content=\"Startsidan - Etusivu - Orientering - Suunnistus\" \/>\n<meta property=\"og:description\" content=\"OK Trian \u00a0 I november 2014 grundade AOK, tillsammans med Sibbo Vargarnas orienteringssektion och OK Orient, en ny \u00d6stnyl\u00e4ndsk takf\u00f6rening inom orienteringen. \u00a0 I och med en takf\u00f6rening, har medlemsf\u00f6reningarna b\u00e4ttre f\u00f6ruts\u00e4ttningar att erbjuda sina medlemmar m\u00e5ngsidig och konkurrenskraftig orienteringsverksamhet. Samtidigt ges de \u00f6stnyl\u00e4ndska orienterarna en m\u00f6jlighet att representera en gemensam f\u00f6rening. \u00a0 Mera information [&hellip;]\" \/>\n<meta property=\"og:url\" content=\"https:\/\/www.akilles.fi\/orientering\/\" \/>\n<meta property=\"og:site_name\" content=\"Orientering - Suunnistus\" \/>\n<meta property=\"article:modified_time\" content=\"2020-10-21T16:24:57+00:00\" \/>\n<meta property=\"og:image\" content=\"http:\/\/www.akilles.fi\/orientering\/wp-content\/uploads\/sites\/23\/2019\/01\/Trian-logo.png\" \/>\n<meta name=\"twitter:card\" content=\"summary_large_image\" \/>\n<script type=\"application\/ld+json\" class=\"yoast-schema-graph\">{\"@context\":\"https:\\\/\\\/schema.org\",\"@graph\":[{\"@type\":\"WebPage\",\"@id\":\"https:\\\/\\\/www.akilles.fi\\\/orientering\\\/\",\"url\":\"https:\\\/\\\/www.akilles.fi\\\/orientering\\\/\",\"name\":\"Startsidan - Etusivu - Orientering - Suunnistus\",\"isPartOf\":{\"@id\":\"https:\\\/\\\/www.akilles.fi\\\/orientering\\\/#website\"},\"primaryImageOfPage\":{\"@id\":\"https:\\\/\\\/www.akilles.fi\\\/orientering\\\/#primaryimage\"},\"image\":{\"@id\":\"https:\\\/\\\/www.akilles.fi\\\/orientering\\\/#primaryimage\"},\"thumbnailUrl\":\"http:\\\/\\\/www.akilles.fi\\\/orientering\\\/wp-content\\\/uploads\\\/sites\\\/23\\\/2019\\\/01\\\/Trian-logo.png\",\"datePublished\":\"2019-01-18T09:32:32+00:00\",\"dateModified\":\"2020-10-21T16:24:57+00:00\",\"breadcrumb\":{\"@id\":\"https:\\\/\\\/www.akilles.fi\\\/orientering\\\/#breadcrumb\"},\"inLanguage\":\"en-US\",\"potentialAction\":[{\"@type\":\"ReadAction\",\"target\":[\"https:\\\/\\\/www.akilles.fi\\\/orientering\\\/\"]}]},{\"@type\":\"ImageObject\",\"inLanguage\":\"en-US\",\"@id\":\"https:\\\/\\\/www.akilles.fi\\\/orientering\\\/#primaryimage\",\"url\":\"https:\\\/\\\/www.akilles.fi\\\/orientering\\\/wp-content\\\/uploads\\\/sites\\\/23\\\/2019\\\/01\\\/Trian-logo.png\",\"contentUrl\":\"https:\\\/\\\/www.akilles.fi\\\/orientering\\\/wp-content\\\/uploads\\\/sites\\\/23\\\/2019\\\/01\\\/Trian-logo.png\",\"width\":225,\"height\":225},{\"@type\":\"BreadcrumbList\",\"@id\":\"https:\\\/\\\/www.akilles.fi\\\/orientering\\\/#breadcrumb\",\"itemListElement\":[{\"@type\":\"ListItem\",\"position\":1,\"name\":\"Home\",\"item\":\"https:\\\/\\\/www.akilles.fi\\\/orientering\\\/\"},{\"@type\":\"ListItem\",\"position\":2,\"name\":\"Startsidan &#8211; Etusivu\"}]},{\"@type\":\"WebSite\",\"@id\":\"https:\\\/\\\/www.akilles.fi\\\/orientering\\\/#website\",\"url\":\"https:\\\/\\\/www.akilles.fi\\\/orientering\\\/\",\"name\":\"Orientering - Suunnistus\",\"description\":\"Borg\u00e5 Akilles Orientering - Porvoon Akilles Suunnistus\",\"potentialAction\":[{\"@type\":\"SearchAction\",\"target\":{\"@type\":\"EntryPoint\",\"urlTemplate\":\"https:\\\/\\\/www.akilles.fi\\\/orientering\\\/?s={search_term_string}\"},\"query-input\":{\"@type\":\"PropertyValueSpecification\",\"valueRequired\":true,\"valueName\":\"search_term_string\"}}],\"inLanguage\":\"en-US\"}]}<\/script>\n<!-- \/ Yoast SEO plugin. -->","yoast_head_json":{"title":"Startsidan - Etusivu - Orientering - Suunnistus","robots":{"index":"index","follow":"follow","max-snippet":"max-snippet:-1","max-image-preview":"max-image-preview:large","max-video-preview":"max-video-preview:-1"},"canonical":"https:\/\/www.akilles.fi\/orientering\/","og_locale":"en_US","og_type":"article","og_title":"Startsidan - Etusivu - Orientering - Suunnistus","og_description":"OK Trian \u00a0 I november 2014 grundade AOK, tillsammans med Sibbo Vargarnas orienteringssektion och OK Orient, en ny \u00d6stnyl\u00e4ndsk takf\u00f6rening inom orienteringen. \u00a0 I och med en takf\u00f6rening, har medlemsf\u00f6reningarna b\u00e4ttre f\u00f6ruts\u00e4ttningar att erbjuda sina medlemmar m\u00e5ngsidig och konkurrenskraftig orienteringsverksamhet. Samtidigt ges de \u00f6stnyl\u00e4ndska orienterarna en m\u00f6jlighet att representera en gemensam f\u00f6rening. \u00a0 Mera information [&hellip;]","og_url":"https:\/\/www.akilles.fi\/orientering\/","og_site_name":"Orientering - Suunnistus","article_modified_time":"2020-10-21T16:24:57+00:00","og_image":[{"url":"http:\/\/www.akilles.fi\/orientering\/wp-content\/uploads\/sites\/23\/2019\/01\/Trian-logo.png","type":"","width":"","height":""}],"twitter_card":"summary_large_image","schema":{"@context":"https:\/\/schema.org","@graph":[{"@type":"WebPage","@id":"https:\/\/www.akilles.fi\/orientering\/","url":"https:\/\/www.akilles.fi\/orientering\/","name":"Startsidan - Etusivu - Orientering - Suunnistus","isPartOf":{"@id":"https:\/\/www.akilles.fi\/orientering\/#website"},"primaryImageOfPage":{"@id":"https:\/\/www.akilles.fi\/orientering\/#primaryimage"},"image":{"@id":"https:\/\/www.akilles.fi\/orientering\/#primaryimage"},"thumbnailUrl":"http:\/\/www.akilles.fi\/orientering\/wp-content\/uploads\/sites\/23\/2019\/01\/Trian-logo.png","datePublished":"2019-01-18T09:32:32+00:00","dateModified":"2020-10-21T16:24:57+00:00","breadcrumb":{"@id":"https:\/\/www.akilles.fi\/orientering\/#breadcrumb"},"inLanguage":"en-US","potentialAction":[{"@type":"ReadAction","target":["https:\/\/www.akilles.fi\/orientering\/"]}]},{"@type":"ImageObject","inLanguage":"en-US","@id":"https:\/\/www.akilles.fi\/orientering\/#primaryimage","url":"https:\/\/www.akilles.fi\/orientering\/wp-content\/uploads\/sites\/23\/2019\/01\/Trian-logo.png","contentUrl":"https:\/\/www.akilles.fi\/orientering\/wp-content\/uploads\/sites\/23\/2019\/01\/Trian-logo.png","width":225,"height":225},{"@type":"BreadcrumbList","@id":"https:\/\/www.akilles.fi\/orientering\/#breadcrumb","itemListElement":[{"@type":"ListItem","position":1,"name":"Home","item":"https:\/\/www.akilles.fi\/orientering\/"},{"@type":"ListItem","position":2,"name":"Startsidan &#8211; Etusivu"}]},{"@type":"WebSite","@id":"https:\/\/www.akilles.fi\/orientering\/#website","url":"https:\/\/www.akilles.fi\/orientering\/","name":"Orientering - Suunnistus","description":"Borg\u00e5 Akilles Orientering - Porvoon Akilles Suunnistus","potentialAction":[{"@type":"SearchAction","target":{"@type":"EntryPoint","urlTemplate":"https:\/\/www.akilles.fi\/orientering\/?s={search_term_string}"},"query-input":{"@type":"PropertyValueSpecification","valueRequired":true,"valueName":"search_term_string"}}],"inLanguage":"en-US"}]}},"_links":{"self":[{"href":"https:\/\/www.akilles.fi\/orientering\/wp-json\/wp\/v2\/pages\/438","targetHints":{"allow":["GET"]}}],"collection":[{"href":"https:\/\/www.akilles.fi\/orientering\/wp-json\/wp\/v2\/pages"}],"about":[{"href":"https:\/\/www.akilles.fi\/orientering\/wp-json\/wp\/v2\/types\/page"}],"author":[{"embeddable":true,"href":"https:\/\/www.akilles.fi\/orientering\/wp-json\/wp\/v2\/users\/4"}],"replies":[{"embeddable":true,"href":"https:\/\/www.akilles.fi\/orientering\/wp-json\/wp\/v2\/comments?post=438"}],"version-history":[{"count":16,"href":"https:\/\/www.akilles.fi\/orientering\/wp-json\/wp\/v2\/pages\/438\/revisions"}],"predecessor-version":[{"id":1090,"href":"https:\/\/www.akilles.fi\/orientering\/wp-json\/wp\/v2\/pages\/438\/revisions\/1090"}],"wp:attachment":[{"href":"https:\/\/www.akilles.fi\/orientering\/wp-json\/wp\/v2\/media?parent=438"}],"curies":[{"name":"wp","href":"https:\/\/api.w.org\/{rel}","templated":true}]}}