{"id":452,"date":"2019-02-07T08:56:18","date_gmt":"2019-02-07T08:56:18","guid":{"rendered":"http:\/\/94.237.33.215\/~akilles\/nyasida\/orientering\/?page_id=452"},"modified":"2025-03-11T06:54:29","modified_gmt":"2025-03-11T06:54:29","slug":"kontaktuppgifter-yhteystiedot","status":"publish","type":"page","link":"https:\/\/www.akilles.fi\/orientering\/kontaktuppgifter-yhteystiedot\/","title":{"rendered":"Kontaktuppgifter &#8211; Yhteystiedot"},"content":{"rendered":"\t\t<div data-elementor-type=\"wp-post\" data-elementor-id=\"452\" class=\"elementor elementor-452\" data-elementor-post-type=\"page\">\n\t\t\t\t\t\t<section class=\"elementor-section elementor-top-section elementor-element elementor-element-d04ed2a elementor-section-boxed elementor-section-height-default elementor-section-height-default\" data-id=\"d04ed2a\" data-element_type=\"section\">\n\t\t\t\t\t\t<div class=\"elementor-container elementor-column-gap-default\">\n\t\t\t\t\t<div class=\"elementor-column elementor-col-100 elementor-top-column elementor-element elementor-element-ad04284\" data-id=\"ad04284\" data-element_type=\"column\">\n\t\t\t<div class=\"elementor-widget-wrap elementor-element-populated\">\n\t\t\t\t\t\t<div class=\"elementor-element elementor-element-3406ea9 elementor-widget elementor-widget-text-editor\" data-id=\"3406ea9\" data-element_type=\"widget\" data-widget_type=\"text-editor.default\">\n\t\t\t\t<div class=\"elementor-widget-container\">\n\t\t\t\t\t\t\t\t\t<h2>Styrelsen<\/h2><p><strong>Ordf\u00f6rande\u00a0Vesa Isoniemi<\/strong><\/p><p>telefonnummer:\u00a0\u00a0\u00a0 041-5473007<\/p><p>e-post:\u00a0 \u00a0 \u00a0 \u00a0 \u00a0 \u00a0 \u00a0 \u00a0 \u00a0 \u00a0 \u00a0vesamikael.isoniemi\u00a4gmail.com<\/p><p>adress:\u00a0 \u00a0 \u00a0 \u00a0 \u00a0 \u00a0 \u00a0 \u00a0 \u00a0 \u00a0 Tavisuontie 26, 06830 Kulloonkyl\u00e4<\/p><p><strong>Vice ordf\u00f6rande Emil Johansson<\/strong><\/p><p>telefonnummer:\u00a0\u00a0\u00a0\u00a0 040 776 6372<\/p><p>e-post:\u00a0 \u00a0 \u00a0 \u00a0 \u00a0 \u00a0 \u00a0 \u00a0 \u00a0 \u00a0 \u00a0 johanssonemil88\u00a4gmail.com<\/p><p>adress:\u00a0 \u00a0 \u00a0 \u00a0 \u00a0 \u00a0 \u00a0 \u00a0 \u00a0 \u00a0 \u00a0L\u00e5ngstr\u00e5ket 11, 06200 Borg\u00e5<\/p><p><strong>Kass\u00f6r\u00a0Anders Lindahl<\/strong><\/p><p>telefonnummer:\u00a0\u00a0\u00a0\u00a0 040 060 4763<\/p><p>e-post:\u00a0 \u00a0 \u00a0 \u00a0 \u00a0 \u00a0 \u00a0 \u00a0 \u00a0 \u00a0 \u00a0 anders.lindahl\u00a4idrott.fi<\/p><p>adress:\u00a0 \u00a0 \u00a0 \u00a0 \u00a0 \u00a0 \u00a0 \u00a0 \u00a0 \u00a0 \u00a0Pepotb\u00e5gen 9, 06400 Borg\u00e5<\/p><p><strong>Sekreterare\u00a0Peter Tallberg<\/strong><\/p><p>telefonnummer:\u00a0\u00a0\u00a0\u00a0 050 071 8269,<\/p><p>e-post:\u00a0 \u00a0 \u00a0 \u00a0 \u00a0 \u00a0 \u00a0 \u00a0 \u00a0 \u00a0 \u00a0 peter.tallberg\u00a4porvoonenergia.fi<\/p><p>adress:\u00a0 \u00a0 \u00a0 \u00a0 \u00a0 \u00a0 \u00a0 \u00a0 \u00a0 \u00a0 \u00a0Tornatorintie 11 A32, 48100 Kotka<\/p><p><strong>Medlem Christel Nordgren<\/strong><\/p><p>telefonnummer:\u00a0\u00a0\u00a0 040 562 3346<\/p><p>e-post:\u00a0 \u00a0 \u00a0 \u00a0 \u00a0 \u00a0 \u00a0 \u00a0 \u00a0 \u00a0 \u00a0christel.nordgren\u00a4porvoo.fi<\/p><p>adress:\u00a0 \u00a0 \u00a0 \u00a0 \u00a0 \u00a0 \u00a0 \u00a0 \u00a0 \u00a0\u00a0<\/p><p><strong>Medlem Erica Roselius<\/strong><\/p><p>e-post:\u00a0 \u00a0 \u00a0 \u00a0 \u00a0 \u00a0 \u00a0 \u00a0 \u00a0 \u00a0 \u00a0erica.roselius\u00a4gmail.com<\/p><h2>\u00d6vriga kontaktpersoner<\/h2><p><strong>Stugur\u00e5d (Holken kontaktperson) <\/strong><strong>Vesa Isoniemi<\/strong><\/p><p>telefonnummer:\u00a0\u00a0\u00a0 041-5473007<\/p><p>e-post:\u00a0 \u00a0 \u00a0 \u00a0 \u00a0 \u00a0 \u00a0 \u00a0 \u00a0 \u00a0 \u00a0vesamikael.isoniemi\u00a4gmail.com<\/p><p><b>OBS! Byt m\u00e4rke \u00a4 = @ i epost adress<\/b><\/p>\t\t\t\t\t\t\t\t<\/div>\n\t\t\t\t<\/div>\n\t\t\t\t\t<\/div>\n\t\t<\/div>\n\t\t\t\t\t<\/div>\n\t\t<\/section>\n\t\t\t\t<\/div>\n\t\t","protected":false},"excerpt":{"rendered":"<p>Styrelsen Ordf\u00f6rande\u00a0Vesa Isoniemi telefonnummer:\u00a0\u00a0\u00a0 041-5473007 e-post:\u00a0 \u00a0 \u00a0 \u00a0 \u00a0 \u00a0 \u00a0 \u00a0 \u00a0 \u00a0 \u00a0vesamikael.isoniemi\u00a4gmail.com adress:\u00a0 \u00a0 \u00a0 \u00a0 \u00a0 \u00a0 \u00a0 \u00a0 \u00a0 \u00a0 Tavisuontie 26, 06830 Kulloonkyl\u00e4 Vice ordf\u00f6rande Emil Johansson telefonnummer:\u00a0\u00a0\u00a0\u00a0 040 776 6372 e-post:\u00a0 \u00a0 \u00a0 \u00a0 \u00a0 \u00a0 \u00a0 \u00a0 \u00a0 \u00a0 \u00a0 johanssonemil88\u00a4gmail.com adress:\u00a0 \u00a0 \u00a0 \u00a0 \u00a0 [&hellip;]<\/p>\n","protected":false},"author":4,"featured_media":0,"parent":0,"menu_order":0,"comment_status":"closed","ping_status":"closed","template":"","meta":{"_crdt_document":"","footnotes":""},"class_list":["post-452","page","type-page","status-publish","hentry"],"yoast_head":"<!-- This site is optimized with the Yoast SEO plugin v27.4 - https:\/\/yoast.com\/product\/yoast-seo-wordpress\/ -->\n<title>Kontaktuppgifter - Yhteystiedot - Orientering - Suunnistus<\/title>\n<meta name=\"robots\" content=\"index, follow, max-snippet:-1, max-image-preview:large, max-video-preview:-1\" \/>\n<link rel=\"canonical\" href=\"https:\/\/www.akilles.fi\/orientering\/kontaktuppgifter-yhteystiedot\/\" \/>\n<meta property=\"og:locale\" content=\"en_US\" \/>\n<meta property=\"og:type\" content=\"article\" \/>\n<meta property=\"og:title\" content=\"Kontaktuppgifter - Yhteystiedot - Orientering - Suunnistus\" \/>\n<meta property=\"og:description\" content=\"Styrelsen Ordf\u00f6rande\u00a0Vesa Isoniemi telefonnummer:\u00a0\u00a0\u00a0 041-5473007 e-post:\u00a0 \u00a0 \u00a0 \u00a0 \u00a0 \u00a0 \u00a0 \u00a0 \u00a0 \u00a0 \u00a0vesamikael.isoniemi\u00a4gmail.com adress:\u00a0 \u00a0 \u00a0 \u00a0 \u00a0 \u00a0 \u00a0 \u00a0 \u00a0 \u00a0 Tavisuontie 26, 06830 Kulloonkyl\u00e4 Vice ordf\u00f6rande Emil Johansson telefonnummer:\u00a0\u00a0\u00a0\u00a0 040 776 6372 e-post:\u00a0 \u00a0 \u00a0 \u00a0 \u00a0 \u00a0 \u00a0 \u00a0 \u00a0 \u00a0 \u00a0 johanssonemil88\u00a4gmail.com adress:\u00a0 \u00a0 \u00a0 \u00a0 \u00a0 [&hellip;]\" \/>\n<meta property=\"og:url\" content=\"https:\/\/www.akilles.fi\/orientering\/kontaktuppgifter-yhteystiedot\/\" \/>\n<meta property=\"og:site_name\" content=\"Orientering - Suunnistus\" \/>\n<meta property=\"article:modified_time\" content=\"2025-03-11T06:54:29+00:00\" \/>\n<meta name=\"twitter:card\" content=\"summary_large_image\" \/>\n<meta name=\"twitter:label1\" content=\"Est. reading time\" \/>\n\t<meta name=\"twitter:data1\" content=\"1 minute\" \/>\n<script type=\"application\/ld+json\" class=\"yoast-schema-graph\">{\"@context\":\"https:\\\/\\\/schema.org\",\"@graph\":[{\"@type\":\"WebPage\",\"@id\":\"https:\\\/\\\/www.akilles.fi\\\/orientering\\\/kontaktuppgifter-yhteystiedot\\\/\",\"url\":\"https:\\\/\\\/www.akilles.fi\\\/orientering\\\/kontaktuppgifter-yhteystiedot\\\/\",\"name\":\"Kontaktuppgifter - Yhteystiedot - Orientering - Suunnistus\",\"isPartOf\":{\"@id\":\"https:\\\/\\\/www.akilles.fi\\\/orientering\\\/#website\"},\"datePublished\":\"2019-02-07T08:56:18+00:00\",\"dateModified\":\"2025-03-11T06:54:29+00:00\",\"breadcrumb\":{\"@id\":\"https:\\\/\\\/www.akilles.fi\\\/orientering\\\/kontaktuppgifter-yhteystiedot\\\/#breadcrumb\"},\"inLanguage\":\"en-US\",\"potentialAction\":[{\"@type\":\"ReadAction\",\"target\":[\"https:\\\/\\\/www.akilles.fi\\\/orientering\\\/kontaktuppgifter-yhteystiedot\\\/\"]}]},{\"@type\":\"BreadcrumbList\",\"@id\":\"https:\\\/\\\/www.akilles.fi\\\/orientering\\\/kontaktuppgifter-yhteystiedot\\\/#breadcrumb\",\"itemListElement\":[{\"@type\":\"ListItem\",\"position\":1,\"name\":\"Home\",\"item\":\"https:\\\/\\\/www.akilles.fi\\\/orientering\\\/\"},{\"@type\":\"ListItem\",\"position\":2,\"name\":\"Kontaktuppgifter &#8211; Yhteystiedot\"}]},{\"@type\":\"WebSite\",\"@id\":\"https:\\\/\\\/www.akilles.fi\\\/orientering\\\/#website\",\"url\":\"https:\\\/\\\/www.akilles.fi\\\/orientering\\\/\",\"name\":\"Orientering - Suunnistus\",\"description\":\"Borg\u00e5 Akilles Orientering - Porvoon Akilles Suunnistus\",\"potentialAction\":[{\"@type\":\"SearchAction\",\"target\":{\"@type\":\"EntryPoint\",\"urlTemplate\":\"https:\\\/\\\/www.akilles.fi\\\/orientering\\\/?s={search_term_string}\"},\"query-input\":{\"@type\":\"PropertyValueSpecification\",\"valueRequired\":true,\"valueName\":\"search_term_string\"}}],\"inLanguage\":\"en-US\"}]}<\/script>\n<!-- \/ Yoast SEO plugin. -->","yoast_head_json":{"title":"Kontaktuppgifter - Yhteystiedot - Orientering - Suunnistus","robots":{"index":"index","follow":"follow","max-snippet":"max-snippet:-1","max-image-preview":"max-image-preview:large","max-video-preview":"max-video-preview:-1"},"canonical":"https:\/\/www.akilles.fi\/orientering\/kontaktuppgifter-yhteystiedot\/","og_locale":"en_US","og_type":"article","og_title":"Kontaktuppgifter - Yhteystiedot - Orientering - Suunnistus","og_description":"Styrelsen Ordf\u00f6rande\u00a0Vesa Isoniemi telefonnummer:\u00a0\u00a0\u00a0 041-5473007 e-post:\u00a0 \u00a0 \u00a0 \u00a0 \u00a0 \u00a0 \u00a0 \u00a0 \u00a0 \u00a0 \u00a0vesamikael.isoniemi\u00a4gmail.com adress:\u00a0 \u00a0 \u00a0 \u00a0 \u00a0 \u00a0 \u00a0 \u00a0 \u00a0 \u00a0 Tavisuontie 26, 06830 Kulloonkyl\u00e4 Vice ordf\u00f6rande Emil Johansson telefonnummer:\u00a0\u00a0\u00a0\u00a0 040 776 6372 e-post:\u00a0 \u00a0 \u00a0 \u00a0 \u00a0 \u00a0 \u00a0 \u00a0 \u00a0 \u00a0 \u00a0 johanssonemil88\u00a4gmail.com adress:\u00a0 \u00a0 \u00a0 \u00a0 \u00a0 [&hellip;]","og_url":"https:\/\/www.akilles.fi\/orientering\/kontaktuppgifter-yhteystiedot\/","og_site_name":"Orientering - Suunnistus","article_modified_time":"2025-03-11T06:54:29+00:00","twitter_card":"summary_large_image","twitter_misc":{"Est. reading time":"1 minute"},"schema":{"@context":"https:\/\/schema.org","@graph":[{"@type":"WebPage","@id":"https:\/\/www.akilles.fi\/orientering\/kontaktuppgifter-yhteystiedot\/","url":"https:\/\/www.akilles.fi\/orientering\/kontaktuppgifter-yhteystiedot\/","name":"Kontaktuppgifter - Yhteystiedot - Orientering - Suunnistus","isPartOf":{"@id":"https:\/\/www.akilles.fi\/orientering\/#website"},"datePublished":"2019-02-07T08:56:18+00:00","dateModified":"2025-03-11T06:54:29+00:00","breadcrumb":{"@id":"https:\/\/www.akilles.fi\/orientering\/kontaktuppgifter-yhteystiedot\/#breadcrumb"},"inLanguage":"en-US","potentialAction":[{"@type":"ReadAction","target":["https:\/\/www.akilles.fi\/orientering\/kontaktuppgifter-yhteystiedot\/"]}]},{"@type":"BreadcrumbList","@id":"https:\/\/www.akilles.fi\/orientering\/kontaktuppgifter-yhteystiedot\/#breadcrumb","itemListElement":[{"@type":"ListItem","position":1,"name":"Home","item":"https:\/\/www.akilles.fi\/orientering\/"},{"@type":"ListItem","position":2,"name":"Kontaktuppgifter &#8211; Yhteystiedot"}]},{"@type":"WebSite","@id":"https:\/\/www.akilles.fi\/orientering\/#website","url":"https:\/\/www.akilles.fi\/orientering\/","name":"Orientering - Suunnistus","description":"Borg\u00e5 Akilles Orientering - Porvoon Akilles Suunnistus","potentialAction":[{"@type":"SearchAction","target":{"@type":"EntryPoint","urlTemplate":"https:\/\/www.akilles.fi\/orientering\/?s={search_term_string}"},"query-input":{"@type":"PropertyValueSpecification","valueRequired":true,"valueName":"search_term_string"}}],"inLanguage":"en-US"}]}},"_links":{"self":[{"href":"https:\/\/www.akilles.fi\/orientering\/wp-json\/wp\/v2\/pages\/452","targetHints":{"allow":["GET"]}}],"collection":[{"href":"https:\/\/www.akilles.fi\/orientering\/wp-json\/wp\/v2\/pages"}],"about":[{"href":"https:\/\/www.akilles.fi\/orientering\/wp-json\/wp\/v2\/types\/page"}],"author":[{"embeddable":true,"href":"https:\/\/www.akilles.fi\/orientering\/wp-json\/wp\/v2\/users\/4"}],"replies":[{"embeddable":true,"href":"https:\/\/www.akilles.fi\/orientering\/wp-json\/wp\/v2\/comments?post=452"}],"version-history":[{"count":9,"href":"https:\/\/www.akilles.fi\/orientering\/wp-json\/wp\/v2\/pages\/452\/revisions"}],"predecessor-version":[{"id":1641,"href":"https:\/\/www.akilles.fi\/orientering\/wp-json\/wp\/v2\/pages\/452\/revisions\/1641"}],"wp:attachment":[{"href":"https:\/\/www.akilles.fi\/orientering\/wp-json\/wp\/v2\/media?parent=452"}],"curies":[{"name":"wp","href":"https:\/\/api.w.org\/{rel}","templated":true}]}}