{"id":473,"date":"2019-02-19T08:30:13","date_gmt":"2019-02-19T08:30:13","guid":{"rendered":"http:\/\/94.237.33.215\/~akilles\/nyasida\/skidning\/?page_id=473"},"modified":"2025-01-20T08:06:28","modified_gmt":"2025-01-20T08:06:28","slug":"ta-kontakt-ota-yhteytta","status":"publish","type":"page","link":"https:\/\/www.akilles.fi\/skidning\/ta-kontakt-ota-yhteytta\/","title":{"rendered":"Bli medlem &#8211; J\u00e4seneksi"},"content":{"rendered":"\t\t<div data-elementor-type=\"wp-post\" data-elementor-id=\"473\" class=\"elementor elementor-473\" data-elementor-post-type=\"page\">\n\t\t\t\t\t\t<section class=\"elementor-section elementor-top-section elementor-element elementor-element-64a85e9 elementor-section-boxed elementor-section-height-default elementor-section-height-default\" data-id=\"64a85e9\" data-element_type=\"section\">\n\t\t\t\t\t\t<div class=\"elementor-container elementor-column-gap-default\">\n\t\t\t\t\t<div class=\"elementor-column elementor-col-33 elementor-top-column elementor-element elementor-element-6a7397b\" data-id=\"6a7397b\" data-element_type=\"column\">\n\t\t\t<div class=\"elementor-widget-wrap elementor-element-populated\">\n\t\t\t\t\t\t<div class=\"elementor-element elementor-element-55c686c elementor-widget elementor-widget-image\" data-id=\"55c686c\" data-element_type=\"widget\" data-widget_type=\"image.default\">\n\t\t\t\t<div class=\"elementor-widget-container\">\n\t\t\t\t\t\t\t\t\t\t\t\t\t\t\t<img fetchpriority=\"high\" decoding=\"async\" width=\"280\" height=\"180\" src=\"https:\/\/www.akilles.fi\/skidning\/wp-content\/uploads\/sites\/24\/2019\/09\/akilles_kes\u00e4-280x180.jpg\" class=\"attachment-post-thumbnail size-post-thumbnail wp-image-777\" alt=\"J\u00e4seneksi\" \/>\t\t\t\t\t\t\t\t\t\t\t\t\t\t\t<\/div>\n\t\t\t\t<\/div>\n\t\t\t\t\t<\/div>\n\t\t<\/div>\n\t\t\t\t<div class=\"elementor-column elementor-col-33 elementor-top-column elementor-element elementor-element-0b9eeb9\" data-id=\"0b9eeb9\" data-element_type=\"column\">\n\t\t\t<div class=\"elementor-widget-wrap elementor-element-populated\">\n\t\t\t\t\t\t<div class=\"elementor-element elementor-element-80f394d elementor-widget elementor-widget-text-editor\" data-id=\"80f394d\" data-element_type=\"widget\" data-widget_type=\"text-editor.default\">\n\t\t\t\t<div class=\"elementor-widget-container\">\n\t\t\t\t\t\t\t\t\t<p>Borg\u00e5 Akilles skidsektion<br \/>c\/o Esa Liukkonen<br \/>Caloniuksenkatu 34<br \/>06100 Porvoo<\/p>\t\t\t\t\t\t\t\t<\/div>\n\t\t\t\t<\/div>\n\t\t\t\t\t<\/div>\n\t\t<\/div>\n\t\t\t\t<div class=\"elementor-column elementor-col-33 elementor-top-column elementor-element elementor-element-c8bd0a5\" data-id=\"c8bd0a5\" data-element_type=\"column\">\n\t\t\t<div class=\"elementor-widget-wrap elementor-element-populated\">\n\t\t\t\t\t\t\t<\/div>\n\t\t<\/div>\n\t\t\t\t\t<\/div>\n\t\t<\/section>\n\t\t\t\t<section class=\"elementor-section elementor-top-section elementor-element elementor-element-4fdc12e8 elementor-section-boxed elementor-section-height-default elementor-section-height-default\" data-id=\"4fdc12e8\" data-element_type=\"section\">\n\t\t\t\t\t\t<div class=\"elementor-container elementor-column-gap-default\">\n\t\t\t\t\t<div class=\"elementor-column elementor-col-100 elementor-top-column elementor-element elementor-element-4381222f\" data-id=\"4381222f\" data-element_type=\"column\">\n\t\t\t<div class=\"elementor-widget-wrap elementor-element-populated\">\n\t\t\t\t\t\t<div class=\"elementor-element elementor-element-714615c5 elementor-widget elementor-widget-text-editor\" data-id=\"714615c5\" data-element_type=\"widget\" data-widget_type=\"text-editor.default\">\n\t\t\t\t<div class=\"elementor-widget-container\">\n\t\t\t\t\t\t\t\t\t<p><\/p>\n<h3><strong>Ledningsgrupp &#8211; Johtokunta<br \/><\/strong><\/h3>\n<p class=\"wp-block-paragraph\"><\/p>\n<p class=\"wp-block-paragraph\"><\/p>\n<p class=\"wp-block-paragraph\"><\/p>\t\t\t\t\t\t\t\t<\/div>\n\t\t\t\t<\/div>\n\t\t\t\t<section class=\"elementor-section elementor-inner-section elementor-element elementor-element-811c46e elementor-section-boxed elementor-section-height-default elementor-section-height-default\" data-id=\"811c46e\" data-element_type=\"section\">\n\t\t\t\t\t\t<div class=\"elementor-container elementor-column-gap-default\">\n\t\t\t\t\t<div class=\"elementor-column elementor-col-50 elementor-inner-column elementor-element elementor-element-8434c37\" data-id=\"8434c37\" data-element_type=\"column\">\n\t\t\t<div class=\"elementor-widget-wrap elementor-element-populated\">\n\t\t\t\t\t\t<div class=\"elementor-element elementor-element-ff61274 elementor-widget elementor-widget-text-editor\" data-id=\"ff61274\" data-element_type=\"widget\" data-widget_type=\"text-editor.default\">\n\t\t\t\t<div class=\"elementor-widget-container\">\n\t\t\t\t\t\t\t\t\t<p><strong>Puheenjohtaja:<\/strong><br \/>Esa Liukkonen, esapetri.liukkonen(at)gmail.com\u00a0<\/p>\n<p><strong>Varapuheenjohtaja:<\/strong>\u00a0<br \/>Johan \u00d6hberg, johan.ohberg(at)porvoo.fi, 0400-955872<\/p>\n<p><strong>Varainhoitaja:<\/strong><\/p>\n<p>Tomi Laur\u00e9n,\u00a0<\/p>\t\t\t\t\t\t\t\t<\/div>\n\t\t\t\t<\/div>\n\t\t\t\t\t<\/div>\n\t\t<\/div>\n\t\t\t\t<div class=\"elementor-column elementor-col-50 elementor-inner-column elementor-element elementor-element-9897336\" data-id=\"9897336\" data-element_type=\"column\">\n\t\t\t<div class=\"elementor-widget-wrap elementor-element-populated\">\n\t\t\t\t\t\t<div class=\"elementor-element elementor-element-5b4b362 elementor-widget elementor-widget-text-editor\" data-id=\"5b4b362\" data-element_type=\"widget\" data-widget_type=\"text-editor.default\">\n\t\t\t\t<div class=\"elementor-widget-container\">\n\t\t\t\t\t\t\t\t\t<p><strong>Muut johtokunnan j\u00e4senet:<\/strong><\/p>\n<p>Hannes Vickholm<\/p>\n<p>Anton Liukkonen (Valmennus ja kilpailut) anton.<span style=\"color: var( --e-global-color-text ); font-family: var( --e-global-typography-text-font-family ), Open Sans, Sans-serif; font-weight: var( --e-global-typography-text-font-weight );\">liukkonen(at)gmail.com<\/span><\/p>\n<p>Matti Valasti<\/p>\n<p>Emelie H\u00e4gglund<\/p>\n<p><strong>Varaj\u00e4senet:<\/strong><br>Tony Meyer, meyto20(at)gmail.com, 050-4900633<\/p>\n<p><\/p>\t\t\t\t\t\t\t\t<\/div>\n\t\t\t\t<\/div>\n\t\t\t\t\t<\/div>\n\t\t<\/div>\n\t\t\t\t\t<\/div>\n\t\t<\/section>\n\t\t\t\t\t<\/div>\n\t\t<\/div>\n\t\t\t\t\t<\/div>\n\t\t<\/section>\n\t\t\t\t<\/div>\n\t\t","protected":false},"excerpt":{"rendered":"<p>Borg\u00e5 Akilles skidsektionc\/o Esa LiukkonenCaloniuksenkatu 3406100 Porvoo Ledningsgrupp &#8211; Johtokunta Puheenjohtaja:Esa Liukkonen, esapetri.liukkonen(at)gmail.com\u00a0 Varapuheenjohtaja:\u00a0Johan \u00d6hberg, johan.ohberg(at)porvoo.fi, 0400-955872 Varainhoitaja: Tomi Laur\u00e9n,\u00a0 Muut johtokunnan j\u00e4senet: Hannes Vickholm Anton Liukkonen (Valmennus ja kilpailut) anton.liukkonen(at)gmail.com Matti Valasti Emelie H\u00e4gglund Varaj\u00e4senet:Tony Meyer, meyto20(at)gmail.com, 050-4900633<\/p>\n","protected":false},"author":4,"featured_media":0,"parent":0,"menu_order":0,"comment_status":"closed","ping_status":"closed","template":"","meta":{"_crdt_document":"","footnotes":""},"class_list":["post-473","page","type-page","status-publish","hentry"],"yoast_head":"<!-- This site is optimized with the Yoast SEO plugin v26.8 - https:\/\/yoast.com\/product\/yoast-seo-wordpress\/ -->\n<title>Bli medlem - J\u00e4seneksi - Skidning - Hiihto<\/title>\n<meta name=\"robots\" content=\"index, follow, max-snippet:-1, max-image-preview:large, max-video-preview:-1\" \/>\n<link rel=\"canonical\" href=\"https:\/\/www.akilles.fi\/skidning\/ta-kontakt-ota-yhteytta\/\" \/>\n<meta property=\"og:locale\" content=\"fi_FI\" \/>\n<meta property=\"og:type\" content=\"article\" \/>\n<meta property=\"og:title\" content=\"Bli medlem - J\u00e4seneksi - Skidning - Hiihto\" \/>\n<meta property=\"og:description\" content=\"Borg\u00e5 Akilles skidsektionc\/o Esa LiukkonenCaloniuksenkatu 3406100 Porvoo Ledningsgrupp &#8211; Johtokunta Puheenjohtaja:Esa Liukkonen, esapetri.liukkonen(at)gmail.com\u00a0 Varapuheenjohtaja:\u00a0Johan \u00d6hberg, johan.ohberg(at)porvoo.fi, 0400-955872 Varainhoitaja: Tomi Laur\u00e9n,\u00a0 Muut johtokunnan j\u00e4senet: Hannes Vickholm Anton Liukkonen (Valmennus ja kilpailut) anton.liukkonen(at)gmail.com Matti Valasti Emelie H\u00e4gglund Varaj\u00e4senet:Tony Meyer, meyto20(at)gmail.com, 050-4900633\" \/>\n<meta property=\"og:url\" content=\"https:\/\/www.akilles.fi\/skidning\/ta-kontakt-ota-yhteytta\/\" \/>\n<meta property=\"og:site_name\" content=\"Skidning - Hiihto\" \/>\n<meta property=\"article:modified_time\" content=\"2025-01-20T08:06:28+00:00\" \/>\n<meta name=\"twitter:card\" content=\"summary_large_image\" \/>\n<meta name=\"twitter:label1\" content=\"Arvioitu lukuaika\" \/>\n\t<meta name=\"twitter:data1\" content=\"1 minuutti\" \/>\n<script type=\"application\/ld+json\" class=\"yoast-schema-graph\">{\"@context\":\"https:\/\/schema.org\",\"@graph\":[{\"@type\":\"WebPage\",\"@id\":\"https:\/\/www.akilles.fi\/skidning\/ta-kontakt-ota-yhteytta\/\",\"url\":\"https:\/\/www.akilles.fi\/skidning\/ta-kontakt-ota-yhteytta\/\",\"name\":\"Bli medlem - J\u00e4seneksi - Skidning - Hiihto\",\"isPartOf\":{\"@id\":\"https:\/\/www.akilles.fi\/skidning\/#website\"},\"datePublished\":\"2019-02-19T08:30:13+00:00\",\"dateModified\":\"2025-01-20T08:06:28+00:00\",\"breadcrumb\":{\"@id\":\"https:\/\/www.akilles.fi\/skidning\/ta-kontakt-ota-yhteytta\/#breadcrumb\"},\"inLanguage\":\"fi\",\"potentialAction\":[{\"@type\":\"ReadAction\",\"target\":[\"https:\/\/www.akilles.fi\/skidning\/ta-kontakt-ota-yhteytta\/\"]}]},{\"@type\":\"BreadcrumbList\",\"@id\":\"https:\/\/www.akilles.fi\/skidning\/ta-kontakt-ota-yhteytta\/#breadcrumb\",\"itemListElement\":[{\"@type\":\"ListItem\",\"position\":1,\"name\":\"Home\",\"item\":\"https:\/\/www.akilles.fi\/skidning\/\"},{\"@type\":\"ListItem\",\"position\":2,\"name\":\"Bli medlem &#8211; J\u00e4seneksi\"}]},{\"@type\":\"WebSite\",\"@id\":\"https:\/\/www.akilles.fi\/skidning\/#website\",\"url\":\"https:\/\/www.akilles.fi\/skidning\/\",\"name\":\"Skidning - Hiihto\",\"description\":\"Borg\u00e5 Akilles Skidning - Porvoon Akilles Hiihto\",\"potentialAction\":[{\"@type\":\"SearchAction\",\"target\":{\"@type\":\"EntryPoint\",\"urlTemplate\":\"https:\/\/www.akilles.fi\/skidning\/?s={search_term_string}\"},\"query-input\":{\"@type\":\"PropertyValueSpecification\",\"valueRequired\":true,\"valueName\":\"search_term_string\"}}],\"inLanguage\":\"fi\"}]}<\/script>\n<!-- \/ Yoast SEO plugin. -->","yoast_head_json":{"title":"Bli medlem - J\u00e4seneksi - Skidning - Hiihto","robots":{"index":"index","follow":"follow","max-snippet":"max-snippet:-1","max-image-preview":"max-image-preview:large","max-video-preview":"max-video-preview:-1"},"canonical":"https:\/\/www.akilles.fi\/skidning\/ta-kontakt-ota-yhteytta\/","og_locale":"fi_FI","og_type":"article","og_title":"Bli medlem - J\u00e4seneksi - Skidning - Hiihto","og_description":"Borg\u00e5 Akilles skidsektionc\/o Esa LiukkonenCaloniuksenkatu 3406100 Porvoo Ledningsgrupp &#8211; Johtokunta Puheenjohtaja:Esa Liukkonen, esapetri.liukkonen(at)gmail.com\u00a0 Varapuheenjohtaja:\u00a0Johan \u00d6hberg, johan.ohberg(at)porvoo.fi, 0400-955872 Varainhoitaja: Tomi Laur\u00e9n,\u00a0 Muut johtokunnan j\u00e4senet: Hannes Vickholm Anton Liukkonen (Valmennus ja kilpailut) anton.liukkonen(at)gmail.com Matti Valasti Emelie H\u00e4gglund Varaj\u00e4senet:Tony Meyer, meyto20(at)gmail.com, 050-4900633","og_url":"https:\/\/www.akilles.fi\/skidning\/ta-kontakt-ota-yhteytta\/","og_site_name":"Skidning - Hiihto","article_modified_time":"2025-01-20T08:06:28+00:00","twitter_card":"summary_large_image","twitter_misc":{"Arvioitu lukuaika":"1 minuutti"},"schema":{"@context":"https:\/\/schema.org","@graph":[{"@type":"WebPage","@id":"https:\/\/www.akilles.fi\/skidning\/ta-kontakt-ota-yhteytta\/","url":"https:\/\/www.akilles.fi\/skidning\/ta-kontakt-ota-yhteytta\/","name":"Bli medlem - J\u00e4seneksi - Skidning - Hiihto","isPartOf":{"@id":"https:\/\/www.akilles.fi\/skidning\/#website"},"datePublished":"2019-02-19T08:30:13+00:00","dateModified":"2025-01-20T08:06:28+00:00","breadcrumb":{"@id":"https:\/\/www.akilles.fi\/skidning\/ta-kontakt-ota-yhteytta\/#breadcrumb"},"inLanguage":"fi","potentialAction":[{"@type":"ReadAction","target":["https:\/\/www.akilles.fi\/skidning\/ta-kontakt-ota-yhteytta\/"]}]},{"@type":"BreadcrumbList","@id":"https:\/\/www.akilles.fi\/skidning\/ta-kontakt-ota-yhteytta\/#breadcrumb","itemListElement":[{"@type":"ListItem","position":1,"name":"Home","item":"https:\/\/www.akilles.fi\/skidning\/"},{"@type":"ListItem","position":2,"name":"Bli medlem &#8211; J\u00e4seneksi"}]},{"@type":"WebSite","@id":"https:\/\/www.akilles.fi\/skidning\/#website","url":"https:\/\/www.akilles.fi\/skidning\/","name":"Skidning - Hiihto","description":"Borg\u00e5 Akilles Skidning - Porvoon Akilles Hiihto","potentialAction":[{"@type":"SearchAction","target":{"@type":"EntryPoint","urlTemplate":"https:\/\/www.akilles.fi\/skidning\/?s={search_term_string}"},"query-input":{"@type":"PropertyValueSpecification","valueRequired":true,"valueName":"search_term_string"}}],"inLanguage":"fi"}]}},"_links":{"self":[{"href":"https:\/\/www.akilles.fi\/skidning\/wp-json\/wp\/v2\/pages\/473","targetHints":{"allow":["GET"]}}],"collection":[{"href":"https:\/\/www.akilles.fi\/skidning\/wp-json\/wp\/v2\/pages"}],"about":[{"href":"https:\/\/www.akilles.fi\/skidning\/wp-json\/wp\/v2\/types\/page"}],"author":[{"embeddable":true,"href":"https:\/\/www.akilles.fi\/skidning\/wp-json\/wp\/v2\/users\/4"}],"replies":[{"embeddable":true,"href":"https:\/\/www.akilles.fi\/skidning\/wp-json\/wp\/v2\/comments?post=473"}],"version-history":[{"count":71,"href":"https:\/\/www.akilles.fi\/skidning\/wp-json\/wp\/v2\/pages\/473\/revisions"}],"predecessor-version":[{"id":1447,"href":"https:\/\/www.akilles.fi\/skidning\/wp-json\/wp\/v2\/pages\/473\/revisions\/1447"}],"wp:attachment":[{"href":"https:\/\/www.akilles.fi\/skidning\/wp-json\/wp\/v2\/media?parent=473"}],"curies":[{"name":"wp","href":"https:\/\/api.w.org\/{rel}","templated":true}]}}